{"id":15716,"date":"2021-07-29T19:13:54","date_gmt":"2021-07-29T19:13:54","guid":{"rendered":"https:\/\/camping.webspace.rocks\/?product=dema-keramik-heizer-kh-1500w-rot"},"modified":"2023-04-09T10:25:33","modified_gmt":"2023-04-09T10:25:33","slug":"dema-keramik-heizer-kh-1500w-rot","status":"publish","type":"product","link":"https:\/\/camping.webspace.rocks\/?product=dema-keramik-heizer-kh-1500w-rot","title":{"rendered":"DEMA Keramik Heizer KH 1500W Rot"},"content":{"rendered":"<p>\n\t\t<style type=\"text\/css\">\n\t\t\t#gallery-1 {\n\t\t\t\tmargin: auto;\n\t\t\t}\n\t\t\t#gallery-1 .gallery-item {\n\t\t\t\tfloat: left;\n\t\t\t\tmargin-top: 10px;\n\t\t\t\ttext-align: center;\n\t\t\t\twidth: 33%;\n\t\t\t}\n\t\t\t#gallery-1 img {\n\t\t\t\tborder: 2px solid #cfcfcf;\n\t\t\t}\n\t\t\t#gallery-1 .gallery-caption {\n\t\t\t\tmargin-left: 0;\n\t\t\t}\n\t\t\t\/* see gallery_shortcode() in wp-includes\/media.php *\/\n\t\t<\/style>\n\t\t<div id='gallery-1' class='gallery galleryid-15716 gallery-columns-3 gallery-size-thumbnail'><dl class='gallery-item'>\n\t\t\t<dt class='gallery-icon landscape'>\n\t\t\t\t<a href='https:\/\/camping.webspace.rocks\/?attachment_id=15717'><img width=\"150\" height=\"150\" src=\"https:\/\/m.media-amazon.com\/images\/I\/41nJxhjwcCL._SS150_.jpg\" class=\"attachment-thumbnail size-thumbnail\" alt=\"\" loading=\"lazy\" srcset=\"https:\/\/m.media-amazon.com\/images\/I\/41nJxhjwcCL._SS150_.jpg 150w, https:\/\/m.media-amazon.com\/images\/I\/41nJxhjwcCL._SS300_.jpg 300w, https:\/\/m.media-amazon.com\/images\/I\/41nJxhjwcCL._SS768_.jpg 768w, https:\/\/m.media-amazon.com\/images\/I\/41nJxhjwcCL._SS1024_.jpg 1024w, https:\/\/m.media-amazon.com\/images\/I\/41nJxhjwcCL._SS1536_.jpg 1536w, https:\/\/m.media-amazon.com\/images\/I\/41nJxhjwcCL._SS2048_.jpg 2048w, https:\/\/m.media-amazon.com\/images\/I\/41nJxhjwcCL._SS1200_.jpg 1200w, https:\/\/m.media-amazon.com\/images\/I\/41nJxhjwcCL._SS600_.jpg 600w, https:\/\/m.media-amazon.com\/images\/I\/41nJxhjwcCL.jpg 500w\" sizes=\"(max-width: 150px) 100vw, 150px\" \/><\/a>\n\t\t\t<\/dt><\/dl><dl class='gallery-item'>\n\t\t\t<dt class='gallery-icon landscape'>\n\t\t\t\t<a href='https:\/\/camping.webspace.rocks\/?attachment_id=15718'><img width=\"150\" height=\"150\" src=\"https:\/\/m.media-amazon.com\/images\/I\/410HrjXET+L._SS150_.jpg\" class=\"attachment-thumbnail size-thumbnail\" alt=\"\" loading=\"lazy\" srcset=\"https:\/\/m.media-amazon.com\/images\/I\/410HrjXET+L._SS150_.jpg 150w, https:\/\/m.media-amazon.com\/images\/I\/410HrjXET+L._SS300_.jpg 300w, https:\/\/m.media-amazon.com\/images\/I\/410HrjXET+L._SS768_.jpg 768w, https:\/\/m.media-amazon.com\/images\/I\/410HrjXET+L._SS1024_.jpg 1024w, https:\/\/m.media-amazon.com\/images\/I\/410HrjXET+L._SS1536_.jpg 1536w, https:\/\/m.media-amazon.com\/images\/I\/410HrjXET+L._SS2048_.jpg 2048w, https:\/\/m.media-amazon.com\/images\/I\/410HrjXET+L._SS1200_.jpg 1200w, https:\/\/m.media-amazon.com\/images\/I\/410HrjXET+L._SS600_.jpg 600w, https:\/\/m.media-amazon.com\/images\/I\/410HrjXET+L.jpg 500w\" sizes=\"(max-width: 150px) 100vw, 150px\" \/><\/a>\n\t\t\t<\/dt><\/dl><dl class='gallery-item'>\n\t\t\t<dt class='gallery-icon landscape'>\n\t\t\t\t<a href='https:\/\/camping.webspace.rocks\/?attachment_id=15719'><img width=\"150\" height=\"150\" src=\"https:\/\/m.media-amazon.com\/images\/I\/418yOuXxgoL._SS150_.jpg\" class=\"attachment-thumbnail size-thumbnail\" alt=\"\" loading=\"lazy\" srcset=\"https:\/\/m.media-amazon.com\/images\/I\/418yOuXxgoL._SS150_.jpg 150w, https:\/\/m.media-amazon.com\/images\/I\/418yOuXxgoL._SS300_.jpg 300w, https:\/\/m.media-amazon.com\/images\/I\/418yOuXxgoL._SS768_.jpg 768w, https:\/\/m.media-amazon.com\/images\/I\/418yOuXxgoL._SS1024_.jpg 1024w, https:\/\/m.media-amazon.com\/images\/I\/418yOuXxgoL._SS1536_.jpg 1536w, https:\/\/m.media-amazon.com\/images\/I\/418yOuXxgoL._SS2048_.jpg 2048w, https:\/\/m.media-amazon.com\/images\/I\/418yOuXxgoL._SS1200_.jpg 1200w, https:\/\/m.media-amazon.com\/images\/I\/418yOuXxgoL._SS600_.jpg 600w, https:\/\/m.media-amazon.com\/images\/I\/418yOuXxgoL.jpg 500w\" sizes=\"(max-width: 150px) 100vw, 150px\" \/><\/a>\n\t\t\t<\/dt><\/dl><br style=\"clear: both\" \/>\n\t\t<\/div>\n<br \/>\n<!-- show up to 2 reviews by default --> <\/p>\n<p>Damit \u00fcberstehen Sie den Winter ohne Frostbeulen &#8211; der original Denner Edition Keramik Heizer KH 1500W!<br \/> Auspacken &#8211; einstecken &#8211; einschalten &#8211; warm! Die kinderleichte Inbetriebnahme und die fast selbsterkl\u00e4rende Bedienung sichern Ihnen zuverl\u00e4ssige W\u00e4rme und sichere Handhabung als eigentlich schon fast vollwertige Heizung zu. Der eingebaute Thermostat und die 3 stufige W\u00e4rmeeinstellung erm\u00f6glichen die optimale Temperaturkontrolle.<br \/> Schnelle, wohlige W\u00e4rme &#8211; mit dem Denner Edition Keramik Heizer KH 1500W!<\/p>\n<ul>\n<li>Betrieb an 230 Volt \/ 50 Hz<\/li>\n<li>Kabell\u00e4nge ca: 135 cm<\/li>\n<li>3 stufige Leistungsaufnahme: Max 1500 Watt (Stufe 1: Nur Ventilator ohne Heizfunktion \/ Stufe 2: 750 Watt \/ Stufe 3: 1500 Watt)<\/li>\n<li>Schutzklasse: 2<\/li>\n<li>Schutzart: IPX0<\/li>\n<li>BxTxH: 18x18x19 cm<\/li>\n<li>Gewicht: 1,6 kg<\/li>\n<\/ul>\n<ul>\n<li>Absolut stylisches Cube-Design<\/li>\n<li>Heizelement: Keramik<\/li>\n<li>Standger\u00e4t<\/li>\n<li>3 stufige Leistungswahl \u00fcber Drehschalter<\/li>\n<li>Optische Betriebsanzeige<\/li>\n<li>\u00dcberhitzungschutz \/ Kippschutz (Ger\u00e4t schaltet selbstst\u00e4ndig beim Umkippen aus)<\/li>\n<li>Temperatur stufenlos \u00fcber Thermostat einstellbar<\/li>\n<li>Geh\u00e4use aus Kunststoff<\/li>\n<li>Lieferung komplett montiert<\/li>\n<\/ul>\n<p>Bitte beachten: Nur f\u00fcr den Innenbereich zugelassen<\/p>\n<p>Betrieb an 230 Volt \/ 50 Hz<br \/>\nKabell\u00e4nge ca: 135 cm<br \/>\n3 stufige Leistungsaufnahme: Max 1500 Watt (Stufe 1: Nur Ventilator ohne Heizfunktion \/ Stufe 2: 750 Watt \/ Stufe 3: 1500 Watt)<br \/>\nSchutzklasse: 2<br \/>\nSchutzart: IPX0<br \/>\n<div class=\"main-cross-sell\" data-asin=\"B006H2SRFU\">\n\n\t<div class=\"WooZone-cross-sell-loader\">\n\t\t<div>\n\t\t\t<div id=\"floatingBarsG\">\n\t\t\t\t<div class=\"blockG\" id=\"rotateG_01\"><\/div>\n\t\t\t\t<div class=\"blockG\" id=\"rotateG_02\"><\/div>\n\t\t\t\t<div class=\"blockG\" id=\"rotateG_03\"><\/div>\n\t\t\t\t<div class=\"blockG\" id=\"rotateG_04\"><\/div>\n\t\t\t\t<div class=\"blockG\" id=\"rotateG_05\"><\/div>\n\t\t\t\t<div class=\"blockG\" id=\"rotateG_06\"><\/div>\n\t\t\t\t<div class=\"blockG\" id=\"rotateG_07\"><\/div>\n\t\t\t\t<div class=\"blockG\" id=\"rotateG_08\"><\/div>\n\t\t\t<\/div>\n\t\t\t<div class=\"WooZone-cross-sell-loader-text\"><\/div>\n\t\t<\/div>\n\t<\/div>\n\n\t\t\n<\/div>\n<div style=\"clear:both;\"><\/div><\/p>\n","protected":false},"excerpt":{"rendered":"<p>Betrieb an 230 Volt \/ 50 Hz<br \/>\nKabell\u00e4nge ca: 135 cm<br \/>\n3 stufige Leistungsaufnahme: Max 1500 Watt (Stufe 1: Nur Ventilator ohne Heizfunktion \/ Stufe 2: 750 Watt \/ Stufe 3: 1500 Watt)<\/p>\n","protected":false},"featured_media":15717,"comment_status":"open","ping_status":"closed","template":"","meta":[],"product_cat":[4126],"product_tag":[],"_links":{"self":[{"href":"https:\/\/camping.webspace.rocks\/index.php?rest_route=\/wp\/v2\/product\/15716"}],"collection":[{"href":"https:\/\/camping.webspace.rocks\/index.php?rest_route=\/wp\/v2\/product"}],"about":[{"href":"https:\/\/camping.webspace.rocks\/index.php?rest_route=\/wp\/v2\/types\/product"}],"replies":[{"embeddable":true,"href":"https:\/\/camping.webspace.rocks\/index.php?rest_route=%2Fwp%2Fv2%2Fcomments&post=15716"}],"version-history":[{"count":1,"href":"https:\/\/camping.webspace.rocks\/index.php?rest_route=\/wp\/v2\/product\/15716\/revisions"}],"predecessor-version":[{"id":18398,"href":"https:\/\/camping.webspace.rocks\/index.php?rest_route=\/wp\/v2\/product\/15716\/revisions\/18398"}],"wp:featuredmedia":[{"embeddable":true,"href":"https:\/\/camping.webspace.rocks\/index.php?rest_route=\/wp\/v2\/media\/15717"}],"wp:attachment":[{"href":"https:\/\/camping.webspace.rocks\/index.php?rest_route=%2Fwp%2Fv2%2Fmedia&parent=15716"}],"wp:term":[{"taxonomy":"product_cat","embeddable":true,"href":"https:\/\/camping.webspace.rocks\/index.php?rest_route=%2Fwp%2Fv2%2Fproduct_cat&post=15716"},{"taxonomy":"product_tag","embeddable":true,"href":"https:\/\/camping.webspace.rocks\/index.php?rest_route=%2Fwp%2Fv2%2Fproduct_tag&post=15716"}],"curies":[{"name":"wp","href":"https:\/\/api.w.org\/{rel}","templated":true}]}}