{"id":16349,"date":"2021-07-29T19:47:36","date_gmt":"2021-07-29T19:47:36","guid":{"rendered":"https:\/\/camping.webspace.rocks\/?product=honeywell-ht-900e-tischventilatoren-schwarz"},"modified":"2023-04-08T10:31:34","modified_gmt":"2023-04-08T10:31:34","slug":"honeywell-ht-900e-tischventilatoren-schwarz","status":"publish","type":"product","link":"https:\/\/camping.webspace.rocks\/?product=honeywell-ht-900e-tischventilatoren-schwarz","title":{"rendered":"Honeywell TurboForce Turbo-Ventilator (Ger\u00e4uscharme K\u00fchlung, verstellbarer Neigungswinkel bis zu 90\u00b0, 3\u2026"},"content":{"rendered":"\n\t\t<style type=\"text\/css\">\n\t\t\t#gallery-1 {\n\t\t\t\tmargin: auto;\n\t\t\t}\n\t\t\t#gallery-1 .gallery-item {\n\t\t\t\tfloat: left;\n\t\t\t\tmargin-top: 10px;\n\t\t\t\ttext-align: center;\n\t\t\t\twidth: 33%;\n\t\t\t}\n\t\t\t#gallery-1 img {\n\t\t\t\tborder: 2px solid #cfcfcf;\n\t\t\t}\n\t\t\t#gallery-1 .gallery-caption {\n\t\t\t\tmargin-left: 0;\n\t\t\t}\n\t\t\t\/* see gallery_shortcode() in wp-includes\/media.php *\/\n\t\t<\/style>\n\t\t<div id='gallery-1' class='gallery galleryid-16349 gallery-columns-3 gallery-size-thumbnail'><dl class='gallery-item'>\n\t\t\t<dt class='gallery-icon landscape'>\n\t\t\t\t<a href='https:\/\/camping.webspace.rocks\/?attachment_id=16350'><img width=\"150\" height=\"150\" src=\"https:\/\/m.media-amazon.com\/images\/I\/41BdRKc-rKL._SS150_.jpg\" class=\"attachment-thumbnail size-thumbnail\" alt=\"\" loading=\"lazy\" srcset=\"https:\/\/m.media-amazon.com\/images\/I\/41BdRKc-rKL._SS150_.jpg 150w, https:\/\/m.media-amazon.com\/images\/I\/41BdRKc-rKL._SS300_.jpg 300w, https:\/\/m.media-amazon.com\/images\/I\/41BdRKc-rKL._SS768_.jpg 768w, https:\/\/m.media-amazon.com\/images\/I\/41BdRKc-rKL._SS1024_.jpg 1024w, https:\/\/m.media-amazon.com\/images\/I\/41BdRKc-rKL._SS1536_.jpg 1536w, https:\/\/m.media-amazon.com\/images\/I\/41BdRKc-rKL._SS2048_.jpg 2048w, https:\/\/m.media-amazon.com\/images\/I\/41BdRKc-rKL._SS1200_.jpg 1200w, https:\/\/m.media-amazon.com\/images\/I\/41BdRKc-rKL._SS600_.jpg 600w, https:\/\/m.media-amazon.com\/images\/I\/41BdRKc-rKL.jpg 500w\" sizes=\"(max-width: 150px) 100vw, 150px\" \/><\/a>\n\t\t\t<\/dt><\/dl><dl class='gallery-item'>\n\t\t\t<dt class='gallery-icon landscape'>\n\t\t\t\t<a href='https:\/\/camping.webspace.rocks\/?attachment_id=16351'><img width=\"150\" height=\"150\" src=\"https:\/\/m.media-amazon.com\/images\/I\/41TB9gov6SL._SS150_.jpg\" class=\"attachment-thumbnail size-thumbnail\" alt=\"\" loading=\"lazy\" srcset=\"https:\/\/m.media-amazon.com\/images\/I\/41TB9gov6SL._SS150_.jpg 150w, https:\/\/m.media-amazon.com\/images\/I\/41TB9gov6SL._SS300_.jpg 300w, https:\/\/m.media-amazon.com\/images\/I\/41TB9gov6SL._SS768_.jpg 768w, https:\/\/m.media-amazon.com\/images\/I\/41TB9gov6SL._SS1024_.jpg 1024w, https:\/\/m.media-amazon.com\/images\/I\/41TB9gov6SL._SS1536_.jpg 1536w, https:\/\/m.media-amazon.com\/images\/I\/41TB9gov6SL._SS2048_.jpg 2048w, https:\/\/m.media-amazon.com\/images\/I\/41TB9gov6SL._SS1200_.jpg 1200w, https:\/\/m.media-amazon.com\/images\/I\/41TB9gov6SL._SS600_.jpg 600w, https:\/\/m.media-amazon.com\/images\/I\/41TB9gov6SL.jpg 500w\" sizes=\"(max-width: 150px) 100vw, 150px\" \/><\/a>\n\t\t\t<\/dt><\/dl><dl class='gallery-item'>\n\t\t\t<dt class='gallery-icon landscape'>\n\t\t\t\t<a href='https:\/\/camping.webspace.rocks\/?attachment_id=16352'><img width=\"150\" height=\"150\" src=\"https:\/\/m.media-amazon.com\/images\/I\/41R9vA+ZzbL._SS150_.jpg\" class=\"attachment-thumbnail size-thumbnail\" alt=\"\" loading=\"lazy\" srcset=\"https:\/\/m.media-amazon.com\/images\/I\/41R9vA+ZzbL._SS150_.jpg 150w, https:\/\/m.media-amazon.com\/images\/I\/41R9vA+ZzbL._SS300_.jpg 300w, https:\/\/m.media-amazon.com\/images\/I\/41R9vA+ZzbL._SS768_.jpg 768w, https:\/\/m.media-amazon.com\/images\/I\/41R9vA+ZzbL._SS1024_.jpg 1024w, https:\/\/m.media-amazon.com\/images\/I\/41R9vA+ZzbL._SS1536_.jpg 1536w, https:\/\/m.media-amazon.com\/images\/I\/41R9vA+ZzbL._SS2048_.jpg 2048w, https:\/\/m.media-amazon.com\/images\/I\/41R9vA+ZzbL._SS1200_.jpg 1200w, https:\/\/m.media-amazon.com\/images\/I\/41R9vA+ZzbL._SS600_.jpg 600w, https:\/\/m.media-amazon.com\/images\/I\/41R9vA+ZzbL.jpg 500w\" sizes=\"(max-width: 150px) 100vw, 150px\" \/><\/a>\n\t\t\t<\/dt><\/dl><br style=\"clear: both\" \/>\n\t\t<\/div>\n\n<div class=\"disclaim\"> Stil:<strong>Single<\/strong> <\/div>\n<p> <!-- show up to 2 reviews by default --> <\/p>\n<h3>Produktbeschreibung<\/h3>\n<p>Ziel von Honeywell ist es, den Kunden viele qualitativ hochwertige Produkte anzubieten und die Bed\u00fcrfnisse aller Kunden zu befriedigen. Um dies zu erreichen, wird Honeywell mehr Zeit f\u00fcr die Nutzung und das Design der Produkte aufwenden. In unserem Gesch\u00e4ft finden Sie immer mehr klassische, modische, lustige Produkte. Wir m\u00f6chten ein qualitativ hochwertiger Verk\u00e4ufer, der stets qualitativ hochwertige Produkte anbietet. <\/p>\n<h3>Rechtliche Hinweise<\/h3>\n<p>Neuware vom Fachh\u00e4ndler <\/p>\n<div data-a-expander-name=\"toggle_description\" class=\"a-row a-expander-container a-expander-extend-container\">\n<div class=\"a-expander-content a-expander-extend-content\">\n<h3>Anschrift Hersteller\/Importeur<\/h3>\n<p>Body World Group GmbH Deggendorfer Str 37, Essenbach, Bayern, DE, 84051 <\/p>\n<\/p><\/div>\n<p> <a href=\"void(0)\" data-action=\"a-expander-toggle\" class=\"a-expander-header a-declarative a-expander-extend-header\" data-a-expander-toggle=\"{\"><i class=\"a-icon a-icon-extender-expand\"><\/i><span class=\"a-expander-prompt\">Mehr<\/span><\/a> <\/div>\n<p>Kraftvoller und ger\u00e4uscharmer Turbo-Ventilator, schwarz<br \/>\nf\u00fcr Wandmontage geeignet, gro\u03b2er Schwenkbereich<br \/>\nFl\u00fcgeldurchmesser: 18 cm, 3 Schaltstufen<br \/>\nLuftdurchsatz ca. 740 m\u00b3\/h, 40 Watt<br \/>\n<div class=\"main-cross-sell\" data-asin=\"B003KHJO6G\">\n\n\t<div class=\"WooZone-cross-sell-loader\">\n\t\t<div>\n\t\t\t<div id=\"floatingBarsG\">\n\t\t\t\t<div class=\"blockG\" id=\"rotateG_01\"><\/div>\n\t\t\t\t<div class=\"blockG\" id=\"rotateG_02\"><\/div>\n\t\t\t\t<div class=\"blockG\" id=\"rotateG_03\"><\/div>\n\t\t\t\t<div class=\"blockG\" id=\"rotateG_04\"><\/div>\n\t\t\t\t<div class=\"blockG\" id=\"rotateG_05\"><\/div>\n\t\t\t\t<div class=\"blockG\" id=\"rotateG_06\"><\/div>\n\t\t\t\t<div class=\"blockG\" id=\"rotateG_07\"><\/div>\n\t\t\t\t<div class=\"blockG\" id=\"rotateG_08\"><\/div>\n\t\t\t<\/div>\n\t\t\t<div class=\"WooZone-cross-sell-loader-text\"><\/div>\n\t\t<\/div>\n\t<\/div>\n\n\t\t\n<\/div>\n<div style=\"clear:both;\"><\/div><\/p>\n","protected":false},"excerpt":{"rendered":"<p>Kraftvoller und ger\u00e4uscharmer Turbo-Ventilator, schwarz<br \/>\nf\u00fcr Wandmontage geeignet, gro\u03b2er Schwenkbereich<br \/>\nFl\u00fcgeldurchmesser: 18 cm, 3 Schaltstufen<\/p>\n","protected":false},"featured_media":16350,"comment_status":"open","ping_status":"closed","template":"","meta":[],"product_cat":[4125],"product_tag":[],"_links":{"self":[{"href":"https:\/\/camping.webspace.rocks\/index.php?rest_route=\/wp\/v2\/product\/16349"}],"collection":[{"href":"https:\/\/camping.webspace.rocks\/index.php?rest_route=\/wp\/v2\/product"}],"about":[{"href":"https:\/\/camping.webspace.rocks\/index.php?rest_route=\/wp\/v2\/types\/product"}],"replies":[{"embeddable":true,"href":"https:\/\/camping.webspace.rocks\/index.php?rest_route=%2Fwp%2Fv2%2Fcomments&post=16349"}],"version-history":[{"count":4,"href":"https:\/\/camping.webspace.rocks\/index.php?rest_route=\/wp\/v2\/product\/16349\/revisions"}],"predecessor-version":[{"id":19553,"href":"https:\/\/camping.webspace.rocks\/index.php?rest_route=\/wp\/v2\/product\/16349\/revisions\/19553"}],"wp:featuredmedia":[{"embeddable":true,"href":"https:\/\/camping.webspace.rocks\/index.php?rest_route=\/wp\/v2\/media\/16350"}],"wp:attachment":[{"href":"https:\/\/camping.webspace.rocks\/index.php?rest_route=%2Fwp%2Fv2%2Fmedia&parent=16349"}],"wp:term":[{"taxonomy":"product_cat","embeddable":true,"href":"https:\/\/camping.webspace.rocks\/index.php?rest_route=%2Fwp%2Fv2%2Fproduct_cat&post=16349"},{"taxonomy":"product_tag","embeddable":true,"href":"https:\/\/camping.webspace.rocks\/index.php?rest_route=%2Fwp%2Fv2%2Fproduct_tag&post=16349"}],"curies":[{"name":"wp","href":"https:\/\/api.w.org\/{rel}","templated":true}]}}