{"id":16951,"date":"2021-07-29T21:40:15","date_gmt":"2021-07-29T21:40:15","guid":{"rendered":"https:\/\/camping.webspace.rocks\/?product=new-balance-damen-wp03805-hose"},"modified":"2023-04-09T10:29:55","modified_gmt":"2023-04-09T10:29:55","slug":"new-balance-damen-wp03805-hose","status":"publish","type":"product","link":"https:\/\/camping.webspace.rocks\/?product=new-balance-damen-wp03805-hose","title":{"rendered":"New Balance Damen Hose Wp03805"},"content":{"rendered":"<p>\n\t\t<style type=\"text\/css\">\n\t\t\t#gallery-1 {\n\t\t\t\tmargin: auto;\n\t\t\t}\n\t\t\t#gallery-1 .gallery-item {\n\t\t\t\tfloat: left;\n\t\t\t\tmargin-top: 10px;\n\t\t\t\ttext-align: center;\n\t\t\t\twidth: 33%;\n\t\t\t}\n\t\t\t#gallery-1 img {\n\t\t\t\tborder: 2px solid #cfcfcf;\n\t\t\t}\n\t\t\t#gallery-1 .gallery-caption {\n\t\t\t\tmargin-left: 0;\n\t\t\t}\n\t\t\t\/* see gallery_shortcode() in wp-includes\/media.php *\/\n\t\t<\/style>\n\t\t<div id='gallery-1' class='gallery galleryid-16951 gallery-columns-3 gallery-size-thumbnail'><dl class='gallery-item'>\n\t\t\t<dt class='gallery-icon landscape'>\n\t\t\t\t<a href='https:\/\/camping.webspace.rocks\/?attachment_id=16952'><img width=\"150\" height=\"150\" src=\"https:\/\/m.media-amazon.com\/images\/I\/31MBmZpIIcS._SS150_.jpg\" class=\"attachment-thumbnail size-thumbnail\" alt=\"\" loading=\"lazy\" srcset=\"https:\/\/m.media-amazon.com\/images\/I\/31MBmZpIIcS._SS150_.jpg 150w, https:\/\/m.media-amazon.com\/images\/I\/31MBmZpIIcS._SS300_.jpg 300w, https:\/\/m.media-amazon.com\/images\/I\/31MBmZpIIcS._SS768_.jpg 768w, https:\/\/m.media-amazon.com\/images\/I\/31MBmZpIIcS._SS1024_.jpg 1024w, https:\/\/m.media-amazon.com\/images\/I\/31MBmZpIIcS._SS1536_.jpg 1536w, https:\/\/m.media-amazon.com\/images\/I\/31MBmZpIIcS._SS2048_.jpg 2048w, https:\/\/m.media-amazon.com\/images\/I\/31MBmZpIIcS._SS1200_.jpg 1200w, https:\/\/m.media-amazon.com\/images\/I\/31MBmZpIIcS._SS600_.jpg 600w, https:\/\/m.media-amazon.com\/images\/I\/31MBmZpIIcS.jpg 500w\" sizes=\"(max-width: 150px) 100vw, 150px\" \/><\/a>\n\t\t\t<\/dt><\/dl><dl class='gallery-item'>\n\t\t\t<dt class='gallery-icon landscape'>\n\t\t\t\t<a href='https:\/\/camping.webspace.rocks\/?attachment_id=16953'><img width=\"150\" height=\"150\" src=\"https:\/\/m.media-amazon.com\/images\/I\/31FRfX-yvIS._SS150_.jpg\" class=\"attachment-thumbnail size-thumbnail\" alt=\"\" loading=\"lazy\" srcset=\"https:\/\/m.media-amazon.com\/images\/I\/31FRfX-yvIS._SS150_.jpg 150w, https:\/\/m.media-amazon.com\/images\/I\/31FRfX-yvIS._SS300_.jpg 300w, https:\/\/m.media-amazon.com\/images\/I\/31FRfX-yvIS._SS768_.jpg 768w, https:\/\/m.media-amazon.com\/images\/I\/31FRfX-yvIS._SS1024_.jpg 1024w, https:\/\/m.media-amazon.com\/images\/I\/31FRfX-yvIS._SS1536_.jpg 1536w, https:\/\/m.media-amazon.com\/images\/I\/31FRfX-yvIS._SS2048_.jpg 2048w, https:\/\/m.media-amazon.com\/images\/I\/31FRfX-yvIS._SS1200_.jpg 1200w, https:\/\/m.media-amazon.com\/images\/I\/31FRfX-yvIS._SS600_.jpg 600w, https:\/\/m.media-amazon.com\/images\/I\/31FRfX-yvIS.jpg 500w\" sizes=\"(max-width: 150px) 100vw, 150px\" \/><\/a>\n\t\t\t<\/dt><\/dl><dl class='gallery-item'>\n\t\t\t<dt class='gallery-icon landscape'>\n\t\t\t\t<a href='https:\/\/camping.webspace.rocks\/?attachment_id=16954'><img width=\"150\" height=\"150\" src=\"https:\/\/m.media-amazon.com\/images\/I\/31-AGidujnS._SS150_.jpg\" class=\"attachment-thumbnail size-thumbnail\" alt=\"\" loading=\"lazy\" srcset=\"https:\/\/m.media-amazon.com\/images\/I\/31-AGidujnS._SS150_.jpg 150w, https:\/\/m.media-amazon.com\/images\/I\/31-AGidujnS._SS300_.jpg 300w, https:\/\/m.media-amazon.com\/images\/I\/31-AGidujnS._SS768_.jpg 768w, https:\/\/m.media-amazon.com\/images\/I\/31-AGidujnS._SS1024_.jpg 1024w, https:\/\/m.media-amazon.com\/images\/I\/31-AGidujnS._SS1536_.jpg 1536w, https:\/\/m.media-amazon.com\/images\/I\/31-AGidujnS._SS2048_.jpg 2048w, https:\/\/m.media-amazon.com\/images\/I\/31-AGidujnS._SS1200_.jpg 1200w, https:\/\/m.media-amazon.com\/images\/I\/31-AGidujnS._SS600_.jpg 600w, https:\/\/m.media-amazon.com\/images\/I\/31-AGidujnS.jpg 500w\" sizes=\"(max-width: 150px) 100vw, 150px\" \/><\/a>\n\t\t\t<\/dt><\/dl><br style=\"clear: both\" \/>\n\t\t<\/div>\n<br \/>\n<!-- show up to 2 reviews by default --> <\/p>\n<p>Die New Balance NB Classic Core Fleece Hose f\u00fcr Damen h\u00e4lt Sie warm und gem\u00fctlich, egal ob Sie an einem Sonntagnachmittag faulenzen oder an einem anstrengenden Tag in der Stadt mithalten. Weiches Baumwoll-Strick-Fleece h\u00e4lt Sie bereit f\u00fcr Lounge, w\u00e4hrend der gerippte Bund und die B\u00fcndchen alles sicher an Ort und Stelle halten. Egal welchen Lebensstil Sie leben, diese leicht zu tragende Hose wird Ihnen helfen, bequem zu bleiben und gleichzeitig Ihren Stil auf dem Punkt zu halten. <\/p>\n<p>X<br \/>\nVerschluss: kein verschluss<br \/>\nNB Classic Core Fleece-Hose<br \/>\nPflegehinweis: x<br \/>\nModellnummer: WP03805<br \/>\n<div class=\"main-cross-sell\" data-asin=\"B08R94S6ZK\">\n\n\t<div class=\"WooZone-cross-sell-loader\">\n\t\t<div>\n\t\t\t<div id=\"floatingBarsG\">\n\t\t\t\t<div class=\"blockG\" id=\"rotateG_01\"><\/div>\n\t\t\t\t<div class=\"blockG\" id=\"rotateG_02\"><\/div>\n\t\t\t\t<div class=\"blockG\" id=\"rotateG_03\"><\/div>\n\t\t\t\t<div class=\"blockG\" id=\"rotateG_04\"><\/div>\n\t\t\t\t<div class=\"blockG\" id=\"rotateG_05\"><\/div>\n\t\t\t\t<div class=\"blockG\" id=\"rotateG_06\"><\/div>\n\t\t\t\t<div class=\"blockG\" id=\"rotateG_07\"><\/div>\n\t\t\t\t<div class=\"blockG\" id=\"rotateG_08\"><\/div>\n\t\t\t<\/div>\n\t\t\t<div class=\"WooZone-cross-sell-loader-text\"><\/div>\n\t\t<\/div>\n\t<\/div>\n\n\t\t\n<\/div>\n<div style=\"clear:both;\"><\/div><\/p>\n","protected":false},"excerpt":{"rendered":"<p>X<br \/>\nVerschluss: kein verschluss<br \/>\nNB Classic Core Fleece-Hose<\/p>\n","protected":false},"featured_media":16952,"comment_status":"open","ping_status":"closed","template":"","meta":[],"product_cat":[37],"product_tag":[],"_links":{"self":[{"href":"https:\/\/camping.webspace.rocks\/index.php?rest_route=\/wp\/v2\/product\/16951"}],"collection":[{"href":"https:\/\/camping.webspace.rocks\/index.php?rest_route=\/wp\/v2\/product"}],"about":[{"href":"https:\/\/camping.webspace.rocks\/index.php?rest_route=\/wp\/v2\/types\/product"}],"replies":[{"embeddable":true,"href":"https:\/\/camping.webspace.rocks\/index.php?rest_route=%2Fwp%2Fv2%2Fcomments&post=16951"}],"version-history":[{"count":2,"href":"https:\/\/camping.webspace.rocks\/index.php?rest_route=\/wp\/v2\/product\/16951\/revisions"}],"predecessor-version":[{"id":19258,"href":"https:\/\/camping.webspace.rocks\/index.php?rest_route=\/wp\/v2\/product\/16951\/revisions\/19258"}],"wp:featuredmedia":[{"embeddable":true,"href":"https:\/\/camping.webspace.rocks\/index.php?rest_route=\/wp\/v2\/media\/16952"}],"wp:attachment":[{"href":"https:\/\/camping.webspace.rocks\/index.php?rest_route=%2Fwp%2Fv2%2Fmedia&parent=16951"}],"wp:term":[{"taxonomy":"product_cat","embeddable":true,"href":"https:\/\/camping.webspace.rocks\/index.php?rest_route=%2Fwp%2Fv2%2Fproduct_cat&post=16951"},{"taxonomy":"product_tag","embeddable":true,"href":"https:\/\/camping.webspace.rocks\/index.php?rest_route=%2Fwp%2Fv2%2Fproduct_tag&post=16951"}],"curies":[{"name":"wp","href":"https:\/\/api.w.org\/{rel}","templated":true}]}}