{"id":16959,"date":"2021-07-29T21:40:18","date_gmt":"2021-07-29T21:40:18","guid":{"rendered":"https:\/\/camping.webspace.rocks\/?product=cmp-jungen-hose-zip-off-hose"},"modified":"2023-04-09T10:29:55","modified_gmt":"2023-04-09T10:29:55","slug":"cmp-jungen-hose-zip-off-hose","status":"publish","type":"product","link":"https:\/\/camping.webspace.rocks\/?product=cmp-jungen-hose-zip-off-hose","title":{"rendered":"CMP Jungen Hose Zip Off Hose"},"content":{"rendered":"<p>\n\t\t<style type=\"text\/css\">\n\t\t\t#gallery-1 {\n\t\t\t\tmargin: auto;\n\t\t\t}\n\t\t\t#gallery-1 .gallery-item {\n\t\t\t\tfloat: left;\n\t\t\t\tmargin-top: 10px;\n\t\t\t\ttext-align: center;\n\t\t\t\twidth: 33%;\n\t\t\t}\n\t\t\t#gallery-1 img {\n\t\t\t\tborder: 2px solid #cfcfcf;\n\t\t\t}\n\t\t\t#gallery-1 .gallery-caption {\n\t\t\t\tmargin-left: 0;\n\t\t\t}\n\t\t\t\/* see gallery_shortcode() in wp-includes\/media.php *\/\n\t\t<\/style>\n\t\t<div id='gallery-1' class='gallery galleryid-16959 gallery-columns-3 gallery-size-thumbnail'><dl class='gallery-item'>\n\t\t\t<dt class='gallery-icon landscape'>\n\t\t\t\t<a href='https:\/\/camping.webspace.rocks\/?attachment_id=16960'><img width=\"150\" height=\"150\" src=\"https:\/\/m.media-amazon.com\/images\/I\/31fiNWGriFL._SS150_.jpg\" class=\"attachment-thumbnail size-thumbnail\" alt=\"\" loading=\"lazy\" srcset=\"https:\/\/m.media-amazon.com\/images\/I\/31fiNWGriFL._SS150_.jpg 150w, https:\/\/m.media-amazon.com\/images\/I\/31fiNWGriFL._SS300_.jpg 300w, https:\/\/m.media-amazon.com\/images\/I\/31fiNWGriFL._SS768_.jpg 768w, https:\/\/m.media-amazon.com\/images\/I\/31fiNWGriFL._SS1024_.jpg 1024w, https:\/\/m.media-amazon.com\/images\/I\/31fiNWGriFL._SS1536_.jpg 1536w, https:\/\/m.media-amazon.com\/images\/I\/31fiNWGriFL._SS2048_.jpg 2048w, https:\/\/m.media-amazon.com\/images\/I\/31fiNWGriFL._SS1200_.jpg 1200w, https:\/\/m.media-amazon.com\/images\/I\/31fiNWGriFL._SS600_.jpg 600w, https:\/\/m.media-amazon.com\/images\/I\/31fiNWGriFL.jpg 500w\" sizes=\"(max-width: 150px) 100vw, 150px\" \/><\/a>\n\t\t\t<\/dt><\/dl><dl class='gallery-item'>\n\t\t\t<dt class='gallery-icon landscape'>\n\t\t\t\t<a href='https:\/\/camping.webspace.rocks\/?attachment_id=16961'><img width=\"150\" height=\"150\" src=\"https:\/\/m.media-amazon.com\/images\/I\/31oBBkrVZGL._SS150_.jpg\" class=\"attachment-thumbnail size-thumbnail\" alt=\"\" loading=\"lazy\" srcset=\"https:\/\/m.media-amazon.com\/images\/I\/31oBBkrVZGL._SS150_.jpg 150w, https:\/\/m.media-amazon.com\/images\/I\/31oBBkrVZGL._SS300_.jpg 300w, https:\/\/m.media-amazon.com\/images\/I\/31oBBkrVZGL._SS768_.jpg 768w, https:\/\/m.media-amazon.com\/images\/I\/31oBBkrVZGL._SS1024_.jpg 1024w, https:\/\/m.media-amazon.com\/images\/I\/31oBBkrVZGL._SS1536_.jpg 1536w, https:\/\/m.media-amazon.com\/images\/I\/31oBBkrVZGL._SS2048_.jpg 2048w, https:\/\/m.media-amazon.com\/images\/I\/31oBBkrVZGL._SS1200_.jpg 1200w, https:\/\/m.media-amazon.com\/images\/I\/31oBBkrVZGL._SS600_.jpg 600w, https:\/\/m.media-amazon.com\/images\/I\/31oBBkrVZGL.jpg 500w\" sizes=\"(max-width: 150px) 100vw, 150px\" \/><\/a>\n\t\t\t<\/dt><\/dl><dl class='gallery-item'>\n\t\t\t<dt class='gallery-icon landscape'>\n\t\t\t\t<a href='https:\/\/camping.webspace.rocks\/?attachment_id=16962'><img width=\"150\" height=\"150\" src=\"https:\/\/m.media-amazon.com\/images\/I\/31ucxCKhZnL._SS150_.jpg\" class=\"attachment-thumbnail size-thumbnail\" alt=\"\" loading=\"lazy\" srcset=\"https:\/\/m.media-amazon.com\/images\/I\/31ucxCKhZnL._SS150_.jpg 150w, https:\/\/m.media-amazon.com\/images\/I\/31ucxCKhZnL._SS300_.jpg 300w, https:\/\/m.media-amazon.com\/images\/I\/31ucxCKhZnL._SS768_.jpg 768w, https:\/\/m.media-amazon.com\/images\/I\/31ucxCKhZnL._SS1024_.jpg 1024w, https:\/\/m.media-amazon.com\/images\/I\/31ucxCKhZnL._SS1536_.jpg 1536w, https:\/\/m.media-amazon.com\/images\/I\/31ucxCKhZnL._SS2048_.jpg 2048w, https:\/\/m.media-amazon.com\/images\/I\/31ucxCKhZnL._SS1200_.jpg 1200w, https:\/\/m.media-amazon.com\/images\/I\/31ucxCKhZnL._SS600_.jpg 600w, https:\/\/m.media-amazon.com\/images\/I\/31ucxCKhZnL.jpg 500w\" sizes=\"(max-width: 150px) 100vw, 150px\" \/><\/a>\n\t\t\t<\/dt><\/dl><br style=\"clear: both\" \/>\n\t\t<\/div>\n<br \/>\n<!-- show up to 2 reviews by default --> <\/p>\n<p>Die ultraleichte Campagnolo Wanderhose l\u00e4sst sich dank der Zip Off-Funktion mithilfe eines Rei\u00dfverschlusses ganz einfach in eine kurze Hose verwandeln. Die Hose ist somit ideal um f\u00fcr jede Wetterlage auf sommerlichen Ausfl\u00fcgen gewappnet zu sein. Diese elastische Hose besteht aus einem schnelltrocknenden, schmutzabweisenden Stoff. Au\u00dferdem bietet sie Schutz vor UV-Strahlen. Zudem verf\u00fcgt die Hose \u00fcber 2 Seitentaschen und einen elastischen regulierbaren Hosenbund sowie einen G\u00fcrtel. <\/p>\n<p>Ergonomische und vorgeformte Kniepartie<br \/>\nDrei Taschen<br \/>\nVerschluss: Rei\u00dfverschluss<br \/>\n89% Polyester, 11% Elasthan<br \/>\nZip Off Hose<br \/>\nPflegehinweis: Maschinenw\u00e4sche<br \/>\nModellnummer: 3T51644<br \/>\nVerdunsten und Atmungsaktiv<br \/>\nInnen regulierbarer G\u00fcrtel; Minimaler Platzbedarf<br \/>\nSchn\u00fcrung im Saum; Material: 89% Polyester, 11% Elastan<br \/>\n<div class=\"main-cross-sell\" data-asin=\"B00GV3OE8E\">\n\n\t<div class=\"WooZone-cross-sell-loader\">\n\t\t<div>\n\t\t\t<div id=\"floatingBarsG\">\n\t\t\t\t<div class=\"blockG\" id=\"rotateG_01\"><\/div>\n\t\t\t\t<div class=\"blockG\" id=\"rotateG_02\"><\/div>\n\t\t\t\t<div class=\"blockG\" id=\"rotateG_03\"><\/div>\n\t\t\t\t<div class=\"blockG\" id=\"rotateG_04\"><\/div>\n\t\t\t\t<div class=\"blockG\" id=\"rotateG_05\"><\/div>\n\t\t\t\t<div class=\"blockG\" id=\"rotateG_06\"><\/div>\n\t\t\t\t<div class=\"blockG\" id=\"rotateG_07\"><\/div>\n\t\t\t\t<div class=\"blockG\" id=\"rotateG_08\"><\/div>\n\t\t\t<\/div>\n\t\t\t<div class=\"WooZone-cross-sell-loader-text\"><\/div>\n\t\t<\/div>\n\t<\/div>\n\n\t\t\n<\/div>\n<div style=\"clear:both;\"><\/div><\/p>\n","protected":false},"excerpt":{"rendered":"<p>Ergonomische und vorgeformte Kniepartie<br \/>\nDrei Taschen<br \/>\nVerschluss: Rei\u00dfverschluss<\/p>\n","protected":false},"featured_media":16960,"comment_status":"open","ping_status":"closed","template":"","meta":[],"product_cat":[37],"product_tag":[],"_links":{"self":[{"href":"https:\/\/camping.webspace.rocks\/index.php?rest_route=\/wp\/v2\/product\/16959"}],"collection":[{"href":"https:\/\/camping.webspace.rocks\/index.php?rest_route=\/wp\/v2\/product"}],"about":[{"href":"https:\/\/camping.webspace.rocks\/index.php?rest_route=\/wp\/v2\/types\/product"}],"replies":[{"embeddable":true,"href":"https:\/\/camping.webspace.rocks\/index.php?rest_route=%2Fwp%2Fv2%2Fcomments&post=16959"}],"version-history":[{"count":1,"href":"https:\/\/camping.webspace.rocks\/index.php?rest_route=\/wp\/v2\/product\/16959\/revisions"}],"predecessor-version":[{"id":18696,"href":"https:\/\/camping.webspace.rocks\/index.php?rest_route=\/wp\/v2\/product\/16959\/revisions\/18696"}],"wp:featuredmedia":[{"embeddable":true,"href":"https:\/\/camping.webspace.rocks\/index.php?rest_route=\/wp\/v2\/media\/16960"}],"wp:attachment":[{"href":"https:\/\/camping.webspace.rocks\/index.php?rest_route=%2Fwp%2Fv2%2Fmedia&parent=16959"}],"wp:term":[{"taxonomy":"product_cat","embeddable":true,"href":"https:\/\/camping.webspace.rocks\/index.php?rest_route=%2Fwp%2Fv2%2Fproduct_cat&post=16959"},{"taxonomy":"product_tag","embeddable":true,"href":"https:\/\/camping.webspace.rocks\/index.php?rest_route=%2Fwp%2Fv2%2Fproduct_tag&post=16959"}],"curies":[{"name":"wp","href":"https:\/\/api.w.org\/{rel}","templated":true}]}}