{"id":16979,"date":"2021-07-29T21:40:27","date_gmt":"2021-07-29T21:40:27","guid":{"rendered":"https:\/\/camping.webspace.rocks\/?product=asics-damen-gel-mission-3-cross-trainer"},"modified":"2023-04-09T10:29:56","modified_gmt":"2023-04-09T10:29:56","slug":"asics-damen-gel-mission-3-cross-trainer","status":"publish","type":"product","link":"https:\/\/camping.webspace.rocks\/?product=asics-damen-gel-mission-3-cross-trainer","title":{"rendered":"ASICS Gel-Mission 3 Black\/Carbon Damen"},"content":{"rendered":"<p>\n\t\t<style type=\"text\/css\">\n\t\t\t#gallery-1 {\n\t\t\t\tmargin: auto;\n\t\t\t}\n\t\t\t#gallery-1 .gallery-item {\n\t\t\t\tfloat: left;\n\t\t\t\tmargin-top: 10px;\n\t\t\t\ttext-align: center;\n\t\t\t\twidth: 33%;\n\t\t\t}\n\t\t\t#gallery-1 img {\n\t\t\t\tborder: 2px solid #cfcfcf;\n\t\t\t}\n\t\t\t#gallery-1 .gallery-caption {\n\t\t\t\tmargin-left: 0;\n\t\t\t}\n\t\t\t\/* see gallery_shortcode() in wp-includes\/media.php *\/\n\t\t<\/style>\n\t\t<div id='gallery-1' class='gallery galleryid-16979 gallery-columns-3 gallery-size-thumbnail'><dl class='gallery-item'>\n\t\t\t<dt class='gallery-icon landscape'>\n\t\t\t\t<a href='https:\/\/camping.webspace.rocks\/?attachment_id=16980'><img width=\"150\" height=\"150\" src=\"https:\/\/m.media-amazon.com\/images\/I\/41kbwoTkTvL._SS150_.jpg\" class=\"attachment-thumbnail size-thumbnail\" alt=\"\" loading=\"lazy\" srcset=\"https:\/\/m.media-amazon.com\/images\/I\/41kbwoTkTvL._SS150_.jpg 150w, https:\/\/m.media-amazon.com\/images\/I\/41kbwoTkTvL._SS300_.jpg 300w, https:\/\/m.media-amazon.com\/images\/I\/41kbwoTkTvL._SS768_.jpg 768w, https:\/\/m.media-amazon.com\/images\/I\/41kbwoTkTvL._SS1024_.jpg 1024w, https:\/\/m.media-amazon.com\/images\/I\/41kbwoTkTvL._SS1536_.jpg 1536w, https:\/\/m.media-amazon.com\/images\/I\/41kbwoTkTvL._SS2048_.jpg 2048w, https:\/\/m.media-amazon.com\/images\/I\/41kbwoTkTvL._SS1200_.jpg 1200w, https:\/\/m.media-amazon.com\/images\/I\/41kbwoTkTvL._SS600_.jpg 600w, https:\/\/m.media-amazon.com\/images\/I\/41kbwoTkTvL.jpg 500w\" sizes=\"(max-width: 150px) 100vw, 150px\" \/><\/a>\n\t\t\t<\/dt><\/dl><dl class='gallery-item'>\n\t\t\t<dt class='gallery-icon landscape'>\n\t\t\t\t<a href='https:\/\/camping.webspace.rocks\/?attachment_id=16981'><img width=\"150\" height=\"150\" src=\"https:\/\/m.media-amazon.com\/images\/I\/41U3MUpfroL._SS150_.jpg\" class=\"attachment-thumbnail size-thumbnail\" alt=\"\" loading=\"lazy\" srcset=\"https:\/\/m.media-amazon.com\/images\/I\/41U3MUpfroL._SS150_.jpg 150w, https:\/\/m.media-amazon.com\/images\/I\/41U3MUpfroL._SS300_.jpg 300w, https:\/\/m.media-amazon.com\/images\/I\/41U3MUpfroL._SS768_.jpg 768w, https:\/\/m.media-amazon.com\/images\/I\/41U3MUpfroL._SS1024_.jpg 1024w, https:\/\/m.media-amazon.com\/images\/I\/41U3MUpfroL._SS1536_.jpg 1536w, https:\/\/m.media-amazon.com\/images\/I\/41U3MUpfroL._SS2048_.jpg 2048w, https:\/\/m.media-amazon.com\/images\/I\/41U3MUpfroL._SS1200_.jpg 1200w, https:\/\/m.media-amazon.com\/images\/I\/41U3MUpfroL._SS600_.jpg 600w, https:\/\/m.media-amazon.com\/images\/I\/41U3MUpfroL.jpg 500w\" sizes=\"(max-width: 150px) 100vw, 150px\" \/><\/a>\n\t\t\t<\/dt><\/dl><dl class='gallery-item'>\n\t\t\t<dt class='gallery-icon landscape'>\n\t\t\t\t<a href='https:\/\/camping.webspace.rocks\/?attachment_id=16982'><img width=\"150\" height=\"150\" src=\"https:\/\/m.media-amazon.com\/images\/I\/41f6w-qyq3L._SS150_.jpg\" class=\"attachment-thumbnail size-thumbnail\" alt=\"\" loading=\"lazy\" srcset=\"https:\/\/m.media-amazon.com\/images\/I\/41f6w-qyq3L._SS150_.jpg 150w, https:\/\/m.media-amazon.com\/images\/I\/41f6w-qyq3L._SS300_.jpg 300w, https:\/\/m.media-amazon.com\/images\/I\/41f6w-qyq3L._SS768_.jpg 768w, https:\/\/m.media-amazon.com\/images\/I\/41f6w-qyq3L._SS1024_.jpg 1024w, https:\/\/m.media-amazon.com\/images\/I\/41f6w-qyq3L._SS1536_.jpg 1536w, https:\/\/m.media-amazon.com\/images\/I\/41f6w-qyq3L._SS2048_.jpg 2048w, https:\/\/m.media-amazon.com\/images\/I\/41f6w-qyq3L._SS1200_.jpg 1200w, https:\/\/m.media-amazon.com\/images\/I\/41f6w-qyq3L._SS600_.jpg 600w, https:\/\/m.media-amazon.com\/images\/I\/41f6w-qyq3L.jpg 500w\" sizes=\"(max-width: 150px) 100vw, 150px\" \/><\/a>\n\t\t\t<\/dt><\/dl><br style=\"clear: both\" \/>\n\t\t<\/div>\n<br \/>\n<!-- show up to 2 reviews by default --> <\/p>\n<p>Asics Gel-Mission Damen Walkingschuhe Die Suche nach dem ultimativen Outdoor-Begleiter f\u00fcr ausgesprochenen Tragekomfort, Vielseitigkeit und D\u00e4mpfung f\u00fchrt direkt zum GEL-MISSION 3 f\u00fcr Damen. Ein Schuh, der dich auf Entdeckerpfade f\u00fchrt und in Bewegung h\u00e4lt, wenn du neue St\u00e4dte erkundest, dein Tagesschrittziel erreichst oder einfach f\u00fcr einen flotten Spaziergang in die Morgenluft hinausgehst. Wie du dich auch entscheidest, dieser Schuh ist auf jeden Fall dabei. Die Gummi-Au\u00dfensohle, die sichtbare GEL-D\u00e4mpfung am R\u00fcckfu\u00df und die 10-mm-Fersensprengung st\u00fctzen deine F\u00fc\u00dfe beim Gehen. Das Obermaterial in Leder-Optik und das schlanke Design passen zu Streetwear ebenso gut wie zur Sportgarderobe. Herausnehmbare Einlegesohle. <\/p>\n<p>Obermaterial: Synthetik<br \/>\nInnenmaterial: Synthetik<br \/>\nSohle: Gummi<br \/>\nVerschluss: Schn\u00fcrsenkel<br \/>\nAbsatzh\u00f6he: 2 cm<br \/>\nAbsatzform: Flach<br \/>\nMaterialzusammensetzung: &#8211; Obermaterial: Textil &#8211; Futter und Decksohle: Textil, sonstiges Material &#8211; Laufsohle: sonstiges Material<br \/>\nSchuhweite: Normale<br \/>\n<div class=\"main-cross-sell\" data-asin=\"B0787QPXLL\">\n\n\t<div class=\"WooZone-cross-sell-loader\">\n\t\t<div>\n\t\t\t<div id=\"floatingBarsG\">\n\t\t\t\t<div class=\"blockG\" id=\"rotateG_01\"><\/div>\n\t\t\t\t<div class=\"blockG\" id=\"rotateG_02\"><\/div>\n\t\t\t\t<div class=\"blockG\" id=\"rotateG_03\"><\/div>\n\t\t\t\t<div class=\"blockG\" id=\"rotateG_04\"><\/div>\n\t\t\t\t<div class=\"blockG\" id=\"rotateG_05\"><\/div>\n\t\t\t\t<div class=\"blockG\" id=\"rotateG_06\"><\/div>\n\t\t\t\t<div class=\"blockG\" id=\"rotateG_07\"><\/div>\n\t\t\t\t<div class=\"blockG\" id=\"rotateG_08\"><\/div>\n\t\t\t<\/div>\n\t\t\t<div class=\"WooZone-cross-sell-loader-text\"><\/div>\n\t\t<\/div>\n\t<\/div>\n\n\t\t\n<\/div>\n<div style=\"clear:both;\"><\/div><\/p>\n","protected":false},"excerpt":{"rendered":"<p>Obermaterial: Synthetik<br \/>\nInnenmaterial: Synthetik<br \/>\nSohle: Gummi<\/p>\n","protected":false},"featured_media":16980,"comment_status":"open","ping_status":"closed","template":"","meta":[],"product_cat":[7073],"product_tag":[],"_links":{"self":[{"href":"https:\/\/camping.webspace.rocks\/index.php?rest_route=\/wp\/v2\/product\/16979"}],"collection":[{"href":"https:\/\/camping.webspace.rocks\/index.php?rest_route=\/wp\/v2\/product"}],"about":[{"href":"https:\/\/camping.webspace.rocks\/index.php?rest_route=\/wp\/v2\/types\/product"}],"replies":[{"embeddable":true,"href":"https:\/\/camping.webspace.rocks\/index.php?rest_route=%2Fwp%2Fv2%2Fcomments&post=16979"}],"version-history":[{"count":3,"href":"https:\/\/camping.webspace.rocks\/index.php?rest_route=\/wp\/v2\/product\/16979\/revisions"}],"predecessor-version":[{"id":19892,"href":"https:\/\/camping.webspace.rocks\/index.php?rest_route=\/wp\/v2\/product\/16979\/revisions\/19892"}],"wp:featuredmedia":[{"embeddable":true,"href":"https:\/\/camping.webspace.rocks\/index.php?rest_route=\/wp\/v2\/media\/16980"}],"wp:attachment":[{"href":"https:\/\/camping.webspace.rocks\/index.php?rest_route=%2Fwp%2Fv2%2Fmedia&parent=16979"}],"wp:term":[{"taxonomy":"product_cat","embeddable":true,"href":"https:\/\/camping.webspace.rocks\/index.php?rest_route=%2Fwp%2Fv2%2Fproduct_cat&post=16979"},{"taxonomy":"product_tag","embeddable":true,"href":"https:\/\/camping.webspace.rocks\/index.php?rest_route=%2Fwp%2Fv2%2Fproduct_tag&post=16979"}],"curies":[{"name":"wp","href":"https:\/\/api.w.org\/{rel}","templated":true}]}}