{"id":17003,"date":"2021-07-29T21:40:36","date_gmt":"2021-07-29T21:40:36","guid":{"rendered":"https:\/\/camping.webspace.rocks\/?product=vaude-damen-womens-farley-stretch-zo-t-zip-pants-hose"},"modified":"2023-04-09T10:29:56","modified_gmt":"2023-04-09T10:29:56","slug":"vaude-damen-womens-farley-stretch-zo-t-zip-pants-hose","status":"publish","type":"product","link":"https:\/\/camping.webspace.rocks\/?product=vaude-damen-womens-farley-stretch-zo-t-zip-pants-hose","title":{"rendered":"VAUDE Damen Hose Women&#8217;s Farley Stretch ZO T-Zip Pants"},"content":{"rendered":"<p>\n\t\t<style type=\"text\/css\">\n\t\t\t#gallery-1 {\n\t\t\t\tmargin: auto;\n\t\t\t}\n\t\t\t#gallery-1 .gallery-item {\n\t\t\t\tfloat: left;\n\t\t\t\tmargin-top: 10px;\n\t\t\t\ttext-align: center;\n\t\t\t\twidth: 33%;\n\t\t\t}\n\t\t\t#gallery-1 img {\n\t\t\t\tborder: 2px solid #cfcfcf;\n\t\t\t}\n\t\t\t#gallery-1 .gallery-caption {\n\t\t\t\tmargin-left: 0;\n\t\t\t}\n\t\t\t\/* see gallery_shortcode() in wp-includes\/media.php *\/\n\t\t<\/style>\n\t\t<div id='gallery-1' class='gallery galleryid-17003 gallery-columns-3 gallery-size-thumbnail'><dl class='gallery-item'>\n\t\t\t<dt class='gallery-icon landscape'>\n\t\t\t\t<a href='https:\/\/camping.webspace.rocks\/?attachment_id=17004'><img width=\"150\" height=\"150\" src=\"https:\/\/m.media-amazon.com\/images\/I\/41V094r5c4L._SS150_.jpg\" class=\"attachment-thumbnail size-thumbnail\" alt=\"\" loading=\"lazy\" srcset=\"https:\/\/m.media-amazon.com\/images\/I\/41V094r5c4L._SS150_.jpg 150w, https:\/\/m.media-amazon.com\/images\/I\/41V094r5c4L._SS300_.jpg 300w, https:\/\/m.media-amazon.com\/images\/I\/41V094r5c4L._SS768_.jpg 768w, https:\/\/m.media-amazon.com\/images\/I\/41V094r5c4L._SS1024_.jpg 1024w, https:\/\/m.media-amazon.com\/images\/I\/41V094r5c4L._SS1536_.jpg 1536w, https:\/\/m.media-amazon.com\/images\/I\/41V094r5c4L._SS2048_.jpg 2048w, https:\/\/m.media-amazon.com\/images\/I\/41V094r5c4L._SS1200_.jpg 1200w, https:\/\/m.media-amazon.com\/images\/I\/41V094r5c4L._SS600_.jpg 600w, https:\/\/m.media-amazon.com\/images\/I\/41V094r5c4L.jpg 500w\" sizes=\"(max-width: 150px) 100vw, 150px\" \/><\/a>\n\t\t\t<\/dt><\/dl><dl class='gallery-item'>\n\t\t\t<dt class='gallery-icon landscape'>\n\t\t\t\t<a href='https:\/\/camping.webspace.rocks\/?attachment_id=17005'><img width=\"150\" height=\"150\" src=\"https:\/\/m.media-amazon.com\/images\/I\/31IsM12ppEL._SS150_.jpg\" class=\"attachment-thumbnail size-thumbnail\" alt=\"\" loading=\"lazy\" srcset=\"https:\/\/m.media-amazon.com\/images\/I\/31IsM12ppEL._SS150_.jpg 150w, https:\/\/m.media-amazon.com\/images\/I\/31IsM12ppEL._SS300_.jpg 300w, https:\/\/m.media-amazon.com\/images\/I\/31IsM12ppEL._SS768_.jpg 768w, https:\/\/m.media-amazon.com\/images\/I\/31IsM12ppEL._SS1024_.jpg 1024w, https:\/\/m.media-amazon.com\/images\/I\/31IsM12ppEL._SS1536_.jpg 1536w, https:\/\/m.media-amazon.com\/images\/I\/31IsM12ppEL._SS2048_.jpg 2048w, https:\/\/m.media-amazon.com\/images\/I\/31IsM12ppEL._SS1200_.jpg 1200w, https:\/\/m.media-amazon.com\/images\/I\/31IsM12ppEL._SS600_.jpg 600w, https:\/\/m.media-amazon.com\/images\/I\/31IsM12ppEL.jpg 500w\" sizes=\"(max-width: 150px) 100vw, 150px\" \/><\/a>\n\t\t\t<\/dt><\/dl><dl class='gallery-item'>\n\t\t\t<dt class='gallery-icon landscape'>\n\t\t\t\t<a href='https:\/\/camping.webspace.rocks\/?attachment_id=17006'><img width=\"150\" height=\"150\" src=\"https:\/\/m.media-amazon.com\/images\/I\/41QD01g8jQL._SS150_.jpg\" class=\"attachment-thumbnail size-thumbnail\" alt=\"\" loading=\"lazy\" srcset=\"https:\/\/m.media-amazon.com\/images\/I\/41QD01g8jQL._SS150_.jpg 150w, https:\/\/m.media-amazon.com\/images\/I\/41QD01g8jQL._SS300_.jpg 300w, https:\/\/m.media-amazon.com\/images\/I\/41QD01g8jQL._SS768_.jpg 768w, https:\/\/m.media-amazon.com\/images\/I\/41QD01g8jQL._SS1024_.jpg 1024w, https:\/\/m.media-amazon.com\/images\/I\/41QD01g8jQL._SS1536_.jpg 1536w, https:\/\/m.media-amazon.com\/images\/I\/41QD01g8jQL._SS2048_.jpg 2048w, https:\/\/m.media-amazon.com\/images\/I\/41QD01g8jQL._SS1200_.jpg 1200w, https:\/\/m.media-amazon.com\/images\/I\/41QD01g8jQL._SS600_.jpg 600w, https:\/\/m.media-amazon.com\/images\/I\/41QD01g8jQL.jpg 500w\" sizes=\"(max-width: 150px) 100vw, 150px\" \/><\/a>\n\t\t\t<\/dt><\/dl><br style=\"clear: both\" \/>\n\t\t<\/div>\n<br \/>\n<!-- show up to 2 reviews by default --> <\/p>\n<p>Unser Klassiker mit T-Zips. \u00c4u\u00dferst bequeme Wanderhose mit abnehmbaren Beinen aus umweltfreundlichen, bluesign zertifiziertem Material. Der bequeme Hosenbund, der hohe Stretchanteil und die vorgeformten Kniepartien bieten sehr hohen Tragekomfort. Der pflegeleichte, schnelltrocknende Stoff sorgt f\u00fcr zuverl\u00e4ssige Funktionalit\u00e4t. Mit Rei\u00dfverschlusstaschen f\u00fcr mehr Sicherheit gegen Langfinger. Dieses Produkt ist mit Eco Finish umweltfreundlich wasserabweisend ohne Fluorcarbone (PFC) hergestellt. Green Shape ist Deine VAUDE Garantie f\u00fcr umweltfreundliche Produkte &#8211; aus nachhaltigen Materialien und ressourcen-schonender Herstellung. Geeignet f\u00fcr Wandern, Wandern ambitioniert, Reisen <\/p>\n<p>Women&#8217;s Farley Stretch ZO T-Zip Pants<br \/>\nAbzippbare Hose zum Wandern: pflegeleicht, trocknet schnell und ist umweltfreundlich hergestellt<br \/>\nVerschluss: Knopfleiste<br \/>\nSynthetisch<br \/>\nWomen&#8217;s Farley Stretch ZO T-Zip Pants<br \/>\nModellnummer: 40144<br \/>\nUnser Klassiker mit T-Zips. \u00c4u\u00dferst bequeme Wanderhose mit abnehmbaren Beinen aus umweltfreundlichen, bluesign zertifiziertem Material<br \/>\nDer bequeme Hosenbund, der hohe Stretchanteil und die vorgeformten Kniepartien bieten sehr hohen Tragekomfort. Der pflegeleichte, schnelltrocknende Stoff sorgt f\u00fcr zuverl\u00e4ssige Funktionalit\u00e4t<br \/>\nDieses Produkt ist mit Eco Finish umweltfreundlich wasserabweisend ohne Fluorcarbone (PFC) hergestellt<br \/>\nGreen Shape Label: Funktionelle und umweltvertr\u00e4gliche Zip Off Hose f\u00fcr Damen aus nachhaltigen Materialien. Bei der Herstellung wird auf faire Arbeitsbedingungen in der gesamten Lieferkette geachtet<br \/>\n<div class=\"main-cross-sell\" data-asin=\"B018X40SA6\">\n\n\t<div class=\"WooZone-cross-sell-loader\">\n\t\t<div>\n\t\t\t<div id=\"floatingBarsG\">\n\t\t\t\t<div class=\"blockG\" id=\"rotateG_01\"><\/div>\n\t\t\t\t<div class=\"blockG\" id=\"rotateG_02\"><\/div>\n\t\t\t\t<div class=\"blockG\" id=\"rotateG_03\"><\/div>\n\t\t\t\t<div class=\"blockG\" id=\"rotateG_04\"><\/div>\n\t\t\t\t<div class=\"blockG\" id=\"rotateG_05\"><\/div>\n\t\t\t\t<div class=\"blockG\" id=\"rotateG_06\"><\/div>\n\t\t\t\t<div class=\"blockG\" id=\"rotateG_07\"><\/div>\n\t\t\t\t<div class=\"blockG\" id=\"rotateG_08\"><\/div>\n\t\t\t<\/div>\n\t\t\t<div class=\"WooZone-cross-sell-loader-text\"><\/div>\n\t\t<\/div>\n\t<\/div>\n\n\t\t\n<\/div>\n<div style=\"clear:both;\"><\/div><\/p>\n","protected":false},"excerpt":{"rendered":"<p>Women&#8217;s Farley Stretch ZO T-Zip Pants<br \/>\nAbzippbare Hose zum Wandern: pflegeleicht, trocknet schnell und ist umweltfreundlich hergestellt<br \/>\nVerschluss: Knopfleiste<\/p>\n","protected":false},"featured_media":17004,"comment_status":"open","ping_status":"closed","template":"","meta":[],"product_cat":[37],"product_tag":[],"_links":{"self":[{"href":"https:\/\/camping.webspace.rocks\/index.php?rest_route=\/wp\/v2\/product\/17003"}],"collection":[{"href":"https:\/\/camping.webspace.rocks\/index.php?rest_route=\/wp\/v2\/product"}],"about":[{"href":"https:\/\/camping.webspace.rocks\/index.php?rest_route=\/wp\/v2\/types\/product"}],"replies":[{"embeddable":true,"href":"https:\/\/camping.webspace.rocks\/index.php?rest_route=%2Fwp%2Fv2%2Fcomments&post=17003"}],"version-history":[{"count":3,"href":"https:\/\/camping.webspace.rocks\/index.php?rest_route=\/wp\/v2\/product\/17003\/revisions"}],"predecessor-version":[{"id":19771,"href":"https:\/\/camping.webspace.rocks\/index.php?rest_route=\/wp\/v2\/product\/17003\/revisions\/19771"}],"wp:featuredmedia":[{"embeddable":true,"href":"https:\/\/camping.webspace.rocks\/index.php?rest_route=\/wp\/v2\/media\/17004"}],"wp:attachment":[{"href":"https:\/\/camping.webspace.rocks\/index.php?rest_route=%2Fwp%2Fv2%2Fmedia&parent=17003"}],"wp:term":[{"taxonomy":"product_cat","embeddable":true,"href":"https:\/\/camping.webspace.rocks\/index.php?rest_route=%2Fwp%2Fv2%2Fproduct_cat&post=17003"},{"taxonomy":"product_tag","embeddable":true,"href":"https:\/\/camping.webspace.rocks\/index.php?rest_route=%2Fwp%2Fv2%2Fproduct_tag&post=17003"}],"curies":[{"name":"wp","href":"https:\/\/api.w.org\/{rel}","templated":true}]}}