{"id":17031,"date":"2021-07-29T21:40:49","date_gmt":"2021-07-29T21:40:49","guid":{"rendered":"https:\/\/camping.webspace.rocks\/?product=maier-sports-damen-hose-zipp-off-fulda"},"modified":"2023-04-10T12:36:50","modified_gmt":"2023-04-10T12:36:50","slug":"maier-sports-damen-hose-zipp-off-fulda","status":"publish","type":"product","link":"https:\/\/camping.webspace.rocks\/?product=maier-sports-damen-hose-zipp-off-fulda","title":{"rendered":"Maier Sports Damen Zipp-Off Hose Fulda"},"content":{"rendered":"<p>\n\t\t<style type=\"text\/css\">\n\t\t\t#gallery-1 {\n\t\t\t\tmargin: auto;\n\t\t\t}\n\t\t\t#gallery-1 .gallery-item {\n\t\t\t\tfloat: left;\n\t\t\t\tmargin-top: 10px;\n\t\t\t\ttext-align: center;\n\t\t\t\twidth: 33%;\n\t\t\t}\n\t\t\t#gallery-1 img {\n\t\t\t\tborder: 2px solid #cfcfcf;\n\t\t\t}\n\t\t\t#gallery-1 .gallery-caption {\n\t\t\t\tmargin-left: 0;\n\t\t\t}\n\t\t\t\/* see gallery_shortcode() in wp-includes\/media.php *\/\n\t\t<\/style>\n\t\t<div id='gallery-1' class='gallery galleryid-17031 gallery-columns-3 gallery-size-thumbnail'><dl class='gallery-item'>\n\t\t\t<dt class='gallery-icon landscape'>\n\t\t\t\t<a href='https:\/\/camping.webspace.rocks\/?attachment_id=17032'><img width=\"150\" height=\"150\" src=\"https:\/\/m.media-amazon.com\/images\/I\/31BBKh8mWlL._SS150_.jpg\" class=\"attachment-thumbnail size-thumbnail\" alt=\"\" loading=\"lazy\" srcset=\"https:\/\/m.media-amazon.com\/images\/I\/31BBKh8mWlL._SS150_.jpg 150w, https:\/\/m.media-amazon.com\/images\/I\/31BBKh8mWlL._SS300_.jpg 300w, https:\/\/m.media-amazon.com\/images\/I\/31BBKh8mWlL._SS768_.jpg 768w, https:\/\/m.media-amazon.com\/images\/I\/31BBKh8mWlL._SS1024_.jpg 1024w, https:\/\/m.media-amazon.com\/images\/I\/31BBKh8mWlL._SS1536_.jpg 1536w, https:\/\/m.media-amazon.com\/images\/I\/31BBKh8mWlL._SS2048_.jpg 2048w, https:\/\/m.media-amazon.com\/images\/I\/31BBKh8mWlL._SS1200_.jpg 1200w, https:\/\/m.media-amazon.com\/images\/I\/31BBKh8mWlL._SS600_.jpg 600w, https:\/\/m.media-amazon.com\/images\/I\/31BBKh8mWlL.jpg 500w\" sizes=\"(max-width: 150px) 100vw, 150px\" \/><\/a>\n\t\t\t<\/dt><\/dl><dl class='gallery-item'>\n\t\t\t<dt class='gallery-icon landscape'>\n\t\t\t\t<a href='https:\/\/camping.webspace.rocks\/?attachment_id=17033'><img width=\"150\" height=\"150\" src=\"https:\/\/m.media-amazon.com\/images\/I\/312aMa2hI8L._SS150_.jpg\" class=\"attachment-thumbnail size-thumbnail\" alt=\"\" loading=\"lazy\" srcset=\"https:\/\/m.media-amazon.com\/images\/I\/312aMa2hI8L._SS150_.jpg 150w, https:\/\/m.media-amazon.com\/images\/I\/312aMa2hI8L._SS300_.jpg 300w, https:\/\/m.media-amazon.com\/images\/I\/312aMa2hI8L._SS768_.jpg 768w, https:\/\/m.media-amazon.com\/images\/I\/312aMa2hI8L._SS1024_.jpg 1024w, https:\/\/m.media-amazon.com\/images\/I\/312aMa2hI8L._SS1536_.jpg 1536w, https:\/\/m.media-amazon.com\/images\/I\/312aMa2hI8L._SS2048_.jpg 2048w, https:\/\/m.media-amazon.com\/images\/I\/312aMa2hI8L._SS1200_.jpg 1200w, https:\/\/m.media-amazon.com\/images\/I\/312aMa2hI8L._SS600_.jpg 600w, https:\/\/m.media-amazon.com\/images\/I\/312aMa2hI8L.jpg 500w\" sizes=\"(max-width: 150px) 100vw, 150px\" \/><\/a>\n\t\t\t<\/dt><\/dl><dl class='gallery-item'>\n\t\t\t<dt class='gallery-icon landscape'>\n\t\t\t\t<a href='https:\/\/camping.webspace.rocks\/?attachment_id=17034'><img width=\"150\" height=\"150\" src=\"https:\/\/m.media-amazon.com\/images\/I\/31hp3NLUvtL._SS150_.jpg\" class=\"attachment-thumbnail size-thumbnail\" alt=\"\" loading=\"lazy\" srcset=\"https:\/\/m.media-amazon.com\/images\/I\/31hp3NLUvtL._SS150_.jpg 150w, https:\/\/m.media-amazon.com\/images\/I\/31hp3NLUvtL._SS300_.jpg 300w, https:\/\/m.media-amazon.com\/images\/I\/31hp3NLUvtL._SS768_.jpg 768w, https:\/\/m.media-amazon.com\/images\/I\/31hp3NLUvtL._SS1024_.jpg 1024w, https:\/\/m.media-amazon.com\/images\/I\/31hp3NLUvtL._SS1536_.jpg 1536w, https:\/\/m.media-amazon.com\/images\/I\/31hp3NLUvtL._SS2048_.jpg 2048w, https:\/\/m.media-amazon.com\/images\/I\/31hp3NLUvtL._SS1200_.jpg 1200w, https:\/\/m.media-amazon.com\/images\/I\/31hp3NLUvtL._SS600_.jpg 600w, https:\/\/m.media-amazon.com\/images\/I\/31hp3NLUvtL.jpg 500w\" sizes=\"(max-width: 150px) 100vw, 150px\" \/><\/a>\n\t\t\t<\/dt><\/dl><br style=\"clear: both\" \/>\n\t\t<\/div>\n<br \/>\n<!-- show up to 2 reviews by default --> <\/p>\n<p>Die vielseitige Capri-Abzipp-Hose Fulda von Maier Sports eigent sich hervorragend f\u00fcr Outdoor, Wandern und Freizeit. Dank Zipp-off kann das untere Hosenbein schnell abgetrennt und die Hose in eine Capri verwandelt werden. Sie ist die erste Wahl f\u00fcr alle Outdoor-Fans. Das wasserabweisende dryprotec Funktionsmaterial leitet Feuchtigkeit schnell nach au\u00dfen und trocknet extrem rasch. Angenehm ist der elastische Bund, der bei Bewegungen nicht einengt. \u00dcberaus praktisch sind die zus\u00e4tzliche Bein- und Ges\u00e4\u00dftaschen. Die Hose bietet eine tolle Passform und ist in Kurz- und Normalgr\u00f6\u00dfen erh\u00e4ltlich. <\/p>\n<p>Funktionshose, abzippbar auf Capri, perfekt f\u00fcr Wandern<br \/>\nSchnell trocknendes dryprotec Material<br \/>\nVerschluss: Rei\u00dfverschluss<br \/>\n100% Polyamid<br \/>\nFulda<br \/>\nModellnummer: 233008<br \/>\nElastischer Bund<br \/>\nSehr abriebfestes Material<br \/>\nAuch in Kurzgr\u00f6\u00dfen lieferbar<br \/>\n<div class=\"main-cross-sell\" data-asin=\"B00H40KQRG\">\n\n\t<div class=\"WooZone-cross-sell-loader\">\n\t\t<div>\n\t\t\t<div id=\"floatingBarsG\">\n\t\t\t\t<div class=\"blockG\" id=\"rotateG_01\"><\/div>\n\t\t\t\t<div class=\"blockG\" id=\"rotateG_02\"><\/div>\n\t\t\t\t<div class=\"blockG\" id=\"rotateG_03\"><\/div>\n\t\t\t\t<div class=\"blockG\" id=\"rotateG_04\"><\/div>\n\t\t\t\t<div class=\"blockG\" id=\"rotateG_05\"><\/div>\n\t\t\t\t<div class=\"blockG\" id=\"rotateG_06\"><\/div>\n\t\t\t\t<div class=\"blockG\" id=\"rotateG_07\"><\/div>\n\t\t\t\t<div class=\"blockG\" id=\"rotateG_08\"><\/div>\n\t\t\t<\/div>\n\t\t\t<div class=\"WooZone-cross-sell-loader-text\"><\/div>\n\t\t<\/div>\n\t<\/div>\n\n\t\t\n<\/div>\n<div style=\"clear:both;\"><\/div><\/p>\n","protected":false},"excerpt":{"rendered":"<p>Funktionshose, abzippbar auf Capri, perfekt f\u00fcr Wandern<br \/>\nSchnell trocknendes dryprotec Material<br \/>\nVerschluss: Rei\u00dfverschluss<\/p>\n","protected":false},"featured_media":17032,"comment_status":"open","ping_status":"closed","template":"","meta":[],"product_cat":[37],"product_tag":[],"_links":{"self":[{"href":"https:\/\/camping.webspace.rocks\/index.php?rest_route=\/wp\/v2\/product\/17031"}],"collection":[{"href":"https:\/\/camping.webspace.rocks\/index.php?rest_route=\/wp\/v2\/product"}],"about":[{"href":"https:\/\/camping.webspace.rocks\/index.php?rest_route=\/wp\/v2\/types\/product"}],"replies":[{"embeddable":true,"href":"https:\/\/camping.webspace.rocks\/index.php?rest_route=%2Fwp%2Fv2%2Fcomments&post=17031"}],"version-history":[{"count":5,"href":"https:\/\/camping.webspace.rocks\/index.php?rest_route=\/wp\/v2\/product\/17031\/revisions"}],"predecessor-version":[{"id":19516,"href":"https:\/\/camping.webspace.rocks\/index.php?rest_route=\/wp\/v2\/product\/17031\/revisions\/19516"}],"wp:featuredmedia":[{"embeddable":true,"href":"https:\/\/camping.webspace.rocks\/index.php?rest_route=\/wp\/v2\/media\/17032"}],"wp:attachment":[{"href":"https:\/\/camping.webspace.rocks\/index.php?rest_route=%2Fwp%2Fv2%2Fmedia&parent=17031"}],"wp:term":[{"taxonomy":"product_cat","embeddable":true,"href":"https:\/\/camping.webspace.rocks\/index.php?rest_route=%2Fwp%2Fv2%2Fproduct_cat&post=17031"},{"taxonomy":"product_tag","embeddable":true,"href":"https:\/\/camping.webspace.rocks\/index.php?rest_route=%2Fwp%2Fv2%2Fproduct_tag&post=17031"}],"curies":[{"name":"wp","href":"https:\/\/api.w.org\/{rel}","templated":true}]}}