{"id":17067,"date":"2021-07-29T21:42:39","date_gmt":"2021-07-29T21:42:39","guid":{"rendered":"https:\/\/camping.webspace.rocks\/?product=adidas-herren-sport-trousers-core18-rn-pnt"},"modified":"2023-04-10T12:36:51","modified_gmt":"2023-04-10T12:36:51","slug":"adidas-herren-sport-trousers-core18-rn-pnt","status":"publish","type":"product","link":"https:\/\/camping.webspace.rocks\/?product=adidas-herren-sport-trousers-core18-rn-pnt","title":{"rendered":"adidas Herren Herren Hose Core18 Hose"},"content":{"rendered":"<p>\n\t\t<style type=\"text\/css\">\n\t\t\t#gallery-1 {\n\t\t\t\tmargin: auto;\n\t\t\t}\n\t\t\t#gallery-1 .gallery-item {\n\t\t\t\tfloat: left;\n\t\t\t\tmargin-top: 10px;\n\t\t\t\ttext-align: center;\n\t\t\t\twidth: 33%;\n\t\t\t}\n\t\t\t#gallery-1 img {\n\t\t\t\tborder: 2px solid #cfcfcf;\n\t\t\t}\n\t\t\t#gallery-1 .gallery-caption {\n\t\t\t\tmargin-left: 0;\n\t\t\t}\n\t\t\t\/* see gallery_shortcode() in wp-includes\/media.php *\/\n\t\t<\/style>\n\t\t<div id='gallery-1' class='gallery galleryid-17067 gallery-columns-3 gallery-size-thumbnail'><dl class='gallery-item'>\n\t\t\t<dt class='gallery-icon landscape'>\n\t\t\t\t<a href='https:\/\/camping.webspace.rocks\/?attachment_id=17068'><img width=\"150\" height=\"150\" src=\"https:\/\/m.media-amazon.com\/images\/I\/310n8wyc00L._SS150_.jpg\" class=\"attachment-thumbnail size-thumbnail\" alt=\"\" loading=\"lazy\" srcset=\"https:\/\/m.media-amazon.com\/images\/I\/310n8wyc00L._SS150_.jpg 150w, https:\/\/m.media-amazon.com\/images\/I\/310n8wyc00L._SS300_.jpg 300w, https:\/\/m.media-amazon.com\/images\/I\/310n8wyc00L._SS768_.jpg 768w, https:\/\/m.media-amazon.com\/images\/I\/310n8wyc00L._SS1024_.jpg 1024w, https:\/\/m.media-amazon.com\/images\/I\/310n8wyc00L._SS1536_.jpg 1536w, https:\/\/m.media-amazon.com\/images\/I\/310n8wyc00L._SS2048_.jpg 2048w, https:\/\/m.media-amazon.com\/images\/I\/310n8wyc00L._SS1200_.jpg 1200w, https:\/\/m.media-amazon.com\/images\/I\/310n8wyc00L._SS600_.jpg 600w, https:\/\/m.media-amazon.com\/images\/I\/310n8wyc00L.jpg 500w\" sizes=\"(max-width: 150px) 100vw, 150px\" \/><\/a>\n\t\t\t<\/dt><\/dl><dl class='gallery-item'>\n\t\t\t<dt class='gallery-icon landscape'>\n\t\t\t\t<a href='https:\/\/camping.webspace.rocks\/?attachment_id=17069'><img width=\"150\" height=\"150\" src=\"https:\/\/m.media-amazon.com\/images\/I\/31tHEhe1T7L._SS150_.jpg\" class=\"attachment-thumbnail size-thumbnail\" alt=\"\" loading=\"lazy\" srcset=\"https:\/\/m.media-amazon.com\/images\/I\/31tHEhe1T7L._SS150_.jpg 150w, https:\/\/m.media-amazon.com\/images\/I\/31tHEhe1T7L._SS300_.jpg 300w, https:\/\/m.media-amazon.com\/images\/I\/31tHEhe1T7L._SS768_.jpg 768w, https:\/\/m.media-amazon.com\/images\/I\/31tHEhe1T7L._SS1024_.jpg 1024w, https:\/\/m.media-amazon.com\/images\/I\/31tHEhe1T7L._SS1536_.jpg 1536w, https:\/\/m.media-amazon.com\/images\/I\/31tHEhe1T7L._SS2048_.jpg 2048w, https:\/\/m.media-amazon.com\/images\/I\/31tHEhe1T7L._SS1200_.jpg 1200w, https:\/\/m.media-amazon.com\/images\/I\/31tHEhe1T7L._SS600_.jpg 600w, https:\/\/m.media-amazon.com\/images\/I\/31tHEhe1T7L.jpg 500w\" sizes=\"(max-width: 150px) 100vw, 150px\" \/><\/a>\n\t\t\t<\/dt><\/dl><dl class='gallery-item'>\n\t\t\t<dt class='gallery-icon landscape'>\n\t\t\t\t<a href='https:\/\/camping.webspace.rocks\/?attachment_id=17070'><img width=\"150\" height=\"150\" src=\"https:\/\/m.media-amazon.com\/images\/I\/41bMY5jD9kL._SS150_.jpg\" class=\"attachment-thumbnail size-thumbnail\" alt=\"\" loading=\"lazy\" srcset=\"https:\/\/m.media-amazon.com\/images\/I\/41bMY5jD9kL._SS150_.jpg 150w, https:\/\/m.media-amazon.com\/images\/I\/41bMY5jD9kL._SS300_.jpg 300w, https:\/\/m.media-amazon.com\/images\/I\/41bMY5jD9kL._SS768_.jpg 768w, https:\/\/m.media-amazon.com\/images\/I\/41bMY5jD9kL._SS1024_.jpg 1024w, https:\/\/m.media-amazon.com\/images\/I\/41bMY5jD9kL._SS1536_.jpg 1536w, https:\/\/m.media-amazon.com\/images\/I\/41bMY5jD9kL._SS2048_.jpg 2048w, https:\/\/m.media-amazon.com\/images\/I\/41bMY5jD9kL._SS1200_.jpg 1200w, https:\/\/m.media-amazon.com\/images\/I\/41bMY5jD9kL._SS600_.jpg 600w, https:\/\/m.media-amazon.com\/images\/I\/41bMY5jD9kL.jpg 500w\" sizes=\"(max-width: 150px) 100vw, 150px\" \/><\/a>\n\t\t\t<\/dt><\/dl><br style=\"clear: both\" \/>\n\t\t<\/div>\n<br \/>\n<!-- show up to 2 reviews by default --> <\/p>\n<p>Hose f\u00fcr regnerische Tage im Feld: wenn es Regnet oder Sonnenschein gibt, geben Sie das Spiel nicht auf. Halten Sie das Wetter mit dieser Fu\u00dfballhose f\u00fcr M\u00e4nner fern. Die Rei\u00dfverschl\u00fcsse an den Kn\u00f6cheln erleichtern das An- und Ausziehen. Die Taschen mit \u00d6ffnungen und elastischen R\u00e4ndern erh\u00f6hen die Praktikabilit\u00e4t und den Schutz. <\/p>\n<p>Regular Fit<br \/>\nFront pockets<br \/>\nVerschluss: Ohne Verschluss<br \/>\n100% Polyester<br \/>\nCORE18 PRE PNT<br \/>\nPflegehinweis: Maschinenw\u00e4sche<br \/>\nModellnummer: CV3690<br \/>\nElastic waistband with lanyard<br \/>\n<div class=\"main-cross-sell\" data-asin=\"B076HPGXWG\">\n\n\t<div class=\"WooZone-cross-sell-loader\">\n\t\t<div>\n\t\t\t<div id=\"floatingBarsG\">\n\t\t\t\t<div class=\"blockG\" id=\"rotateG_01\"><\/div>\n\t\t\t\t<div class=\"blockG\" id=\"rotateG_02\"><\/div>\n\t\t\t\t<div class=\"blockG\" id=\"rotateG_03\"><\/div>\n\t\t\t\t<div class=\"blockG\" id=\"rotateG_04\"><\/div>\n\t\t\t\t<div class=\"blockG\" id=\"rotateG_05\"><\/div>\n\t\t\t\t<div class=\"blockG\" id=\"rotateG_06\"><\/div>\n\t\t\t\t<div class=\"blockG\" id=\"rotateG_07\"><\/div>\n\t\t\t\t<div class=\"blockG\" id=\"rotateG_08\"><\/div>\n\t\t\t<\/div>\n\t\t\t<div class=\"WooZone-cross-sell-loader-text\"><\/div>\n\t\t<\/div>\n\t<\/div>\n\n\t\t\n<\/div>\n<div style=\"clear:both;\"><\/div><\/p>\n","protected":false},"excerpt":{"rendered":"<p>Regular Fit<br \/>\nFront pockets<br \/>\nVerschluss: Ohne Verschluss<\/p>\n","protected":false},"featured_media":17068,"comment_status":"open","ping_status":"closed","template":"","meta":[],"product_cat":[37],"product_tag":[],"_links":{"self":[{"href":"https:\/\/camping.webspace.rocks\/index.php?rest_route=\/wp\/v2\/product\/17067"}],"collection":[{"href":"https:\/\/camping.webspace.rocks\/index.php?rest_route=\/wp\/v2\/product"}],"about":[{"href":"https:\/\/camping.webspace.rocks\/index.php?rest_route=\/wp\/v2\/types\/product"}],"replies":[{"embeddable":true,"href":"https:\/\/camping.webspace.rocks\/index.php?rest_route=%2Fwp%2Fv2%2Fcomments&post=17067"}],"version-history":[{"count":2,"href":"https:\/\/camping.webspace.rocks\/index.php?rest_route=\/wp\/v2\/product\/17067\/revisions"}],"predecessor-version":[{"id":19269,"href":"https:\/\/camping.webspace.rocks\/index.php?rest_route=\/wp\/v2\/product\/17067\/revisions\/19269"}],"wp:featuredmedia":[{"embeddable":true,"href":"https:\/\/camping.webspace.rocks\/index.php?rest_route=\/wp\/v2\/media\/17068"}],"wp:attachment":[{"href":"https:\/\/camping.webspace.rocks\/index.php?rest_route=%2Fwp%2Fv2%2Fmedia&parent=17067"}],"wp:term":[{"taxonomy":"product_cat","embeddable":true,"href":"https:\/\/camping.webspace.rocks\/index.php?rest_route=%2Fwp%2Fv2%2Fproduct_cat&post=17067"},{"taxonomy":"product_tag","embeddable":true,"href":"https:\/\/camping.webspace.rocks\/index.php?rest_route=%2Fwp%2Fv2%2Fproduct_tag&post=17067"}],"curies":[{"name":"wp","href":"https:\/\/api.w.org\/{rel}","templated":true}]}}