{"id":17071,"date":"2021-07-29T21:42:40","date_gmt":"2021-07-29T21:42:40","guid":{"rendered":"https:\/\/camping.webspace.rocks\/?product=result-core-damen-bodywarmer-coreprintable-softshell"},"modified":"2023-04-10T12:36:51","modified_gmt":"2023-04-10T12:36:51","slug":"result-core-damen-bodywarmer-coreprintable-softshell","status":"publish","type":"product","link":"https:\/\/camping.webspace.rocks\/?product=result-core-damen-bodywarmer-coreprintable-softshell","title":{"rendered":"Result Damen R232f r232f"},"content":{"rendered":"<p>\n\t\t<style type=\"text\/css\">\n\t\t\t#gallery-1 {\n\t\t\t\tmargin: auto;\n\t\t\t}\n\t\t\t#gallery-1 .gallery-item {\n\t\t\t\tfloat: left;\n\t\t\t\tmargin-top: 10px;\n\t\t\t\ttext-align: center;\n\t\t\t\twidth: 33%;\n\t\t\t}\n\t\t\t#gallery-1 img {\n\t\t\t\tborder: 2px solid #cfcfcf;\n\t\t\t}\n\t\t\t#gallery-1 .gallery-caption {\n\t\t\t\tmargin-left: 0;\n\t\t\t}\n\t\t\t\/* see gallery_shortcode() in wp-includes\/media.php *\/\n\t\t<\/style>\n\t\t<div id='gallery-1' class='gallery galleryid-17071 gallery-columns-3 gallery-size-thumbnail'><dl class='gallery-item'>\n\t\t\t<dt class='gallery-icon landscape'>\n\t\t\t\t<a href='https:\/\/camping.webspace.rocks\/?attachment_id=17072'><img width=\"150\" height=\"150\" src=\"https:\/\/m.media-amazon.com\/images\/I\/41Dc2wfKTSL._SS150_.jpg\" class=\"attachment-thumbnail size-thumbnail\" alt=\"\" loading=\"lazy\" srcset=\"https:\/\/m.media-amazon.com\/images\/I\/41Dc2wfKTSL._SS150_.jpg 150w, https:\/\/m.media-amazon.com\/images\/I\/41Dc2wfKTSL._SS300_.jpg 300w, https:\/\/m.media-amazon.com\/images\/I\/41Dc2wfKTSL._SS768_.jpg 768w, https:\/\/m.media-amazon.com\/images\/I\/41Dc2wfKTSL._SS1024_.jpg 1024w, https:\/\/m.media-amazon.com\/images\/I\/41Dc2wfKTSL._SS1536_.jpg 1536w, https:\/\/m.media-amazon.com\/images\/I\/41Dc2wfKTSL._SS2048_.jpg 2048w, https:\/\/m.media-amazon.com\/images\/I\/41Dc2wfKTSL._SS1200_.jpg 1200w, https:\/\/m.media-amazon.com\/images\/I\/41Dc2wfKTSL._SS600_.jpg 600w, https:\/\/m.media-amazon.com\/images\/I\/41Dc2wfKTSL.jpg 500w\" sizes=\"(max-width: 150px) 100vw, 150px\" \/><\/a>\n\t\t\t<\/dt><\/dl><dl class='gallery-item'>\n\t\t\t<dt class='gallery-icon landscape'>\n\t\t\t\t<a href='https:\/\/camping.webspace.rocks\/?attachment_id=17073'><img width=\"150\" height=\"150\" src=\"https:\/\/m.media-amazon.com\/images\/I\/41i2lkHR0sL._SS150_.jpg\" class=\"attachment-thumbnail size-thumbnail\" alt=\"\" loading=\"lazy\" srcset=\"https:\/\/m.media-amazon.com\/images\/I\/41i2lkHR0sL._SS150_.jpg 150w, https:\/\/m.media-amazon.com\/images\/I\/41i2lkHR0sL._SS300_.jpg 300w, https:\/\/m.media-amazon.com\/images\/I\/41i2lkHR0sL._SS768_.jpg 768w, https:\/\/m.media-amazon.com\/images\/I\/41i2lkHR0sL._SS1024_.jpg 1024w, https:\/\/m.media-amazon.com\/images\/I\/41i2lkHR0sL._SS1536_.jpg 1536w, https:\/\/m.media-amazon.com\/images\/I\/41i2lkHR0sL._SS2048_.jpg 2048w, https:\/\/m.media-amazon.com\/images\/I\/41i2lkHR0sL._SS1200_.jpg 1200w, https:\/\/m.media-amazon.com\/images\/I\/41i2lkHR0sL._SS600_.jpg 600w, https:\/\/m.media-amazon.com\/images\/I\/41i2lkHR0sL.jpg 500w\" sizes=\"(max-width: 150px) 100vw, 150px\" \/><\/a>\n\t\t\t<\/dt><\/dl><dl class='gallery-item'>\n\t\t\t<dt class='gallery-icon landscape'>\n\t\t\t\t<a href='https:\/\/camping.webspace.rocks\/?attachment_id=17074'><img width=\"150\" height=\"150\" src=\"https:\/\/m.media-amazon.com\/images\/I\/31563nrUiaL._SS150_.jpg\" class=\"attachment-thumbnail size-thumbnail\" alt=\"\" loading=\"lazy\" srcset=\"https:\/\/m.media-amazon.com\/images\/I\/31563nrUiaL._SS150_.jpg 150w, https:\/\/m.media-amazon.com\/images\/I\/31563nrUiaL._SS300_.jpg 300w, https:\/\/m.media-amazon.com\/images\/I\/31563nrUiaL._SS768_.jpg 768w, https:\/\/m.media-amazon.com\/images\/I\/31563nrUiaL._SS1024_.jpg 1024w, https:\/\/m.media-amazon.com\/images\/I\/31563nrUiaL._SS1536_.jpg 1536w, https:\/\/m.media-amazon.com\/images\/I\/31563nrUiaL._SS2048_.jpg 2048w, https:\/\/m.media-amazon.com\/images\/I\/31563nrUiaL._SS1200_.jpg 1200w, https:\/\/m.media-amazon.com\/images\/I\/31563nrUiaL._SS600_.jpg 600w, https:\/\/m.media-amazon.com\/images\/I\/31563nrUiaL.jpg 500w\" sizes=\"(max-width: 150px) 100vw, 150px\" \/><\/a>\n\t\t\t<\/dt><\/dl><br style=\"clear: both\" \/>\n\t\t<\/div>\n<br \/>\n<!-- show up to 2 reviews by default --> <\/p>\n<h3>Produktbeschreibungen<\/h3>\n<p>Dekorative Ziern\u00e4hte. Durchgehender Rei\u00dfverschluss. Vordertaschen mit Rei\u00dfverschluss. Kinnschutz. Tailliert. Ohne Elastan, leicht zu bedrucken. Neutrales Etikett. Microfleece-Innenmaterial bietet extra W\u00e4rme. Waschanleitung: Waschbar bis 40 Grad, nicht bleichen, nicht trocknergeeignet, nicht b\u00fcgeln, nicht chemisch reinigen. Material: Zweilagig &#8211; Au\u00dfenmaterial: 100% Polyester, Innenmaterial: 100% Polyester-Microfleece. St\u00e4rke: 280 gsm. Gr\u00f6\u00dfe: XS (34), S (36), M (38), L (40), XL (42), 2XL (44). <\/p>\n<h3>Warnhinweise<\/h3>\n<p>Bitte lesen Sie vor Gebrauch die Produktbeschreibung. <\/p>\n<p>Dekorative Ziern\u00e4hte.<br \/>\nDurchgehender Rei\u00dfverschluss.<br \/>\nLangarm<br \/>\nVerschluss: Rei\u00dfverschluss<br \/>\n100% Polyester<br \/>\nModern<br \/>\nPflegehinweis: Machine washable at 40C<br \/>\nModellnummer: UTRW3698_42<br \/>\nVordertaschen mit Rei\u00dfverschluss.<br \/>\nKinnschutz.<br \/>\nTailliert.<br \/>\n<div class=\"main-cross-sell\" data-asin=\"B019TQ1D1U\">\n\n\t<div class=\"WooZone-cross-sell-loader\">\n\t\t<div>\n\t\t\t<div id=\"floatingBarsG\">\n\t\t\t\t<div class=\"blockG\" id=\"rotateG_01\"><\/div>\n\t\t\t\t<div class=\"blockG\" id=\"rotateG_02\"><\/div>\n\t\t\t\t<div class=\"blockG\" id=\"rotateG_03\"><\/div>\n\t\t\t\t<div class=\"blockG\" id=\"rotateG_04\"><\/div>\n\t\t\t\t<div class=\"blockG\" id=\"rotateG_05\"><\/div>\n\t\t\t\t<div class=\"blockG\" id=\"rotateG_06\"><\/div>\n\t\t\t\t<div class=\"blockG\" id=\"rotateG_07\"><\/div>\n\t\t\t\t<div class=\"blockG\" id=\"rotateG_08\"><\/div>\n\t\t\t<\/div>\n\t\t\t<div class=\"WooZone-cross-sell-loader-text\"><\/div>\n\t\t<\/div>\n\t<\/div>\n\n\t\t\n<\/div>\n<div style=\"clear:both;\"><\/div><\/p>\n","protected":false},"excerpt":{"rendered":"<p>Dekorative Ziern\u00e4hte.<br \/>\nDurchgehender Rei\u00dfverschluss.<br \/>\nLangarm<\/p>\n","protected":false},"featured_media":17072,"comment_status":"open","ping_status":"closed","template":"","meta":[],"product_cat":[37],"product_tag":[],"_links":{"self":[{"href":"https:\/\/camping.webspace.rocks\/index.php?rest_route=\/wp\/v2\/product\/17071"}],"collection":[{"href":"https:\/\/camping.webspace.rocks\/index.php?rest_route=\/wp\/v2\/product"}],"about":[{"href":"https:\/\/camping.webspace.rocks\/index.php?rest_route=\/wp\/v2\/types\/product"}],"replies":[{"embeddable":true,"href":"https:\/\/camping.webspace.rocks\/index.php?rest_route=%2Fwp%2Fv2%2Fcomments&post=17071"}],"version-history":[{"count":2,"href":"https:\/\/camping.webspace.rocks\/index.php?rest_route=\/wp\/v2\/product\/17071\/revisions"}],"predecessor-version":[{"id":19270,"href":"https:\/\/camping.webspace.rocks\/index.php?rest_route=\/wp\/v2\/product\/17071\/revisions\/19270"}],"wp:featuredmedia":[{"embeddable":true,"href":"https:\/\/camping.webspace.rocks\/index.php?rest_route=\/wp\/v2\/media\/17072"}],"wp:attachment":[{"href":"https:\/\/camping.webspace.rocks\/index.php?rest_route=%2Fwp%2Fv2%2Fmedia&parent=17071"}],"wp:term":[{"taxonomy":"product_cat","embeddable":true,"href":"https:\/\/camping.webspace.rocks\/index.php?rest_route=%2Fwp%2Fv2%2Fproduct_cat&post=17071"},{"taxonomy":"product_tag","embeddable":true,"href":"https:\/\/camping.webspace.rocks\/index.php?rest_route=%2Fwp%2Fv2%2Fproduct_tag&post=17071"}],"curies":[{"name":"wp","href":"https:\/\/api.w.org\/{rel}","templated":true}]}}