{"id":17075,"date":"2021-07-29T21:42:43","date_gmt":"2021-07-29T21:42:43","guid":{"rendered":"https:\/\/camping.webspace.rocks\/?product=mizuno-inspire-kurz-tight-women-s"},"modified":"2023-04-10T12:36:51","modified_gmt":"2023-04-10T12:36:51","slug":"mizuno-inspire-kurz-tight-women-s","status":"publish","type":"product","link":"https:\/\/camping.webspace.rocks\/?product=mizuno-inspire-kurz-tight-women-s","title":{"rendered":"Mizuno Inspire Kurz Tight Women &#8217;s"},"content":{"rendered":"<p>\n\t\t<style type=\"text\/css\">\n\t\t\t#gallery-1 {\n\t\t\t\tmargin: auto;\n\t\t\t}\n\t\t\t#gallery-1 .gallery-item {\n\t\t\t\tfloat: left;\n\t\t\t\tmargin-top: 10px;\n\t\t\t\ttext-align: center;\n\t\t\t\twidth: 33%;\n\t\t\t}\n\t\t\t#gallery-1 img {\n\t\t\t\tborder: 2px solid #cfcfcf;\n\t\t\t}\n\t\t\t#gallery-1 .gallery-caption {\n\t\t\t\tmargin-left: 0;\n\t\t\t}\n\t\t\t\/* see gallery_shortcode() in wp-includes\/media.php *\/\n\t\t<\/style>\n\t\t<div id='gallery-1' class='gallery galleryid-17075 gallery-columns-3 gallery-size-thumbnail'><dl class='gallery-item'>\n\t\t\t<dt class='gallery-icon landscape'>\n\t\t\t\t<a href='https:\/\/camping.webspace.rocks\/?attachment_id=17076'><img width=\"150\" height=\"150\" src=\"https:\/\/m.media-amazon.com\/images\/I\/41ruGhCYrEL._SS150_.jpg\" class=\"attachment-thumbnail size-thumbnail\" alt=\"\" loading=\"lazy\" srcset=\"https:\/\/m.media-amazon.com\/images\/I\/41ruGhCYrEL._SS150_.jpg 150w, https:\/\/m.media-amazon.com\/images\/I\/41ruGhCYrEL._SS300_.jpg 300w, https:\/\/m.media-amazon.com\/images\/I\/41ruGhCYrEL._SS768_.jpg 768w, https:\/\/m.media-amazon.com\/images\/I\/41ruGhCYrEL._SS1024_.jpg 1024w, https:\/\/m.media-amazon.com\/images\/I\/41ruGhCYrEL._SS1536_.jpg 1536w, https:\/\/m.media-amazon.com\/images\/I\/41ruGhCYrEL._SS2048_.jpg 2048w, https:\/\/m.media-amazon.com\/images\/I\/41ruGhCYrEL._SS1200_.jpg 1200w, https:\/\/m.media-amazon.com\/images\/I\/41ruGhCYrEL._SS600_.jpg 600w, https:\/\/m.media-amazon.com\/images\/I\/41ruGhCYrEL.jpg 500w\" sizes=\"(max-width: 150px) 100vw, 150px\" \/><\/a>\n\t\t\t<\/dt><\/dl><dl class='gallery-item'>\n\t\t\t<dt class='gallery-icon landscape'>\n\t\t\t\t<a href='https:\/\/camping.webspace.rocks\/?attachment_id=17077'><img width=\"150\" height=\"150\" src=\"https:\/\/m.media-amazon.com\/images\/I\/31IFwLUGuJL._SS150_.jpg\" class=\"attachment-thumbnail size-thumbnail\" alt=\"\" loading=\"lazy\" srcset=\"https:\/\/m.media-amazon.com\/images\/I\/31IFwLUGuJL._SS150_.jpg 150w, https:\/\/m.media-amazon.com\/images\/I\/31IFwLUGuJL._SS300_.jpg 300w, https:\/\/m.media-amazon.com\/images\/I\/31IFwLUGuJL._SS768_.jpg 768w, https:\/\/m.media-amazon.com\/images\/I\/31IFwLUGuJL._SS1024_.jpg 1024w, https:\/\/m.media-amazon.com\/images\/I\/31IFwLUGuJL._SS1536_.jpg 1536w, https:\/\/m.media-amazon.com\/images\/I\/31IFwLUGuJL._SS2048_.jpg 2048w, https:\/\/m.media-amazon.com\/images\/I\/31IFwLUGuJL._SS1200_.jpg 1200w, https:\/\/m.media-amazon.com\/images\/I\/31IFwLUGuJL._SS600_.jpg 600w, https:\/\/m.media-amazon.com\/images\/I\/31IFwLUGuJL.jpg 500w\" sizes=\"(max-width: 150px) 100vw, 150px\" \/><\/a>\n\t\t\t<\/dt><\/dl>\n\t\t\t<br style='clear: both' \/>\n\t\t<\/div>\n<br \/>\n<!-- show up to 2 reviews by default --><br \/>\nDryLite Feuchtigkeit Management Material<br \/>\n10,2 cm Hosenl\u00e4nge<br \/>\n4 Nadel Flatlock-N\u00e4hte<br \/>\nStretch Mesh-Eins\u00e4tze f\u00fcr Bel\u00fcftung<br \/>\nReflex-Logo und Akzente vorne und hinten<br \/>\n<div class=\"main-cross-sell\" data-asin=\"B003YL35F4\">\n\n\t<div class=\"WooZone-cross-sell-loader\">\n\t\t<div>\n\t\t\t<div id=\"floatingBarsG\">\n\t\t\t\t<div class=\"blockG\" id=\"rotateG_01\"><\/div>\n\t\t\t\t<div class=\"blockG\" id=\"rotateG_02\"><\/div>\n\t\t\t\t<div class=\"blockG\" id=\"rotateG_03\"><\/div>\n\t\t\t\t<div class=\"blockG\" id=\"rotateG_04\"><\/div>\n\t\t\t\t<div class=\"blockG\" id=\"rotateG_05\"><\/div>\n\t\t\t\t<div class=\"blockG\" id=\"rotateG_06\"><\/div>\n\t\t\t\t<div class=\"blockG\" id=\"rotateG_07\"><\/div>\n\t\t\t\t<div class=\"blockG\" id=\"rotateG_08\"><\/div>\n\t\t\t<\/div>\n\t\t\t<div class=\"WooZone-cross-sell-loader-text\"><\/div>\n\t\t<\/div>\n\t<\/div>\n\n\t\t\n<\/div>\n<div style=\"clear:both;\"><\/div><\/p>\n","protected":false},"excerpt":{"rendered":"<p>DryLite Feuchtigkeit Management Material<br \/>\n10,2 cm Hosenl\u00e4nge<br \/>\n4 Nadel Flatlock-N\u00e4hte<\/p>\n","protected":false},"featured_media":17076,"comment_status":"open","ping_status":"closed","template":"","meta":[],"product_cat":[37],"product_tag":[],"_links":{"self":[{"href":"https:\/\/camping.webspace.rocks\/index.php?rest_route=\/wp\/v2\/product\/17075"}],"collection":[{"href":"https:\/\/camping.webspace.rocks\/index.php?rest_route=\/wp\/v2\/product"}],"about":[{"href":"https:\/\/camping.webspace.rocks\/index.php?rest_route=\/wp\/v2\/types\/product"}],"replies":[{"embeddable":true,"href":"https:\/\/camping.webspace.rocks\/index.php?rest_route=%2Fwp%2Fv2%2Fcomments&post=17075"}],"version-history":[{"count":1,"href":"https:\/\/camping.webspace.rocks\/index.php?rest_route=\/wp\/v2\/product\/17075\/revisions"}],"predecessor-version":[{"id":18722,"href":"https:\/\/camping.webspace.rocks\/index.php?rest_route=\/wp\/v2\/product\/17075\/revisions\/18722"}],"wp:featuredmedia":[{"embeddable":true,"href":"https:\/\/camping.webspace.rocks\/index.php?rest_route=\/wp\/v2\/media\/17076"}],"wp:attachment":[{"href":"https:\/\/camping.webspace.rocks\/index.php?rest_route=%2Fwp%2Fv2%2Fmedia&parent=17075"}],"wp:term":[{"taxonomy":"product_cat","embeddable":true,"href":"https:\/\/camping.webspace.rocks\/index.php?rest_route=%2Fwp%2Fv2%2Fproduct_cat&post=17075"},{"taxonomy":"product_tag","embeddable":true,"href":"https:\/\/camping.webspace.rocks\/index.php?rest_route=%2Fwp%2Fv2%2Fproduct_tag&post=17075"}],"curies":[{"name":"wp","href":"https:\/\/api.w.org\/{rel}","templated":true}]}}