{"id":17082,"date":"2021-07-29T21:42:45","date_gmt":"2021-07-29T21:42:45","guid":{"rendered":"https:\/\/camping.webspace.rocks\/?product=helly-hansen-herren-jacke-crew-midlayer"},"modified":"2023-04-10T12:36:52","modified_gmt":"2023-04-10T12:36:52","slug":"helly-hansen-herren-jacke-crew-midlayer","status":"publish","type":"product","link":"https:\/\/camping.webspace.rocks\/?product=helly-hansen-herren-jacke-crew-midlayer","title":{"rendered":"Helly Hansen Herren Jacke Crew Midlayer wasserdichte"},"content":{"rendered":"<p>\n\t\t<style type=\"text\/css\">\n\t\t\t#gallery-1 {\n\t\t\t\tmargin: auto;\n\t\t\t}\n\t\t\t#gallery-1 .gallery-item {\n\t\t\t\tfloat: left;\n\t\t\t\tmargin-top: 10px;\n\t\t\t\ttext-align: center;\n\t\t\t\twidth: 33%;\n\t\t\t}\n\t\t\t#gallery-1 img {\n\t\t\t\tborder: 2px solid #cfcfcf;\n\t\t\t}\n\t\t\t#gallery-1 .gallery-caption {\n\t\t\t\tmargin-left: 0;\n\t\t\t}\n\t\t\t\/* see gallery_shortcode() in wp-includes\/media.php *\/\n\t\t<\/style>\n\t\t<div id='gallery-1' class='gallery galleryid-17082 gallery-columns-3 gallery-size-thumbnail'><dl class='gallery-item'>\n\t\t\t<dt class='gallery-icon landscape'>\n\t\t\t\t<a href='https:\/\/camping.webspace.rocks\/?attachment_id=17083'><img width=\"150\" height=\"150\" src=\"https:\/\/m.media-amazon.com\/images\/I\/41vWowa7enL._SS150_.jpg\" class=\"attachment-thumbnail size-thumbnail\" alt=\"\" loading=\"lazy\" srcset=\"https:\/\/m.media-amazon.com\/images\/I\/41vWowa7enL._SS150_.jpg 150w, https:\/\/m.media-amazon.com\/images\/I\/41vWowa7enL._SS300_.jpg 300w, https:\/\/m.media-amazon.com\/images\/I\/41vWowa7enL._SS768_.jpg 768w, https:\/\/m.media-amazon.com\/images\/I\/41vWowa7enL._SS1024_.jpg 1024w, https:\/\/m.media-amazon.com\/images\/I\/41vWowa7enL._SS1536_.jpg 1536w, https:\/\/m.media-amazon.com\/images\/I\/41vWowa7enL._SS2048_.jpg 2048w, https:\/\/m.media-amazon.com\/images\/I\/41vWowa7enL._SS1200_.jpg 1200w, https:\/\/m.media-amazon.com\/images\/I\/41vWowa7enL._SS600_.jpg 600w, https:\/\/m.media-amazon.com\/images\/I\/41vWowa7enL.jpg 500w\" sizes=\"(max-width: 150px) 100vw, 150px\" \/><\/a>\n\t\t\t<\/dt><\/dl><dl class='gallery-item'>\n\t\t\t<dt class='gallery-icon landscape'>\n\t\t\t\t<a href='https:\/\/camping.webspace.rocks\/?attachment_id=17084'><img width=\"150\" height=\"150\" src=\"https:\/\/m.media-amazon.com\/images\/I\/31LWnFA4mjL._SS150_.jpg\" class=\"attachment-thumbnail size-thumbnail\" alt=\"\" loading=\"lazy\" srcset=\"https:\/\/m.media-amazon.com\/images\/I\/31LWnFA4mjL._SS150_.jpg 150w, https:\/\/m.media-amazon.com\/images\/I\/31LWnFA4mjL._SS300_.jpg 300w, https:\/\/m.media-amazon.com\/images\/I\/31LWnFA4mjL._SS768_.jpg 768w, https:\/\/m.media-amazon.com\/images\/I\/31LWnFA4mjL._SS1024_.jpg 1024w, https:\/\/m.media-amazon.com\/images\/I\/31LWnFA4mjL._SS1536_.jpg 1536w, https:\/\/m.media-amazon.com\/images\/I\/31LWnFA4mjL._SS2048_.jpg 2048w, https:\/\/m.media-amazon.com\/images\/I\/31LWnFA4mjL._SS1200_.jpg 1200w, https:\/\/m.media-amazon.com\/images\/I\/31LWnFA4mjL._SS600_.jpg 600w, https:\/\/m.media-amazon.com\/images\/I\/31LWnFA4mjL.jpg 500w\" sizes=\"(max-width: 150px) 100vw, 150px\" \/><\/a>\n\t\t\t<\/dt><\/dl><dl class='gallery-item'>\n\t\t\t<dt class='gallery-icon landscape'>\n\t\t\t\t<a href='https:\/\/camping.webspace.rocks\/?attachment_id=17085'><img width=\"150\" height=\"150\" src=\"https:\/\/m.media-amazon.com\/images\/I\/413r4K3KLNL._SS150_.jpg\" class=\"attachment-thumbnail size-thumbnail\" alt=\"\" loading=\"lazy\" srcset=\"https:\/\/m.media-amazon.com\/images\/I\/413r4K3KLNL._SS150_.jpg 150w, https:\/\/m.media-amazon.com\/images\/I\/413r4K3KLNL._SS300_.jpg 300w, https:\/\/m.media-amazon.com\/images\/I\/413r4K3KLNL._SS768_.jpg 768w, https:\/\/m.media-amazon.com\/images\/I\/413r4K3KLNL._SS1024_.jpg 1024w, https:\/\/m.media-amazon.com\/images\/I\/413r4K3KLNL._SS1536_.jpg 1536w, https:\/\/m.media-amazon.com\/images\/I\/413r4K3KLNL._SS2048_.jpg 2048w, https:\/\/m.media-amazon.com\/images\/I\/413r4K3KLNL._SS1200_.jpg 1200w, https:\/\/m.media-amazon.com\/images\/I\/413r4K3KLNL._SS600_.jpg 600w, https:\/\/m.media-amazon.com\/images\/I\/413r4K3KLNL.jpg 500w\" sizes=\"(max-width: 150px) 100vw, 150px\" \/><\/a>\n\t\t\t<\/dt><\/dl><br style=\"clear: both\" \/>\n\t\t<\/div>\n<br \/>\n<!-- show up to 2 reviews by default --> <\/p>\n<h3>Helly Hansen Crew Midlayer Jacket<\/h3>\n<p>Unverzichtbar in jeder Lebenslage: Die Helly Hansen Midlayer Jacke im 2-Lagen-Design bietet Schutz vor Wind und<br \/>Wetter &#8211; ob beim Wandern, Segeln, Radfahren oder einfach auf dem Weg zur Arbeit. Die Jacke im maritimen Stil mit<br \/>durchg\u00e4ngigem Fleece-Futter und der Helly Tech Protection ist vollst\u00e4ndig isoliert und dadurch dauerhaft wasserab-<br \/>weisend. Praktische Taschen bieten zus\u00e4tzlichen Platz, um pers\u00f6nliche Gegenst\u00e4nde immer bei sich tragen zu k\u00f6nnen.<\/p>\n<h3><strong>Produktdetails<\/strong><\/h3>\n<ul>\n<li>Polartec-Fleece-Futter, 100 g<\/li>\n<li>Helly Tech Protection<\/li>\n<li>Atmungsaktiv, wasser- &amp; winddicht<\/li>\n<li>Mit isolierendem Kragen und Rei\u00dfverschluss im Innenfutter<\/li>\n<li>Integriertes Regatta-ID-Kragenfach<\/li>\n<li>Artikelnummer: 30253<\/li>\n<\/ul>\n<h3><strong>\u00dcber Helly Hansen<\/strong><\/h3>\n<p>Die Geschichte des Unternehmens begann 1877, als der Seekapit\u00e4n Hansen eine L\u00f6sung suchte, um sich vor den rauen,<br \/>norwegischen Wetterbedingungen auf See zu sch\u00fctzen. Er legte den Grundstein f\u00fcr den Erfolg der Marke. Helly Hansen<br \/>Kleidung vermittelt das Gef\u00fchl von Lebendigkeit und Lebensfreude. Heute wird die Bekleidung von Ski-Profis auf Ber-<br \/>gen, von Weltklasse-Seglern auf Ozeanen und von eifrigen Arbeitern auf der Baustelle getragen und gesch\u00e4tzt.<\/p>\n<\/p>\n<p>HELLY TECH Protection<br \/>\nWasserdicht, winddicht und atmungsaktiv<br \/>\n2-Lagen-Design<br \/>\nVollst\u00e4ndig verschwei\u00dfte N\u00e4hte<br \/>\nDurable Water Repellency-Behandlung (DWR)<br \/>\n<div class=\"main-cross-sell\" data-asin=\"B004H4Y53I\">\n\n\t<div class=\"WooZone-cross-sell-loader\">\n\t\t<div>\n\t\t\t<div id=\"floatingBarsG\">\n\t\t\t\t<div class=\"blockG\" id=\"rotateG_01\"><\/div>\n\t\t\t\t<div class=\"blockG\" id=\"rotateG_02\"><\/div>\n\t\t\t\t<div class=\"blockG\" id=\"rotateG_03\"><\/div>\n\t\t\t\t<div class=\"blockG\" id=\"rotateG_04\"><\/div>\n\t\t\t\t<div class=\"blockG\" id=\"rotateG_05\"><\/div>\n\t\t\t\t<div class=\"blockG\" id=\"rotateG_06\"><\/div>\n\t\t\t\t<div class=\"blockG\" id=\"rotateG_07\"><\/div>\n\t\t\t\t<div class=\"blockG\" id=\"rotateG_08\"><\/div>\n\t\t\t<\/div>\n\t\t\t<div class=\"WooZone-cross-sell-loader-text\"><\/div>\n\t\t<\/div>\n\t<\/div>\n\n\t\t\n<\/div>\n<div style=\"clear:both;\"><\/div><\/p>\n","protected":false},"excerpt":{"rendered":"<p>HELLY TECH Protection<br \/>\nWasserdicht, winddicht und atmungsaktiv<br \/>\n2-Lagen-Design<\/p>\n","protected":false},"featured_media":17083,"comment_status":"open","ping_status":"closed","template":"","meta":[],"product_cat":[37],"product_tag":[],"_links":{"self":[{"href":"https:\/\/camping.webspace.rocks\/index.php?rest_route=\/wp\/v2\/product\/17082"}],"collection":[{"href":"https:\/\/camping.webspace.rocks\/index.php?rest_route=\/wp\/v2\/product"}],"about":[{"href":"https:\/\/camping.webspace.rocks\/index.php?rest_route=\/wp\/v2\/types\/product"}],"replies":[{"embeddable":true,"href":"https:\/\/camping.webspace.rocks\/index.php?rest_route=%2Fwp%2Fv2%2Fcomments&post=17082"}],"version-history":[{"count":2,"href":"https:\/\/camping.webspace.rocks\/index.php?rest_route=\/wp\/v2\/product\/17082\/revisions"}],"predecessor-version":[{"id":19271,"href":"https:\/\/camping.webspace.rocks\/index.php?rest_route=\/wp\/v2\/product\/17082\/revisions\/19271"}],"wp:featuredmedia":[{"embeddable":true,"href":"https:\/\/camping.webspace.rocks\/index.php?rest_route=\/wp\/v2\/media\/17083"}],"wp:attachment":[{"href":"https:\/\/camping.webspace.rocks\/index.php?rest_route=%2Fwp%2Fv2%2Fmedia&parent=17082"}],"wp:term":[{"taxonomy":"product_cat","embeddable":true,"href":"https:\/\/camping.webspace.rocks\/index.php?rest_route=%2Fwp%2Fv2%2Fproduct_cat&post=17082"},{"taxonomy":"product_tag","embeddable":true,"href":"https:\/\/camping.webspace.rocks\/index.php?rest_route=%2Fwp%2Fv2%2Fproduct_tag&post=17082"}],"curies":[{"name":"wp","href":"https:\/\/api.w.org\/{rel}","templated":true}]}}