{"id":17104,"date":"2021-07-29T21:42:56","date_gmt":"2021-07-29T21:42:56","guid":{"rendered":"https:\/\/camping.webspace.rocks\/?product=cmp-jungen-hose-zip-off-dry-function-trousers"},"modified":"2023-04-10T12:36:52","modified_gmt":"2023-04-10T12:36:52","slug":"cmp-jungen-hose-zip-off-dry-function-trousers","status":"publish","type":"product","link":"https:\/\/camping.webspace.rocks\/?product=cmp-jungen-hose-zip-off-dry-function-trousers","title":{"rendered":"CMP Jungen Pants Kid Zip Off Pant"},"content":{"rendered":"<p>\n\t\t<style type=\"text\/css\">\n\t\t\t#gallery-1 {\n\t\t\t\tmargin: auto;\n\t\t\t}\n\t\t\t#gallery-1 .gallery-item {\n\t\t\t\tfloat: left;\n\t\t\t\tmargin-top: 10px;\n\t\t\t\ttext-align: center;\n\t\t\t\twidth: 33%;\n\t\t\t}\n\t\t\t#gallery-1 img {\n\t\t\t\tborder: 2px solid #cfcfcf;\n\t\t\t}\n\t\t\t#gallery-1 .gallery-caption {\n\t\t\t\tmargin-left: 0;\n\t\t\t}\n\t\t\t\/* see gallery_shortcode() in wp-includes\/media.php *\/\n\t\t<\/style>\n\t\t<div id='gallery-1' class='gallery galleryid-17104 gallery-columns-3 gallery-size-thumbnail'><dl class='gallery-item'>\n\t\t\t<dt class='gallery-icon landscape'>\n\t\t\t\t<a href='https:\/\/camping.webspace.rocks\/?attachment_id=17105'><img width=\"150\" height=\"150\" src=\"https:\/\/m.media-amazon.com\/images\/I\/312WUO30fAL._SS150_.jpg\" class=\"attachment-thumbnail size-thumbnail\" alt=\"\" loading=\"lazy\" srcset=\"https:\/\/m.media-amazon.com\/images\/I\/312WUO30fAL._SS150_.jpg 150w, https:\/\/m.media-amazon.com\/images\/I\/312WUO30fAL._SS300_.jpg 300w, https:\/\/m.media-amazon.com\/images\/I\/312WUO30fAL._SS768_.jpg 768w, https:\/\/m.media-amazon.com\/images\/I\/312WUO30fAL._SS1024_.jpg 1024w, https:\/\/m.media-amazon.com\/images\/I\/312WUO30fAL._SS1536_.jpg 1536w, https:\/\/m.media-amazon.com\/images\/I\/312WUO30fAL._SS2048_.jpg 2048w, https:\/\/m.media-amazon.com\/images\/I\/312WUO30fAL._SS1200_.jpg 1200w, https:\/\/m.media-amazon.com\/images\/I\/312WUO30fAL._SS600_.jpg 600w, https:\/\/m.media-amazon.com\/images\/I\/312WUO30fAL.jpg 500w\" sizes=\"(max-width: 150px) 100vw, 150px\" \/><\/a>\n\t\t\t<\/dt><\/dl><dl class='gallery-item'>\n\t\t\t<dt class='gallery-icon landscape'>\n\t\t\t\t<a href='https:\/\/camping.webspace.rocks\/?attachment_id=17106'><img width=\"150\" height=\"150\" src=\"https:\/\/m.media-amazon.com\/images\/I\/3139+32CVDL._SS150_.jpg\" class=\"attachment-thumbnail size-thumbnail\" alt=\"\" loading=\"lazy\" srcset=\"https:\/\/m.media-amazon.com\/images\/I\/3139+32CVDL._SS150_.jpg 150w, https:\/\/m.media-amazon.com\/images\/I\/3139+32CVDL._SS300_.jpg 300w, https:\/\/m.media-amazon.com\/images\/I\/3139+32CVDL._SS768_.jpg 768w, https:\/\/m.media-amazon.com\/images\/I\/3139+32CVDL._SS1024_.jpg 1024w, https:\/\/m.media-amazon.com\/images\/I\/3139+32CVDL._SS1536_.jpg 1536w, https:\/\/m.media-amazon.com\/images\/I\/3139+32CVDL._SS2048_.jpg 2048w, https:\/\/m.media-amazon.com\/images\/I\/3139+32CVDL._SS1200_.jpg 1200w, https:\/\/m.media-amazon.com\/images\/I\/3139+32CVDL._SS600_.jpg 600w, https:\/\/m.media-amazon.com\/images\/I\/3139+32CVDL.jpg 500w\" sizes=\"(max-width: 150px) 100vw, 150px\" \/><\/a>\n\t\t\t<\/dt><\/dl><dl class='gallery-item'>\n\t\t\t<dt class='gallery-icon landscape'>\n\t\t\t\t<a href='https:\/\/camping.webspace.rocks\/?attachment_id=17107'><img width=\"150\" height=\"150\" src=\"https:\/\/m.media-amazon.com\/images\/I\/31MTTwjgOPL._SS150_.jpg\" class=\"attachment-thumbnail size-thumbnail\" alt=\"\" loading=\"lazy\" srcset=\"https:\/\/m.media-amazon.com\/images\/I\/31MTTwjgOPL._SS150_.jpg 150w, https:\/\/m.media-amazon.com\/images\/I\/31MTTwjgOPL._SS300_.jpg 300w, https:\/\/m.media-amazon.com\/images\/I\/31MTTwjgOPL._SS768_.jpg 768w, https:\/\/m.media-amazon.com\/images\/I\/31MTTwjgOPL._SS1024_.jpg 1024w, https:\/\/m.media-amazon.com\/images\/I\/31MTTwjgOPL._SS1536_.jpg 1536w, https:\/\/m.media-amazon.com\/images\/I\/31MTTwjgOPL._SS2048_.jpg 2048w, https:\/\/m.media-amazon.com\/images\/I\/31MTTwjgOPL._SS1200_.jpg 1200w, https:\/\/m.media-amazon.com\/images\/I\/31MTTwjgOPL._SS600_.jpg 600w, https:\/\/m.media-amazon.com\/images\/I\/31MTTwjgOPL.jpg 500w\" sizes=\"(max-width: 150px) 100vw, 150px\" \/><\/a>\n\t\t\t<\/dt><\/dl><br style=\"clear: both\" \/>\n\t\t<\/div>\n<br \/>\n<!-- show up to 2 reviews by default --> <\/p>\n<p>Die ultraleichte CMP Jungen Wanderhose Long Pant Zip Off l\u00e4sst sich dank der Zip Off-Funktion mithilfe eines Rei\u00dfverschlusses ganz einfach in eine kurze Hose verwandeln. Die Hose ist somit ideal, um f\u00fcr jede Wetterlage auf sommerlichen Ausfl\u00fcgen gewappnet zu sein. Diese elastische Hose besteht aus einem schnelltrocknenden schmutzabweisenden Stoff. Au\u00dferdem bietet sie Schutz vor UV-Strahlen. Zudem verf\u00fcgt die Hose \u00fcber 2 Seitentaschen und einen elastischen regulierbaren Hosenbund sowie einen G\u00fcrtel. <\/p>\n<p>Stretchgewebe (4-way stretch), das eine ausgezeichnete Bewegungsfreiheit erm\u00f6glicht.<br \/>\nDry Function-Technologie (schnelles Trocknen) f\u00fcr sofortige Verdunstung von Schwei\u00df<br \/>\nVerschluss: G\u00fcrtel, Rei\u00dfverschluss<br \/>\n89% Polyester, 11% Elasthan<br \/>\nZip Off Wanderhose<br \/>\nModellnummer: 3T51644<br \/>\nSonnenschutz UPF 30<br \/>\nZip Off: Rei\u00dfverschluss unterhalb des Knies, so dass Sie sie als 3\/4-Hose verwenden k\u00f6nnen.<br \/>\nMit Rei\u00dfverschluss-Seitentaschen und einem G\u00fcrtel<br \/>\n<div class=\"main-cross-sell\" data-asin=\"B07K1XFTKT\">\n\n\t<div class=\"WooZone-cross-sell-loader\">\n\t\t<div>\n\t\t\t<div id=\"floatingBarsG\">\n\t\t\t\t<div class=\"blockG\" id=\"rotateG_01\"><\/div>\n\t\t\t\t<div class=\"blockG\" id=\"rotateG_02\"><\/div>\n\t\t\t\t<div class=\"blockG\" id=\"rotateG_03\"><\/div>\n\t\t\t\t<div class=\"blockG\" id=\"rotateG_04\"><\/div>\n\t\t\t\t<div class=\"blockG\" id=\"rotateG_05\"><\/div>\n\t\t\t\t<div class=\"blockG\" id=\"rotateG_06\"><\/div>\n\t\t\t\t<div class=\"blockG\" id=\"rotateG_07\"><\/div>\n\t\t\t\t<div class=\"blockG\" id=\"rotateG_08\"><\/div>\n\t\t\t<\/div>\n\t\t\t<div class=\"WooZone-cross-sell-loader-text\"><\/div>\n\t\t<\/div>\n\t<\/div>\n\n\t\t\n<\/div>\n<div style=\"clear:both;\"><\/div><\/p>\n","protected":false},"excerpt":{"rendered":"<p>Stretchgewebe (4-way stretch), das eine ausgezeichnete Bewegungsfreiheit erm\u00f6glicht.<br \/>\nDry Function-Technologie (schnelles Trocknen) f\u00fcr sofortige Verdunstung von Schwei\u00df<br \/>\nVerschluss: G\u00fcrtel, Rei\u00dfverschluss<\/p>\n","protected":false},"featured_media":17105,"comment_status":"open","ping_status":"closed","template":"","meta":[],"product_cat":[37],"product_tag":[],"_links":{"self":[{"href":"https:\/\/camping.webspace.rocks\/index.php?rest_route=\/wp\/v2\/product\/17104"}],"collection":[{"href":"https:\/\/camping.webspace.rocks\/index.php?rest_route=\/wp\/v2\/product"}],"about":[{"href":"https:\/\/camping.webspace.rocks\/index.php?rest_route=\/wp\/v2\/types\/product"}],"replies":[{"embeddable":true,"href":"https:\/\/camping.webspace.rocks\/index.php?rest_route=%2Fwp%2Fv2%2Fcomments&post=17104"}],"version-history":[{"count":2,"href":"https:\/\/camping.webspace.rocks\/index.php?rest_route=\/wp\/v2\/product\/17104\/revisions"}],"predecessor-version":[{"id":19348,"href":"https:\/\/camping.webspace.rocks\/index.php?rest_route=\/wp\/v2\/product\/17104\/revisions\/19348"}],"wp:featuredmedia":[{"embeddable":true,"href":"https:\/\/camping.webspace.rocks\/index.php?rest_route=\/wp\/v2\/media\/17105"}],"wp:attachment":[{"href":"https:\/\/camping.webspace.rocks\/index.php?rest_route=%2Fwp%2Fv2%2Fmedia&parent=17104"}],"wp:term":[{"taxonomy":"product_cat","embeddable":true,"href":"https:\/\/camping.webspace.rocks\/index.php?rest_route=%2Fwp%2Fv2%2Fproduct_cat&post=17104"},{"taxonomy":"product_tag","embeddable":true,"href":"https:\/\/camping.webspace.rocks\/index.php?rest_route=%2Fwp%2Fv2%2Fproduct_tag&post=17104"}],"curies":[{"name":"wp","href":"https:\/\/api.w.org\/{rel}","templated":true}]}}