{"id":17119,"date":"2021-07-29T21:43:03","date_gmt":"2021-07-29T21:43:03","guid":{"rendered":"https:\/\/camping.webspace.rocks\/?product=vaude-herren-mens-escape-light-jacket-jacke"},"modified":"2023-04-10T12:36:53","modified_gmt":"2023-04-10T12:36:53","slug":"vaude-herren-mens-escape-light-jacket-jacke","status":"publish","type":"product","link":"https:\/\/camping.webspace.rocks\/?product=vaude-herren-mens-escape-light-jacket-jacke","title":{"rendered":"VAUDE Regenjacke Herren Escape Light, wasserabweisende Outdoor-Jacke, atmungsaktiver Windbreaker mit Kapuze\u2026"},"content":{"rendered":"<p>\n\t\t<style type=\"text\/css\">\n\t\t\t#gallery-1 {\n\t\t\t\tmargin: auto;\n\t\t\t}\n\t\t\t#gallery-1 .gallery-item {\n\t\t\t\tfloat: left;\n\t\t\t\tmargin-top: 10px;\n\t\t\t\ttext-align: center;\n\t\t\t\twidth: 33%;\n\t\t\t}\n\t\t\t#gallery-1 img {\n\t\t\t\tborder: 2px solid #cfcfcf;\n\t\t\t}\n\t\t\t#gallery-1 .gallery-caption {\n\t\t\t\tmargin-left: 0;\n\t\t\t}\n\t\t\t\/* see gallery_shortcode() in wp-includes\/media.php *\/\n\t\t<\/style>\n\t\t<div id='gallery-1' class='gallery galleryid-17119 gallery-columns-3 gallery-size-thumbnail'><dl class='gallery-item'>\n\t\t\t<dt class='gallery-icon landscape'>\n\t\t\t\t<a href='https:\/\/camping.webspace.rocks\/?attachment_id=17120'><img width=\"150\" height=\"150\" src=\"https:\/\/m.media-amazon.com\/images\/I\/316GNG43tVL._SS150_.jpg\" class=\"attachment-thumbnail size-thumbnail\" alt=\"\" loading=\"lazy\" srcset=\"https:\/\/m.media-amazon.com\/images\/I\/316GNG43tVL._SS150_.jpg 150w, https:\/\/m.media-amazon.com\/images\/I\/316GNG43tVL._SS300_.jpg 300w, https:\/\/m.media-amazon.com\/images\/I\/316GNG43tVL._SS768_.jpg 768w, https:\/\/m.media-amazon.com\/images\/I\/316GNG43tVL._SS1024_.jpg 1024w, https:\/\/m.media-amazon.com\/images\/I\/316GNG43tVL._SS1536_.jpg 1536w, https:\/\/m.media-amazon.com\/images\/I\/316GNG43tVL._SS2048_.jpg 2048w, https:\/\/m.media-amazon.com\/images\/I\/316GNG43tVL._SS1200_.jpg 1200w, https:\/\/m.media-amazon.com\/images\/I\/316GNG43tVL._SS600_.jpg 600w, https:\/\/m.media-amazon.com\/images\/I\/316GNG43tVL.jpg 500w\" sizes=\"(max-width: 150px) 100vw, 150px\" \/><\/a>\n\t\t\t<\/dt><\/dl><dl class='gallery-item'>\n\t\t\t<dt class='gallery-icon landscape'>\n\t\t\t\t<a href='https:\/\/camping.webspace.rocks\/?attachment_id=17121'><img width=\"150\" height=\"150\" src=\"https:\/\/m.media-amazon.com\/images\/I\/31PdR95aKIL._SS150_.jpg\" class=\"attachment-thumbnail size-thumbnail\" alt=\"\" loading=\"lazy\" srcset=\"https:\/\/m.media-amazon.com\/images\/I\/31PdR95aKIL._SS150_.jpg 150w, https:\/\/m.media-amazon.com\/images\/I\/31PdR95aKIL._SS300_.jpg 300w, https:\/\/m.media-amazon.com\/images\/I\/31PdR95aKIL._SS768_.jpg 768w, https:\/\/m.media-amazon.com\/images\/I\/31PdR95aKIL._SS1024_.jpg 1024w, https:\/\/m.media-amazon.com\/images\/I\/31PdR95aKIL._SS1536_.jpg 1536w, https:\/\/m.media-amazon.com\/images\/I\/31PdR95aKIL._SS2048_.jpg 2048w, https:\/\/m.media-amazon.com\/images\/I\/31PdR95aKIL._SS1200_.jpg 1200w, https:\/\/m.media-amazon.com\/images\/I\/31PdR95aKIL._SS600_.jpg 600w, https:\/\/m.media-amazon.com\/images\/I\/31PdR95aKIL.jpg 500w\" sizes=\"(max-width: 150px) 100vw, 150px\" \/><\/a>\n\t\t\t<\/dt><\/dl><dl class='gallery-item'>\n\t\t\t<dt class='gallery-icon landscape'>\n\t\t\t\t<a href='https:\/\/camping.webspace.rocks\/?attachment_id=17122'><img width=\"150\" height=\"150\" src=\"https:\/\/m.media-amazon.com\/images\/I\/31BePsG44NL._SS150_.jpg\" class=\"attachment-thumbnail size-thumbnail\" alt=\"\" loading=\"lazy\" srcset=\"https:\/\/m.media-amazon.com\/images\/I\/31BePsG44NL._SS150_.jpg 150w, https:\/\/m.media-amazon.com\/images\/I\/31BePsG44NL._SS300_.jpg 300w, https:\/\/m.media-amazon.com\/images\/I\/31BePsG44NL._SS768_.jpg 768w, https:\/\/m.media-amazon.com\/images\/I\/31BePsG44NL._SS1024_.jpg 1024w, https:\/\/m.media-amazon.com\/images\/I\/31BePsG44NL._SS1536_.jpg 1536w, https:\/\/m.media-amazon.com\/images\/I\/31BePsG44NL._SS2048_.jpg 2048w, https:\/\/m.media-amazon.com\/images\/I\/31BePsG44NL._SS1200_.jpg 1200w, https:\/\/m.media-amazon.com\/images\/I\/31BePsG44NL._SS600_.jpg 600w, https:\/\/m.media-amazon.com\/images\/I\/31BePsG44NL.jpg 500w\" sizes=\"(max-width: 150px) 100vw, 150px\" \/><\/a>\n\t\t\t<\/dt><\/dl><br style=\"clear: both\" \/>\n\t\t<\/div>\n<br \/>\n<!-- show up to 2 reviews by default --> <\/p>\n<p>Angelehnt an das Erfolgsmodell der Escape Jacke wurde diese leichte Allroundjacke entwickelt. Die wasserdichten und atmungsaktiven Materialien sind angenehm weich, die Farben frisch und zeitgem\u00e4\u00df. Die Kapuze kann im Kragen verstaut werden. <\/p>\n<p>Men&#8217;s Escape Light Jacket<br \/>\nLEICHTGEWICHT: Diese Regenjacke ist leicht, bietet aber dank des 2-Lagen-Designs, der aufgesetzten Kapuze und des Frontrei\u00dfverschlusses mit doppelter Klappe einen hervorragenden Schutz vor den Elementen<br \/>\nVerschluss: Rei\u00dfverschluss<br \/>\n100% Polyester; 100% Polyurethan; 100% Polyamid<br \/>\nMen&#8217;s Escape Light Jacket<br \/>\nModellnummer: 4341<br \/>\nALLES-WETTER: Mit einer 2-Lagen-Materialkonstruktion ist diese Jacke sowohl wind- als auch wasserdicht, um Sie bei N\u00e4sse warm und trocken zu halten, aber dennoch atmungsaktiv genug, um auch in den w\u00e4rmeren Monaten getragen zu werden<br \/>\nWASSERDICHT: Eine wasserabweisende Polyurethan-Au\u00dfenmembran, ein Frontrei\u00dfverschluss mit doppelter Klappe und eine verstellbare Kapuze bedeutet, dass Sie die Natur genie\u00dfen und erkunden k\u00f6nnen, w\u00e4hrend Sie trocken bleiben<br \/>\nVIELSEITIG: Die leichte, wasserdichte Jacke kann zum Wandern, Spazierengehen oder als wasserdichte Fahrradjacke verwendet werden. Ein wirklich vielseitiges St\u00fcck Outdoor-Bekleidung<br \/>\nINFORMATION ZUR GR\u00d6\u00dfE: Die Gr\u00f6\u00dfe M der Regenjacke mit Kapuze hat eine L\u00e4nge von 77,0 cm und verf\u00fcgt \u00fcber vorgeformte \u00c4rmel mit verstellbaren Klettverschl\u00fcssen f\u00fcr einen bequemeren Sitz<br \/>\n<div class=\"main-cross-sell\" data-asin=\"B006A3CR34\">\n\n\t<div class=\"WooZone-cross-sell-loader\">\n\t\t<div>\n\t\t\t<div id=\"floatingBarsG\">\n\t\t\t\t<div class=\"blockG\" id=\"rotateG_01\"><\/div>\n\t\t\t\t<div class=\"blockG\" id=\"rotateG_02\"><\/div>\n\t\t\t\t<div class=\"blockG\" id=\"rotateG_03\"><\/div>\n\t\t\t\t<div class=\"blockG\" id=\"rotateG_04\"><\/div>\n\t\t\t\t<div class=\"blockG\" id=\"rotateG_05\"><\/div>\n\t\t\t\t<div class=\"blockG\" id=\"rotateG_06\"><\/div>\n\t\t\t\t<div class=\"blockG\" id=\"rotateG_07\"><\/div>\n\t\t\t\t<div class=\"blockG\" id=\"rotateG_08\"><\/div>\n\t\t\t<\/div>\n\t\t\t<div class=\"WooZone-cross-sell-loader-text\"><\/div>\n\t\t<\/div>\n\t<\/div>\n\n\t\t\n<\/div>\n<div style=\"clear:both;\"><\/div><\/p>\n","protected":false},"excerpt":{"rendered":"<p>Men&#8217;s Escape Light Jacket<br \/>\nLEICHTGEWICHT: Diese Regenjacke ist leicht, bietet aber dank des 2-Lagen-Designs, der aufgesetzten Kapuze und des Frontrei\u00dfverschlusses mit doppelter Klappe einen hervorragenden Schutz vor den Elementen<br \/>\nVerschluss: Rei\u00dfverschluss<\/p>\n","protected":false},"featured_media":17120,"comment_status":"open","ping_status":"closed","template":"","meta":[],"product_cat":[37],"product_tag":[],"_links":{"self":[{"href":"https:\/\/camping.webspace.rocks\/index.php?rest_route=\/wp\/v2\/product\/17119"}],"collection":[{"href":"https:\/\/camping.webspace.rocks\/index.php?rest_route=\/wp\/v2\/product"}],"about":[{"href":"https:\/\/camping.webspace.rocks\/index.php?rest_route=\/wp\/v2\/types\/product"}],"replies":[{"embeddable":true,"href":"https:\/\/camping.webspace.rocks\/index.php?rest_route=%2Fwp%2Fv2%2Fcomments&post=17119"}],"version-history":[{"count":10,"href":"https:\/\/camping.webspace.rocks\/index.php?rest_route=\/wp\/v2\/product\/17119\/revisions"}],"predecessor-version":[{"id":19788,"href":"https:\/\/camping.webspace.rocks\/index.php?rest_route=\/wp\/v2\/product\/17119\/revisions\/19788"}],"wp:featuredmedia":[{"embeddable":true,"href":"https:\/\/camping.webspace.rocks\/index.php?rest_route=\/wp\/v2\/media\/17120"}],"wp:attachment":[{"href":"https:\/\/camping.webspace.rocks\/index.php?rest_route=%2Fwp%2Fv2%2Fmedia&parent=17119"}],"wp:term":[{"taxonomy":"product_cat","embeddable":true,"href":"https:\/\/camping.webspace.rocks\/index.php?rest_route=%2Fwp%2Fv2%2Fproduct_cat&post=17119"},{"taxonomy":"product_tag","embeddable":true,"href":"https:\/\/camping.webspace.rocks\/index.php?rest_route=%2Fwp%2Fv2%2Fproduct_tag&post=17119"}],"curies":[{"name":"wp","href":"https:\/\/api.w.org\/{rel}","templated":true}]}}