{"id":17146,"date":"2021-07-29T21:45:20","date_gmt":"2021-07-29T21:45:20","guid":{"rendered":"https:\/\/camping.webspace.rocks\/?product=jako-damen-polyesterhose-classico-9250d"},"modified":"2023-04-10T12:36:53","modified_gmt":"2023-04-10T12:36:53","slug":"jako-damen-polyesterhose-classico-9250d","status":"publish","type":"product","link":"https:\/\/camping.webspace.rocks\/?product=jako-damen-polyesterhose-classico-9250d","title":{"rendered":"JAKO Damen Polyesterhose Classico 9250D"},"content":{"rendered":"<p>\n\t\t<style type=\"text\/css\">\n\t\t\t#gallery-1 {\n\t\t\t\tmargin: auto;\n\t\t\t}\n\t\t\t#gallery-1 .gallery-item {\n\t\t\t\tfloat: left;\n\t\t\t\tmargin-top: 10px;\n\t\t\t\ttext-align: center;\n\t\t\t\twidth: 33%;\n\t\t\t}\n\t\t\t#gallery-1 img {\n\t\t\t\tborder: 2px solid #cfcfcf;\n\t\t\t}\n\t\t\t#gallery-1 .gallery-caption {\n\t\t\t\tmargin-left: 0;\n\t\t\t}\n\t\t\t\/* see gallery_shortcode() in wp-includes\/media.php *\/\n\t\t<\/style>\n\t\t<div id='gallery-1' class='gallery galleryid-17146 gallery-columns-3 gallery-size-thumbnail'><dl class='gallery-item'>\n\t\t\t<dt class='gallery-icon landscape'>\n\t\t\t\t<a href='https:\/\/camping.webspace.rocks\/?attachment_id=17147'><img width=\"150\" height=\"150\" src=\"https:\/\/m.media-amazon.com\/images\/I\/31ROMulq+BS._SS150_.jpg\" class=\"attachment-thumbnail size-thumbnail\" alt=\"\" loading=\"lazy\" srcset=\"https:\/\/m.media-amazon.com\/images\/I\/31ROMulq+BS._SS150_.jpg 150w, https:\/\/m.media-amazon.com\/images\/I\/31ROMulq+BS._SS300_.jpg 300w, https:\/\/m.media-amazon.com\/images\/I\/31ROMulq+BS._SS768_.jpg 768w, https:\/\/m.media-amazon.com\/images\/I\/31ROMulq+BS._SS1024_.jpg 1024w, https:\/\/m.media-amazon.com\/images\/I\/31ROMulq+BS._SS1536_.jpg 1536w, https:\/\/m.media-amazon.com\/images\/I\/31ROMulq+BS._SS2048_.jpg 2048w, https:\/\/m.media-amazon.com\/images\/I\/31ROMulq+BS._SS1200_.jpg 1200w, https:\/\/m.media-amazon.com\/images\/I\/31ROMulq+BS._SS600_.jpg 600w, https:\/\/m.media-amazon.com\/images\/I\/31ROMulq+BS.jpg 500w\" sizes=\"(max-width: 150px) 100vw, 150px\" \/><\/a>\n\t\t\t<\/dt><\/dl><dl class='gallery-item'>\n\t\t\t<dt class='gallery-icon landscape'>\n\t\t\t\t<a href='https:\/\/camping.webspace.rocks\/?attachment_id=17148'><img width=\"150\" height=\"150\" src=\"https:\/\/m.media-amazon.com\/images\/I\/31EFBzfEsuS._SS150_.jpg\" class=\"attachment-thumbnail size-thumbnail\" alt=\"\" loading=\"lazy\" srcset=\"https:\/\/m.media-amazon.com\/images\/I\/31EFBzfEsuS._SS150_.jpg 150w, https:\/\/m.media-amazon.com\/images\/I\/31EFBzfEsuS._SS300_.jpg 300w, https:\/\/m.media-amazon.com\/images\/I\/31EFBzfEsuS._SS768_.jpg 768w, https:\/\/m.media-amazon.com\/images\/I\/31EFBzfEsuS._SS1024_.jpg 1024w, https:\/\/m.media-amazon.com\/images\/I\/31EFBzfEsuS._SS1536_.jpg 1536w, https:\/\/m.media-amazon.com\/images\/I\/31EFBzfEsuS._SS2048_.jpg 2048w, https:\/\/m.media-amazon.com\/images\/I\/31EFBzfEsuS._SS1200_.jpg 1200w, https:\/\/m.media-amazon.com\/images\/I\/31EFBzfEsuS._SS600_.jpg 600w, https:\/\/m.media-amazon.com\/images\/I\/31EFBzfEsuS.jpg 500w\" sizes=\"(max-width: 150px) 100vw, 150px\" \/><\/a>\n\t\t\t<\/dt><\/dl><dl class='gallery-item'>\n\t\t\t<dt class='gallery-icon landscape'>\n\t\t\t\t<a href='https:\/\/camping.webspace.rocks\/?attachment_id=17149'><img width=\"150\" height=\"150\" src=\"https:\/\/m.media-amazon.com\/images\/I\/31xHkWZueNS._SS150_.jpg\" class=\"attachment-thumbnail size-thumbnail\" alt=\"\" loading=\"lazy\" srcset=\"https:\/\/m.media-amazon.com\/images\/I\/31xHkWZueNS._SS150_.jpg 150w, https:\/\/m.media-amazon.com\/images\/I\/31xHkWZueNS._SS300_.jpg 300w, https:\/\/m.media-amazon.com\/images\/I\/31xHkWZueNS._SS768_.jpg 768w, https:\/\/m.media-amazon.com\/images\/I\/31xHkWZueNS._SS1024_.jpg 1024w, https:\/\/m.media-amazon.com\/images\/I\/31xHkWZueNS._SS1536_.jpg 1536w, https:\/\/m.media-amazon.com\/images\/I\/31xHkWZueNS._SS2048_.jpg 2048w, https:\/\/m.media-amazon.com\/images\/I\/31xHkWZueNS._SS1200_.jpg 1200w, https:\/\/m.media-amazon.com\/images\/I\/31xHkWZueNS._SS600_.jpg 600w, https:\/\/m.media-amazon.com\/images\/I\/31xHkWZueNS.jpg 500w\" sizes=\"(max-width: 150px) 100vw, 150px\" \/><\/a>\n\t\t\t<\/dt><\/dl><br style=\"clear: both\" \/>\n\t\t<\/div>\n<br \/>\n<!-- show up to 2 reviews by default --> <\/p>\n<p>Eine klassische Fu\u00dfballhose, im Design auf das Wesentliche fokussiert und mit allen Funktionen ausgestattet, die Du auf dem Platz ben\u00f6tigst. Das Textilmaterial aus Polyester ist leicht und trocknet schnell. Der Beinabschluss ist mit einem Rei\u00dfverschluss und Rippeinsatz ausgestattet: Dadurch l\u00e4sst sich die Hose einfach anziehen undliegt angenehm am Bein. Der elastische Bund mit Kordelzug l\u00e4sst sich individuell einstellen und verleiht so einen optimalen Sitz an der H\u00fcfte. Bei Bedarf lassen sich in den Seitentaschen Alltagsgegenst\u00e4nde verstauen. Auch geeignet als Teil eines Jogginganzug. <\/p>\n<p>Seitentaschen<br \/>\nBeinabschluss mit Rei\u00dfverschluss und Ripp<br \/>\nElastischer Bund mit Kordelzug<br \/>\nDamenschnitt<br \/>\nSporttyp: Athletic Sports Apparel<br \/>\n<div class=\"main-cross-sell\" data-asin=\"B07HRDTCJJ\">\n\n\t<div class=\"WooZone-cross-sell-loader\">\n\t\t<div>\n\t\t\t<div id=\"floatingBarsG\">\n\t\t\t\t<div class=\"blockG\" id=\"rotateG_01\"><\/div>\n\t\t\t\t<div class=\"blockG\" id=\"rotateG_02\"><\/div>\n\t\t\t\t<div class=\"blockG\" id=\"rotateG_03\"><\/div>\n\t\t\t\t<div class=\"blockG\" id=\"rotateG_04\"><\/div>\n\t\t\t\t<div class=\"blockG\" id=\"rotateG_05\"><\/div>\n\t\t\t\t<div class=\"blockG\" id=\"rotateG_06\"><\/div>\n\t\t\t\t<div class=\"blockG\" id=\"rotateG_07\"><\/div>\n\t\t\t\t<div class=\"blockG\" id=\"rotateG_08\"><\/div>\n\t\t\t<\/div>\n\t\t\t<div class=\"WooZone-cross-sell-loader-text\"><\/div>\n\t\t<\/div>\n\t<\/div>\n\n\t\t\n<\/div>\n<div style=\"clear:both;\"><\/div><\/p>\n","protected":false},"excerpt":{"rendered":"<p>Seitentaschen<br \/>\nBeinabschluss mit Rei\u00dfverschluss und Ripp<br \/>\nElastischer Bund mit Kordelzug<\/p>\n","protected":false},"featured_media":17147,"comment_status":"open","ping_status":"closed","template":"","meta":[],"product_cat":[37],"product_tag":[],"_links":{"self":[{"href":"https:\/\/camping.webspace.rocks\/index.php?rest_route=\/wp\/v2\/product\/17146"}],"collection":[{"href":"https:\/\/camping.webspace.rocks\/index.php?rest_route=\/wp\/v2\/product"}],"about":[{"href":"https:\/\/camping.webspace.rocks\/index.php?rest_route=\/wp\/v2\/types\/product"}],"replies":[{"embeddable":true,"href":"https:\/\/camping.webspace.rocks\/index.php?rest_route=%2Fwp%2Fv2%2Fcomments&post=17146"}],"version-history":[{"count":1,"href":"https:\/\/camping.webspace.rocks\/index.php?rest_route=\/wp\/v2\/product\/17146\/revisions"}],"predecessor-version":[{"id":18741,"href":"https:\/\/camping.webspace.rocks\/index.php?rest_route=\/wp\/v2\/product\/17146\/revisions\/18741"}],"wp:featuredmedia":[{"embeddable":true,"href":"https:\/\/camping.webspace.rocks\/index.php?rest_route=\/wp\/v2\/media\/17147"}],"wp:attachment":[{"href":"https:\/\/camping.webspace.rocks\/index.php?rest_route=%2Fwp%2Fv2%2Fmedia&parent=17146"}],"wp:term":[{"taxonomy":"product_cat","embeddable":true,"href":"https:\/\/camping.webspace.rocks\/index.php?rest_route=%2Fwp%2Fv2%2Fproduct_cat&post=17146"},{"taxonomy":"product_tag","embeddable":true,"href":"https:\/\/camping.webspace.rocks\/index.php?rest_route=%2Fwp%2Fv2%2Fproduct_tag&post=17146"}],"curies":[{"name":"wp","href":"https:\/\/api.w.org\/{rel}","templated":true}]}}