{"id":17154,"date":"2021-07-29T21:45:23","date_gmt":"2021-07-29T21:45:23","guid":{"rendered":"https:\/\/camping.webspace.rocks\/?product=adidas-herren-dfb-preshi-unterhemd"},"modified":"2023-04-10T12:36:53","modified_gmt":"2023-04-10T12:36:53","slug":"adidas-herren-dfb-preshi-unterhemd","status":"publish","type":"product","link":"https:\/\/camping.webspace.rocks\/?product=adidas-herren-dfb-preshi-unterhemd","title":{"rendered":"adidas Herren DFB Preshi T-Shirt"},"content":{"rendered":"<p>\n\t\t<style type=\"text\/css\">\n\t\t\t#gallery-1 {\n\t\t\t\tmargin: auto;\n\t\t\t}\n\t\t\t#gallery-1 .gallery-item {\n\t\t\t\tfloat: left;\n\t\t\t\tmargin-top: 10px;\n\t\t\t\ttext-align: center;\n\t\t\t\twidth: 33%;\n\t\t\t}\n\t\t\t#gallery-1 img {\n\t\t\t\tborder: 2px solid #cfcfcf;\n\t\t\t}\n\t\t\t#gallery-1 .gallery-caption {\n\t\t\t\tmargin-left: 0;\n\t\t\t}\n\t\t\t\/* see gallery_shortcode() in wp-includes\/media.php *\/\n\t\t<\/style>\n\t\t<div id='gallery-1' class='gallery galleryid-17154 gallery-columns-3 gallery-size-thumbnail'><dl class='gallery-item'>\n\t\t\t<dt class='gallery-icon landscape'>\n\t\t\t\t<a href='https:\/\/camping.webspace.rocks\/?attachment_id=17155'><img width=\"150\" height=\"150\" src=\"https:\/\/m.media-amazon.com\/images\/I\/51E4Ql6vW+S._SS150_.jpg\" class=\"attachment-thumbnail size-thumbnail\" alt=\"\" loading=\"lazy\" srcset=\"https:\/\/m.media-amazon.com\/images\/I\/51E4Ql6vW+S._SS150_.jpg 150w, https:\/\/m.media-amazon.com\/images\/I\/51E4Ql6vW+S._SS300_.jpg 300w, https:\/\/m.media-amazon.com\/images\/I\/51E4Ql6vW+S._SS768_.jpg 768w, https:\/\/m.media-amazon.com\/images\/I\/51E4Ql6vW+S._SS1024_.jpg 1024w, https:\/\/m.media-amazon.com\/images\/I\/51E4Ql6vW+S._SS1536_.jpg 1536w, https:\/\/m.media-amazon.com\/images\/I\/51E4Ql6vW+S._SS2048_.jpg 2048w, https:\/\/m.media-amazon.com\/images\/I\/51E4Ql6vW+S._SS1200_.jpg 1200w, https:\/\/m.media-amazon.com\/images\/I\/51E4Ql6vW+S._SS600_.jpg 600w, https:\/\/m.media-amazon.com\/images\/I\/51E4Ql6vW+S.jpg 500w\" sizes=\"(max-width: 150px) 100vw, 150px\" \/><\/a>\n\t\t\t<\/dt><\/dl><dl class='gallery-item'>\n\t\t\t<dt class='gallery-icon landscape'>\n\t\t\t\t<a href='https:\/\/camping.webspace.rocks\/?attachment_id=17156'><img width=\"150\" height=\"150\" src=\"https:\/\/m.media-amazon.com\/images\/I\/51QVFGo95vS._SS150_.jpg\" class=\"attachment-thumbnail size-thumbnail\" alt=\"\" loading=\"lazy\" srcset=\"https:\/\/m.media-amazon.com\/images\/I\/51QVFGo95vS._SS150_.jpg 150w, https:\/\/m.media-amazon.com\/images\/I\/51QVFGo95vS._SS300_.jpg 300w, https:\/\/m.media-amazon.com\/images\/I\/51QVFGo95vS._SS768_.jpg 768w, https:\/\/m.media-amazon.com\/images\/I\/51QVFGo95vS._SS1024_.jpg 1024w, https:\/\/m.media-amazon.com\/images\/I\/51QVFGo95vS._SS1536_.jpg 1536w, https:\/\/m.media-amazon.com\/images\/I\/51QVFGo95vS._SS2048_.jpg 2048w, https:\/\/m.media-amazon.com\/images\/I\/51QVFGo95vS._SS1200_.jpg 1200w, https:\/\/m.media-amazon.com\/images\/I\/51QVFGo95vS._SS600_.jpg 600w, https:\/\/m.media-amazon.com\/images\/I\/51QVFGo95vS.jpg 500w\" sizes=\"(max-width: 150px) 100vw, 150px\" \/><\/a>\n\t\t\t<\/dt><\/dl>\n\t\t\t<br style='clear: both' \/>\n\t\t<\/div>\n<br \/>\n<!-- show up to 2 reviews by default --> <\/p>\n<p>DFB PRESHI Herren-T-Shirt f\u00fcr Fitness und Training. Die Sportbekleidung der Marke adidas hat f\u00fcr jeden Sport die richtige Ausstattung und vereint Technologie und Komfort in jedem Kleidungsst\u00fcck, ohne dabei den Stil zu verlieren. <\/p>\n<p>Herren Fitness T-Shirt<br \/>\nSportbekleidung schwarz der Marke Adidas<br \/>\nKomposit<br \/>\nDFB PRESHI<br \/>\nModellnummer: FS2349<br \/>\nT-Shirt DFB PRESHI schwarz\/GRITRE<br \/>\nDie Sportprodukte der Marke adidas sind so konzipiert, dass Sie Ihren Lieblingssport genie\u00dfen k\u00f6nnen, ohne sich um nichts anderes k\u00fcmmern zu m\u00fcssen, als das Beste zu leisten<br \/>\nSportbekleidung aus hochwertigen Materialien f\u00fcr jede sportliche Aktivit\u00e4t<br \/>\n<div class=\"main-cross-sell\" data-asin=\"B07VL121WR\">\n\n\t<div class=\"WooZone-cross-sell-loader\">\n\t\t<div>\n\t\t\t<div id=\"floatingBarsG\">\n\t\t\t\t<div class=\"blockG\" id=\"rotateG_01\"><\/div>\n\t\t\t\t<div class=\"blockG\" id=\"rotateG_02\"><\/div>\n\t\t\t\t<div class=\"blockG\" id=\"rotateG_03\"><\/div>\n\t\t\t\t<div class=\"blockG\" id=\"rotateG_04\"><\/div>\n\t\t\t\t<div class=\"blockG\" id=\"rotateG_05\"><\/div>\n\t\t\t\t<div class=\"blockG\" id=\"rotateG_06\"><\/div>\n\t\t\t\t<div class=\"blockG\" id=\"rotateG_07\"><\/div>\n\t\t\t\t<div class=\"blockG\" id=\"rotateG_08\"><\/div>\n\t\t\t<\/div>\n\t\t\t<div class=\"WooZone-cross-sell-loader-text\"><\/div>\n\t\t<\/div>\n\t<\/div>\n\n\t\t\n<\/div>\n<div style=\"clear:both;\"><\/div><\/p>\n","protected":false},"excerpt":{"rendered":"<p>Herren Fitness T-Shirt<br \/>\nSportbekleidung schwarz der Marke Adidas<br \/>\nKomposit<\/p>\n","protected":false},"featured_media":17155,"comment_status":"open","ping_status":"closed","template":"","meta":[],"product_cat":[37],"product_tag":[],"_links":{"self":[{"href":"https:\/\/camping.webspace.rocks\/index.php?rest_route=\/wp\/v2\/product\/17154"}],"collection":[{"href":"https:\/\/camping.webspace.rocks\/index.php?rest_route=\/wp\/v2\/product"}],"about":[{"href":"https:\/\/camping.webspace.rocks\/index.php?rest_route=\/wp\/v2\/types\/product"}],"replies":[{"embeddable":true,"href":"https:\/\/camping.webspace.rocks\/index.php?rest_route=%2Fwp%2Fv2%2Fcomments&post=17154"}],"version-history":[{"count":2,"href":"https:\/\/camping.webspace.rocks\/index.php?rest_route=\/wp\/v2\/product\/17154\/revisions"}],"predecessor-version":[{"id":19280,"href":"https:\/\/camping.webspace.rocks\/index.php?rest_route=\/wp\/v2\/product\/17154\/revisions\/19280"}],"wp:featuredmedia":[{"embeddable":true,"href":"https:\/\/camping.webspace.rocks\/index.php?rest_route=\/wp\/v2\/media\/17155"}],"wp:attachment":[{"href":"https:\/\/camping.webspace.rocks\/index.php?rest_route=%2Fwp%2Fv2%2Fmedia&parent=17154"}],"wp:term":[{"taxonomy":"product_cat","embeddable":true,"href":"https:\/\/camping.webspace.rocks\/index.php?rest_route=%2Fwp%2Fv2%2Fproduct_cat&post=17154"},{"taxonomy":"product_tag","embeddable":true,"href":"https:\/\/camping.webspace.rocks\/index.php?rest_route=%2Fwp%2Fv2%2Fproduct_tag&post=17154"}],"curies":[{"name":"wp","href":"https:\/\/api.w.org\/{rel}","templated":true}]}}