{"id":17181,"date":"2021-07-29T21:45:34","date_gmt":"2021-07-29T21:45:34","guid":{"rendered":"https:\/\/camping.webspace.rocks\/?product=vaude-damen-hose-womens-farley-zo-pants-iv"},"modified":"2023-04-10T12:36:54","modified_gmt":"2023-04-10T12:36:54","slug":"vaude-damen-hose-womens-farley-zo-pants-iv","status":"publish","type":"product","link":"https:\/\/camping.webspace.rocks\/?product=vaude-damen-hose-womens-farley-zo-pants-iv","title":{"rendered":"VAUDE Damen Hose Women&#8217;s Farley Zo Pants Iv"},"content":{"rendered":"<p>\n\t\t<style type=\"text\/css\">\n\t\t\t#gallery-1 {\n\t\t\t\tmargin: auto;\n\t\t\t}\n\t\t\t#gallery-1 .gallery-item {\n\t\t\t\tfloat: left;\n\t\t\t\tmargin-top: 10px;\n\t\t\t\ttext-align: center;\n\t\t\t\twidth: 33%;\n\t\t\t}\n\t\t\t#gallery-1 img {\n\t\t\t\tborder: 2px solid #cfcfcf;\n\t\t\t}\n\t\t\t#gallery-1 .gallery-caption {\n\t\t\t\tmargin-left: 0;\n\t\t\t}\n\t\t\t\/* see gallery_shortcode() in wp-includes\/media.php *\/\n\t\t<\/style>\n\t\t<div id='gallery-1' class='gallery galleryid-17181 gallery-columns-3 gallery-size-thumbnail'><dl class='gallery-item'>\n\t\t\t<dt class='gallery-icon landscape'>\n\t\t\t\t<a href='https:\/\/camping.webspace.rocks\/?attachment_id=17182'><img width=\"150\" height=\"150\" src=\"https:\/\/m.media-amazon.com\/images\/I\/31-S1XmZUYS._SS150_.jpg\" class=\"attachment-thumbnail size-thumbnail\" alt=\"\" loading=\"lazy\" srcset=\"https:\/\/m.media-amazon.com\/images\/I\/31-S1XmZUYS._SS150_.jpg 150w, https:\/\/m.media-amazon.com\/images\/I\/31-S1XmZUYS._SS300_.jpg 300w, https:\/\/m.media-amazon.com\/images\/I\/31-S1XmZUYS._SS768_.jpg 768w, https:\/\/m.media-amazon.com\/images\/I\/31-S1XmZUYS._SS1024_.jpg 1024w, https:\/\/m.media-amazon.com\/images\/I\/31-S1XmZUYS._SS1536_.jpg 1536w, https:\/\/m.media-amazon.com\/images\/I\/31-S1XmZUYS._SS2048_.jpg 2048w, https:\/\/m.media-amazon.com\/images\/I\/31-S1XmZUYS._SS1200_.jpg 1200w, https:\/\/m.media-amazon.com\/images\/I\/31-S1XmZUYS._SS600_.jpg 600w, https:\/\/m.media-amazon.com\/images\/I\/31-S1XmZUYS.jpg 500w\" sizes=\"(max-width: 150px) 100vw, 150px\" \/><\/a>\n\t\t\t<\/dt><\/dl><dl class='gallery-item'>\n\t\t\t<dt class='gallery-icon landscape'>\n\t\t\t\t<a href='https:\/\/camping.webspace.rocks\/?attachment_id=17183'><img width=\"150\" height=\"150\" src=\"https:\/\/m.media-amazon.com\/images\/I\/31tZXqqmmSS._SS150_.jpg\" class=\"attachment-thumbnail size-thumbnail\" alt=\"\" loading=\"lazy\" srcset=\"https:\/\/m.media-amazon.com\/images\/I\/31tZXqqmmSS._SS150_.jpg 150w, https:\/\/m.media-amazon.com\/images\/I\/31tZXqqmmSS._SS300_.jpg 300w, https:\/\/m.media-amazon.com\/images\/I\/31tZXqqmmSS._SS768_.jpg 768w, https:\/\/m.media-amazon.com\/images\/I\/31tZXqqmmSS._SS1024_.jpg 1024w, https:\/\/m.media-amazon.com\/images\/I\/31tZXqqmmSS._SS1536_.jpg 1536w, https:\/\/m.media-amazon.com\/images\/I\/31tZXqqmmSS._SS2048_.jpg 2048w, https:\/\/m.media-amazon.com\/images\/I\/31tZXqqmmSS._SS1200_.jpg 1200w, https:\/\/m.media-amazon.com\/images\/I\/31tZXqqmmSS._SS600_.jpg 600w, https:\/\/m.media-amazon.com\/images\/I\/31tZXqqmmSS.jpg 500w\" sizes=\"(max-width: 150px) 100vw, 150px\" \/><\/a>\n\t\t\t<\/dt><\/dl><dl class='gallery-item'>\n\t\t\t<dt class='gallery-icon landscape'>\n\t\t\t\t<a href='https:\/\/camping.webspace.rocks\/?attachment_id=17184'><img width=\"150\" height=\"150\" src=\"https:\/\/m.media-amazon.com\/images\/I\/31+Hh35FV2S._SS150_.jpg\" class=\"attachment-thumbnail size-thumbnail\" alt=\"\" loading=\"lazy\" srcset=\"https:\/\/m.media-amazon.com\/images\/I\/31+Hh35FV2S._SS150_.jpg 150w, https:\/\/m.media-amazon.com\/images\/I\/31+Hh35FV2S._SS300_.jpg 300w, https:\/\/m.media-amazon.com\/images\/I\/31+Hh35FV2S._SS768_.jpg 768w, https:\/\/m.media-amazon.com\/images\/I\/31+Hh35FV2S._SS1024_.jpg 1024w, https:\/\/m.media-amazon.com\/images\/I\/31+Hh35FV2S._SS1536_.jpg 1536w, https:\/\/m.media-amazon.com\/images\/I\/31+Hh35FV2S._SS2048_.jpg 2048w, https:\/\/m.media-amazon.com\/images\/I\/31+Hh35FV2S._SS1200_.jpg 1200w, https:\/\/m.media-amazon.com\/images\/I\/31+Hh35FV2S._SS600_.jpg 600w, https:\/\/m.media-amazon.com\/images\/I\/31+Hh35FV2S.jpg 500w\" sizes=\"(max-width: 150px) 100vw, 150px\" \/><\/a>\n\t\t\t<\/dt><\/dl><br style=\"clear: both\" \/>\n\t\t<\/div>\n<br \/>\n<!-- show up to 2 reviews by default --> <\/p>\n<p>Unser beliebter Reise-Klassiker. Universelle Trekkinghose, klein im Packma\u00df, aus geschmeidigem, schnelltrocknendem Material, mit UV 50+ ausgestattet. Zu Bermudashorts abzippbar. Produktmerkmale : Knievorformung , zur Shorts abzippbar, Wicking Finish, 1 Beintasche mit RV, 2 aufgesetzte Ges\u00e4\u00dftaschen, 2 Eingrifftaschen vorne, 1 Sicherheitstasche mit RV in der rechten Fronttasche, Bund mit elastischen Eins\u00e4tzen, Kordelzug am Beinsaum *pflegeleicht, trocknet schnell *mit Sonnenschutz UV 50+ *umweltfreundlich hergestellt. Regular Fit: K\u00f6rper umspielende Passform <\/p>\n<p>Abzippbare Hose zum Wandern: pflegeleicht und trocknet schnell<br \/>\nUnser beliebter Reise-Klassiker. Universelle Trekkinghose, klein im Packma\u00df, aus geschmeidigem, schnelltrocknendem Material, mit UV 50+ ausgestattet<br \/>\nVerschluss: Rei\u00dfverschluss<br \/>\n100% Polyamid<br \/>\nWomen&#8217;s Farley ZO Pants IV<br \/>\nModellnummer: 3873<br \/>\nUmweltfreundlich hergestellt<br \/>\n<div class=\"main-cross-sell\" data-asin=\"B0079Q8F50\">\n\n\t<div class=\"WooZone-cross-sell-loader\">\n\t\t<div>\n\t\t\t<div id=\"floatingBarsG\">\n\t\t\t\t<div class=\"blockG\" id=\"rotateG_01\"><\/div>\n\t\t\t\t<div class=\"blockG\" id=\"rotateG_02\"><\/div>\n\t\t\t\t<div class=\"blockG\" id=\"rotateG_03\"><\/div>\n\t\t\t\t<div class=\"blockG\" id=\"rotateG_04\"><\/div>\n\t\t\t\t<div class=\"blockG\" id=\"rotateG_05\"><\/div>\n\t\t\t\t<div class=\"blockG\" id=\"rotateG_06\"><\/div>\n\t\t\t\t<div class=\"blockG\" id=\"rotateG_07\"><\/div>\n\t\t\t\t<div class=\"blockG\" id=\"rotateG_08\"><\/div>\n\t\t\t<\/div>\n\t\t\t<div class=\"WooZone-cross-sell-loader-text\"><\/div>\n\t\t<\/div>\n\t<\/div>\n\n\t\t\n<\/div>\n<div style=\"clear:both;\"><\/div><\/p>\n","protected":false},"excerpt":{"rendered":"<p>Abzippbare Hose zum Wandern: pflegeleicht und trocknet schnell<br \/>\nUnser beliebter Reise-Klassiker. Universelle Trekkinghose, klein im Packma\u00df, aus geschmeidigem, schnelltrocknendem Material, mit UV 50+ ausgestattet<br \/>\nVerschluss: Rei\u00dfverschluss<\/p>\n","protected":false},"featured_media":17182,"comment_status":"open","ping_status":"closed","template":"","meta":[],"product_cat":[37],"product_tag":[],"_links":{"self":[{"href":"https:\/\/camping.webspace.rocks\/index.php?rest_route=\/wp\/v2\/product\/17181"}],"collection":[{"href":"https:\/\/camping.webspace.rocks\/index.php?rest_route=\/wp\/v2\/product"}],"about":[{"href":"https:\/\/camping.webspace.rocks\/index.php?rest_route=\/wp\/v2\/types\/product"}],"replies":[{"embeddable":true,"href":"https:\/\/camping.webspace.rocks\/index.php?rest_route=%2Fwp%2Fv2%2Fcomments&post=17181"}],"version-history":[{"count":2,"href":"https:\/\/camping.webspace.rocks\/index.php?rest_route=\/wp\/v2\/product\/17181\/revisions"}],"predecessor-version":[{"id":19284,"href":"https:\/\/camping.webspace.rocks\/index.php?rest_route=\/wp\/v2\/product\/17181\/revisions\/19284"}],"wp:featuredmedia":[{"embeddable":true,"href":"https:\/\/camping.webspace.rocks\/index.php?rest_route=\/wp\/v2\/media\/17182"}],"wp:attachment":[{"href":"https:\/\/camping.webspace.rocks\/index.php?rest_route=%2Fwp%2Fv2%2Fmedia&parent=17181"}],"wp:term":[{"taxonomy":"product_cat","embeddable":true,"href":"https:\/\/camping.webspace.rocks\/index.php?rest_route=%2Fwp%2Fv2%2Fproduct_cat&post=17181"},{"taxonomy":"product_tag","embeddable":true,"href":"https:\/\/camping.webspace.rocks\/index.php?rest_route=%2Fwp%2Fv2%2Fproduct_tag&post=17181"}],"curies":[{"name":"wp","href":"https:\/\/api.w.org\/{rel}","templated":true}]}}