{"id":17229,"date":"2021-07-29T21:45:52","date_gmt":"2021-07-29T21:45:52","guid":{"rendered":"https:\/\/camping.webspace.rocks\/?product=jack-wolfskin-jungen-schnelltrocknende-kinder-wanderhose-treasure-hunter-pants-kids"},"modified":"2023-04-10T12:36:55","modified_gmt":"2023-04-10T12:36:55","slug":"jack-wolfskin-jungen-schnelltrocknende-kinder-wanderhose-treasure-hunter-pants-kids","status":"publish","type":"product","link":"https:\/\/camping.webspace.rocks\/?product=jack-wolfskin-jungen-schnelltrocknende-kinder-wanderhose-treasure-hunter-pants-kids","title":{"rendered":"Jack Wolfskin Jungen Schnelltrocknende Kinder Wanderhose Treasure Hunter Pants Kids"},"content":{"rendered":"<p>\n\t\t<style type=\"text\/css\">\n\t\t\t#gallery-1 {\n\t\t\t\tmargin: auto;\n\t\t\t}\n\t\t\t#gallery-1 .gallery-item {\n\t\t\t\tfloat: left;\n\t\t\t\tmargin-top: 10px;\n\t\t\t\ttext-align: center;\n\t\t\t\twidth: 33%;\n\t\t\t}\n\t\t\t#gallery-1 img {\n\t\t\t\tborder: 2px solid #cfcfcf;\n\t\t\t}\n\t\t\t#gallery-1 .gallery-caption {\n\t\t\t\tmargin-left: 0;\n\t\t\t}\n\t\t\t\/* see gallery_shortcode() in wp-includes\/media.php *\/\n\t\t<\/style>\n\t\t<div id='gallery-1' class='gallery galleryid-17229 gallery-columns-3 gallery-size-thumbnail'><dl class='gallery-item'>\n\t\t\t<dt class='gallery-icon landscape'>\n\t\t\t\t<a href='https:\/\/camping.webspace.rocks\/?attachment_id=17230'><img width=\"150\" height=\"150\" src=\"https:\/\/m.media-amazon.com\/images\/I\/31S+Tb-vK7L._SS150_.jpg\" class=\"attachment-thumbnail size-thumbnail\" alt=\"\" loading=\"lazy\" srcset=\"https:\/\/m.media-amazon.com\/images\/I\/31S+Tb-vK7L._SS150_.jpg 150w, https:\/\/m.media-amazon.com\/images\/I\/31S+Tb-vK7L._SS300_.jpg 300w, https:\/\/m.media-amazon.com\/images\/I\/31S+Tb-vK7L._SS768_.jpg 768w, https:\/\/m.media-amazon.com\/images\/I\/31S+Tb-vK7L._SS1024_.jpg 1024w, https:\/\/m.media-amazon.com\/images\/I\/31S+Tb-vK7L._SS1536_.jpg 1536w, https:\/\/m.media-amazon.com\/images\/I\/31S+Tb-vK7L._SS2048_.jpg 2048w, https:\/\/m.media-amazon.com\/images\/I\/31S+Tb-vK7L._SS1200_.jpg 1200w, https:\/\/m.media-amazon.com\/images\/I\/31S+Tb-vK7L._SS600_.jpg 600w, https:\/\/m.media-amazon.com\/images\/I\/31S+Tb-vK7L.jpg 500w\" sizes=\"(max-width: 150px) 100vw, 150px\" \/><\/a>\n\t\t\t<\/dt><\/dl><dl class='gallery-item'>\n\t\t\t<dt class='gallery-icon landscape'>\n\t\t\t\t<a href='https:\/\/camping.webspace.rocks\/?attachment_id=17231'><img width=\"150\" height=\"150\" src=\"https:\/\/m.media-amazon.com\/images\/I\/31ZcqgWqtGL._SS150_.jpg\" class=\"attachment-thumbnail size-thumbnail\" alt=\"\" loading=\"lazy\" srcset=\"https:\/\/m.media-amazon.com\/images\/I\/31ZcqgWqtGL._SS150_.jpg 150w, https:\/\/m.media-amazon.com\/images\/I\/31ZcqgWqtGL._SS300_.jpg 300w, https:\/\/m.media-amazon.com\/images\/I\/31ZcqgWqtGL._SS768_.jpg 768w, https:\/\/m.media-amazon.com\/images\/I\/31ZcqgWqtGL._SS1024_.jpg 1024w, https:\/\/m.media-amazon.com\/images\/I\/31ZcqgWqtGL._SS1536_.jpg 1536w, https:\/\/m.media-amazon.com\/images\/I\/31ZcqgWqtGL._SS2048_.jpg 2048w, https:\/\/m.media-amazon.com\/images\/I\/31ZcqgWqtGL._SS1200_.jpg 1200w, https:\/\/m.media-amazon.com\/images\/I\/31ZcqgWqtGL._SS600_.jpg 600w, https:\/\/m.media-amazon.com\/images\/I\/31ZcqgWqtGL.jpg 500w\" sizes=\"(max-width: 150px) 100vw, 150px\" \/><\/a>\n\t\t\t<\/dt><\/dl><dl class='gallery-item'>\n\t\t\t<dt class='gallery-icon landscape'>\n\t\t\t\t<a href='https:\/\/camping.webspace.rocks\/?attachment_id=17232'><img width=\"150\" height=\"150\" src=\"https:\/\/m.media-amazon.com\/images\/I\/41XIkvNnC1L._SS150_.jpg\" class=\"attachment-thumbnail size-thumbnail\" alt=\"\" loading=\"lazy\" srcset=\"https:\/\/m.media-amazon.com\/images\/I\/41XIkvNnC1L._SS150_.jpg 150w, https:\/\/m.media-amazon.com\/images\/I\/41XIkvNnC1L._SS300_.jpg 300w, https:\/\/m.media-amazon.com\/images\/I\/41XIkvNnC1L._SS768_.jpg 768w, https:\/\/m.media-amazon.com\/images\/I\/41XIkvNnC1L._SS1024_.jpg 1024w, https:\/\/m.media-amazon.com\/images\/I\/41XIkvNnC1L._SS1536_.jpg 1536w, https:\/\/m.media-amazon.com\/images\/I\/41XIkvNnC1L._SS2048_.jpg 2048w, https:\/\/m.media-amazon.com\/images\/I\/41XIkvNnC1L._SS1200_.jpg 1200w, https:\/\/m.media-amazon.com\/images\/I\/41XIkvNnC1L._SS600_.jpg 600w, https:\/\/m.media-amazon.com\/images\/I\/41XIkvNnC1L.jpg 500w\" sizes=\"(max-width: 150px) 100vw, 150px\" \/><\/a>\n\t\t\t<\/dt><\/dl><br style=\"clear: both\" \/>\n\t\t<\/div>\n<br \/>\n<!-- show up to 2 reviews by default --> <\/p>\n<p>Wo geht die n\u00e4chste Abenteuerreise hin? Alpen? Kanada? Spanien? Wohin auch immer euch euer Fernweh treibt &#8211; eins steht fest: F\u00fcr die Kids muss die TREASURE HUNTER PANTS unbedingt mit.Die leichte und robuste Hose hat einen UV-Schutz von 40+ und f\u00fchlt sich mit ihrem baumwollartigen Griff super auf der Haut an. In den gro\u00dfen aufgesetzten Beintaschen findet ein M\u00fcsliriegel oder der Schl\u00fcsselbund Platz.Und kommt beim Erkunden eures Urlaubsziels mal ein kleiner Regenschauer auf, ist die TREASURE HUNTER PANTS danach schnell wieder trocken. <\/p>\n<p>UV-Schutz<br \/>\nLeicht<br \/>\nOberstoff: 95% Polyamid, 5% Elasthan<br \/>\nTREASURE HUNTER PANTS KIDS<br \/>\nModellnummer: 1608381<br \/>\nHose f\u00fcr Reisen und Freizeit<br \/>\n<div class=\"main-cross-sell\" data-asin=\"B07ZWQDDWD\">\n\n\t<div class=\"WooZone-cross-sell-loader\">\n\t\t<div>\n\t\t\t<div id=\"floatingBarsG\">\n\t\t\t\t<div class=\"blockG\" id=\"rotateG_01\"><\/div>\n\t\t\t\t<div class=\"blockG\" id=\"rotateG_02\"><\/div>\n\t\t\t\t<div class=\"blockG\" id=\"rotateG_03\"><\/div>\n\t\t\t\t<div class=\"blockG\" id=\"rotateG_04\"><\/div>\n\t\t\t\t<div class=\"blockG\" id=\"rotateG_05\"><\/div>\n\t\t\t\t<div class=\"blockG\" id=\"rotateG_06\"><\/div>\n\t\t\t\t<div class=\"blockG\" id=\"rotateG_07\"><\/div>\n\t\t\t\t<div class=\"blockG\" id=\"rotateG_08\"><\/div>\n\t\t\t<\/div>\n\t\t\t<div class=\"WooZone-cross-sell-loader-text\"><\/div>\n\t\t<\/div>\n\t<\/div>\n\n\t\t\n<\/div>\n<div style=\"clear:both;\"><\/div><\/p>\n","protected":false},"excerpt":{"rendered":"<p>UV-Schutz<br \/>\nLeicht<br \/>\nOberstoff: 95% Polyamid, 5% Elasthan<\/p>\n","protected":false},"featured_media":17230,"comment_status":"open","ping_status":"closed","template":"","meta":[],"product_cat":[37],"product_tag":[],"_links":{"self":[{"href":"https:\/\/camping.webspace.rocks\/index.php?rest_route=\/wp\/v2\/product\/17229"}],"collection":[{"href":"https:\/\/camping.webspace.rocks\/index.php?rest_route=\/wp\/v2\/product"}],"about":[{"href":"https:\/\/camping.webspace.rocks\/index.php?rest_route=\/wp\/v2\/types\/product"}],"replies":[{"embeddable":true,"href":"https:\/\/camping.webspace.rocks\/index.php?rest_route=%2Fwp%2Fv2%2Fcomments&post=17229"}],"version-history":[{"count":1,"href":"https:\/\/camping.webspace.rocks\/index.php?rest_route=\/wp\/v2\/product\/17229\/revisions"}],"predecessor-version":[{"id":18763,"href":"https:\/\/camping.webspace.rocks\/index.php?rest_route=\/wp\/v2\/product\/17229\/revisions\/18763"}],"wp:featuredmedia":[{"embeddable":true,"href":"https:\/\/camping.webspace.rocks\/index.php?rest_route=\/wp\/v2\/media\/17230"}],"wp:attachment":[{"href":"https:\/\/camping.webspace.rocks\/index.php?rest_route=%2Fwp%2Fv2%2Fmedia&parent=17229"}],"wp:term":[{"taxonomy":"product_cat","embeddable":true,"href":"https:\/\/camping.webspace.rocks\/index.php?rest_route=%2Fwp%2Fv2%2Fproduct_cat&post=17229"},{"taxonomy":"product_tag","embeddable":true,"href":"https:\/\/camping.webspace.rocks\/index.php?rest_route=%2Fwp%2Fv2%2Fproduct_tag&post=17229"}],"curies":[{"name":"wp","href":"https:\/\/api.w.org\/{rel}","templated":true}]}}