{"id":17233,"date":"2021-07-29T21:45:54","date_gmt":"2021-07-29T21:45:54","guid":{"rendered":"https:\/\/camping.webspace.rocks\/?product=vaude-damen-womens-escape-bike-light-jacket-jacke"},"modified":"2023-04-10T12:36:55","modified_gmt":"2023-04-10T12:36:55","slug":"vaude-damen-womens-escape-bike-light-jacket-jacke","status":"publish","type":"product","link":"https:\/\/camping.webspace.rocks\/?product=vaude-damen-womens-escape-bike-light-jacket-jacke","title":{"rendered":"VAUDE Escape Bike Light &#8211; Regenjacke Damen,36"},"content":{"rendered":"<p>\n\t\t<style type=\"text\/css\">\n\t\t\t#gallery-1 {\n\t\t\t\tmargin: auto;\n\t\t\t}\n\t\t\t#gallery-1 .gallery-item {\n\t\t\t\tfloat: left;\n\t\t\t\tmargin-top: 10px;\n\t\t\t\ttext-align: center;\n\t\t\t\twidth: 33%;\n\t\t\t}\n\t\t\t#gallery-1 img {\n\t\t\t\tborder: 2px solid #cfcfcf;\n\t\t\t}\n\t\t\t#gallery-1 .gallery-caption {\n\t\t\t\tmargin-left: 0;\n\t\t\t}\n\t\t\t\/* see gallery_shortcode() in wp-includes\/media.php *\/\n\t\t<\/style>\n\t\t<div id='gallery-1' class='gallery galleryid-17233 gallery-columns-3 gallery-size-thumbnail'><dl class='gallery-item'>\n\t\t\t<dt class='gallery-icon landscape'>\n\t\t\t\t<a href='https:\/\/camping.webspace.rocks\/?attachment_id=17234'><img width=\"150\" height=\"150\" src=\"https:\/\/m.media-amazon.com\/images\/I\/31lg0weCX6L._SS150_.jpg\" class=\"attachment-thumbnail size-thumbnail\" alt=\"\" loading=\"lazy\" srcset=\"https:\/\/m.media-amazon.com\/images\/I\/31lg0weCX6L._SS150_.jpg 150w, https:\/\/m.media-amazon.com\/images\/I\/31lg0weCX6L._SS300_.jpg 300w, https:\/\/m.media-amazon.com\/images\/I\/31lg0weCX6L._SS768_.jpg 768w, https:\/\/m.media-amazon.com\/images\/I\/31lg0weCX6L._SS1024_.jpg 1024w, https:\/\/m.media-amazon.com\/images\/I\/31lg0weCX6L._SS1536_.jpg 1536w, https:\/\/m.media-amazon.com\/images\/I\/31lg0weCX6L._SS2048_.jpg 2048w, https:\/\/m.media-amazon.com\/images\/I\/31lg0weCX6L._SS1200_.jpg 1200w, https:\/\/m.media-amazon.com\/images\/I\/31lg0weCX6L._SS600_.jpg 600w, https:\/\/m.media-amazon.com\/images\/I\/31lg0weCX6L.jpg 500w\" sizes=\"(max-width: 150px) 100vw, 150px\" \/><\/a>\n\t\t\t<\/dt><\/dl><dl class='gallery-item'>\n\t\t\t<dt class='gallery-icon landscape'>\n\t\t\t\t<a href='https:\/\/camping.webspace.rocks\/?attachment_id=17235'><img width=\"150\" height=\"150\" src=\"https:\/\/m.media-amazon.com\/images\/I\/417k4qwBMVL._SS150_.jpg\" class=\"attachment-thumbnail size-thumbnail\" alt=\"\" loading=\"lazy\" srcset=\"https:\/\/m.media-amazon.com\/images\/I\/417k4qwBMVL._SS150_.jpg 150w, https:\/\/m.media-amazon.com\/images\/I\/417k4qwBMVL._SS300_.jpg 300w, https:\/\/m.media-amazon.com\/images\/I\/417k4qwBMVL._SS768_.jpg 768w, https:\/\/m.media-amazon.com\/images\/I\/417k4qwBMVL._SS1024_.jpg 1024w, https:\/\/m.media-amazon.com\/images\/I\/417k4qwBMVL._SS1536_.jpg 1536w, https:\/\/m.media-amazon.com\/images\/I\/417k4qwBMVL._SS2048_.jpg 2048w, https:\/\/m.media-amazon.com\/images\/I\/417k4qwBMVL._SS1200_.jpg 1200w, https:\/\/m.media-amazon.com\/images\/I\/417k4qwBMVL._SS600_.jpg 600w, https:\/\/m.media-amazon.com\/images\/I\/417k4qwBMVL.jpg 500w\" sizes=\"(max-width: 150px) 100vw, 150px\" \/><\/a>\n\t\t\t<\/dt><\/dl><dl class='gallery-item'>\n\t\t\t<dt class='gallery-icon landscape'>\n\t\t\t\t<a href='https:\/\/camping.webspace.rocks\/?attachment_id=17236'><img width=\"150\" height=\"150\" src=\"https:\/\/m.media-amazon.com\/images\/I\/31-23rVvuTL._SS150_.jpg\" class=\"attachment-thumbnail size-thumbnail\" alt=\"\" loading=\"lazy\" srcset=\"https:\/\/m.media-amazon.com\/images\/I\/31-23rVvuTL._SS150_.jpg 150w, https:\/\/m.media-amazon.com\/images\/I\/31-23rVvuTL._SS300_.jpg 300w, https:\/\/m.media-amazon.com\/images\/I\/31-23rVvuTL._SS768_.jpg 768w, https:\/\/m.media-amazon.com\/images\/I\/31-23rVvuTL._SS1024_.jpg 1024w, https:\/\/m.media-amazon.com\/images\/I\/31-23rVvuTL._SS1536_.jpg 1536w, https:\/\/m.media-amazon.com\/images\/I\/31-23rVvuTL._SS2048_.jpg 2048w, https:\/\/m.media-amazon.com\/images\/I\/31-23rVvuTL._SS1200_.jpg 1200w, https:\/\/m.media-amazon.com\/images\/I\/31-23rVvuTL._SS600_.jpg 600w, https:\/\/m.media-amazon.com\/images\/I\/31-23rVvuTL.jpg 500w\" sizes=\"(max-width: 150px) 100vw, 150px\" \/><\/a>\n\t\t\t<\/dt><\/dl><br style=\"clear: both\" \/>\n\t\t<\/div>\n<br \/>\n<!-- show up to 2 reviews by default --> <\/p>\n<p>Umweltfreundlicher Basis-Regenschutz. Die leichte 2 Lagen-Regenjacke mit d\u00fcnnem Netzfutter sch\u00fctzt Dich in Deinem Radalltag zuverl\u00e4ssig vor N\u00e4sse und Wind. Die Kapuze kann aufgerollt im Kragen verstaut werden, reflektierende Elemente sorgen f\u00fcr gute Sichtbarkeit im Stra\u00dfenverkehr. Das Material wird besonders umweltschondend nach dem bluesign-Standard hergestellt. <\/p>\n<p>Damen Regenjacke zum Radfahren: wasserdicht, winddicht und atmungsaktiv<br \/>\nZuverl\u00e4ssiger Regenschutz f\u00fcr Frauen: Die leichte 2 Lagen-Regenjacke mit d\u00fcnnem Netzfutter sch\u00fctzt Dich in Deinem Radalltag zuverl\u00e4ssig vor N\u00e4sse und Wind<br \/>\nVerschluss: Rei\u00dfverschluss<br \/>\nHauptstoff &#8211; Aussenseite: 100% Polyester; Membran: 100% Polyurethan; Netzfutter: 100% Polyester; Futter: 100% Polyamid<br \/>\nWomen&#8217;s Escape Bike Light Jacket<br \/>\nPflegehinweis: Maschinenw\u00e4sche<br \/>\nModellnummer: 4992<br \/>\nOptimale Aussattung: Die Kapuze kann aufgerollt im Kragen verstaut werden. Mit reflektierenden Elementen<br \/>\nUmweltfreundliche Herstellung: Dieses Produkt ist mit Eco Finish umweltfreundlich wasserabweisend ohne Fluorcarbone (PFC) hergestellt<br \/>\nGreen-Shape Label: Das VAUDE Green Shape-Label steht f\u00fcr ein umweltfreundliches, funktionelles Produkt aus nachhaltigen Materialien<br \/>\n<div class=\"main-cross-sell\" data-asin=\"B07K8YCB27\">\n\n\t<div class=\"WooZone-cross-sell-loader\">\n\t\t<div>\n\t\t\t<div id=\"floatingBarsG\">\n\t\t\t\t<div class=\"blockG\" id=\"rotateG_01\"><\/div>\n\t\t\t\t<div class=\"blockG\" id=\"rotateG_02\"><\/div>\n\t\t\t\t<div class=\"blockG\" id=\"rotateG_03\"><\/div>\n\t\t\t\t<div class=\"blockG\" id=\"rotateG_04\"><\/div>\n\t\t\t\t<div class=\"blockG\" id=\"rotateG_05\"><\/div>\n\t\t\t\t<div class=\"blockG\" id=\"rotateG_06\"><\/div>\n\t\t\t\t<div class=\"blockG\" id=\"rotateG_07\"><\/div>\n\t\t\t\t<div class=\"blockG\" id=\"rotateG_08\"><\/div>\n\t\t\t<\/div>\n\t\t\t<div class=\"WooZone-cross-sell-loader-text\"><\/div>\n\t\t<\/div>\n\t<\/div>\n\n\t\t\n<\/div>\n<div style=\"clear:both;\"><\/div><\/p>\n","protected":false},"excerpt":{"rendered":"<p>Damen Regenjacke zum Radfahren: wasserdicht, winddicht und atmungsaktiv<br \/>\nZuverl\u00e4ssiger Regenschutz f\u00fcr Frauen: Die leichte 2 Lagen-Regenjacke mit d\u00fcnnem Netzfutter sch\u00fctzt Dich in Deinem Radalltag zuverl\u00e4ssig vor N\u00e4sse und Wind<br \/>\nVerschluss: Rei\u00dfverschluss<\/p>\n","protected":false},"featured_media":17234,"comment_status":"open","ping_status":"closed","template":"","meta":[],"product_cat":[37],"product_tag":[],"_links":{"self":[{"href":"https:\/\/camping.webspace.rocks\/index.php?rest_route=\/wp\/v2\/product\/17233"}],"collection":[{"href":"https:\/\/camping.webspace.rocks\/index.php?rest_route=\/wp\/v2\/product"}],"about":[{"href":"https:\/\/camping.webspace.rocks\/index.php?rest_route=\/wp\/v2\/types\/product"}],"replies":[{"embeddable":true,"href":"https:\/\/camping.webspace.rocks\/index.php?rest_route=%2Fwp%2Fv2%2Fcomments&post=17233"}],"version-history":[{"count":3,"href":"https:\/\/camping.webspace.rocks\/index.php?rest_route=\/wp\/v2\/product\/17233\/revisions"}],"predecessor-version":[{"id":19490,"href":"https:\/\/camping.webspace.rocks\/index.php?rest_route=\/wp\/v2\/product\/17233\/revisions\/19490"}],"wp:featuredmedia":[{"embeddable":true,"href":"https:\/\/camping.webspace.rocks\/index.php?rest_route=\/wp\/v2\/media\/17234"}],"wp:attachment":[{"href":"https:\/\/camping.webspace.rocks\/index.php?rest_route=%2Fwp%2Fv2%2Fmedia&parent=17233"}],"wp:term":[{"taxonomy":"product_cat","embeddable":true,"href":"https:\/\/camping.webspace.rocks\/index.php?rest_route=%2Fwp%2Fv2%2Fproduct_cat&post=17233"},{"taxonomy":"product_tag","embeddable":true,"href":"https:\/\/camping.webspace.rocks\/index.php?rest_route=%2Fwp%2Fv2%2Fproduct_tag&post=17233"}],"curies":[{"name":"wp","href":"https:\/\/api.w.org\/{rel}","templated":true}]}}