{"id":17295,"date":"2021-07-29T21:52:54","date_gmt":"2021-07-29T21:52:54","guid":{"rendered":"https:\/\/camping.webspace.rocks\/?product=megasat-200198-t4-aktive-dvb-t-antenne-weiss"},"modified":"2023-04-10T12:36:57","modified_gmt":"2023-04-10T12:36:57","slug":"megasat-200198-t4-aktive-dvb-t-antenne-weiss","status":"publish","type":"product","link":"https:\/\/camping.webspace.rocks\/?product=megasat-200198-t4-aktive-dvb-t-antenne-weiss","title":{"rendered":"MegaSat 200198 T4, aktive DVB-T Antenne wei\u00df"},"content":{"rendered":"<p>\n\t\t<style type=\"text\/css\">\n\t\t\t#gallery-1 {\n\t\t\t\tmargin: auto;\n\t\t\t}\n\t\t\t#gallery-1 .gallery-item {\n\t\t\t\tfloat: left;\n\t\t\t\tmargin-top: 10px;\n\t\t\t\ttext-align: center;\n\t\t\t\twidth: 33%;\n\t\t\t}\n\t\t\t#gallery-1 img {\n\t\t\t\tborder: 2px solid #cfcfcf;\n\t\t\t}\n\t\t\t#gallery-1 .gallery-caption {\n\t\t\t\tmargin-left: 0;\n\t\t\t}\n\t\t\t\/* see gallery_shortcode() in wp-includes\/media.php *\/\n\t\t<\/style>\n\t\t<div id='gallery-1' class='gallery galleryid-17295 gallery-columns-3 gallery-size-thumbnail'><dl class='gallery-item'>\n\t\t\t<dt class='gallery-icon landscape'>\n\t\t\t\t<a href='https:\/\/camping.webspace.rocks\/?attachment_id=17296'><img width=\"150\" height=\"150\" src=\"https:\/\/m.media-amazon.com\/images\/I\/31AHJIcZlaL._SS150_.jpg\" class=\"attachment-thumbnail size-thumbnail\" alt=\"\" loading=\"lazy\" srcset=\"https:\/\/m.media-amazon.com\/images\/I\/31AHJIcZlaL._SS150_.jpg 150w, https:\/\/m.media-amazon.com\/images\/I\/31AHJIcZlaL._SS300_.jpg 300w, https:\/\/m.media-amazon.com\/images\/I\/31AHJIcZlaL._SS768_.jpg 768w, https:\/\/m.media-amazon.com\/images\/I\/31AHJIcZlaL._SS1024_.jpg 1024w, https:\/\/m.media-amazon.com\/images\/I\/31AHJIcZlaL._SS1536_.jpg 1536w, https:\/\/m.media-amazon.com\/images\/I\/31AHJIcZlaL._SS2048_.jpg 2048w, https:\/\/m.media-amazon.com\/images\/I\/31AHJIcZlaL._SS1200_.jpg 1200w, https:\/\/m.media-amazon.com\/images\/I\/31AHJIcZlaL._SS600_.jpg 600w, https:\/\/m.media-amazon.com\/images\/I\/31AHJIcZlaL.jpg 500w\" sizes=\"(max-width: 150px) 100vw, 150px\" \/><\/a>\n\t\t\t<\/dt><\/dl><dl class='gallery-item'>\n\t\t\t<dt class='gallery-icon landscape'>\n\t\t\t\t<a href='https:\/\/camping.webspace.rocks\/?attachment_id=17297'><img width=\"150\" height=\"150\" src=\"https:\/\/m.media-amazon.com\/images\/I\/21PZpUiRUTL._SS150_.jpg\" class=\"attachment-thumbnail size-thumbnail\" alt=\"\" loading=\"lazy\" srcset=\"https:\/\/m.media-amazon.com\/images\/I\/21PZpUiRUTL._SS150_.jpg 150w, https:\/\/m.media-amazon.com\/images\/I\/21PZpUiRUTL._SS300_.jpg 300w, https:\/\/m.media-amazon.com\/images\/I\/21PZpUiRUTL._SS768_.jpg 768w, https:\/\/m.media-amazon.com\/images\/I\/21PZpUiRUTL._SS1024_.jpg 1024w, https:\/\/m.media-amazon.com\/images\/I\/21PZpUiRUTL._SS1536_.jpg 1536w, https:\/\/m.media-amazon.com\/images\/I\/21PZpUiRUTL._SS2048_.jpg 2048w, https:\/\/m.media-amazon.com\/images\/I\/21PZpUiRUTL._SS1200_.jpg 1200w, https:\/\/m.media-amazon.com\/images\/I\/21PZpUiRUTL._SS600_.jpg 600w, https:\/\/m.media-amazon.com\/images\/I\/21PZpUiRUTL.jpg 500w\" sizes=\"(max-width: 150px) 100vw, 150px\" \/><\/a>\n\t\t\t<\/dt><\/dl><dl class='gallery-item'>\n\t\t\t<dt class='gallery-icon landscape'>\n\t\t\t\t<a href='https:\/\/camping.webspace.rocks\/?attachment_id=17298'><img width=\"150\" height=\"150\" src=\"https:\/\/m.media-amazon.com\/images\/I\/414yq0Rz+5L._SS150_.jpg\" class=\"attachment-thumbnail size-thumbnail\" alt=\"\" loading=\"lazy\" srcset=\"https:\/\/m.media-amazon.com\/images\/I\/414yq0Rz+5L._SS150_.jpg 150w, https:\/\/m.media-amazon.com\/images\/I\/414yq0Rz+5L._SS300_.jpg 300w, https:\/\/m.media-amazon.com\/images\/I\/414yq0Rz+5L._SS768_.jpg 768w, https:\/\/m.media-amazon.com\/images\/I\/414yq0Rz+5L._SS1024_.jpg 1024w, https:\/\/m.media-amazon.com\/images\/I\/414yq0Rz+5L._SS1536_.jpg 1536w, https:\/\/m.media-amazon.com\/images\/I\/414yq0Rz+5L._SS2048_.jpg 2048w, https:\/\/m.media-amazon.com\/images\/I\/414yq0Rz+5L._SS1200_.jpg 1200w, https:\/\/m.media-amazon.com\/images\/I\/414yq0Rz+5L._SS600_.jpg 600w, https:\/\/m.media-amazon.com\/images\/I\/414yq0Rz+5L.jpg 500w\" sizes=\"(max-width: 150px) 100vw, 150px\" \/><\/a>\n\t\t\t<\/dt><\/dl><br style=\"clear: both\" \/>\n\t\t<\/div>\n<br \/>\n<!-- show up to 2 reviews by default --> <\/p>\n<h3>Produktbeschreibung<\/h3>\n<p>Die Rundstrahlantennen von Megasat sind f\u00fcr den Empfang von VHF-, UHF- und FM-Signalen geeignet \u2013 egal in welcher Richtung Sie unterwegs sind. Der eingebaute Low-Noise-Verst\u00e4rker sorgt f\u00fcr besten Empfang. Der Betrieb ist mit allen herk\u00f6mmlichen SD- oder HD-DVB-T-Receivern m\u00f6glich. Das wasserdichte und UV-best\u00e4ndige Geh\u00e4use in Verbindung mit der speziellen Oberfl\u00e4chenbeschichtung h\u00e4lt auch den st\u00e4rksten Witterungsbedingungen stand. Der beste terrestrische Empfang f\u00fcr alle Boote, Caravans und Wohnmobile. <\/p>\n<h3>Set enth\u00e4lt:<\/h3>\n<p>Antenne, Standfu\u00df, 12 Volt KFZ-Kabel, 5 Volt US-Koax Adapter, Koaxialkabel, BDA <\/p>\n<p>Geben Sie Ihr Modell ein, um sicherzustellen, dass dieser Artikel passt.<br \/>\nVerst\u00e4rkung passiv: 20 \u2013 33 dB (max. 44 dB)<br \/>\n5 Volt Spannungsversorgung \u00fcber KFZ-Adapter\/ USB Adapter\/ Receiver<br \/>\nAntennenkabel: 6 m (75 \u03a9)<br \/>\nEmpfangsbereich: FM\/ VHF\/ UHF\/ DAB\/ DAB+<br \/>\n<div class=\"main-cross-sell\" data-asin=\"B07JCGPCTY\">\n\n\t<div class=\"WooZone-cross-sell-loader\">\n\t\t<div>\n\t\t\t<div id=\"floatingBarsG\">\n\t\t\t\t<div class=\"blockG\" id=\"rotateG_01\"><\/div>\n\t\t\t\t<div class=\"blockG\" id=\"rotateG_02\"><\/div>\n\t\t\t\t<div class=\"blockG\" id=\"rotateG_03\"><\/div>\n\t\t\t\t<div class=\"blockG\" id=\"rotateG_04\"><\/div>\n\t\t\t\t<div class=\"blockG\" id=\"rotateG_05\"><\/div>\n\t\t\t\t<div class=\"blockG\" id=\"rotateG_06\"><\/div>\n\t\t\t\t<div class=\"blockG\" id=\"rotateG_07\"><\/div>\n\t\t\t\t<div class=\"blockG\" id=\"rotateG_08\"><\/div>\n\t\t\t<\/div>\n\t\t\t<div class=\"WooZone-cross-sell-loader-text\"><\/div>\n\t\t<\/div>\n\t<\/div>\n\n\t\t\n<\/div>\n<div style=\"clear:both;\"><\/div><\/p>\n","protected":false},"excerpt":{"rendered":"<p>Geben Sie Ihr Modell ein, um sicherzustellen, dass dieser Artikel passt.<br \/>\nVerst\u00e4rkung passiv: 20 \u2013 33 dB (max. 44 dB)<br \/>\n5 Volt Spannungsversorgung \u00fcber KFZ-Adapter\/ USB Adapter\/ Receiver<\/p>\n","protected":false},"featured_media":17296,"comment_status":"open","ping_status":"closed","template":"","meta":[],"product_cat":[6948],"product_tag":[],"_links":{"self":[{"href":"https:\/\/camping.webspace.rocks\/index.php?rest_route=\/wp\/v2\/product\/17295"}],"collection":[{"href":"https:\/\/camping.webspace.rocks\/index.php?rest_route=\/wp\/v2\/product"}],"about":[{"href":"https:\/\/camping.webspace.rocks\/index.php?rest_route=\/wp\/v2\/types\/product"}],"replies":[{"embeddable":true,"href":"https:\/\/camping.webspace.rocks\/index.php?rest_route=%2Fwp%2Fv2%2Fcomments&post=17295"}],"version-history":[{"count":1,"href":"https:\/\/camping.webspace.rocks\/index.php?rest_route=\/wp\/v2\/product\/17295\/revisions"}],"predecessor-version":[{"id":18780,"href":"https:\/\/camping.webspace.rocks\/index.php?rest_route=\/wp\/v2\/product\/17295\/revisions\/18780"}],"wp:featuredmedia":[{"embeddable":true,"href":"https:\/\/camping.webspace.rocks\/index.php?rest_route=\/wp\/v2\/media\/17296"}],"wp:attachment":[{"href":"https:\/\/camping.webspace.rocks\/index.php?rest_route=%2Fwp%2Fv2%2Fmedia&parent=17295"}],"wp:term":[{"taxonomy":"product_cat","embeddable":true,"href":"https:\/\/camping.webspace.rocks\/index.php?rest_route=%2Fwp%2Fv2%2Fproduct_cat&post=17295"},{"taxonomy":"product_tag","embeddable":true,"href":"https:\/\/camping.webspace.rocks\/index.php?rest_route=%2Fwp%2Fv2%2Fproduct_tag&post=17295"}],"curies":[{"name":"wp","href":"https:\/\/api.w.org\/{rel}","templated":true}]}}