{"id":17438,"date":"2021-07-29T21:55:57","date_gmt":"2021-07-29T21:55:57","guid":{"rendered":"https:\/\/camping.webspace.rocks\/?product=kathrein-dvb-t-t2-indoor-antenne-bzd-32"},"modified":"2023-04-10T12:49:42","modified_gmt":"2023-04-10T12:49:42","slug":"kathrein-dvb-t-t2-indoor-antenne-bzd-32","status":"publish","type":"product","link":"https:\/\/camping.webspace.rocks\/?product=kathrein-dvb-t-t2-indoor-antenne-bzd-32","title":{"rendered":"Kathrein DVB-T\/T2-Indoor Antenne BZD 32"},"content":{"rendered":"<p>\n\t\t<style type=\"text\/css\">\n\t\t\t#gallery-1 {\n\t\t\t\tmargin: auto;\n\t\t\t}\n\t\t\t#gallery-1 .gallery-item {\n\t\t\t\tfloat: left;\n\t\t\t\tmargin-top: 10px;\n\t\t\t\ttext-align: center;\n\t\t\t\twidth: 33%;\n\t\t\t}\n\t\t\t#gallery-1 img {\n\t\t\t\tborder: 2px solid #cfcfcf;\n\t\t\t}\n\t\t\t#gallery-1 .gallery-caption {\n\t\t\t\tmargin-left: 0;\n\t\t\t}\n\t\t\t\/* see gallery_shortcode() in wp-includes\/media.php *\/\n\t\t<\/style>\n\t\t<div id='gallery-1' class='gallery galleryid-17438 gallery-columns-3 gallery-size-thumbnail'><dl class='gallery-item'>\n\t\t\t<dt class='gallery-icon landscape'>\n\t\t\t\t<a href='https:\/\/camping.webspace.rocks\/?attachment_id=17439'><img width=\"150\" height=\"150\" src=\"https:\/\/m.media-amazon.com\/images\/I\/31lXuyoJc7L._SS150_.jpg\" class=\"attachment-thumbnail size-thumbnail\" alt=\"\" loading=\"lazy\" srcset=\"https:\/\/m.media-amazon.com\/images\/I\/31lXuyoJc7L._SS150_.jpg 150w, https:\/\/m.media-amazon.com\/images\/I\/31lXuyoJc7L._SS300_.jpg 300w, https:\/\/m.media-amazon.com\/images\/I\/31lXuyoJc7L._SS768_.jpg 768w, https:\/\/m.media-amazon.com\/images\/I\/31lXuyoJc7L._SS1024_.jpg 1024w, https:\/\/m.media-amazon.com\/images\/I\/31lXuyoJc7L._SS1536_.jpg 1536w, https:\/\/m.media-amazon.com\/images\/I\/31lXuyoJc7L._SS2048_.jpg 2048w, https:\/\/m.media-amazon.com\/images\/I\/31lXuyoJc7L._SS1200_.jpg 1200w, https:\/\/m.media-amazon.com\/images\/I\/31lXuyoJc7L._SS600_.jpg 600w, https:\/\/m.media-amazon.com\/images\/I\/31lXuyoJc7L.jpg 500w\" sizes=\"(max-width: 150px) 100vw, 150px\" \/><\/a>\n\t\t\t<\/dt><\/dl><dl class='gallery-item'>\n\t\t\t<dt class='gallery-icon landscape'>\n\t\t\t\t<a href='https:\/\/camping.webspace.rocks\/?attachment_id=17440'><img width=\"150\" height=\"150\" src=\"https:\/\/m.media-amazon.com\/images\/I\/318jtij9p-L._SS150_.jpg\" class=\"attachment-thumbnail size-thumbnail\" alt=\"\" loading=\"lazy\" srcset=\"https:\/\/m.media-amazon.com\/images\/I\/318jtij9p-L._SS150_.jpg 150w, https:\/\/m.media-amazon.com\/images\/I\/318jtij9p-L._SS300_.jpg 300w, https:\/\/m.media-amazon.com\/images\/I\/318jtij9p-L._SS768_.jpg 768w, https:\/\/m.media-amazon.com\/images\/I\/318jtij9p-L._SS1024_.jpg 1024w, https:\/\/m.media-amazon.com\/images\/I\/318jtij9p-L._SS1536_.jpg 1536w, https:\/\/m.media-amazon.com\/images\/I\/318jtij9p-L._SS2048_.jpg 2048w, https:\/\/m.media-amazon.com\/images\/I\/318jtij9p-L._SS1200_.jpg 1200w, https:\/\/m.media-amazon.com\/images\/I\/318jtij9p-L._SS600_.jpg 600w, https:\/\/m.media-amazon.com\/images\/I\/318jtij9p-L.jpg 500w\" sizes=\"(max-width: 150px) 100vw, 150px\" \/><\/a>\n\t\t\t<\/dt><\/dl><dl class='gallery-item'>\n\t\t\t<dt class='gallery-icon landscape'>\n\t\t\t\t<a href='https:\/\/camping.webspace.rocks\/?attachment_id=17441'><img width=\"150\" height=\"150\" src=\"https:\/\/m.media-amazon.com\/images\/I\/31Up6GdXMNL._SS150_.jpg\" class=\"attachment-thumbnail size-thumbnail\" alt=\"\" loading=\"lazy\" srcset=\"https:\/\/m.media-amazon.com\/images\/I\/31Up6GdXMNL._SS150_.jpg 150w, https:\/\/m.media-amazon.com\/images\/I\/31Up6GdXMNL._SS300_.jpg 300w, https:\/\/m.media-amazon.com\/images\/I\/31Up6GdXMNL._SS768_.jpg 768w, https:\/\/m.media-amazon.com\/images\/I\/31Up6GdXMNL._SS1024_.jpg 1024w, https:\/\/m.media-amazon.com\/images\/I\/31Up6GdXMNL._SS1536_.jpg 1536w, https:\/\/m.media-amazon.com\/images\/I\/31Up6GdXMNL._SS2048_.jpg 2048w, https:\/\/m.media-amazon.com\/images\/I\/31Up6GdXMNL._SS1200_.jpg 1200w, https:\/\/m.media-amazon.com\/images\/I\/31Up6GdXMNL._SS600_.jpg 600w, https:\/\/m.media-amazon.com\/images\/I\/31Up6GdXMNL.jpg 500w\" sizes=\"(max-width: 150px) 100vw, 150px\" \/><\/a>\n\t\t\t<\/dt><\/dl><br style=\"clear: both\" \/>\n\t\t<\/div>\n<br \/>\n<!-- show up to 2 reviews by default --> <\/p>\n<p>Aktive DVB-T-\/-T2-Indoor-Antenne Fernspeisung (5 V\/30 mA) erfolgt \u00fcber das USB-Fernspeisekabel, z. B. aus dem TV-Ger\u00e4t integriertes Sperrfilter gegen GSM- und LTE- St\u00f6rungen mit USB-Fernspeisekabel. <\/p>\n<p>DVB-T\/-T2-Indoor-Antenne f\u00fcr horizontale und vertikale Polarisation<br \/>\nAktive Antenne mit integriertem Verst\u00e4rker<br \/>\nFernspeisung (5 V\/30 mA) erfolgt \u00fcber das mitgelieferte USB-Fernspeisekabel aus dem angeschlossenen Endger\u00e4t<br \/>\nIntegriertes Sperrfilter gegen GSM- und LTE-St\u00f6rungen<br \/>\nMADE in GERMANY<br \/>\n<div class=\"main-cross-sell\" data-asin=\"B01H43B73Y\">\n\n\t<div class=\"WooZone-cross-sell-loader\">\n\t\t<div>\n\t\t\t<div id=\"floatingBarsG\">\n\t\t\t\t<div class=\"blockG\" id=\"rotateG_01\"><\/div>\n\t\t\t\t<div class=\"blockG\" id=\"rotateG_02\"><\/div>\n\t\t\t\t<div class=\"blockG\" id=\"rotateG_03\"><\/div>\n\t\t\t\t<div class=\"blockG\" id=\"rotateG_04\"><\/div>\n\t\t\t\t<div class=\"blockG\" id=\"rotateG_05\"><\/div>\n\t\t\t\t<div class=\"blockG\" id=\"rotateG_06\"><\/div>\n\t\t\t\t<div class=\"blockG\" id=\"rotateG_07\"><\/div>\n\t\t\t\t<div class=\"blockG\" id=\"rotateG_08\"><\/div>\n\t\t\t<\/div>\n\t\t\t<div class=\"WooZone-cross-sell-loader-text\"><\/div>\n\t\t<\/div>\n\t<\/div>\n\n\t\t\n<\/div>\n<div style=\"clear:both;\"><\/div><\/p>\n","protected":false},"excerpt":{"rendered":"<p>DVB-T\/-T2-Indoor-Antenne f\u00fcr horizontale und vertikale Polarisation<br \/>\nAktive Antenne mit integriertem Verst\u00e4rker<br \/>\nFernspeisung (5 V\/30 mA) erfolgt \u00fcber das mitgelieferte USB-Fernspeisekabel aus dem angeschlossenen Endger\u00e4t<\/p>\n","protected":false},"featured_media":17439,"comment_status":"open","ping_status":"closed","template":"","meta":[],"product_cat":[6948],"product_tag":[],"_links":{"self":[{"href":"https:\/\/camping.webspace.rocks\/index.php?rest_route=\/wp\/v2\/product\/17438"}],"collection":[{"href":"https:\/\/camping.webspace.rocks\/index.php?rest_route=\/wp\/v2\/product"}],"about":[{"href":"https:\/\/camping.webspace.rocks\/index.php?rest_route=\/wp\/v2\/types\/product"}],"replies":[{"embeddable":true,"href":"https:\/\/camping.webspace.rocks\/index.php?rest_route=%2Fwp%2Fv2%2Fcomments&post=17438"}],"version-history":[{"count":1,"href":"https:\/\/camping.webspace.rocks\/index.php?rest_route=\/wp\/v2\/product\/17438\/revisions"}],"predecessor-version":[{"id":18822,"href":"https:\/\/camping.webspace.rocks\/index.php?rest_route=\/wp\/v2\/product\/17438\/revisions\/18822"}],"wp:featuredmedia":[{"embeddable":true,"href":"https:\/\/camping.webspace.rocks\/index.php?rest_route=\/wp\/v2\/media\/17439"}],"wp:attachment":[{"href":"https:\/\/camping.webspace.rocks\/index.php?rest_route=%2Fwp%2Fv2%2Fmedia&parent=17438"}],"wp:term":[{"taxonomy":"product_cat","embeddable":true,"href":"https:\/\/camping.webspace.rocks\/index.php?rest_route=%2Fwp%2Fv2%2Fproduct_cat&post=17438"},{"taxonomy":"product_tag","embeddable":true,"href":"https:\/\/camping.webspace.rocks\/index.php?rest_route=%2Fwp%2Fv2%2Fproduct_tag&post=17438"}],"curies":[{"name":"wp","href":"https:\/\/api.w.org\/{rel}","templated":true}]}}