{"id":17525,"date":"2021-07-29T21:57:51","date_gmt":"2021-07-29T21:57:51","guid":{"rendered":"https:\/\/camping.webspace.rocks\/?product=alphatronics-32409-dvb-t-t2-antenne-an1"},"modified":"2023-04-10T12:49:43","modified_gmt":"2023-04-10T12:49:43","slug":"alphatronics-32409-dvb-t-t2-antenne-an1","status":"publish","type":"product","link":"https:\/\/camping.webspace.rocks\/?product=alphatronics-32409-dvb-t-t2-antenne-an1","title":{"rendered":"Alphatronics 32409 DVB-T\/T2 Antenne AN1"},"content":{"rendered":"<p><!-- show up to 2 reviews by default --> <\/p>\n<p>Aktive DVB-T Miniantenne f\u00fcr die Innen- und Aussenmontage, integrierter rauscharmer Verst\u00e4rker, HDTV kompatibel. Niedriger Stromverbrauch, da Versorgung \u00fcber die Antennenbuchse des TV&#8217;s. <\/p>\n<p>Aktive DVB-T Miniantenne<br \/>\nInnen- und Aussenmontage<br \/>\nNiedriger Stromverbrauch<br \/>\nHDTV kompatibel<br \/>\nintegrierter rauscharmer Verst\u00e4rker<br \/>\n<div class=\"main-cross-sell\" data-asin=\"B004U6WTZO\">\n\n\t<div class=\"WooZone-cross-sell-loader\">\n\t\t<div>\n\t\t\t<div id=\"floatingBarsG\">\n\t\t\t\t<div class=\"blockG\" id=\"rotateG_01\"><\/div>\n\t\t\t\t<div class=\"blockG\" id=\"rotateG_02\"><\/div>\n\t\t\t\t<div class=\"blockG\" id=\"rotateG_03\"><\/div>\n\t\t\t\t<div class=\"blockG\" id=\"rotateG_04\"><\/div>\n\t\t\t\t<div class=\"blockG\" id=\"rotateG_05\"><\/div>\n\t\t\t\t<div class=\"blockG\" id=\"rotateG_06\"><\/div>\n\t\t\t\t<div class=\"blockG\" id=\"rotateG_07\"><\/div>\n\t\t\t\t<div class=\"blockG\" id=\"rotateG_08\"><\/div>\n\t\t\t<\/div>\n\t\t\t<div class=\"WooZone-cross-sell-loader-text\"><\/div>\n\t\t<\/div>\n\t<\/div>\n\n\t\t\n<\/div>\n<div style=\"clear:both;\"><\/div><\/p>\n","protected":false},"excerpt":{"rendered":"<p>Aktive DVB-T Miniantenne<br \/>\nInnen- und Aussenmontage<br \/>\nNiedriger Stromverbrauch<\/p>\n","protected":false},"featured_media":17526,"comment_status":"open","ping_status":"closed","template":"","meta":[],"product_cat":[6948],"product_tag":[],"_links":{"self":[{"href":"https:\/\/camping.webspace.rocks\/index.php?rest_route=\/wp\/v2\/product\/17525"}],"collection":[{"href":"https:\/\/camping.webspace.rocks\/index.php?rest_route=\/wp\/v2\/product"}],"about":[{"href":"https:\/\/camping.webspace.rocks\/index.php?rest_route=\/wp\/v2\/types\/product"}],"replies":[{"embeddable":true,"href":"https:\/\/camping.webspace.rocks\/index.php?rest_route=%2Fwp%2Fv2%2Fcomments&post=17525"}],"version-history":[{"count":1,"href":"https:\/\/camping.webspace.rocks\/index.php?rest_route=\/wp\/v2\/product\/17525\/revisions"}],"predecessor-version":[{"id":18844,"href":"https:\/\/camping.webspace.rocks\/index.php?rest_route=\/wp\/v2\/product\/17525\/revisions\/18844"}],"wp:featuredmedia":[{"embeddable":true,"href":"https:\/\/camping.webspace.rocks\/index.php?rest_route=\/wp\/v2\/media\/17526"}],"wp:attachment":[{"href":"https:\/\/camping.webspace.rocks\/index.php?rest_route=%2Fwp%2Fv2%2Fmedia&parent=17525"}],"wp:term":[{"taxonomy":"product_cat","embeddable":true,"href":"https:\/\/camping.webspace.rocks\/index.php?rest_route=%2Fwp%2Fv2%2Fproduct_cat&post=17525"},{"taxonomy":"product_tag","embeddable":true,"href":"https:\/\/camping.webspace.rocks\/index.php?rest_route=%2Fwp%2Fv2%2Fproduct_tag&post=17525"}],"curies":[{"name":"wp","href":"https:\/\/api.w.org\/{rel}","templated":true}]}}