{"id":17565,"date":"2021-07-29T21:58:09","date_gmt":"2021-07-29T21:58:09","guid":{"rendered":"https:\/\/camping.webspace.rocks\/?product=ampire-ant600-dvb-t-antenne-wasserdicht-mit-fakra-stecker-20db"},"modified":"2023-04-10T12:49:44","modified_gmt":"2023-04-10T12:49:44","slug":"ampire-ant600-dvb-t-antenne-wasserdicht-mit-fakra-stecker-20db","status":"publish","type":"product","link":"https:\/\/camping.webspace.rocks\/?product=ampire-ant600-dvb-t-antenne-wasserdicht-mit-fakra-stecker-20db","title":{"rendered":"Ampire ANT600 DVB-T Antenne wasserdicht mit Fakra Stecker +20dB"},"content":{"rendered":"<p>\n\t\t<style type=\"text\/css\">\n\t\t\t#gallery-1 {\n\t\t\t\tmargin: auto;\n\t\t\t}\n\t\t\t#gallery-1 .gallery-item {\n\t\t\t\tfloat: left;\n\t\t\t\tmargin-top: 10px;\n\t\t\t\ttext-align: center;\n\t\t\t\twidth: 33%;\n\t\t\t}\n\t\t\t#gallery-1 img {\n\t\t\t\tborder: 2px solid #cfcfcf;\n\t\t\t}\n\t\t\t#gallery-1 .gallery-caption {\n\t\t\t\tmargin-left: 0;\n\t\t\t}\n\t\t\t\/* see gallery_shortcode() in wp-includes\/media.php *\/\n\t\t<\/style>\n\t\t<div id='gallery-1' class='gallery galleryid-17565 gallery-columns-3 gallery-size-thumbnail'><dl class='gallery-item'>\n\t\t\t<dt class='gallery-icon landscape'>\n\t\t\t\t<a href='https:\/\/camping.webspace.rocks\/?attachment_id=17566'><img width=\"150\" height=\"150\" src=\"https:\/\/m.media-amazon.com\/images\/I\/41VhQ4srkVL._SS150_.jpg\" class=\"attachment-thumbnail size-thumbnail\" alt=\"\" loading=\"lazy\" srcset=\"https:\/\/m.media-amazon.com\/images\/I\/41VhQ4srkVL._SS150_.jpg 150w, https:\/\/m.media-amazon.com\/images\/I\/41VhQ4srkVL._SS300_.jpg 300w, https:\/\/m.media-amazon.com\/images\/I\/41VhQ4srkVL._SS768_.jpg 768w, https:\/\/m.media-amazon.com\/images\/I\/41VhQ4srkVL._SS1024_.jpg 1024w, https:\/\/m.media-amazon.com\/images\/I\/41VhQ4srkVL._SS1536_.jpg 1536w, https:\/\/m.media-amazon.com\/images\/I\/41VhQ4srkVL._SS2048_.jpg 2048w, https:\/\/m.media-amazon.com\/images\/I\/41VhQ4srkVL._SS1200_.jpg 1200w, https:\/\/m.media-amazon.com\/images\/I\/41VhQ4srkVL._SS600_.jpg 600w, https:\/\/m.media-amazon.com\/images\/I\/41VhQ4srkVL.jpg 500w\" sizes=\"(max-width: 150px) 100vw, 150px\" \/><\/a>\n\t\t\t<\/dt><\/dl><dl class='gallery-item'>\n\t\t\t<dt class='gallery-icon landscape'>\n\t\t\t\t<a href='https:\/\/camping.webspace.rocks\/?attachment_id=17567'><img width=\"150\" height=\"150\" src=\"https:\/\/m.media-amazon.com\/images\/I\/41DgcaAww3L._SS150_.jpg\" class=\"attachment-thumbnail size-thumbnail\" alt=\"\" loading=\"lazy\" srcset=\"https:\/\/m.media-amazon.com\/images\/I\/41DgcaAww3L._SS150_.jpg 150w, https:\/\/m.media-amazon.com\/images\/I\/41DgcaAww3L._SS300_.jpg 300w, https:\/\/m.media-amazon.com\/images\/I\/41DgcaAww3L._SS768_.jpg 768w, https:\/\/m.media-amazon.com\/images\/I\/41DgcaAww3L._SS1024_.jpg 1024w, https:\/\/m.media-amazon.com\/images\/I\/41DgcaAww3L._SS1536_.jpg 1536w, https:\/\/m.media-amazon.com\/images\/I\/41DgcaAww3L._SS2048_.jpg 2048w, https:\/\/m.media-amazon.com\/images\/I\/41DgcaAww3L._SS1200_.jpg 1200w, https:\/\/m.media-amazon.com\/images\/I\/41DgcaAww3L._SS600_.jpg 600w, https:\/\/m.media-amazon.com\/images\/I\/41DgcaAww3L.jpg 500w\" sizes=\"(max-width: 150px) 100vw, 150px\" \/><\/a>\n\t\t\t<\/dt><\/dl>\n\t\t\t<br style='clear: both' \/>\n\t\t<\/div>\n<br \/>\n<!-- show up to 2 reviews by default --> <\/p>\n<p>Aktive DVB-T\/DAB+ Fensterklebeantenne f\u00fcr DVB-T\/DAB+ -Receivern mit 5V Phantomspeisung und FAKRA-BuchseAufgrund des eingebauten Verst\u00e4rkers haben Sie jederzeit und \u00fcberall in Ihrem Fahrzeug einen verbesserten Empfang der Fernsehsignale und eine besser Bildqualit\u00e4t als bei herk\u00f6mmlichen DVB-T\/DAB Antennen. Diese hochwertige aktive DVB-T\/DAB Antenne k\u00f6nnen Sie sehr einfach mit dem an der Unterseite vorgefertigten Klebesstreifen an der Scheibe Ihres Fahrzeuges montieren. Sie ist aus flexiblem Material gefertigt. Somit haben Sie eine wesentlich bessere Qualit\u00e4t als bei herk\u00f6mmliche Standantennen.<\/p>\n<p><b>Hinweis:<\/b><br \/>Zur vertikalen Montage in Front-, Heck- und Seitenscheiben geeignet <\/p>\n<p><b>Technische Daten<\/b> <br \/>&#8211; Abmessung: Antenne: 200 x 16 x 5mm (LxBxH), Kabell\u00e4nge: 550cm <br \/>&#8211; Kabelanschluss mit wasserblauer FAKRA-Buchse und universeller Z-Kodierung <br \/>&#8211; Kabeltyp RG164 Low-Loss, schwarz <br \/>&#8211; Frequenzbereich: UHF 470MHz bis 860MHz <br \/>&#8211; Frequenzbereich: VHF-H 170-230MHz <br \/>&#8211; wasserdicht <br \/>&#8211; Eingebauter Vorverst\u00e4rker und Filter mit +20dB Gewinn <br \/>&#8211; Betriebsspannung: 5 Volt DC <br \/>&#8211; Stromverbrauch: 35mA <br \/>&#8211; Betriebstemperatur: -30\u00b0C bis 80\u00b0C <br \/>&#8211; Antennentyp: DVB-T <br \/>&#8211; Befestigung: Klebebefestigung <\/p>\n<p><b>Lieferumfang<\/b> <br \/>&#8211; 1x DVB-T Antenne (Aktiv) <\/p>\n<p>Geben Sie Ihr Modell ein, um sicherzustellen, dass dieser Artikel passt.<br \/>\nPlug&amp;Play Montage<br \/>\nGeeignet f\u00fcr DAB und DAB+ Radioempfang<br \/>\nKompakte Abmessungen<br \/>\nWasserdicht | F\u00fcr 5V Phantomspeisung<br \/>\nEingebauter Vorverst\u00e4rker und Filter<br \/>\n<div class=\"main-cross-sell\" data-asin=\"B00HVZMSLG\">\n\n\t<div class=\"WooZone-cross-sell-loader\">\n\t\t<div>\n\t\t\t<div id=\"floatingBarsG\">\n\t\t\t\t<div class=\"blockG\" id=\"rotateG_01\"><\/div>\n\t\t\t\t<div class=\"blockG\" id=\"rotateG_02\"><\/div>\n\t\t\t\t<div class=\"blockG\" id=\"rotateG_03\"><\/div>\n\t\t\t\t<div class=\"blockG\" id=\"rotateG_04\"><\/div>\n\t\t\t\t<div class=\"blockG\" id=\"rotateG_05\"><\/div>\n\t\t\t\t<div class=\"blockG\" id=\"rotateG_06\"><\/div>\n\t\t\t\t<div class=\"blockG\" id=\"rotateG_07\"><\/div>\n\t\t\t\t<div class=\"blockG\" id=\"rotateG_08\"><\/div>\n\t\t\t<\/div>\n\t\t\t<div class=\"WooZone-cross-sell-loader-text\"><\/div>\n\t\t<\/div>\n\t<\/div>\n\n\t\t\n<\/div>\n<div style=\"clear:both;\"><\/div><\/p>\n","protected":false},"excerpt":{"rendered":"<p>Geben Sie Ihr Modell ein, um sicherzustellen, dass dieser Artikel passt.<br \/>\nPlug&amp;Play Montage<br \/>\nGeeignet f\u00fcr DAB und DAB+ Radioempfang<\/p>\n","protected":false},"featured_media":17566,"comment_status":"open","ping_status":"closed","template":"","meta":[],"product_cat":[6948],"product_tag":[],"_links":{"self":[{"href":"https:\/\/camping.webspace.rocks\/index.php?rest_route=\/wp\/v2\/product\/17565"}],"collection":[{"href":"https:\/\/camping.webspace.rocks\/index.php?rest_route=\/wp\/v2\/product"}],"about":[{"href":"https:\/\/camping.webspace.rocks\/index.php?rest_route=\/wp\/v2\/types\/product"}],"replies":[{"embeddable":true,"href":"https:\/\/camping.webspace.rocks\/index.php?rest_route=%2Fwp%2Fv2%2Fcomments&post=17565"}],"version-history":[{"count":1,"href":"https:\/\/camping.webspace.rocks\/index.php?rest_route=\/wp\/v2\/product\/17565\/revisions"}],"predecessor-version":[{"id":18855,"href":"https:\/\/camping.webspace.rocks\/index.php?rest_route=\/wp\/v2\/product\/17565\/revisions\/18855"}],"wp:featuredmedia":[{"embeddable":true,"href":"https:\/\/camping.webspace.rocks\/index.php?rest_route=\/wp\/v2\/media\/17566"}],"wp:attachment":[{"href":"https:\/\/camping.webspace.rocks\/index.php?rest_route=%2Fwp%2Fv2%2Fmedia&parent=17565"}],"wp:term":[{"taxonomy":"product_cat","embeddable":true,"href":"https:\/\/camping.webspace.rocks\/index.php?rest_route=%2Fwp%2Fv2%2Fproduct_cat&post=17565"},{"taxonomy":"product_tag","embeddable":true,"href":"https:\/\/camping.webspace.rocks\/index.php?rest_route=%2Fwp%2Fv2%2Fproduct_tag&post=17565"}],"curies":[{"name":"wp","href":"https:\/\/api.w.org\/{rel}","templated":true}]}}