{"id":17709,"date":"2021-07-29T22:03:10","date_gmt":"2021-07-29T22:03:10","guid":{"rendered":"https:\/\/camping.webspace.rocks\/?product=maxview-sat-anlage-omnisat-vuqube-auto-ii"},"modified":"2023-04-10T12:49:48","modified_gmt":"2023-04-10T12:49:48","slug":"maxview-sat-anlage-omnisat-vuqube-auto-ii","status":"publish","type":"product","link":"https:\/\/camping.webspace.rocks\/?product=maxview-sat-anlage-omnisat-vuqube-auto-ii","title":{"rendered":"Maxview Sat-Anlage Omnisat VuQube Auto II"},"content":{"rendered":"<p>\n\t\t<style type=\"text\/css\">\n\t\t\t#gallery-1 {\n\t\t\t\tmargin: auto;\n\t\t\t}\n\t\t\t#gallery-1 .gallery-item {\n\t\t\t\tfloat: left;\n\t\t\t\tmargin-top: 10px;\n\t\t\t\ttext-align: center;\n\t\t\t\twidth: 33%;\n\t\t\t}\n\t\t\t#gallery-1 img {\n\t\t\t\tborder: 2px solid #cfcfcf;\n\t\t\t}\n\t\t\t#gallery-1 .gallery-caption {\n\t\t\t\tmargin-left: 0;\n\t\t\t}\n\t\t\t\/* see gallery_shortcode() in wp-includes\/media.php *\/\n\t\t<\/style>\n\t\t<div id='gallery-1' class='gallery galleryid-17709 gallery-columns-3 gallery-size-thumbnail'><dl class='gallery-item'>\n\t\t\t<dt class='gallery-icon landscape'>\n\t\t\t\t<a href='https:\/\/camping.webspace.rocks\/?attachment_id=17710'><img width=\"150\" height=\"150\" src=\"https:\/\/m.media-amazon.com\/images\/I\/31wL0sAoKxL._SS150_.jpg\" class=\"attachment-thumbnail size-thumbnail\" alt=\"\" loading=\"lazy\" srcset=\"https:\/\/m.media-amazon.com\/images\/I\/31wL0sAoKxL._SS150_.jpg 150w, https:\/\/m.media-amazon.com\/images\/I\/31wL0sAoKxL._SS300_.jpg 300w, https:\/\/m.media-amazon.com\/images\/I\/31wL0sAoKxL._SS768_.jpg 768w, https:\/\/m.media-amazon.com\/images\/I\/31wL0sAoKxL._SS1024_.jpg 1024w, https:\/\/m.media-amazon.com\/images\/I\/31wL0sAoKxL._SS1536_.jpg 1536w, https:\/\/m.media-amazon.com\/images\/I\/31wL0sAoKxL._SS2048_.jpg 2048w, https:\/\/m.media-amazon.com\/images\/I\/31wL0sAoKxL._SS1200_.jpg 1200w, https:\/\/m.media-amazon.com\/images\/I\/31wL0sAoKxL._SS600_.jpg 600w, https:\/\/m.media-amazon.com\/images\/I\/31wL0sAoKxL.jpg 500w\" sizes=\"(max-width: 150px) 100vw, 150px\" \/><\/a>\n\t\t\t<\/dt><\/dl><dl class='gallery-item'>\n\t\t\t<dt class='gallery-icon landscape'>\n\t\t\t\t<a href='https:\/\/camping.webspace.rocks\/?attachment_id=17711'><img width=\"150\" height=\"150\" src=\"https:\/\/m.media-amazon.com\/images\/I\/31NEZlk1A-L._SS150_.jpg\" class=\"attachment-thumbnail size-thumbnail\" alt=\"\" loading=\"lazy\" srcset=\"https:\/\/m.media-amazon.com\/images\/I\/31NEZlk1A-L._SS150_.jpg 150w, https:\/\/m.media-amazon.com\/images\/I\/31NEZlk1A-L._SS300_.jpg 300w, https:\/\/m.media-amazon.com\/images\/I\/31NEZlk1A-L._SS768_.jpg 768w, https:\/\/m.media-amazon.com\/images\/I\/31NEZlk1A-L._SS1024_.jpg 1024w, https:\/\/m.media-amazon.com\/images\/I\/31NEZlk1A-L._SS1536_.jpg 1536w, https:\/\/m.media-amazon.com\/images\/I\/31NEZlk1A-L._SS2048_.jpg 2048w, https:\/\/m.media-amazon.com\/images\/I\/31NEZlk1A-L._SS1200_.jpg 1200w, https:\/\/m.media-amazon.com\/images\/I\/31NEZlk1A-L._SS600_.jpg 600w, https:\/\/m.media-amazon.com\/images\/I\/31NEZlk1A-L.jpg 500w\" sizes=\"(max-width: 150px) 100vw, 150px\" \/><\/a>\n\t\t\t<\/dt><\/dl><dl class='gallery-item'>\n\t\t\t<dt class='gallery-icon landscape'>\n\t\t\t\t<a href='https:\/\/camping.webspace.rocks\/?attachment_id=17712'><img width=\"150\" height=\"150\" src=\"https:\/\/m.media-amazon.com\/images\/I\/41L78Q0iWIL._SS150_.jpg\" class=\"attachment-thumbnail size-thumbnail\" alt=\"\" loading=\"lazy\" srcset=\"https:\/\/m.media-amazon.com\/images\/I\/41L78Q0iWIL._SS150_.jpg 150w, https:\/\/m.media-amazon.com\/images\/I\/41L78Q0iWIL._SS300_.jpg 300w, https:\/\/m.media-amazon.com\/images\/I\/41L78Q0iWIL._SS768_.jpg 768w, https:\/\/m.media-amazon.com\/images\/I\/41L78Q0iWIL._SS1024_.jpg 1024w, https:\/\/m.media-amazon.com\/images\/I\/41L78Q0iWIL._SS1536_.jpg 1536w, https:\/\/m.media-amazon.com\/images\/I\/41L78Q0iWIL._SS2048_.jpg 2048w, https:\/\/m.media-amazon.com\/images\/I\/41L78Q0iWIL._SS1200_.jpg 1200w, https:\/\/m.media-amazon.com\/images\/I\/41L78Q0iWIL._SS600_.jpg 600w, https:\/\/m.media-amazon.com\/images\/I\/41L78Q0iWIL.jpg 500w\" sizes=\"(max-width: 150px) 100vw, 150px\" \/><\/a>\n\t\t\t<\/dt><\/dl><br style=\"clear: both\" \/>\n\t\t<\/div>\n<br \/>\n<!-- show up to 2 reviews by default --> <\/p>\n<p>Die vollautomatische receiverunabh\u00e4ngige VuQube Auto II besticht durch Ihr au\u00dfergew\u00f6hnliches Design, geringes Gewicht und die kompakte Bauform. Ein Tastendruck gen\u00fcgt und sie richtet sich innerhalb von 60 \u2013 90 Sekunden selbst\u00e4ndig auf den gew\u00fcnschten Satelliten aus; dieser wird \u00fcber ein externes Steuerelement vom Inneren des Fahrzeuges aus bequem angew\u00e4hlt. Alles andere \u00fcbernimmt die Anlage. Sie ist vorprogrammiert auf Astra 1, Astra 2, Astra 3 und Hotbird. Mit dem leistungsstarken Cassegrain-Spiegel (\u00f8 35 cm) und extra f\u00fcr diese Sat-Antenne entwickelten Subreflektor entspricht sie circa der Empfangsst\u00e4rke einer Flachantenne. Sie liefert einwandfreie Fernsehbilder in den benachbarten Urlaubsl\u00e4ndern und in Gro\u00dfbritannien und bietet sie mit ihrem Twin-LNB die M\u00f6glichkeit zum Anschluss eines 2. unabh\u00e4ngigen Receivers. M\u00f6gliche Unebenheiten im Boden gleicht die VuQubeAuto II automatisch aus und sie kann au\u00dferdem in jeder Lage transportiert werden. Mit den optional erh\u00e4ltlichen Dachbefestigungssets (Art. -Nr. 72 316, 72 319) kann die Anlage auch fest auf dem Fahrzeugdach montiert werden. Technische Daten: Twin Universal LNB Spannung 12 Volt Stromaufnahme im Betrieb 0, 6 Amp\u00e8re Drehwinkel 380\u00b0 Ma\u00dfe B 49 x T 43 x H 34 cm Gewicht der Au\u00dfeneinheit 3, 5 kg Ma\u00dfe Bedienteil B 13 x T 8, 5 x H 3 cm Kein Software-Update notwendig \u2013 Antenne funktioniert immer alarmgesichert Lieferumfang: 0, 7 m Koax-Kabel 10 m Koax-Kabel Bedienteil Anschlusskabel (mit Stecker) 12 Volt Netzadapter 230 Volt Spannung: 12 V Spiegelgr\u00f6\u00dfe: 38, 5 cm Vorprogrammierte Satelliten: Astra 1, Astra 2, Astra 3 und Hotbird vollautomatische Ausrichtung: Ein Tastendruck gen\u00fcgt und sie richtet sich innerhalb von 60 \u2013 90 Sekunden selbst\u00e4ndig auf den gew\u00fcnschten Satelliten aus Bedienteil: Bedienter Ma\u00dfe (B x T x H): 49 \u00d7 43 \u00d7 34 cm Gewicht: 3, 5 kg. <\/p>\n<p>Geben Sie Ihr Modell ein, um sicherzustellen, dass dieser Artikel passt.<br \/>\nF\u00fcr TV -und Radioempfang via Satellit<br \/>\nEmpf\u00e4ngt vier Satelliten Astra1, Astra2, Astra3 und Hotbird<br \/>\nEin Tastendruck gen\u00fcgt und die VuQube II startet die Suche des gew\u00fcnschten Satelliten<br \/>\nPortable Sat-Antenne auch f\u00fcr die feste Montage geeignet<br \/>\nArbeitet receiverunabh\u00e4ngig<br \/>\nVorprogrammiert auf Astra 1, Astra 2, Astra 3 und Hotbird<br \/>\nBei \u00c4nderung der Suchkriterien ist kein Software-Update notwendig<br \/>\n<div class=\"main-cross-sell\" data-asin=\"B015TCCYJ8\">\n\n\t<div class=\"WooZone-cross-sell-loader\">\n\t\t<div>\n\t\t\t<div id=\"floatingBarsG\">\n\t\t\t\t<div class=\"blockG\" id=\"rotateG_01\"><\/div>\n\t\t\t\t<div class=\"blockG\" id=\"rotateG_02\"><\/div>\n\t\t\t\t<div class=\"blockG\" id=\"rotateG_03\"><\/div>\n\t\t\t\t<div class=\"blockG\" id=\"rotateG_04\"><\/div>\n\t\t\t\t<div class=\"blockG\" id=\"rotateG_05\"><\/div>\n\t\t\t\t<div class=\"blockG\" id=\"rotateG_06\"><\/div>\n\t\t\t\t<div class=\"blockG\" id=\"rotateG_07\"><\/div>\n\t\t\t\t<div class=\"blockG\" id=\"rotateG_08\"><\/div>\n\t\t\t<\/div>\n\t\t\t<div class=\"WooZone-cross-sell-loader-text\"><\/div>\n\t\t<\/div>\n\t<\/div>\n\n\t\t\n<\/div>\n<div style=\"clear:both;\"><\/div><\/p>\n","protected":false},"excerpt":{"rendered":"<p>Geben Sie Ihr Modell ein, um sicherzustellen, dass dieser Artikel passt.<br \/>\nF\u00fcr TV -und Radioempfang via Satellit<br \/>\nEmpf\u00e4ngt vier Satelliten Astra1, Astra2, Astra3 und Hotbird<\/p>\n","protected":false},"featured_media":17710,"comment_status":"open","ping_status":"closed","template":"","meta":[],"product_cat":[6949],"product_tag":[],"_links":{"self":[{"href":"https:\/\/camping.webspace.rocks\/index.php?rest_route=\/wp\/v2\/product\/17709"}],"collection":[{"href":"https:\/\/camping.webspace.rocks\/index.php?rest_route=\/wp\/v2\/product"}],"about":[{"href":"https:\/\/camping.webspace.rocks\/index.php?rest_route=\/wp\/v2\/types\/product"}],"replies":[{"embeddable":true,"href":"https:\/\/camping.webspace.rocks\/index.php?rest_route=%2Fwp%2Fv2%2Fcomments&post=17709"}],"version-history":[{"count":1,"href":"https:\/\/camping.webspace.rocks\/index.php?rest_route=\/wp\/v2\/product\/17709\/revisions"}],"predecessor-version":[{"id":18892,"href":"https:\/\/camping.webspace.rocks\/index.php?rest_route=\/wp\/v2\/product\/17709\/revisions\/18892"}],"wp:featuredmedia":[{"embeddable":true,"href":"https:\/\/camping.webspace.rocks\/index.php?rest_route=\/wp\/v2\/media\/17710"}],"wp:attachment":[{"href":"https:\/\/camping.webspace.rocks\/index.php?rest_route=%2Fwp%2Fv2%2Fmedia&parent=17709"}],"wp:term":[{"taxonomy":"product_cat","embeddable":true,"href":"https:\/\/camping.webspace.rocks\/index.php?rest_route=%2Fwp%2Fv2%2Fproduct_cat&post=17709"},{"taxonomy":"product_tag","embeddable":true,"href":"https:\/\/camping.webspace.rocks\/index.php?rest_route=%2Fwp%2Fv2%2Fproduct_tag&post=17709"}],"curies":[{"name":"wp","href":"https:\/\/api.w.org\/{rel}","templated":true}]}}