{"id":17941,"date":"2021-07-30T08:35:32","date_gmt":"2021-07-30T08:35:32","guid":{"rendered":"https:\/\/camping.webspace.rocks\/?product=salomon-unisex-kinder-xa-pro-3d-j-traillaufschuhe"},"modified":"2023-04-09T10:43:25","modified_gmt":"2023-04-09T10:43:25","slug":"salomon-unisex-kinder-xa-pro-3d-j-traillaufschuhe","status":"publish","type":"product","link":"https:\/\/camping.webspace.rocks\/?product=salomon-unisex-kinder-xa-pro-3d-j-traillaufschuhe","title":{"rendered":"Salomon XA Pro 3D Junior Kinder Trailrunning-Schuhe, Gr\u00fcn (Olive Night\/Safari\/Rooibos Tea), 34 EU"},"content":{"rendered":"<p>\n\t\t<style type=\"text\/css\">\n\t\t\t#gallery-1 {\n\t\t\t\tmargin: auto;\n\t\t\t}\n\t\t\t#gallery-1 .gallery-item {\n\t\t\t\tfloat: left;\n\t\t\t\tmargin-top: 10px;\n\t\t\t\ttext-align: center;\n\t\t\t\twidth: 33%;\n\t\t\t}\n\t\t\t#gallery-1 img {\n\t\t\t\tborder: 2px solid #cfcfcf;\n\t\t\t}\n\t\t\t#gallery-1 .gallery-caption {\n\t\t\t\tmargin-left: 0;\n\t\t\t}\n\t\t\t\/* see gallery_shortcode() in wp-includes\/media.php *\/\n\t\t<\/style>\n\t\t<div id='gallery-1' class='gallery galleryid-17941 gallery-columns-3 gallery-size-thumbnail'><dl class='gallery-item'>\n\t\t\t<dt class='gallery-icon landscape'>\n\t\t\t\t<a href='https:\/\/camping.webspace.rocks\/?attachment_id=17942'><img width=\"150\" height=\"150\" src=\"https:\/\/m.media-amazon.com\/images\/I\/41PLr-4kVdL._SS150_.jpg\" class=\"attachment-thumbnail size-thumbnail\" alt=\"\" loading=\"lazy\" srcset=\"https:\/\/m.media-amazon.com\/images\/I\/41PLr-4kVdL._SS150_.jpg 150w, https:\/\/m.media-amazon.com\/images\/I\/41PLr-4kVdL._SS300_.jpg 300w, https:\/\/m.media-amazon.com\/images\/I\/41PLr-4kVdL._SS768_.jpg 768w, https:\/\/m.media-amazon.com\/images\/I\/41PLr-4kVdL._SS1024_.jpg 1024w, https:\/\/m.media-amazon.com\/images\/I\/41PLr-4kVdL._SS1536_.jpg 1536w, https:\/\/m.media-amazon.com\/images\/I\/41PLr-4kVdL._SS2048_.jpg 2048w, https:\/\/m.media-amazon.com\/images\/I\/41PLr-4kVdL._SS1200_.jpg 1200w, https:\/\/m.media-amazon.com\/images\/I\/41PLr-4kVdL._SS600_.jpg 600w, https:\/\/m.media-amazon.com\/images\/I\/41PLr-4kVdL.jpg 500w\" sizes=\"(max-width: 150px) 100vw, 150px\" \/><\/a>\n\t\t\t<\/dt><\/dl><dl class='gallery-item'>\n\t\t\t<dt class='gallery-icon landscape'>\n\t\t\t\t<a href='https:\/\/camping.webspace.rocks\/?attachment_id=17943'><img width=\"150\" height=\"150\" src=\"https:\/\/m.media-amazon.com\/images\/I\/41t-UVLTveL._SS150_.jpg\" class=\"attachment-thumbnail size-thumbnail\" alt=\"\" loading=\"lazy\" srcset=\"https:\/\/m.media-amazon.com\/images\/I\/41t-UVLTveL._SS150_.jpg 150w, https:\/\/m.media-amazon.com\/images\/I\/41t-UVLTveL._SS300_.jpg 300w, https:\/\/m.media-amazon.com\/images\/I\/41t-UVLTveL._SS768_.jpg 768w, https:\/\/m.media-amazon.com\/images\/I\/41t-UVLTveL._SS1024_.jpg 1024w, https:\/\/m.media-amazon.com\/images\/I\/41t-UVLTveL._SS1536_.jpg 1536w, https:\/\/m.media-amazon.com\/images\/I\/41t-UVLTveL._SS2048_.jpg 2048w, https:\/\/m.media-amazon.com\/images\/I\/41t-UVLTveL._SS1200_.jpg 1200w, https:\/\/m.media-amazon.com\/images\/I\/41t-UVLTveL._SS600_.jpg 600w, https:\/\/m.media-amazon.com\/images\/I\/41t-UVLTveL.jpg 500w\" sizes=\"(max-width: 150px) 100vw, 150px\" \/><\/a>\n\t\t\t<\/dt><\/dl><dl class='gallery-item'>\n\t\t\t<dt class='gallery-icon landscape'>\n\t\t\t\t<a href='https:\/\/camping.webspace.rocks\/?attachment_id=17944'><img width=\"150\" height=\"150\" src=\"https:\/\/m.media-amazon.com\/images\/I\/41HxA48sMCL._SS150_.jpg\" class=\"attachment-thumbnail size-thumbnail\" alt=\"\" loading=\"lazy\" srcset=\"https:\/\/m.media-amazon.com\/images\/I\/41HxA48sMCL._SS150_.jpg 150w, https:\/\/m.media-amazon.com\/images\/I\/41HxA48sMCL._SS300_.jpg 300w, https:\/\/m.media-amazon.com\/images\/I\/41HxA48sMCL._SS768_.jpg 768w, https:\/\/m.media-amazon.com\/images\/I\/41HxA48sMCL._SS1024_.jpg 1024w, https:\/\/m.media-amazon.com\/images\/I\/41HxA48sMCL._SS1536_.jpg 1536w, https:\/\/m.media-amazon.com\/images\/I\/41HxA48sMCL._SS2048_.jpg 2048w, https:\/\/m.media-amazon.com\/images\/I\/41HxA48sMCL._SS1200_.jpg 1200w, https:\/\/m.media-amazon.com\/images\/I\/41HxA48sMCL._SS600_.jpg 600w, https:\/\/m.media-amazon.com\/images\/I\/41HxA48sMCL.jpg 500w\" sizes=\"(max-width: 150px) 100vw, 150px\" \/><\/a>\n\t\t\t<\/dt><\/dl><br style=\"clear: both\" \/>\n\t\t<\/div>\n<br \/>\n<!-- show up to 2 reviews by default --> <\/p>\n<p>XA PRO 3D Der XA PRO 3D ist ein richtiges Multitalent und macht Lust auf Drau\u00dfen. Der robust verarbeitete Outdoorschuh ist durch sein atmungsaktives Mesh-Material und der antimikrobiellen agion-Technologie bestens geeignet f\u00fcr sportliche Abendteuer. Die verbesserte Contagrip-Au\u00dfensohle bietet extra starken Halt sowie Zehen- und Fersenschutz, wodurch Sie so gut wie jedem Untergrund trotzen k\u00f6nnen. Zudem bietet die optimale Passform und das Quicklace-Schn\u00fcrsystem Stabilit\u00e4t und ein angenehmes Tragegef\u00fchl. <\/p>\n<p>Obermaterial: Synthetisch<br \/>\nInnenmaterial: Synthetic<br \/>\nSohle: Gummi<br \/>\nVerschluss: Schnellverschluss<br \/>\nSchuhweite: Schmal<br \/>\nNicht wasserdicht<br \/>\n<div class=\"main-cross-sell\" data-asin=\"B08C9Y61CZ\">\n\n\t<div class=\"WooZone-cross-sell-loader\">\n\t\t<div>\n\t\t\t<div id=\"floatingBarsG\">\n\t\t\t\t<div class=\"blockG\" id=\"rotateG_01\"><\/div>\n\t\t\t\t<div class=\"blockG\" id=\"rotateG_02\"><\/div>\n\t\t\t\t<div class=\"blockG\" id=\"rotateG_03\"><\/div>\n\t\t\t\t<div class=\"blockG\" id=\"rotateG_04\"><\/div>\n\t\t\t\t<div class=\"blockG\" id=\"rotateG_05\"><\/div>\n\t\t\t\t<div class=\"blockG\" id=\"rotateG_06\"><\/div>\n\t\t\t\t<div class=\"blockG\" id=\"rotateG_07\"><\/div>\n\t\t\t\t<div class=\"blockG\" id=\"rotateG_08\"><\/div>\n\t\t\t<\/div>\n\t\t\t<div class=\"WooZone-cross-sell-loader-text\"><\/div>\n\t\t<\/div>\n\t<\/div>\n\n\t\t\n<\/div>\n<div style=\"clear:both;\"><\/div><\/p>\n","protected":false},"excerpt":{"rendered":"<p>Obermaterial: Synthetisch<br \/>\nInnenmaterial: Synthetic<br \/>\nSohle: Gummi<\/p>\n","protected":false},"featured_media":17942,"comment_status":"open","ping_status":"closed","template":"","meta":[],"product_cat":[7072,7073],"product_tag":[],"_links":{"self":[{"href":"https:\/\/camping.webspace.rocks\/index.php?rest_route=\/wp\/v2\/product\/17941"}],"collection":[{"href":"https:\/\/camping.webspace.rocks\/index.php?rest_route=\/wp\/v2\/product"}],"about":[{"href":"https:\/\/camping.webspace.rocks\/index.php?rest_route=\/wp\/v2\/types\/product"}],"replies":[{"embeddable":true,"href":"https:\/\/camping.webspace.rocks\/index.php?rest_route=%2Fwp%2Fv2%2Fcomments&post=17941"}],"version-history":[{"count":2,"href":"https:\/\/camping.webspace.rocks\/index.php?rest_route=\/wp\/v2\/product\/17941\/revisions"}],"predecessor-version":[{"id":19324,"href":"https:\/\/camping.webspace.rocks\/index.php?rest_route=\/wp\/v2\/product\/17941\/revisions\/19324"}],"wp:featuredmedia":[{"embeddable":true,"href":"https:\/\/camping.webspace.rocks\/index.php?rest_route=\/wp\/v2\/media\/17942"}],"wp:attachment":[{"href":"https:\/\/camping.webspace.rocks\/index.php?rest_route=%2Fwp%2Fv2%2Fmedia&parent=17941"}],"wp:term":[{"taxonomy":"product_cat","embeddable":true,"href":"https:\/\/camping.webspace.rocks\/index.php?rest_route=%2Fwp%2Fv2%2Fproduct_cat&post=17941"},{"taxonomy":"product_tag","embeddable":true,"href":"https:\/\/camping.webspace.rocks\/index.php?rest_route=%2Fwp%2Fv2%2Fproduct_tag&post=17941"}],"curies":[{"name":"wp","href":"https:\/\/api.w.org\/{rel}","templated":true}]}}