{"id":17957,"date":"2021-07-30T08:35:38","date_gmt":"2021-07-30T08:35:38","guid":{"rendered":"https:\/\/camping.webspace.rocks\/?product=lowa-ferrox-pro-gtx-lo"},"modified":"2023-04-09T10:43:25","modified_gmt":"2023-04-09T10:43:25","slug":"lowa-ferrox-pro-gtx-lo","status":"publish","type":"product","link":"https:\/\/camping.webspace.rocks\/?product=lowa-ferrox-pro-gtx-lo","title":{"rendered":"LOWA Ferrox Pro GTX Herren Wanderschuhe"},"content":{"rendered":"<p>\n\t\t<style type=\"text\/css\">\n\t\t\t#gallery-1 {\n\t\t\t\tmargin: auto;\n\t\t\t}\n\t\t\t#gallery-1 .gallery-item {\n\t\t\t\tfloat: left;\n\t\t\t\tmargin-top: 10px;\n\t\t\t\ttext-align: center;\n\t\t\t\twidth: 33%;\n\t\t\t}\n\t\t\t#gallery-1 img {\n\t\t\t\tborder: 2px solid #cfcfcf;\n\t\t\t}\n\t\t\t#gallery-1 .gallery-caption {\n\t\t\t\tmargin-left: 0;\n\t\t\t}\n\t\t\t\/* see gallery_shortcode() in wp-includes\/media.php *\/\n\t\t<\/style>\n\t\t<div id='gallery-1' class='gallery galleryid-17957 gallery-columns-3 gallery-size-thumbnail'><dl class='gallery-item'>\n\t\t\t<dt class='gallery-icon landscape'>\n\t\t\t\t<a href='https:\/\/camping.webspace.rocks\/?attachment_id=17958'><img width=\"150\" height=\"150\" src=\"https:\/\/m.media-amazon.com\/images\/I\/41XflnD4DnL._SS150_.jpg\" class=\"attachment-thumbnail size-thumbnail\" alt=\"\" loading=\"lazy\" srcset=\"https:\/\/m.media-amazon.com\/images\/I\/41XflnD4DnL._SS150_.jpg 150w, https:\/\/m.media-amazon.com\/images\/I\/41XflnD4DnL._SS300_.jpg 300w, https:\/\/m.media-amazon.com\/images\/I\/41XflnD4DnL._SS768_.jpg 768w, https:\/\/m.media-amazon.com\/images\/I\/41XflnD4DnL._SS1024_.jpg 1024w, https:\/\/m.media-amazon.com\/images\/I\/41XflnD4DnL._SS1536_.jpg 1536w, https:\/\/m.media-amazon.com\/images\/I\/41XflnD4DnL._SS2048_.jpg 2048w, https:\/\/m.media-amazon.com\/images\/I\/41XflnD4DnL._SS1200_.jpg 1200w, https:\/\/m.media-amazon.com\/images\/I\/41XflnD4DnL._SS600_.jpg 600w, https:\/\/m.media-amazon.com\/images\/I\/41XflnD4DnL.jpg 500w\" sizes=\"(max-width: 150px) 100vw, 150px\" \/><\/a>\n\t\t\t<\/dt><\/dl><dl class='gallery-item'>\n\t\t\t<dt class='gallery-icon landscape'>\n\t\t\t\t<a href='https:\/\/camping.webspace.rocks\/?attachment_id=17959'><img width=\"150\" height=\"150\" src=\"https:\/\/m.media-amazon.com\/images\/I\/41Gv185AbwL._SS150_.jpg\" class=\"attachment-thumbnail size-thumbnail\" alt=\"\" loading=\"lazy\" srcset=\"https:\/\/m.media-amazon.com\/images\/I\/41Gv185AbwL._SS150_.jpg 150w, https:\/\/m.media-amazon.com\/images\/I\/41Gv185AbwL._SS300_.jpg 300w, https:\/\/m.media-amazon.com\/images\/I\/41Gv185AbwL._SS768_.jpg 768w, https:\/\/m.media-amazon.com\/images\/I\/41Gv185AbwL._SS1024_.jpg 1024w, https:\/\/m.media-amazon.com\/images\/I\/41Gv185AbwL._SS1536_.jpg 1536w, https:\/\/m.media-amazon.com\/images\/I\/41Gv185AbwL._SS2048_.jpg 2048w, https:\/\/m.media-amazon.com\/images\/I\/41Gv185AbwL._SS1200_.jpg 1200w, https:\/\/m.media-amazon.com\/images\/I\/41Gv185AbwL._SS600_.jpg 600w, https:\/\/m.media-amazon.com\/images\/I\/41Gv185AbwL.jpg 500w\" sizes=\"(max-width: 150px) 100vw, 150px\" \/><\/a>\n\t\t\t<\/dt><\/dl><dl class='gallery-item'>\n\t\t\t<dt class='gallery-icon landscape'>\n\t\t\t\t<a href='https:\/\/camping.webspace.rocks\/?attachment_id=17960'><img width=\"150\" height=\"150\" src=\"https:\/\/m.media-amazon.com\/images\/I\/41Wsxk-qEqL._SS150_.jpg\" class=\"attachment-thumbnail size-thumbnail\" alt=\"\" loading=\"lazy\" srcset=\"https:\/\/m.media-amazon.com\/images\/I\/41Wsxk-qEqL._SS150_.jpg 150w, https:\/\/m.media-amazon.com\/images\/I\/41Wsxk-qEqL._SS300_.jpg 300w, https:\/\/m.media-amazon.com\/images\/I\/41Wsxk-qEqL._SS768_.jpg 768w, https:\/\/m.media-amazon.com\/images\/I\/41Wsxk-qEqL._SS1024_.jpg 1024w, https:\/\/m.media-amazon.com\/images\/I\/41Wsxk-qEqL._SS1536_.jpg 1536w, https:\/\/m.media-amazon.com\/images\/I\/41Wsxk-qEqL._SS2048_.jpg 2048w, https:\/\/m.media-amazon.com\/images\/I\/41Wsxk-qEqL._SS1200_.jpg 1200w, https:\/\/m.media-amazon.com\/images\/I\/41Wsxk-qEqL._SS600_.jpg 600w, https:\/\/m.media-amazon.com\/images\/I\/41Wsxk-qEqL.jpg 500w\" sizes=\"(max-width: 150px) 100vw, 150px\" \/><\/a>\n\t\t\t<\/dt><\/dl><br style=\"clear: both\" \/>\n\t\t<\/div>\n<br \/>\n<!-- show up to 2 reviews by default --> <\/p>\n<p>Sportlich und dynamisch ? mit dem FERROX PRO GTX LO sind Outdoor-Sportler perfekt f\u00fcr ihr n\u00e4chstes Abenteuer ger\u00fcstet. Dank der Zwischensohle aus DynaPU ist der Schuh optimal ged\u00e4mpft, w\u00e4hrend die LOWA-MONOWRAP -Konstruktion f\u00fcr eine optimale Fu\u00df-F\u00fchrung sorgt. Aber auch im Alltag gl\u00e4nzt der stylische Sportschuh als optimaler Begleiter. <\/p>\n<p>Obermaterial: Gummi<br \/>\nInnenmaterial: Synthetik<br \/>\nSohle: Gummi<br \/>\nVerschluss: Schnalle<br \/>\nAbsatzform: Kein Absatz<br \/>\nMaterialzusammensetzung: Synthetik, Gore-Tex<br \/>\nSchuhweite: Schmal<br \/>\nWasserabweisend<br \/>\n<div class=\"main-cross-sell\" data-asin=\"B07NQPFQD7\">\n\n\t<div class=\"WooZone-cross-sell-loader\">\n\t\t<div>\n\t\t\t<div id=\"floatingBarsG\">\n\t\t\t\t<div class=\"blockG\" id=\"rotateG_01\"><\/div>\n\t\t\t\t<div class=\"blockG\" id=\"rotateG_02\"><\/div>\n\t\t\t\t<div class=\"blockG\" id=\"rotateG_03\"><\/div>\n\t\t\t\t<div class=\"blockG\" id=\"rotateG_04\"><\/div>\n\t\t\t\t<div class=\"blockG\" id=\"rotateG_05\"><\/div>\n\t\t\t\t<div class=\"blockG\" id=\"rotateG_06\"><\/div>\n\t\t\t\t<div class=\"blockG\" id=\"rotateG_07\"><\/div>\n\t\t\t\t<div class=\"blockG\" id=\"rotateG_08\"><\/div>\n\t\t\t<\/div>\n\t\t\t<div class=\"WooZone-cross-sell-loader-text\"><\/div>\n\t\t<\/div>\n\t<\/div>\n\n\t\t\n<\/div>\n<div style=\"clear:both;\"><\/div><\/p>\n","protected":false},"excerpt":{"rendered":"<p>Obermaterial: Gummi<br \/>\nInnenmaterial: Synthetik<br \/>\nSohle: Gummi<\/p>\n","protected":false},"featured_media":17958,"comment_status":"open","ping_status":"closed","template":"","meta":[],"product_cat":[7072,7073],"product_tag":[],"_links":{"self":[{"href":"https:\/\/camping.webspace.rocks\/index.php?rest_route=\/wp\/v2\/product\/17957"}],"collection":[{"href":"https:\/\/camping.webspace.rocks\/index.php?rest_route=\/wp\/v2\/product"}],"about":[{"href":"https:\/\/camping.webspace.rocks\/index.php?rest_route=\/wp\/v2\/types\/product"}],"replies":[{"embeddable":true,"href":"https:\/\/camping.webspace.rocks\/index.php?rest_route=%2Fwp%2Fv2%2Fcomments&post=17957"}],"version-history":[{"count":4,"href":"https:\/\/camping.webspace.rocks\/index.php?rest_route=\/wp\/v2\/product\/17957\/revisions"}],"predecessor-version":[{"id":19738,"href":"https:\/\/camping.webspace.rocks\/index.php?rest_route=\/wp\/v2\/product\/17957\/revisions\/19738"}],"wp:featuredmedia":[{"embeddable":true,"href":"https:\/\/camping.webspace.rocks\/index.php?rest_route=\/wp\/v2\/media\/17958"}],"wp:attachment":[{"href":"https:\/\/camping.webspace.rocks\/index.php?rest_route=%2Fwp%2Fv2%2Fmedia&parent=17957"}],"wp:term":[{"taxonomy":"product_cat","embeddable":true,"href":"https:\/\/camping.webspace.rocks\/index.php?rest_route=%2Fwp%2Fv2%2Fproduct_cat&post=17957"},{"taxonomy":"product_tag","embeddable":true,"href":"https:\/\/camping.webspace.rocks\/index.php?rest_route=%2Fwp%2Fv2%2Fproduct_tag&post=17957"}],"curies":[{"name":"wp","href":"https:\/\/api.w.org\/{rel}","templated":true}]}}