{"id":17961,"date":"2021-07-30T08:35:40","date_gmt":"2021-07-30T08:35:40","guid":{"rendered":"https:\/\/camping.webspace.rocks\/?product=lico-herren-milan-trekking-wanderstiefel"},"modified":"2023-04-09T10:43:26","modified_gmt":"2023-04-09T10:43:26","slug":"lico-herren-milan-trekking-wanderstiefel","status":"publish","type":"product","link":"https:\/\/camping.webspace.rocks\/?product=lico-herren-milan-trekking-wanderstiefel","title":{"rendered":"Lico Herren Milan Cross-Laufschuh"},"content":{"rendered":"<p>\n\t\t<style type=\"text\/css\">\n\t\t\t#gallery-1 {\n\t\t\t\tmargin: auto;\n\t\t\t}\n\t\t\t#gallery-1 .gallery-item {\n\t\t\t\tfloat: left;\n\t\t\t\tmargin-top: 10px;\n\t\t\t\ttext-align: center;\n\t\t\t\twidth: 33%;\n\t\t\t}\n\t\t\t#gallery-1 img {\n\t\t\t\tborder: 2px solid #cfcfcf;\n\t\t\t}\n\t\t\t#gallery-1 .gallery-caption {\n\t\t\t\tmargin-left: 0;\n\t\t\t}\n\t\t\t\/* see gallery_shortcode() in wp-includes\/media.php *\/\n\t\t<\/style>\n\t\t<div id='gallery-1' class='gallery galleryid-17961 gallery-columns-3 gallery-size-thumbnail'><dl class='gallery-item'>\n\t\t\t<dt class='gallery-icon landscape'>\n\t\t\t\t<a href='https:\/\/camping.webspace.rocks\/?attachment_id=17962'><img width=\"150\" height=\"150\" src=\"https:\/\/m.media-amazon.com\/images\/I\/41Q1VbIXC1L._SS150_.jpg\" class=\"attachment-thumbnail size-thumbnail\" alt=\"\" loading=\"lazy\" srcset=\"https:\/\/m.media-amazon.com\/images\/I\/41Q1VbIXC1L._SS150_.jpg 150w, https:\/\/m.media-amazon.com\/images\/I\/41Q1VbIXC1L._SS300_.jpg 300w, https:\/\/m.media-amazon.com\/images\/I\/41Q1VbIXC1L._SS768_.jpg 768w, https:\/\/m.media-amazon.com\/images\/I\/41Q1VbIXC1L._SS1024_.jpg 1024w, https:\/\/m.media-amazon.com\/images\/I\/41Q1VbIXC1L._SS1536_.jpg 1536w, https:\/\/m.media-amazon.com\/images\/I\/41Q1VbIXC1L._SS2048_.jpg 2048w, https:\/\/m.media-amazon.com\/images\/I\/41Q1VbIXC1L._SS1200_.jpg 1200w, https:\/\/m.media-amazon.com\/images\/I\/41Q1VbIXC1L._SS600_.jpg 600w, https:\/\/m.media-amazon.com\/images\/I\/41Q1VbIXC1L.jpg 500w\" sizes=\"(max-width: 150px) 100vw, 150px\" \/><\/a>\n\t\t\t<\/dt><\/dl><dl class='gallery-item'>\n\t\t\t<dt class='gallery-icon landscape'>\n\t\t\t\t<a href='https:\/\/camping.webspace.rocks\/?attachment_id=17963'><img width=\"150\" height=\"150\" src=\"https:\/\/m.media-amazon.com\/images\/I\/41CbinpDu+L._SS150_.jpg\" class=\"attachment-thumbnail size-thumbnail\" alt=\"\" loading=\"lazy\" srcset=\"https:\/\/m.media-amazon.com\/images\/I\/41CbinpDu+L._SS150_.jpg 150w, https:\/\/m.media-amazon.com\/images\/I\/41CbinpDu+L._SS300_.jpg 300w, https:\/\/m.media-amazon.com\/images\/I\/41CbinpDu+L._SS768_.jpg 768w, https:\/\/m.media-amazon.com\/images\/I\/41CbinpDu+L._SS1024_.jpg 1024w, https:\/\/m.media-amazon.com\/images\/I\/41CbinpDu+L._SS1536_.jpg 1536w, https:\/\/m.media-amazon.com\/images\/I\/41CbinpDu+L._SS2048_.jpg 2048w, https:\/\/m.media-amazon.com\/images\/I\/41CbinpDu+L._SS1200_.jpg 1200w, https:\/\/m.media-amazon.com\/images\/I\/41CbinpDu+L._SS600_.jpg 600w, https:\/\/m.media-amazon.com\/images\/I\/41CbinpDu+L.jpg 500w\" sizes=\"(max-width: 150px) 100vw, 150px\" \/><\/a>\n\t\t\t<\/dt><\/dl><dl class='gallery-item'>\n\t\t\t<dt class='gallery-icon landscape'>\n\t\t\t\t<a href='https:\/\/camping.webspace.rocks\/?attachment_id=17964'><img width=\"150\" height=\"150\" src=\"https:\/\/m.media-amazon.com\/images\/I\/41hx1o8lO2L._SS150_.jpg\" class=\"attachment-thumbnail size-thumbnail\" alt=\"\" loading=\"lazy\" srcset=\"https:\/\/m.media-amazon.com\/images\/I\/41hx1o8lO2L._SS150_.jpg 150w, https:\/\/m.media-amazon.com\/images\/I\/41hx1o8lO2L._SS300_.jpg 300w, https:\/\/m.media-amazon.com\/images\/I\/41hx1o8lO2L._SS768_.jpg 768w, https:\/\/m.media-amazon.com\/images\/I\/41hx1o8lO2L._SS1024_.jpg 1024w, https:\/\/m.media-amazon.com\/images\/I\/41hx1o8lO2L._SS1536_.jpg 1536w, https:\/\/m.media-amazon.com\/images\/I\/41hx1o8lO2L._SS2048_.jpg 2048w, https:\/\/m.media-amazon.com\/images\/I\/41hx1o8lO2L._SS1200_.jpg 1200w, https:\/\/m.media-amazon.com\/images\/I\/41hx1o8lO2L._SS600_.jpg 600w, https:\/\/m.media-amazon.com\/images\/I\/41hx1o8lO2L.jpg 500w\" sizes=\"(max-width: 150px) 100vw, 150px\" \/><\/a>\n\t\t\t<\/dt><\/dl><br style=\"clear: both\" \/>\n\t\t<\/div>\n<br \/>\n<!-- show up to 2 reviews by default --> <\/p>\n<p>Lico funktioneller Trekking Stiefel milan f\u00fcr Damen und Herren zum Schn\u00fcren. &#8211; Obermaterial: Veloursleder mit Nylon-Eins\u00e4tzen &#8211; winddichte und wasserdichte Comfortex-Klimamembrane f\u00fcr ein angenehmes Tragegef\u00fchl &#8211; angenehme Schaft- und Laschenpolsterung &#8211; Textilfutter &#8211; auswechselbare Textileinlegesohle &#8211; rutschfeste Gummilaufsohle <\/p>\n<p>Obermaterial: Leder<br \/>\nInnenmaterial: Textil<br \/>\nSohle: Gummi<br \/>\nVerschluss: Schn\u00fcrsenkel<br \/>\nAbsatzh\u00f6he: 3 cm<br \/>\nAbsatzform: Flach<br \/>\nMaterialzusammensetzung: Obermaterial: 100% Veloursleder Textil Mesh atmungsaktiv Leder<br \/>\nSchuhweite: Schmal<br \/>\nWasserabweisend<br \/>\n<div class=\"main-cross-sell\" data-asin=\"B071GYTV3G\">\n\n\t<div class=\"WooZone-cross-sell-loader\">\n\t\t<div>\n\t\t\t<div id=\"floatingBarsG\">\n\t\t\t\t<div class=\"blockG\" id=\"rotateG_01\"><\/div>\n\t\t\t\t<div class=\"blockG\" id=\"rotateG_02\"><\/div>\n\t\t\t\t<div class=\"blockG\" id=\"rotateG_03\"><\/div>\n\t\t\t\t<div class=\"blockG\" id=\"rotateG_04\"><\/div>\n\t\t\t\t<div class=\"blockG\" id=\"rotateG_05\"><\/div>\n\t\t\t\t<div class=\"blockG\" id=\"rotateG_06\"><\/div>\n\t\t\t\t<div class=\"blockG\" id=\"rotateG_07\"><\/div>\n\t\t\t\t<div class=\"blockG\" id=\"rotateG_08\"><\/div>\n\t\t\t<\/div>\n\t\t\t<div class=\"WooZone-cross-sell-loader-text\"><\/div>\n\t\t<\/div>\n\t<\/div>\n\n\t\t\n<\/div>\n<div style=\"clear:both;\"><\/div><\/p>\n","protected":false},"excerpt":{"rendered":"<p>Obermaterial: Leder<br \/>\nInnenmaterial: Textil<br \/>\nSohle: Gummi<\/p>\n","protected":false},"featured_media":17962,"comment_status":"open","ping_status":"closed","template":"","meta":[],"product_cat":[7072,7073],"product_tag":[],"_links":{"self":[{"href":"https:\/\/camping.webspace.rocks\/index.php?rest_route=\/wp\/v2\/product\/17961"}],"collection":[{"href":"https:\/\/camping.webspace.rocks\/index.php?rest_route=\/wp\/v2\/product"}],"about":[{"href":"https:\/\/camping.webspace.rocks\/index.php?rest_route=\/wp\/v2\/types\/product"}],"replies":[{"embeddable":true,"href":"https:\/\/camping.webspace.rocks\/index.php?rest_route=%2Fwp%2Fv2%2Fcomments&post=17961"}],"version-history":[{"count":3,"href":"https:\/\/camping.webspace.rocks\/index.php?rest_route=\/wp\/v2\/product\/17961\/revisions"}],"predecessor-version":[{"id":19624,"href":"https:\/\/camping.webspace.rocks\/index.php?rest_route=\/wp\/v2\/product\/17961\/revisions\/19624"}],"wp:featuredmedia":[{"embeddable":true,"href":"https:\/\/camping.webspace.rocks\/index.php?rest_route=\/wp\/v2\/media\/17962"}],"wp:attachment":[{"href":"https:\/\/camping.webspace.rocks\/index.php?rest_route=%2Fwp%2Fv2%2Fmedia&parent=17961"}],"wp:term":[{"taxonomy":"product_cat","embeddable":true,"href":"https:\/\/camping.webspace.rocks\/index.php?rest_route=%2Fwp%2Fv2%2Fproduct_cat&post=17961"},{"taxonomy":"product_tag","embeddable":true,"href":"https:\/\/camping.webspace.rocks\/index.php?rest_route=%2Fwp%2Fv2%2Fproduct_tag&post=17961"}],"curies":[{"name":"wp","href":"https:\/\/api.w.org\/{rel}","templated":true}]}}