{"id":17965,"date":"2021-07-30T08:35:41","date_gmt":"2021-07-30T08:35:41","guid":{"rendered":"https:\/\/camping.webspace.rocks\/?product=columbia-herren-woodburn-ii-waterproof-schuhe"},"modified":"2023-04-09T10:43:26","modified_gmt":"2023-04-09T10:43:26","slug":"columbia-herren-woodburn-ii-waterproof-schuhe","status":"publish","type":"product","link":"https:\/\/camping.webspace.rocks\/?product=columbia-herren-woodburn-ii-waterproof-schuhe","title":{"rendered":"Columbia Woodburn 2 Waterproof (wasserdicht) Wanderschuhe f\u00fcr Herren"},"content":{"rendered":"<p>\n\t\t<style type=\"text\/css\">\n\t\t\t#gallery-1 {\n\t\t\t\tmargin: auto;\n\t\t\t}\n\t\t\t#gallery-1 .gallery-item {\n\t\t\t\tfloat: left;\n\t\t\t\tmargin-top: 10px;\n\t\t\t\ttext-align: center;\n\t\t\t\twidth: 33%;\n\t\t\t}\n\t\t\t#gallery-1 img {\n\t\t\t\tborder: 2px solid #cfcfcf;\n\t\t\t}\n\t\t\t#gallery-1 .gallery-caption {\n\t\t\t\tmargin-left: 0;\n\t\t\t}\n\t\t\t\/* see gallery_shortcode() in wp-includes\/media.php *\/\n\t\t<\/style>\n\t\t<div id='gallery-1' class='gallery galleryid-17965 gallery-columns-3 gallery-size-thumbnail'><dl class='gallery-item'>\n\t\t\t<dt class='gallery-icon landscape'>\n\t\t\t\t<a href='https:\/\/camping.webspace.rocks\/?attachment_id=17966'><img width=\"150\" height=\"150\" src=\"https:\/\/m.media-amazon.com\/images\/I\/41izmzDecXL._SS150_.jpg\" class=\"attachment-thumbnail size-thumbnail\" alt=\"\" loading=\"lazy\" srcset=\"https:\/\/m.media-amazon.com\/images\/I\/41izmzDecXL._SS150_.jpg 150w, https:\/\/m.media-amazon.com\/images\/I\/41izmzDecXL._SS300_.jpg 300w, https:\/\/m.media-amazon.com\/images\/I\/41izmzDecXL._SS768_.jpg 768w, https:\/\/m.media-amazon.com\/images\/I\/41izmzDecXL._SS1024_.jpg 1024w, https:\/\/m.media-amazon.com\/images\/I\/41izmzDecXL._SS1536_.jpg 1536w, https:\/\/m.media-amazon.com\/images\/I\/41izmzDecXL._SS2048_.jpg 2048w, https:\/\/m.media-amazon.com\/images\/I\/41izmzDecXL._SS1200_.jpg 1200w, https:\/\/m.media-amazon.com\/images\/I\/41izmzDecXL._SS600_.jpg 600w, https:\/\/m.media-amazon.com\/images\/I\/41izmzDecXL.jpg 500w\" sizes=\"(max-width: 150px) 100vw, 150px\" \/><\/a>\n\t\t\t<\/dt><\/dl><dl class='gallery-item'>\n\t\t\t<dt class='gallery-icon landscape'>\n\t\t\t\t<a href='https:\/\/camping.webspace.rocks\/?attachment_id=17967'><img width=\"150\" height=\"150\" src=\"https:\/\/m.media-amazon.com\/images\/I\/516g+ccY3aL._SS150_.jpg\" class=\"attachment-thumbnail size-thumbnail\" alt=\"\" loading=\"lazy\" srcset=\"https:\/\/m.media-amazon.com\/images\/I\/516g+ccY3aL._SS150_.jpg 150w, https:\/\/m.media-amazon.com\/images\/I\/516g+ccY3aL._SS300_.jpg 300w, https:\/\/m.media-amazon.com\/images\/I\/516g+ccY3aL._SS768_.jpg 768w, https:\/\/m.media-amazon.com\/images\/I\/516g+ccY3aL._SS1024_.jpg 1024w, https:\/\/m.media-amazon.com\/images\/I\/516g+ccY3aL._SS1536_.jpg 1536w, https:\/\/m.media-amazon.com\/images\/I\/516g+ccY3aL._SS2048_.jpg 2048w, https:\/\/m.media-amazon.com\/images\/I\/516g+ccY3aL._SS1200_.jpg 1200w, https:\/\/m.media-amazon.com\/images\/I\/516g+ccY3aL._SS600_.jpg 600w, https:\/\/m.media-amazon.com\/images\/I\/516g+ccY3aL.jpg 500w\" sizes=\"(max-width: 150px) 100vw, 150px\" \/><\/a>\n\t\t\t<\/dt><\/dl><dl class='gallery-item'>\n\t\t\t<dt class='gallery-icon landscape'>\n\t\t\t\t<a href='https:\/\/camping.webspace.rocks\/?attachment_id=17968'><img width=\"150\" height=\"150\" src=\"https:\/\/m.media-amazon.com\/images\/I\/41nkpVMYltL._SS150_.jpg\" class=\"attachment-thumbnail size-thumbnail\" alt=\"\" loading=\"lazy\" srcset=\"https:\/\/m.media-amazon.com\/images\/I\/41nkpVMYltL._SS150_.jpg 150w, https:\/\/m.media-amazon.com\/images\/I\/41nkpVMYltL._SS300_.jpg 300w, https:\/\/m.media-amazon.com\/images\/I\/41nkpVMYltL._SS768_.jpg 768w, https:\/\/m.media-amazon.com\/images\/I\/41nkpVMYltL._SS1024_.jpg 1024w, https:\/\/m.media-amazon.com\/images\/I\/41nkpVMYltL._SS1536_.jpg 1536w, https:\/\/m.media-amazon.com\/images\/I\/41nkpVMYltL._SS2048_.jpg 2048w, https:\/\/m.media-amazon.com\/images\/I\/41nkpVMYltL._SS1200_.jpg 1200w, https:\/\/m.media-amazon.com\/images\/I\/41nkpVMYltL._SS600_.jpg 600w, https:\/\/m.media-amazon.com\/images\/I\/41nkpVMYltL.jpg 500w\" sizes=\"(max-width: 150px) 100vw, 150px\" \/><\/a>\n\t\t\t<\/dt><\/dl><br style=\"clear: both\" \/>\n\t\t<\/div>\n<br \/>\n<!-- show up to 2 reviews by default --> <\/p>\n<p>Die wasserdichten Woodburn II von Columbia sind sportliche Outdoor-Schuhe, die sowohl f\u00fcr leichte Wanderwege als auch f\u00fcr die Stadt geeignet sind. Ein leichtes Obermaterial aus Leder und Netzstoff bietet Komfort und Atmungsaktivit\u00e4t, w\u00e4hrend eine wasserdichte Innenschuhkonstruktion f\u00fcr Trockenheit sorgt. Profitieren Sie dank der d\u00e4mpfenden Zwischensohle von einer hohen Energier\u00fcckgabe und genie\u00dfen Sie dank der abriebfesten Au\u00dfensohle eine perfekte Bodenhaftung. <\/p>\n<p>Obermaterial: Leder<br \/>\nInnenmaterial: Synthetik<br \/>\nSohle: Gummi<br \/>\nVerschluss: Schn\u00fcrsenkel<br \/>\nAbsatzh\u00f6he: 1 cm<br \/>\nAbsatzform: Flach<br \/>\nMaterialzusammensetzung: Echtleder<br \/>\nSchuhweite: Normal<br \/>\nWasserabweisend<br \/>\n<div class=\"main-cross-sell\" data-asin=\"B00GUXJUE8\">\n\n\t<div class=\"WooZone-cross-sell-loader\">\n\t\t<div>\n\t\t\t<div id=\"floatingBarsG\">\n\t\t\t\t<div class=\"blockG\" id=\"rotateG_01\"><\/div>\n\t\t\t\t<div class=\"blockG\" id=\"rotateG_02\"><\/div>\n\t\t\t\t<div class=\"blockG\" id=\"rotateG_03\"><\/div>\n\t\t\t\t<div class=\"blockG\" id=\"rotateG_04\"><\/div>\n\t\t\t\t<div class=\"blockG\" id=\"rotateG_05\"><\/div>\n\t\t\t\t<div class=\"blockG\" id=\"rotateG_06\"><\/div>\n\t\t\t\t<div class=\"blockG\" id=\"rotateG_07\"><\/div>\n\t\t\t\t<div class=\"blockG\" id=\"rotateG_08\"><\/div>\n\t\t\t<\/div>\n\t\t\t<div class=\"WooZone-cross-sell-loader-text\"><\/div>\n\t\t<\/div>\n\t<\/div>\n\n\t\t\n<\/div>\n<div style=\"clear:both;\"><\/div><\/p>\n","protected":false},"excerpt":{"rendered":"<p>Obermaterial: Leder<br \/>\nInnenmaterial: Synthetik<br \/>\nSohle: Gummi<\/p>\n","protected":false},"featured_media":17966,"comment_status":"open","ping_status":"closed","template":"","meta":[],"product_cat":[7072,7073],"product_tag":[],"_links":{"self":[{"href":"https:\/\/camping.webspace.rocks\/index.php?rest_route=\/wp\/v2\/product\/17965"}],"collection":[{"href":"https:\/\/camping.webspace.rocks\/index.php?rest_route=\/wp\/v2\/product"}],"about":[{"href":"https:\/\/camping.webspace.rocks\/index.php?rest_route=\/wp\/v2\/types\/product"}],"replies":[{"embeddable":true,"href":"https:\/\/camping.webspace.rocks\/index.php?rest_route=%2Fwp%2Fv2%2Fcomments&post=17965"}],"version-history":[{"count":5,"href":"https:\/\/camping.webspace.rocks\/index.php?rest_route=\/wp\/v2\/product\/17965\/revisions"}],"predecessor-version":[{"id":19463,"href":"https:\/\/camping.webspace.rocks\/index.php?rest_route=\/wp\/v2\/product\/17965\/revisions\/19463"}],"wp:featuredmedia":[{"embeddable":true,"href":"https:\/\/camping.webspace.rocks\/index.php?rest_route=\/wp\/v2\/media\/17966"}],"wp:attachment":[{"href":"https:\/\/camping.webspace.rocks\/index.php?rest_route=%2Fwp%2Fv2%2Fmedia&parent=17965"}],"wp:term":[{"taxonomy":"product_cat","embeddable":true,"href":"https:\/\/camping.webspace.rocks\/index.php?rest_route=%2Fwp%2Fv2%2Fproduct_cat&post=17965"},{"taxonomy":"product_tag","embeddable":true,"href":"https:\/\/camping.webspace.rocks\/index.php?rest_route=%2Fwp%2Fv2%2Fproduct_tag&post=17965"}],"curies":[{"name":"wp","href":"https:\/\/api.w.org\/{rel}","templated":true}]}}