{"id":17969,"date":"2021-07-30T08:35:43","date_gmt":"2021-07-30T08:35:43","guid":{"rendered":"https:\/\/camping.webspace.rocks\/?product=jack-wolfskin-herren-vojo-3-texapore-mid-m-outdoorschuhe"},"modified":"2023-04-09T10:43:26","modified_gmt":"2023-04-09T10:43:26","slug":"jack-wolfskin-herren-vojo-3-texapore-mid-m-outdoorschuhe","status":"publish","type":"product","link":"https:\/\/camping.webspace.rocks\/?product=jack-wolfskin-herren-vojo-3-texapore-mid-m-outdoorschuhe","title":{"rendered":"Jack Wolfskin Herren Vojo 3 Texapore Mid M Outdoorschuhe"},"content":{"rendered":"<p>\n\t\t<style type=\"text\/css\">\n\t\t\t#gallery-1 {\n\t\t\t\tmargin: auto;\n\t\t\t}\n\t\t\t#gallery-1 .gallery-item {\n\t\t\t\tfloat: left;\n\t\t\t\tmargin-top: 10px;\n\t\t\t\ttext-align: center;\n\t\t\t\twidth: 33%;\n\t\t\t}\n\t\t\t#gallery-1 img {\n\t\t\t\tborder: 2px solid #cfcfcf;\n\t\t\t}\n\t\t\t#gallery-1 .gallery-caption {\n\t\t\t\tmargin-left: 0;\n\t\t\t}\n\t\t\t\/* see gallery_shortcode() in wp-includes\/media.php *\/\n\t\t<\/style>\n\t\t<div id='gallery-1' class='gallery galleryid-17969 gallery-columns-3 gallery-size-thumbnail'><dl class='gallery-item'>\n\t\t\t<dt class='gallery-icon landscape'>\n\t\t\t\t<a href='https:\/\/camping.webspace.rocks\/?attachment_id=17970'><img width=\"150\" height=\"150\" src=\"https:\/\/m.media-amazon.com\/images\/I\/41AGEPnlQbL._SS150_.jpg\" class=\"attachment-thumbnail size-thumbnail\" alt=\"\" loading=\"lazy\" srcset=\"https:\/\/m.media-amazon.com\/images\/I\/41AGEPnlQbL._SS150_.jpg 150w, https:\/\/m.media-amazon.com\/images\/I\/41AGEPnlQbL._SS300_.jpg 300w, https:\/\/m.media-amazon.com\/images\/I\/41AGEPnlQbL._SS768_.jpg 768w, https:\/\/m.media-amazon.com\/images\/I\/41AGEPnlQbL._SS1024_.jpg 1024w, https:\/\/m.media-amazon.com\/images\/I\/41AGEPnlQbL._SS1536_.jpg 1536w, https:\/\/m.media-amazon.com\/images\/I\/41AGEPnlQbL._SS2048_.jpg 2048w, https:\/\/m.media-amazon.com\/images\/I\/41AGEPnlQbL._SS1200_.jpg 1200w, https:\/\/m.media-amazon.com\/images\/I\/41AGEPnlQbL._SS600_.jpg 600w, https:\/\/m.media-amazon.com\/images\/I\/41AGEPnlQbL.jpg 500w\" sizes=\"(max-width: 150px) 100vw, 150px\" \/><\/a>\n\t\t\t<\/dt><\/dl><dl class='gallery-item'>\n\t\t\t<dt class='gallery-icon landscape'>\n\t\t\t\t<a href='https:\/\/camping.webspace.rocks\/?attachment_id=17971'><img width=\"150\" height=\"150\" src=\"https:\/\/m.media-amazon.com\/images\/I\/31PUgwexh0L._SS150_.jpg\" class=\"attachment-thumbnail size-thumbnail\" alt=\"\" loading=\"lazy\" srcset=\"https:\/\/m.media-amazon.com\/images\/I\/31PUgwexh0L._SS150_.jpg 150w, https:\/\/m.media-amazon.com\/images\/I\/31PUgwexh0L._SS300_.jpg 300w, https:\/\/m.media-amazon.com\/images\/I\/31PUgwexh0L._SS768_.jpg 768w, https:\/\/m.media-amazon.com\/images\/I\/31PUgwexh0L._SS1024_.jpg 1024w, https:\/\/m.media-amazon.com\/images\/I\/31PUgwexh0L._SS1536_.jpg 1536w, https:\/\/m.media-amazon.com\/images\/I\/31PUgwexh0L._SS2048_.jpg 2048w, https:\/\/m.media-amazon.com\/images\/I\/31PUgwexh0L._SS1200_.jpg 1200w, https:\/\/m.media-amazon.com\/images\/I\/31PUgwexh0L._SS600_.jpg 600w, https:\/\/m.media-amazon.com\/images\/I\/31PUgwexh0L.jpg 500w\" sizes=\"(max-width: 150px) 100vw, 150px\" \/><\/a>\n\t\t\t<\/dt><\/dl><dl class='gallery-item'>\n\t\t\t<dt class='gallery-icon landscape'>\n\t\t\t\t<a href='https:\/\/camping.webspace.rocks\/?attachment_id=17972'><img width=\"150\" height=\"150\" src=\"https:\/\/m.media-amazon.com\/images\/I\/31Zyy8ZS9EL._SS150_.jpg\" class=\"attachment-thumbnail size-thumbnail\" alt=\"\" loading=\"lazy\" srcset=\"https:\/\/m.media-amazon.com\/images\/I\/31Zyy8ZS9EL._SS150_.jpg 150w, https:\/\/m.media-amazon.com\/images\/I\/31Zyy8ZS9EL._SS300_.jpg 300w, https:\/\/m.media-amazon.com\/images\/I\/31Zyy8ZS9EL._SS768_.jpg 768w, https:\/\/m.media-amazon.com\/images\/I\/31Zyy8ZS9EL._SS1024_.jpg 1024w, https:\/\/m.media-amazon.com\/images\/I\/31Zyy8ZS9EL._SS1536_.jpg 1536w, https:\/\/m.media-amazon.com\/images\/I\/31Zyy8ZS9EL._SS2048_.jpg 2048w, https:\/\/m.media-amazon.com\/images\/I\/31Zyy8ZS9EL._SS1200_.jpg 1200w, https:\/\/m.media-amazon.com\/images\/I\/31Zyy8ZS9EL._SS600_.jpg 600w, https:\/\/m.media-amazon.com\/images\/I\/31Zyy8ZS9EL.jpg 500w\" sizes=\"(max-width: 150px) 100vw, 150px\" \/><\/a>\n\t\t\t<\/dt><\/dl><br style=\"clear: both\" \/>\n\t\t<\/div>\n<br \/>\n<!-- show up to 2 reviews by default --> <\/p>\n<p>in der Umgebung oder auf Reisen: Du liebst ausgedehnte Tageswanderungen! Daf\u00fcr ist unser Wander-Bestseller VOJO 3 TEXAPORE MID genau der Richtige. Der klassische, wasserdichte Wanderschuh ist im Mittel- und Hochgebirge in seinem Element. Die gut d\u00e4mpfende, trittsichere Sohle h\u00e4lt deine F\u00fc\u00dfe komfortabel im Schuh &#8211; besonders nach vielen Kilometern ist das ein klarer Vorteil. Das griffige Profil schenkt dir auch dann sehr guten Halt, wenn es eher nass und rutschig ist. Dank wasserdichter TEXAPORE-Membran sind auch Pf\u00fctzen und aufkommende Schauer kein Problem. Dein Fu\u00df bleibt trocken &#8211; rt! <\/p>\n<p>Obermaterial: Suede Leather;Textile;TEXAPORE<br \/>\nInnenmaterial: Synthetik<br \/>\nSohle: Leder und Gummi<br \/>\nVerschluss: Schn\u00fcrsenkel<br \/>\nAbsatzform: Flach<br \/>\nSchuhweite: Schmal<br \/>\nWasserdicht<br \/>\n<div class=\"main-cross-sell\" data-asin=\"B087MSLYN7\">\n\n\t<div class=\"WooZone-cross-sell-loader\">\n\t\t<div>\n\t\t\t<div id=\"floatingBarsG\">\n\t\t\t\t<div class=\"blockG\" id=\"rotateG_01\"><\/div>\n\t\t\t\t<div class=\"blockG\" id=\"rotateG_02\"><\/div>\n\t\t\t\t<div class=\"blockG\" id=\"rotateG_03\"><\/div>\n\t\t\t\t<div class=\"blockG\" id=\"rotateG_04\"><\/div>\n\t\t\t\t<div class=\"blockG\" id=\"rotateG_05\"><\/div>\n\t\t\t\t<div class=\"blockG\" id=\"rotateG_06\"><\/div>\n\t\t\t\t<div class=\"blockG\" id=\"rotateG_07\"><\/div>\n\t\t\t\t<div class=\"blockG\" id=\"rotateG_08\"><\/div>\n\t\t\t<\/div>\n\t\t\t<div class=\"WooZone-cross-sell-loader-text\"><\/div>\n\t\t<\/div>\n\t<\/div>\n\n\t\t\n<\/div>\n<div style=\"clear:both;\"><\/div><\/p>\n","protected":false},"excerpt":{"rendered":"<p>Obermaterial: Suede Leather;Textile;TEXAPORE<br \/>\nInnenmaterial: Synthetik<br \/>\nSohle: Leder und Gummi<\/p>\n","protected":false},"featured_media":17970,"comment_status":"open","ping_status":"closed","template":"","meta":[],"product_cat":[7072,7073],"product_tag":[],"_links":{"self":[{"href":"https:\/\/camping.webspace.rocks\/index.php?rest_route=\/wp\/v2\/product\/17969"}],"collection":[{"href":"https:\/\/camping.webspace.rocks\/index.php?rest_route=\/wp\/v2\/product"}],"about":[{"href":"https:\/\/camping.webspace.rocks\/index.php?rest_route=\/wp\/v2\/types\/product"}],"replies":[{"embeddable":true,"href":"https:\/\/camping.webspace.rocks\/index.php?rest_route=%2Fwp%2Fv2%2Fcomments&post=17969"}],"version-history":[{"count":8,"href":"https:\/\/camping.webspace.rocks\/index.php?rest_route=\/wp\/v2\/product\/17969\/revisions"}],"predecessor-version":[{"id":19747,"href":"https:\/\/camping.webspace.rocks\/index.php?rest_route=\/wp\/v2\/product\/17969\/revisions\/19747"}],"wp:featuredmedia":[{"embeddable":true,"href":"https:\/\/camping.webspace.rocks\/index.php?rest_route=\/wp\/v2\/media\/17970"}],"wp:attachment":[{"href":"https:\/\/camping.webspace.rocks\/index.php?rest_route=%2Fwp%2Fv2%2Fmedia&parent=17969"}],"wp:term":[{"taxonomy":"product_cat","embeddable":true,"href":"https:\/\/camping.webspace.rocks\/index.php?rest_route=%2Fwp%2Fv2%2Fproduct_cat&post=17969"},{"taxonomy":"product_tag","embeddable":true,"href":"https:\/\/camping.webspace.rocks\/index.php?rest_route=%2Fwp%2Fv2%2Fproduct_tag&post=17969"}],"curies":[{"name":"wp","href":"https:\/\/api.w.org\/{rel}","templated":true}]}}