{"id":17977,"date":"2021-07-30T08:35:46","date_gmt":"2021-07-30T08:35:46","guid":{"rendered":"https:\/\/camping.webspace.rocks\/?product=salomon-herren-xa-pro-3d-v8-trail-running-schuhe"},"modified":"2023-04-09T10:43:26","modified_gmt":"2023-04-09T10:43:26","slug":"salomon-herren-xa-pro-3d-v8-trail-running-schuhe","status":"publish","type":"product","link":"https:\/\/camping.webspace.rocks\/?product=salomon-herren-xa-pro-3d-v8-trail-running-schuhe","title":{"rendered":"Salomon XA Pro 3D V8 Wide Herren Trailrunning-Schuhe"},"content":{"rendered":"<p>\n\t\t<style type=\"text\/css\">\n\t\t\t#gallery-1 {\n\t\t\t\tmargin: auto;\n\t\t\t}\n\t\t\t#gallery-1 .gallery-item {\n\t\t\t\tfloat: left;\n\t\t\t\tmargin-top: 10px;\n\t\t\t\ttext-align: center;\n\t\t\t\twidth: 33%;\n\t\t\t}\n\t\t\t#gallery-1 img {\n\t\t\t\tborder: 2px solid #cfcfcf;\n\t\t\t}\n\t\t\t#gallery-1 .gallery-caption {\n\t\t\t\tmargin-left: 0;\n\t\t\t}\n\t\t\t\/* see gallery_shortcode() in wp-includes\/media.php *\/\n\t\t<\/style>\n\t\t<div id='gallery-1' class='gallery galleryid-17977 gallery-columns-3 gallery-size-thumbnail'><dl class='gallery-item'>\n\t\t\t<dt class='gallery-icon landscape'>\n\t\t\t\t<a href='https:\/\/camping.webspace.rocks\/?attachment_id=17978'><img width=\"150\" height=\"150\" src=\"https:\/\/m.media-amazon.com\/images\/I\/41EBuwby6KL._SS150_.jpg\" class=\"attachment-thumbnail size-thumbnail\" alt=\"\" loading=\"lazy\" srcset=\"https:\/\/m.media-amazon.com\/images\/I\/41EBuwby6KL._SS150_.jpg 150w, https:\/\/m.media-amazon.com\/images\/I\/41EBuwby6KL._SS300_.jpg 300w, https:\/\/m.media-amazon.com\/images\/I\/41EBuwby6KL._SS768_.jpg 768w, https:\/\/m.media-amazon.com\/images\/I\/41EBuwby6KL._SS1024_.jpg 1024w, https:\/\/m.media-amazon.com\/images\/I\/41EBuwby6KL._SS1536_.jpg 1536w, https:\/\/m.media-amazon.com\/images\/I\/41EBuwby6KL._SS2048_.jpg 2048w, https:\/\/m.media-amazon.com\/images\/I\/41EBuwby6KL._SS1200_.jpg 1200w, https:\/\/m.media-amazon.com\/images\/I\/41EBuwby6KL._SS600_.jpg 600w, https:\/\/m.media-amazon.com\/images\/I\/41EBuwby6KL.jpg 500w\" sizes=\"(max-width: 150px) 100vw, 150px\" \/><\/a>\n\t\t\t<\/dt><\/dl><dl class='gallery-item'>\n\t\t\t<dt class='gallery-icon landscape'>\n\t\t\t\t<a href='https:\/\/camping.webspace.rocks\/?attachment_id=17979'><img width=\"150\" height=\"150\" src=\"https:\/\/m.media-amazon.com\/images\/I\/41Iat9scD5L._SS150_.jpg\" class=\"attachment-thumbnail size-thumbnail\" alt=\"\" loading=\"lazy\" srcset=\"https:\/\/m.media-amazon.com\/images\/I\/41Iat9scD5L._SS150_.jpg 150w, https:\/\/m.media-amazon.com\/images\/I\/41Iat9scD5L._SS300_.jpg 300w, https:\/\/m.media-amazon.com\/images\/I\/41Iat9scD5L._SS768_.jpg 768w, https:\/\/m.media-amazon.com\/images\/I\/41Iat9scD5L._SS1024_.jpg 1024w, https:\/\/m.media-amazon.com\/images\/I\/41Iat9scD5L._SS1536_.jpg 1536w, https:\/\/m.media-amazon.com\/images\/I\/41Iat9scD5L._SS2048_.jpg 2048w, https:\/\/m.media-amazon.com\/images\/I\/41Iat9scD5L._SS1200_.jpg 1200w, https:\/\/m.media-amazon.com\/images\/I\/41Iat9scD5L._SS600_.jpg 600w, https:\/\/m.media-amazon.com\/images\/I\/41Iat9scD5L.jpg 500w\" sizes=\"(max-width: 150px) 100vw, 150px\" \/><\/a>\n\t\t\t<\/dt><\/dl><dl class='gallery-item'>\n\t\t\t<dt class='gallery-icon landscape'>\n\t\t\t\t<a href='https:\/\/camping.webspace.rocks\/?attachment_id=17980'><img width=\"150\" height=\"150\" src=\"https:\/\/m.media-amazon.com\/images\/I\/41R40VvMA+L._SS150_.jpg\" class=\"attachment-thumbnail size-thumbnail\" alt=\"\" loading=\"lazy\" srcset=\"https:\/\/m.media-amazon.com\/images\/I\/41R40VvMA+L._SS150_.jpg 150w, https:\/\/m.media-amazon.com\/images\/I\/41R40VvMA+L._SS300_.jpg 300w, https:\/\/m.media-amazon.com\/images\/I\/41R40VvMA+L._SS768_.jpg 768w, https:\/\/m.media-amazon.com\/images\/I\/41R40VvMA+L._SS1024_.jpg 1024w, https:\/\/m.media-amazon.com\/images\/I\/41R40VvMA+L._SS1536_.jpg 1536w, https:\/\/m.media-amazon.com\/images\/I\/41R40VvMA+L._SS2048_.jpg 2048w, https:\/\/m.media-amazon.com\/images\/I\/41R40VvMA+L._SS1200_.jpg 1200w, https:\/\/m.media-amazon.com\/images\/I\/41R40VvMA+L._SS600_.jpg 600w, https:\/\/m.media-amazon.com\/images\/I\/41R40VvMA+L.jpg 500w\" sizes=\"(max-width: 150px) 100vw, 150px\" \/><\/a>\n\t\t\t<\/dt><\/dl><br style=\"clear: both\" \/>\n\t\t<\/div>\n<br \/>\n<!-- show up to 2 reviews by default --> <\/p>\n<p>Erleben Sie eine leichtere Variante des legend\u00e4ren XA Pro 3D. Der Schuh XA PRO 3D v8 ist ein Beispiel f\u00fcr einen treuen Begleiter auf all Ihren Outdoor-Abenteuern in jedem Gel\u00e4nde. Genie\u00dfen Sie langanhaltende Stabilit\u00e4t. &#8211; LEICHTIGKEIT &#8211; Erleben Sie einen leichten Schuh (340 g) f\u00fcr Ihr t\u00e4gliches Training. &#8211; D\u00c4MPFUNG &#8211; Die EnergyCell-Technologie in der Zwischensohle sowie die Ortholite-Sohle sorgen f\u00fcr maximalen Komfort \u00fcber den ganzen Tag. &#8211; SCHNELLSCHN\u00dcRSYSTEM &#8211; Das Quicklace-Schn\u00fcrsystem erm\u00f6glicht es Ihnen, Ihre Schuhe schnell an- und wieder ausziehen, ohne Knoten und Anstrengung. &#8211; PASSFORM UND SCHUTZ &#8211; Das Sensifit-System umschlie\u00dft den Fu\u00df optimal und bietet einen perfekten und festen Sitz. &#8211; SOHLE &#8211; Die Contagrip-Premium-Sohle besteht aus einem leichten und robusten Gummi, der Griffigkeit und Stabilit\u00e4t f\u00fcr sicheres Laufen auf nassen Oberfl\u00e4chen bietet. &#8211; STABILIT\u00c4T &#8211; Gr\u00f6\u00dferer seitlicher Halt dank des 3D-Chassis. <\/p>\n<p>Obermaterial: Synthetik<br \/>\nInnenmaterial: Synthetic<br \/>\nSohle: Gummi<br \/>\nVerschluss: Schnellverschluss<br \/>\nGr\u00f6\u00dfenhinweis: Regul\u00e4re Passform<br \/>\nSchuhweite: Schmal<br \/>\nNicht wasserdicht<br \/>\n<div class=\"main-cross-sell\" data-asin=\"B07WHDFKJF\">\n\n\t<div class=\"WooZone-cross-sell-loader\">\n\t\t<div>\n\t\t\t<div id=\"floatingBarsG\">\n\t\t\t\t<div class=\"blockG\" id=\"rotateG_01\"><\/div>\n\t\t\t\t<div class=\"blockG\" id=\"rotateG_02\"><\/div>\n\t\t\t\t<div class=\"blockG\" id=\"rotateG_03\"><\/div>\n\t\t\t\t<div class=\"blockG\" id=\"rotateG_04\"><\/div>\n\t\t\t\t<div class=\"blockG\" id=\"rotateG_05\"><\/div>\n\t\t\t\t<div class=\"blockG\" id=\"rotateG_06\"><\/div>\n\t\t\t\t<div class=\"blockG\" id=\"rotateG_07\"><\/div>\n\t\t\t\t<div class=\"blockG\" id=\"rotateG_08\"><\/div>\n\t\t\t<\/div>\n\t\t\t<div class=\"WooZone-cross-sell-loader-text\"><\/div>\n\t\t<\/div>\n\t<\/div>\n\n\t\t\n<\/div>\n<div style=\"clear:both;\"><\/div><\/p>\n","protected":false},"excerpt":{"rendered":"<p>Obermaterial: Synthetik<br \/>\nInnenmaterial: Synthetic<br \/>\nSohle: Gummi<\/p>\n","protected":false},"featured_media":17978,"comment_status":"open","ping_status":"closed","template":"","meta":[],"product_cat":[7072,7073],"product_tag":[],"_links":{"self":[{"href":"https:\/\/camping.webspace.rocks\/index.php?rest_route=\/wp\/v2\/product\/17977"}],"collection":[{"href":"https:\/\/camping.webspace.rocks\/index.php?rest_route=\/wp\/v2\/product"}],"about":[{"href":"https:\/\/camping.webspace.rocks\/index.php?rest_route=\/wp\/v2\/types\/product"}],"replies":[{"embeddable":true,"href":"https:\/\/camping.webspace.rocks\/index.php?rest_route=%2Fwp%2Fv2%2Fcomments&post=17977"}],"version-history":[{"count":5,"href":"https:\/\/camping.webspace.rocks\/index.php?rest_route=\/wp\/v2\/product\/17977\/revisions"}],"predecessor-version":[{"id":19814,"href":"https:\/\/camping.webspace.rocks\/index.php?rest_route=\/wp\/v2\/product\/17977\/revisions\/19814"}],"wp:featuredmedia":[{"embeddable":true,"href":"https:\/\/camping.webspace.rocks\/index.php?rest_route=\/wp\/v2\/media\/17978"}],"wp:attachment":[{"href":"https:\/\/camping.webspace.rocks\/index.php?rest_route=%2Fwp%2Fv2%2Fmedia&parent=17977"}],"wp:term":[{"taxonomy":"product_cat","embeddable":true,"href":"https:\/\/camping.webspace.rocks\/index.php?rest_route=%2Fwp%2Fv2%2Fproduct_cat&post=17977"},{"taxonomy":"product_tag","embeddable":true,"href":"https:\/\/camping.webspace.rocks\/index.php?rest_route=%2Fwp%2Fv2%2Fproduct_tag&post=17977"}],"curies":[{"name":"wp","href":"https:\/\/api.w.org\/{rel}","templated":true}]}}