{"id":17981,"date":"2021-07-30T08:35:47","date_gmt":"2021-07-30T08:35:47","guid":{"rendered":"https:\/\/camping.webspace.rocks\/?product=timberland-herren-white-ledge-wp-mid-gaucho-chukka-boots"},"modified":"2023-04-09T10:43:26","modified_gmt":"2023-04-09T10:43:26","slug":"timberland-herren-white-ledge-wp-mid-gaucho-chukka-boots","status":"publish","type":"product","link":"https:\/\/camping.webspace.rocks\/?product=timberland-herren-white-ledge-wp-mid-gaucho-chukka-boots","title":{"rendered":"Timberland Herren Whiteledge Hiker Wanderschuh"},"content":{"rendered":"<p>\n\t\t<style type=\"text\/css\">\n\t\t\t#gallery-1 {\n\t\t\t\tmargin: auto;\n\t\t\t}\n\t\t\t#gallery-1 .gallery-item {\n\t\t\t\tfloat: left;\n\t\t\t\tmargin-top: 10px;\n\t\t\t\ttext-align: center;\n\t\t\t\twidth: 33%;\n\t\t\t}\n\t\t\t#gallery-1 img {\n\t\t\t\tborder: 2px solid #cfcfcf;\n\t\t\t}\n\t\t\t#gallery-1 .gallery-caption {\n\t\t\t\tmargin-left: 0;\n\t\t\t}\n\t\t\t\/* see gallery_shortcode() in wp-includes\/media.php *\/\n\t\t<\/style>\n\t\t<div id='gallery-1' class='gallery galleryid-17981 gallery-columns-3 gallery-size-thumbnail'><dl class='gallery-item'>\n\t\t\t<dt class='gallery-icon landscape'>\n\t\t\t\t<a href='https:\/\/camping.webspace.rocks\/?attachment_id=17982'><img width=\"150\" height=\"150\" src=\"https:\/\/m.media-amazon.com\/images\/I\/4122b3GdD3L._SS150_.jpg\" class=\"attachment-thumbnail size-thumbnail\" alt=\"\" loading=\"lazy\" srcset=\"https:\/\/m.media-amazon.com\/images\/I\/4122b3GdD3L._SS150_.jpg 150w, https:\/\/m.media-amazon.com\/images\/I\/4122b3GdD3L._SS300_.jpg 300w, https:\/\/m.media-amazon.com\/images\/I\/4122b3GdD3L._SS768_.jpg 768w, https:\/\/m.media-amazon.com\/images\/I\/4122b3GdD3L._SS1024_.jpg 1024w, https:\/\/m.media-amazon.com\/images\/I\/4122b3GdD3L._SS1536_.jpg 1536w, https:\/\/m.media-amazon.com\/images\/I\/4122b3GdD3L._SS2048_.jpg 2048w, https:\/\/m.media-amazon.com\/images\/I\/4122b3GdD3L._SS1200_.jpg 1200w, https:\/\/m.media-amazon.com\/images\/I\/4122b3GdD3L._SS600_.jpg 600w, https:\/\/m.media-amazon.com\/images\/I\/4122b3GdD3L.jpg 500w\" sizes=\"(max-width: 150px) 100vw, 150px\" \/><\/a>\n\t\t\t<\/dt><\/dl><dl class='gallery-item'>\n\t\t\t<dt class='gallery-icon landscape'>\n\t\t\t\t<a href='https:\/\/camping.webspace.rocks\/?attachment_id=17983'><img width=\"150\" height=\"150\" src=\"https:\/\/m.media-amazon.com\/images\/I\/41Lge0dZspL._SS150_.jpg\" class=\"attachment-thumbnail size-thumbnail\" alt=\"\" loading=\"lazy\" srcset=\"https:\/\/m.media-amazon.com\/images\/I\/41Lge0dZspL._SS150_.jpg 150w, https:\/\/m.media-amazon.com\/images\/I\/41Lge0dZspL._SS300_.jpg 300w, https:\/\/m.media-amazon.com\/images\/I\/41Lge0dZspL._SS768_.jpg 768w, https:\/\/m.media-amazon.com\/images\/I\/41Lge0dZspL._SS1024_.jpg 1024w, https:\/\/m.media-amazon.com\/images\/I\/41Lge0dZspL._SS1536_.jpg 1536w, https:\/\/m.media-amazon.com\/images\/I\/41Lge0dZspL._SS2048_.jpg 2048w, https:\/\/m.media-amazon.com\/images\/I\/41Lge0dZspL._SS1200_.jpg 1200w, https:\/\/m.media-amazon.com\/images\/I\/41Lge0dZspL._SS600_.jpg 600w, https:\/\/m.media-amazon.com\/images\/I\/41Lge0dZspL.jpg 500w\" sizes=\"(max-width: 150px) 100vw, 150px\" \/><\/a>\n\t\t\t<\/dt><\/dl><dl class='gallery-item'>\n\t\t\t<dt class='gallery-icon landscape'>\n\t\t\t\t<a href='https:\/\/camping.webspace.rocks\/?attachment_id=17984'><img width=\"150\" height=\"150\" src=\"https:\/\/m.media-amazon.com\/images\/I\/41A1KJXhDkL._SS150_.jpg\" class=\"attachment-thumbnail size-thumbnail\" alt=\"\" loading=\"lazy\" srcset=\"https:\/\/m.media-amazon.com\/images\/I\/41A1KJXhDkL._SS150_.jpg 150w, https:\/\/m.media-amazon.com\/images\/I\/41A1KJXhDkL._SS300_.jpg 300w, https:\/\/m.media-amazon.com\/images\/I\/41A1KJXhDkL._SS768_.jpg 768w, https:\/\/m.media-amazon.com\/images\/I\/41A1KJXhDkL._SS1024_.jpg 1024w, https:\/\/m.media-amazon.com\/images\/I\/41A1KJXhDkL._SS1536_.jpg 1536w, https:\/\/m.media-amazon.com\/images\/I\/41A1KJXhDkL._SS2048_.jpg 2048w, https:\/\/m.media-amazon.com\/images\/I\/41A1KJXhDkL._SS1200_.jpg 1200w, https:\/\/m.media-amazon.com\/images\/I\/41A1KJXhDkL._SS600_.jpg 600w, https:\/\/m.media-amazon.com\/images\/I\/41A1KJXhDkL.jpg 500w\" sizes=\"(max-width: 150px) 100vw, 150px\" \/><\/a>\n\t\t\t<\/dt><\/dl><br style=\"clear: both\" \/>\n\t\t<\/div>\n<br \/>\n<!-- show up to 2 reviews by default --> <\/p>\n<p>Timberland White Ledge Mid Waterproof aus hochwertigem wasserfestem Vollnarbenleder f\u00fcr Schutz, lange Haltbarkeit und trockene F\u00fc\u00dfe. Herausnehmbares EVA Fu\u00dfbett f\u00fcr D\u00e4mpfung und Komfort. Waterproof Seam Sealed Construction f\u00fcr trockene F\u00fc\u00dfe bei jedem Wetter. B.S.F.P Motion Efficiency System f\u00fcr beste Traktion auf jedem Untergrund. Abriebfeste Gummiau\u00dfensohle. <\/p>\n<p>Obermaterial: Leder<br \/>\nInnenmaterial: Mesh<br \/>\nSohle: Gummi<br \/>\nVerschluss: Schn\u00fcrsenkel<br \/>\nAbsatzh\u00f6he: 2 cm<br \/>\nAbsatzform: Flach<br \/>\nMaterialzusammensetzung: 100 % Leder<br \/>\nGr\u00f6\u00dfenhinweis: F\u00e4llt eine Gr\u00f6\u00dfe kleiner aus<br \/>\nSchaftweite: Normal<br \/>\nSchuhweite: Medium<br \/>\nWasserabweisend<br \/>\n<div class=\"main-cross-sell\" data-asin=\"B004BTVLUO\">\n\n\t<div class=\"WooZone-cross-sell-loader\">\n\t\t<div>\n\t\t\t<div id=\"floatingBarsG\">\n\t\t\t\t<div class=\"blockG\" id=\"rotateG_01\"><\/div>\n\t\t\t\t<div class=\"blockG\" id=\"rotateG_02\"><\/div>\n\t\t\t\t<div class=\"blockG\" id=\"rotateG_03\"><\/div>\n\t\t\t\t<div class=\"blockG\" id=\"rotateG_04\"><\/div>\n\t\t\t\t<div class=\"blockG\" id=\"rotateG_05\"><\/div>\n\t\t\t\t<div class=\"blockG\" id=\"rotateG_06\"><\/div>\n\t\t\t\t<div class=\"blockG\" id=\"rotateG_07\"><\/div>\n\t\t\t\t<div class=\"blockG\" id=\"rotateG_08\"><\/div>\n\t\t\t<\/div>\n\t\t\t<div class=\"WooZone-cross-sell-loader-text\"><\/div>\n\t\t<\/div>\n\t<\/div>\n\n\t\t\n<\/div>\n<div style=\"clear:both;\"><\/div><\/p>\n","protected":false},"excerpt":{"rendered":"<p>Obermaterial: Leder<br \/>\nInnenmaterial: Mesh<br \/>\nSohle: Gummi<\/p>\n","protected":false},"featured_media":17982,"comment_status":"open","ping_status":"closed","template":"","meta":[],"product_cat":[7072,7073],"product_tag":[],"_links":{"self":[{"href":"https:\/\/camping.webspace.rocks\/index.php?rest_route=\/wp\/v2\/product\/17981"}],"collection":[{"href":"https:\/\/camping.webspace.rocks\/index.php?rest_route=\/wp\/v2\/product"}],"about":[{"href":"https:\/\/camping.webspace.rocks\/index.php?rest_route=\/wp\/v2\/types\/product"}],"replies":[{"embeddable":true,"href":"https:\/\/camping.webspace.rocks\/index.php?rest_route=%2Fwp%2Fv2%2Fcomments&post=17981"}],"version-history":[{"count":6,"href":"https:\/\/camping.webspace.rocks\/index.php?rest_route=\/wp\/v2\/product\/17981\/revisions"}],"predecessor-version":[{"id":19802,"href":"https:\/\/camping.webspace.rocks\/index.php?rest_route=\/wp\/v2\/product\/17981\/revisions\/19802"}],"wp:featuredmedia":[{"embeddable":true,"href":"https:\/\/camping.webspace.rocks\/index.php?rest_route=\/wp\/v2\/media\/17982"}],"wp:attachment":[{"href":"https:\/\/camping.webspace.rocks\/index.php?rest_route=%2Fwp%2Fv2%2Fmedia&parent=17981"}],"wp:term":[{"taxonomy":"product_cat","embeddable":true,"href":"https:\/\/camping.webspace.rocks\/index.php?rest_route=%2Fwp%2Fv2%2Fproduct_cat&post=17981"},{"taxonomy":"product_tag","embeddable":true,"href":"https:\/\/camping.webspace.rocks\/index.php?rest_route=%2Fwp%2Fv2%2Fproduct_tag&post=17981"}],"curies":[{"name":"wp","href":"https:\/\/api.w.org\/{rel}","templated":true}]}}