{"id":17985,"date":"2021-07-30T08:35:49","date_gmt":"2021-07-30T08:35:49","guid":{"rendered":"https:\/\/camping.webspace.rocks\/?product=salomon-jungen-xa-pro-3d-cswp-j-wasserdicht-trekking-wanderhalbschuhe"},"modified":"2023-04-09T10:43:26","modified_gmt":"2023-04-09T10:43:26","slug":"salomon-jungen-xa-pro-3d-cswp-j-wasserdicht-trekking-wanderhalbschuhe","status":"publish","type":"product","link":"https:\/\/camping.webspace.rocks\/?product=salomon-jungen-xa-pro-3d-cswp-j-wasserdicht-trekking-wanderhalbschuhe","title":{"rendered":"Salomon XA Pro 3D Climasalomon Waterproof (wasserdicht) Kids Unisex-Kinder Trailrunning-Schuhe"},"content":{"rendered":"<p>\n\t\t<style type=\"text\/css\">\n\t\t\t#gallery-1 {\n\t\t\t\tmargin: auto;\n\t\t\t}\n\t\t\t#gallery-1 .gallery-item {\n\t\t\t\tfloat: left;\n\t\t\t\tmargin-top: 10px;\n\t\t\t\ttext-align: center;\n\t\t\t\twidth: 33%;\n\t\t\t}\n\t\t\t#gallery-1 img {\n\t\t\t\tborder: 2px solid #cfcfcf;\n\t\t\t}\n\t\t\t#gallery-1 .gallery-caption {\n\t\t\t\tmargin-left: 0;\n\t\t\t}\n\t\t\t\/* see gallery_shortcode() in wp-includes\/media.php *\/\n\t\t<\/style>\n\t\t<div id='gallery-1' class='gallery galleryid-17985 gallery-columns-3 gallery-size-thumbnail'><dl class='gallery-item'>\n\t\t\t<dt class='gallery-icon landscape'>\n\t\t\t\t<a href='https:\/\/camping.webspace.rocks\/?attachment_id=17986'><img width=\"150\" height=\"150\" src=\"https:\/\/m.media-amazon.com\/images\/I\/41uB8wSuOOL._SS150_.jpg\" class=\"attachment-thumbnail size-thumbnail\" alt=\"\" loading=\"lazy\" srcset=\"https:\/\/m.media-amazon.com\/images\/I\/41uB8wSuOOL._SS150_.jpg 150w, https:\/\/m.media-amazon.com\/images\/I\/41uB8wSuOOL._SS300_.jpg 300w, https:\/\/m.media-amazon.com\/images\/I\/41uB8wSuOOL._SS768_.jpg 768w, https:\/\/m.media-amazon.com\/images\/I\/41uB8wSuOOL._SS1024_.jpg 1024w, https:\/\/m.media-amazon.com\/images\/I\/41uB8wSuOOL._SS1536_.jpg 1536w, https:\/\/m.media-amazon.com\/images\/I\/41uB8wSuOOL._SS2048_.jpg 2048w, https:\/\/m.media-amazon.com\/images\/I\/41uB8wSuOOL._SS1200_.jpg 1200w, https:\/\/m.media-amazon.com\/images\/I\/41uB8wSuOOL._SS600_.jpg 600w, https:\/\/m.media-amazon.com\/images\/I\/41uB8wSuOOL.jpg 500w\" sizes=\"(max-width: 150px) 100vw, 150px\" \/><\/a>\n\t\t\t<\/dt><\/dl><dl class='gallery-item'>\n\t\t\t<dt class='gallery-icon landscape'>\n\t\t\t\t<a href='https:\/\/camping.webspace.rocks\/?attachment_id=17987'><img width=\"150\" height=\"150\" src=\"https:\/\/m.media-amazon.com\/images\/I\/41IDbun3xSL._SS150_.jpg\" class=\"attachment-thumbnail size-thumbnail\" alt=\"\" loading=\"lazy\" srcset=\"https:\/\/m.media-amazon.com\/images\/I\/41IDbun3xSL._SS150_.jpg 150w, https:\/\/m.media-amazon.com\/images\/I\/41IDbun3xSL._SS300_.jpg 300w, https:\/\/m.media-amazon.com\/images\/I\/41IDbun3xSL._SS768_.jpg 768w, https:\/\/m.media-amazon.com\/images\/I\/41IDbun3xSL._SS1024_.jpg 1024w, https:\/\/m.media-amazon.com\/images\/I\/41IDbun3xSL._SS1536_.jpg 1536w, https:\/\/m.media-amazon.com\/images\/I\/41IDbun3xSL._SS2048_.jpg 2048w, https:\/\/m.media-amazon.com\/images\/I\/41IDbun3xSL._SS1200_.jpg 1200w, https:\/\/m.media-amazon.com\/images\/I\/41IDbun3xSL._SS600_.jpg 600w, https:\/\/m.media-amazon.com\/images\/I\/41IDbun3xSL.jpg 500w\" sizes=\"(max-width: 150px) 100vw, 150px\" \/><\/a>\n\t\t\t<\/dt><\/dl><dl class='gallery-item'>\n\t\t\t<dt class='gallery-icon landscape'>\n\t\t\t\t<a href='https:\/\/camping.webspace.rocks\/?attachment_id=17988'><img width=\"150\" height=\"150\" src=\"https:\/\/m.media-amazon.com\/images\/I\/311ahSi84nL._SS150_.jpg\" class=\"attachment-thumbnail size-thumbnail\" alt=\"\" loading=\"lazy\" srcset=\"https:\/\/m.media-amazon.com\/images\/I\/311ahSi84nL._SS150_.jpg 150w, https:\/\/m.media-amazon.com\/images\/I\/311ahSi84nL._SS300_.jpg 300w, https:\/\/m.media-amazon.com\/images\/I\/311ahSi84nL._SS768_.jpg 768w, https:\/\/m.media-amazon.com\/images\/I\/311ahSi84nL._SS1024_.jpg 1024w, https:\/\/m.media-amazon.com\/images\/I\/311ahSi84nL._SS1536_.jpg 1536w, https:\/\/m.media-amazon.com\/images\/I\/311ahSi84nL._SS2048_.jpg 2048w, https:\/\/m.media-amazon.com\/images\/I\/311ahSi84nL._SS1200_.jpg 1200w, https:\/\/m.media-amazon.com\/images\/I\/311ahSi84nL._SS600_.jpg 600w, https:\/\/m.media-amazon.com\/images\/I\/311ahSi84nL.jpg 500w\" sizes=\"(max-width: 150px) 100vw, 150px\" \/><\/a>\n\t\t\t<\/dt><\/dl><br style=\"clear: both\" \/>\n\t\t<\/div>\n<br \/>\n<!-- show up to 2 reviews by default --> <\/p>\n<p>Lass nicht das Wetter bestimmen, welche Ausr\u00fcstung du tr\u00e4gst. Wage es, die Elemente herauszufordern. Der XA PRO 3D CSWP J ist die Kinderversion des legend\u00e4ren XA PRO 3D, der auch die J\u00fcngsten bei ihren Abenteuern in jedem Gel\u00e4nde begleitet, unabh\u00e4ngig von den \u00e4u\u00dferen Wetterbedingungen. &#8211; WETTERSCHUTZ &#8211; Der wasserabweisende Innenschuh erm\u00f6glicht es trockenen Fu\u00dfes von Pf\u00fctze zu Pf\u00fctze zu springen. &#8211; SCHNELLSCHN\u00dcRSYSTEM &#8211; Das Quicklace-Schn\u00fcrsystem erm\u00f6glicht es Ihnen, Ihre Schuhe schnell an- und wieder ausziehen, ohne Knoten und Anstrengung. Dar\u00fcber hinaus werden sie bei einem Verhaken in einem Gegenstand schnell wieder losgelassen. &#8211; SICHERER HALT UND PASSGENAUER SITZ &#8211; Das Sensifit-System umschlie\u00dft den Fu\u00df optimal und bietet einen idealen und festen Sitz. &#8211; SOHLE &#8211; Das widerstandsf\u00e4hige Material und das Stollenprofil der Contagrip-Sohle erm\u00f6glichen einen au\u00dfergew\u00f6hnlichen Halt auf den verschiedensten Untergr\u00fcnden. <\/p>\n<p>Obermaterial: Synthetisch<br \/>\nInnenmaterial: Synthetic<br \/>\nSohle: Gummi<br \/>\nVerschluss: Schnellverschluss<br \/>\nSchuhweite: Schmal<br \/>\nWasserabweisend<br \/>\n<div class=\"main-cross-sell\" data-asin=\"B08CBDDGQL\">\n\n\t<div class=\"WooZone-cross-sell-loader\">\n\t\t<div>\n\t\t\t<div id=\"floatingBarsG\">\n\t\t\t\t<div class=\"blockG\" id=\"rotateG_01\"><\/div>\n\t\t\t\t<div class=\"blockG\" id=\"rotateG_02\"><\/div>\n\t\t\t\t<div class=\"blockG\" id=\"rotateG_03\"><\/div>\n\t\t\t\t<div class=\"blockG\" id=\"rotateG_04\"><\/div>\n\t\t\t\t<div class=\"blockG\" id=\"rotateG_05\"><\/div>\n\t\t\t\t<div class=\"blockG\" id=\"rotateG_06\"><\/div>\n\t\t\t\t<div class=\"blockG\" id=\"rotateG_07\"><\/div>\n\t\t\t\t<div class=\"blockG\" id=\"rotateG_08\"><\/div>\n\t\t\t<\/div>\n\t\t\t<div class=\"WooZone-cross-sell-loader-text\"><\/div>\n\t\t<\/div>\n\t<\/div>\n\n\t\t\n<\/div>\n<div style=\"clear:both;\"><\/div><\/p>\n","protected":false},"excerpt":{"rendered":"<p>Obermaterial: Synthetisch<br \/>\nInnenmaterial: Synthetic<br \/>\nSohle: Gummi<\/p>\n","protected":false},"featured_media":17986,"comment_status":"open","ping_status":"closed","template":"","meta":[],"product_cat":[7072,7073],"product_tag":[],"_links":{"self":[{"href":"https:\/\/camping.webspace.rocks\/index.php?rest_route=\/wp\/v2\/product\/17985"}],"collection":[{"href":"https:\/\/camping.webspace.rocks\/index.php?rest_route=\/wp\/v2\/product"}],"about":[{"href":"https:\/\/camping.webspace.rocks\/index.php?rest_route=\/wp\/v2\/types\/product"}],"replies":[{"embeddable":true,"href":"https:\/\/camping.webspace.rocks\/index.php?rest_route=%2Fwp%2Fv2%2Fcomments&post=17985"}],"version-history":[{"count":3,"href":"https:\/\/camping.webspace.rocks\/index.php?rest_route=\/wp\/v2\/product\/17985\/revisions"}],"predecessor-version":[{"id":19480,"href":"https:\/\/camping.webspace.rocks\/index.php?rest_route=\/wp\/v2\/product\/17985\/revisions\/19480"}],"wp:featuredmedia":[{"embeddable":true,"href":"https:\/\/camping.webspace.rocks\/index.php?rest_route=\/wp\/v2\/media\/17986"}],"wp:attachment":[{"href":"https:\/\/camping.webspace.rocks\/index.php?rest_route=%2Fwp%2Fv2%2Fmedia&parent=17985"}],"wp:term":[{"taxonomy":"product_cat","embeddable":true,"href":"https:\/\/camping.webspace.rocks\/index.php?rest_route=%2Fwp%2Fv2%2Fproduct_cat&post=17985"},{"taxonomy":"product_tag","embeddable":true,"href":"https:\/\/camping.webspace.rocks\/index.php?rest_route=%2Fwp%2Fv2%2Fproduct_tag&post=17985"}],"curies":[{"name":"wp","href":"https:\/\/api.w.org\/{rel}","templated":true}]}}