{"id":18017,"date":"2021-07-30T08:52:13","date_gmt":"2021-07-30T08:52:13","guid":{"rendered":"https:\/\/camping.webspace.rocks\/?product=jack-wolfskin-herren-force-striker-texapore-low-m-trekking-wanderhalbschuhe"},"modified":"2023-04-09T10:43:27","modified_gmt":"2023-04-09T10:43:27","slug":"jack-wolfskin-herren-force-striker-texapore-low-m-trekking-wanderhalbschuhe","status":"publish","type":"product","link":"https:\/\/camping.webspace.rocks\/?product=jack-wolfskin-herren-force-striker-texapore-low-m-trekking-wanderhalbschuhe","title":{"rendered":"Jack Wolfskin Herren Force Striker Texapore Low M Outdoorschuhe"},"content":{"rendered":"<p>\n\t\t<style type=\"text\/css\">\n\t\t\t#gallery-1 {\n\t\t\t\tmargin: auto;\n\t\t\t}\n\t\t\t#gallery-1 .gallery-item {\n\t\t\t\tfloat: left;\n\t\t\t\tmargin-top: 10px;\n\t\t\t\ttext-align: center;\n\t\t\t\twidth: 33%;\n\t\t\t}\n\t\t\t#gallery-1 img {\n\t\t\t\tborder: 2px solid #cfcfcf;\n\t\t\t}\n\t\t\t#gallery-1 .gallery-caption {\n\t\t\t\tmargin-left: 0;\n\t\t\t}\n\t\t\t\/* see gallery_shortcode() in wp-includes\/media.php *\/\n\t\t<\/style>\n\t\t<div id='gallery-1' class='gallery galleryid-18017 gallery-columns-3 gallery-size-thumbnail'><dl class='gallery-item'>\n\t\t\t<dt class='gallery-icon landscape'>\n\t\t\t\t<a href='https:\/\/camping.webspace.rocks\/?attachment_id=18018'><img width=\"150\" height=\"150\" src=\"https:\/\/m.media-amazon.com\/images\/I\/41cH4jqn1ML._SS150_.jpg\" class=\"attachment-thumbnail size-thumbnail\" alt=\"\" loading=\"lazy\" srcset=\"https:\/\/m.media-amazon.com\/images\/I\/41cH4jqn1ML._SS150_.jpg 150w, https:\/\/m.media-amazon.com\/images\/I\/41cH4jqn1ML._SS300_.jpg 300w, https:\/\/m.media-amazon.com\/images\/I\/41cH4jqn1ML._SS768_.jpg 768w, https:\/\/m.media-amazon.com\/images\/I\/41cH4jqn1ML._SS1024_.jpg 1024w, https:\/\/m.media-amazon.com\/images\/I\/41cH4jqn1ML._SS1536_.jpg 1536w, https:\/\/m.media-amazon.com\/images\/I\/41cH4jqn1ML._SS2048_.jpg 2048w, https:\/\/m.media-amazon.com\/images\/I\/41cH4jqn1ML._SS1200_.jpg 1200w, https:\/\/m.media-amazon.com\/images\/I\/41cH4jqn1ML._SS600_.jpg 600w, https:\/\/m.media-amazon.com\/images\/I\/41cH4jqn1ML.jpg 500w\" sizes=\"(max-width: 150px) 100vw, 150px\" \/><\/a>\n\t\t\t<\/dt><\/dl><dl class='gallery-item'>\n\t\t\t<dt class='gallery-icon landscape'>\n\t\t\t\t<a href='https:\/\/camping.webspace.rocks\/?attachment_id=18019'><img width=\"150\" height=\"150\" src=\"https:\/\/m.media-amazon.com\/images\/I\/41FmNJRTH8L._SS150_.jpg\" class=\"attachment-thumbnail size-thumbnail\" alt=\"\" loading=\"lazy\" srcset=\"https:\/\/m.media-amazon.com\/images\/I\/41FmNJRTH8L._SS150_.jpg 150w, https:\/\/m.media-amazon.com\/images\/I\/41FmNJRTH8L._SS300_.jpg 300w, https:\/\/m.media-amazon.com\/images\/I\/41FmNJRTH8L._SS768_.jpg 768w, https:\/\/m.media-amazon.com\/images\/I\/41FmNJRTH8L._SS1024_.jpg 1024w, https:\/\/m.media-amazon.com\/images\/I\/41FmNJRTH8L._SS1536_.jpg 1536w, https:\/\/m.media-amazon.com\/images\/I\/41FmNJRTH8L._SS2048_.jpg 2048w, https:\/\/m.media-amazon.com\/images\/I\/41FmNJRTH8L._SS1200_.jpg 1200w, https:\/\/m.media-amazon.com\/images\/I\/41FmNJRTH8L._SS600_.jpg 600w, https:\/\/m.media-amazon.com\/images\/I\/41FmNJRTH8L.jpg 500w\" sizes=\"(max-width: 150px) 100vw, 150px\" \/><\/a>\n\t\t\t<\/dt><\/dl><dl class='gallery-item'>\n\t\t\t<dt class='gallery-icon landscape'>\n\t\t\t\t<a href='https:\/\/camping.webspace.rocks\/?attachment_id=18020'><img width=\"150\" height=\"150\" src=\"https:\/\/m.media-amazon.com\/images\/I\/41RHS1UdM3L._SS150_.jpg\" class=\"attachment-thumbnail size-thumbnail\" alt=\"\" loading=\"lazy\" srcset=\"https:\/\/m.media-amazon.com\/images\/I\/41RHS1UdM3L._SS150_.jpg 150w, https:\/\/m.media-amazon.com\/images\/I\/41RHS1UdM3L._SS300_.jpg 300w, https:\/\/m.media-amazon.com\/images\/I\/41RHS1UdM3L._SS768_.jpg 768w, https:\/\/m.media-amazon.com\/images\/I\/41RHS1UdM3L._SS1024_.jpg 1024w, https:\/\/m.media-amazon.com\/images\/I\/41RHS1UdM3L._SS1536_.jpg 1536w, https:\/\/m.media-amazon.com\/images\/I\/41RHS1UdM3L._SS2048_.jpg 2048w, https:\/\/m.media-amazon.com\/images\/I\/41RHS1UdM3L._SS1200_.jpg 1200w, https:\/\/m.media-amazon.com\/images\/I\/41RHS1UdM3L._SS600_.jpg 600w, https:\/\/m.media-amazon.com\/images\/I\/41RHS1UdM3L.jpg 500w\" sizes=\"(max-width: 150px) 100vw, 150px\" \/><\/a>\n\t\t\t<\/dt><\/dl><br style=\"clear: both\" \/>\n\t\t<\/div>\n<br \/>\n<!-- show up to 2 reviews by default --> <\/p>\n<p>Op je wandeltocht gaat het de laatste meter over een steile bospoor naar boven, totdat je eindelijk je doel bereikt. Met de Force Striker TEXAPORE low kun je deze stijging met links cre\u00ebren. Want dankzij zijn unieke zoolstructuur ondersteunt de schoen je voet optimaal en bespaart kracht. De innovatieve Force Plate onder de bal van de voet zorgt voor veel stabiliteit en een dynamisch en krachtig loopgevoel, omdat hij aangenaam naveert. En het zachte REFLEX schuim met krachtbesparing garandeert extra portie draagcomfort. Zo kun je elke nog zo vermoeiende dagen tochten de weg bijzonder steenachtig of steil zijn, heb je dankzij de vibram-buitenzool altijd voldoende grip onder de voet. En voert je tocht door een kleine bergbach of komt een regenbui op, het waterdichte en zeer ademende membraan houdt je voet droog. De Force Striker Texapore Low heeft overigens ook de berggids van de alpine school innsbruck overtuigd, samen met jou hebben wij de schoen ontwikkeld.<\/p>\n<p>Auf deiner Wanderung geht es die letzten Meter \u00fcber einen steilen waldtrail nach oben, bis du endlich dein Ziel erreichst. Mit dem Force Striker TEXAPORE low schaffst du diesen anstieg mit Links. Denn dank seines einzigartigen Sohlenaufbaus unterst\u00fctzt Der Schuh deinen Fu\u00df Optimal und spart Kraft ein.Die innovative Force plate unter dem fu\u00dfballen sorgt f\u00fcr viel Stabilit\u00e4t und ein dynamisches und kraftvolles Laufgef\u00fchl, da sie angenehm nachfedert. Und der weiche REFLEX Foam mit krafteinsparung garantiert die Extraportion Tragekomfort. So meisterst du jede noch so anstrengende Tages Touren wird der weg besonders steinig oder steil, hast du dank der vibram-au\u00dfensohle immer gen\u00fcgend Grip unterm Fu\u00df. Und f\u00fchrt dich deine Tour durch einen kleinen bergbach oder kommt ein schauer auf, h\u00e4lt die wasserdichte und sehr atmungsaktive Membran deinen Fu\u00df trocken.Der Force Striker TEXAPORE low hat \u00fcbrigens auch die bergf\u00fchrer der alpinschule innsbruck \u00fcberzeugt, gemeinsem mit Ihnen haben wir den Schuh entwickelt.<\/p>\n<p>Y\u00fcr\u00fcy\u00fc\u015f\u00fcn\u00fczde hedefinize ula\u015fana kadar son metreler dik bir orman patisinin \u00fczerinden yukar\u0131 do\u011fru ilerler. Force Striker Texapore Low ile bu y\u00fckselmeyi soldan ba\u015far\u0131rs\u0131n\u0131z. \u00c7\u00fcnk\u00fc benzersiz taban yap\u0131s\u0131 sayesinde ayakkab\u0131 aya\u011f\u0131n\u0131z\u0131 en iyi \u015fekilde destekler ve g\u00fc\u00e7 tasarrufu sa\u011flar. Ayak taban\u0131n\u0131n alt\u0131ndaki yenilik\u00e7i Force Plate sa\u011flaml\u0131k ve dinamik ve g\u00fc\u00e7l\u00fc bir ko\u015fu hissi sa\u011flar, \u00e7\u00fcnk\u00fc rahat bir \u015fekilde yaylan\u0131r. Ve yumu\u015fak REFLEX Foam g\u00fc\u00e7 tasarrufu ile ekstra ta\u015f\u0131ma konforu sa\u011flar. B\u00f6ylece her t\u00fcrl\u00fc zorlu g\u00fcn turlar\u0131 \u00fcstesinden gelir, \u00f6zellikle ta\u015f veya dik olur, vibram d\u0131\u015f taban sayesinde aya\u011f\u0131n alt\u0131nda her zaman yeterli kavrama sa\u011flar. Ve sizi k\u00fc\u00e7\u00fck bir da\u011f bach\u0131nda gezdirir ya da bir sa\u011fanak gelirse, su ge\u00e7irmez ve \u00e7ok nefes alan membran aya\u011f\u0131n\u0131z\u0131 kuru tutar. Force Striker Texapore low ayr\u0131ca Alpin okulunun da\u011f liderleri de ikna etti, birlikte ayakkab\u0131y\u0131 geli\u015ftirdik.<\/p>\n<p>Na tv\u00e9 putov\u00e1n\u00ed se pohybuj\u00ed posledn\u00ed metry p\u0159es tuhou lesn\u00ed trail nahoru, dokud se kone\u010dn\u011b dos\u00e1hnete. S Force Striker TEXAPORE low to zvl\u00e1dnete nastoupit pomoc\u00ed leva. D\u00edky sv\u00e9 jedine\u010dn\u00e9 konstrukci podr\u00e1\u017eky optim\u00e1ln\u011b podporuje va\u0161e nohy a \u0161et\u0159\u00ed s\u00edlu. Inovativn\u00ed Force plate pod b\u0159\u00ed\u0161kem nohy zaji\u0161\u0165uje velkou stabilitu a dynamick\u00fd a siln\u00fd pocit p\u0159i b\u011bhu, proto\u017ee p\u0159\u00edjemn\u011b odpru\u017e\u00ed. A m\u011bkk\u00e1 REFLEX p\u011bna s \u00fasporou energie zaru\u010duje extra porci komfort p\u0159i no\u0161en\u00ed. Tak\u017ee zvl\u00e1dne\u0161 ka\u017edou n\u00e1ro\u010dnou denn\u00ed t\u00faru obzvl\u00e1\u0161\u0165 \u0161pinav\u00e1 nebo tuh\u00e1, d\u00edky vn\u011bj\u0161\u00ed podr\u00e1\u017ece Vibram m\u00e1te v\u017edy dostatek p\u0159ilnavosti pod chodidlem. A vede t\u011b tvou t\u00faru mal\u00fdm horsk\u00fdm pojezdem nebo p\u0159ehoz, udr\u017euje nepromokav\u00e1 a velmi prody\u0161n\u00e1 membr\u00e1na va\u0161i nohu such\u00e1. Force Striker TEXAPORE low ostatn\u011b p\u0159esv\u011bd\u010dila i vedouc\u00ed p\u0159edstavitele alpsk\u00e9 \u0161vihadlo, spole\u010dn\u011b s v\u00e1mi jsme vyvinuli botu.<\/p>\n<p>On your hike, it goes up the last metres over a steep forest trail until you finally reach your destination. With the Force Striker Texapore low, you can make it rise with the left. Thanks to its unique sole construction, the shoe optimally supports your foot and saves energy. The innovative force plate under the ball of the foot ensures plenty of stability and a dynamic and powerful running sensation, as it is pleasantly spring-down. And the soft reflex foam with energy saving guarantees the extra dose of comfort. So you can master every strenuous day tours, the way becomes particularly rocky or steep, thanks to the Vibram outsole. And guides you your tour through a small mountain stream, or if a showers come up, the waterproof and very breathable membrane keeps your foot dry. The Force Striker Texapore low has also convinced the mountain leaders of the Alpine School innsbruck, together with you, we have developed the shoe.<\/p>\n<p>Podczas Twojej w\u0119dr\u00f3wki pokonuje ostatnie metry w g\u00f3r\u0119, a\u017c wreszcie osi\u0105gniesz sw\u00f3j cel. Dzi\u0119ki Force Striker Texapore low osi\u0105gniesz ten wzrost z lewej strony. Dzi\u0119ki swojej wyj\u0105tkowej konstrukcji podeszwy but optymalnie wspiera stop\u0119 i oszcz\u0119dza si\u0142y. Innowacyjna deska Force Plate pod stop\u0105 zapewnia du\u017c\u0105 stabilno\u015b\u0107 i dynamik\u0119 i moc podczas biegania, poniewa\u017c przyjemnie spr\u0119\u017cynuje si\u0119. Mi\u0119kka pianka Reflex zapewnia dodatkow\u0105 porcj\u0119 komfortu noszenia. Dzi\u0119ki temu pokonasz ka\u017cd\u0105 trudn\u0105, codzienn\u0105 wycieczk\u0119, b\u0119dzie ona szczeg\u00f3lnie kamienista lub stroma, dzi\u0119ki podeszwie zewn\u0119trznej Vibram masz zawsze wystarczaj\u0105c\u0105 przyczepno\u015b\u0107 pod stop\u0105. I przeprowadzi Ci\u0119 wycieczk\u0119 przez ma\u0142\u0105 g\u00f3rsk\u0105 bach\u0119, a wodoodporna i bardzo oddychaj\u0105ca membrana utrzymuje sucho\u015b\u0107 Twoich st\u00f3p. Force Striker Texapore Low przekona\u0142 si\u0119 r\u00f3wnie\u017c lidera szko\u0142y alpejskiej Insbruck. Wsp\u00f3lnie z Tob\u0105 opracowali\u015bmy te buty. <\/p>\n<p>Obermaterial: Nicht zutreffend<br \/>\nInnenmaterial: Synthetik<br \/>\nSohle: Vibram<br \/>\nVerschluss: Schn\u00fcrsenkel<br \/>\nSchuhweite: Schmal<br \/>\nWasserdicht<br \/>\n<div class=\"main-cross-sell\" data-asin=\"B07RS2SM71\">\n\n\t<div class=\"WooZone-cross-sell-loader\">\n\t\t<div>\n\t\t\t<div id=\"floatingBarsG\">\n\t\t\t\t<div class=\"blockG\" id=\"rotateG_01\"><\/div>\n\t\t\t\t<div class=\"blockG\" id=\"rotateG_02\"><\/div>\n\t\t\t\t<div class=\"blockG\" id=\"rotateG_03\"><\/div>\n\t\t\t\t<div class=\"blockG\" id=\"rotateG_04\"><\/div>\n\t\t\t\t<div class=\"blockG\" id=\"rotateG_05\"><\/div>\n\t\t\t\t<div class=\"blockG\" id=\"rotateG_06\"><\/div>\n\t\t\t\t<div class=\"blockG\" id=\"rotateG_07\"><\/div>\n\t\t\t\t<div class=\"blockG\" id=\"rotateG_08\"><\/div>\n\t\t\t<\/div>\n\t\t\t<div class=\"WooZone-cross-sell-loader-text\"><\/div>\n\t\t<\/div>\n\t<\/div>\n\n\t\t\n<\/div>\n<div style=\"clear:both;\"><\/div><\/p>\n","protected":false},"excerpt":{"rendered":"<p>Obermaterial: Nicht zutreffend<br \/>\nInnenmaterial: Synthetik<br \/>\nSohle: Vibram<\/p>\n","protected":false},"featured_media":18018,"comment_status":"open","ping_status":"closed","template":"","meta":[],"product_cat":[7072,7073],"product_tag":[],"_links":{"self":[{"href":"https:\/\/camping.webspace.rocks\/index.php?rest_route=\/wp\/v2\/product\/18017"}],"collection":[{"href":"https:\/\/camping.webspace.rocks\/index.php?rest_route=\/wp\/v2\/product"}],"about":[{"href":"https:\/\/camping.webspace.rocks\/index.php?rest_route=\/wp\/v2\/types\/product"}],"replies":[{"embeddable":true,"href":"https:\/\/camping.webspace.rocks\/index.php?rest_route=%2Fwp%2Fv2%2Fcomments&post=18017"}],"version-history":[{"count":2,"href":"https:\/\/camping.webspace.rocks\/index.php?rest_route=\/wp\/v2\/product\/18017\/revisions"}],"predecessor-version":[{"id":19336,"href":"https:\/\/camping.webspace.rocks\/index.php?rest_route=\/wp\/v2\/product\/18017\/revisions\/19336"}],"wp:featuredmedia":[{"embeddable":true,"href":"https:\/\/camping.webspace.rocks\/index.php?rest_route=\/wp\/v2\/media\/18018"}],"wp:attachment":[{"href":"https:\/\/camping.webspace.rocks\/index.php?rest_route=%2Fwp%2Fv2%2Fmedia&parent=18017"}],"wp:term":[{"taxonomy":"product_cat","embeddable":true,"href":"https:\/\/camping.webspace.rocks\/index.php?rest_route=%2Fwp%2Fv2%2Fproduct_cat&post=18017"},{"taxonomy":"product_tag","embeddable":true,"href":"https:\/\/camping.webspace.rocks\/index.php?rest_route=%2Fwp%2Fv2%2Fproduct_tag&post=18017"}],"curies":[{"name":"wp","href":"https:\/\/api.w.org\/{rel}","templated":true}]}}