{"id":18025,"date":"2021-07-30T08:52:16","date_gmt":"2021-07-30T08:52:16","guid":{"rendered":"https:\/\/camping.webspace.rocks\/?product=salewa-herren-ms-wildfire-trekking-wanderhalbschuhe"},"modified":"2023-04-09T10:43:27","modified_gmt":"2023-04-09T10:43:27","slug":"salewa-herren-ms-wildfire-trekking-wanderhalbschuhe","status":"publish","type":"product","link":"https:\/\/camping.webspace.rocks\/?product=salewa-herren-ms-wildfire-trekking-wanderhalbschuhe","title":{"rendered":"Salewa Herren Ms Wildfire Trekking-&amp; Wanderhalbschuhe"},"content":{"rendered":"<p>\n\t\t<style type=\"text\/css\">\n\t\t\t#gallery-1 {\n\t\t\t\tmargin: auto;\n\t\t\t}\n\t\t\t#gallery-1 .gallery-item {\n\t\t\t\tfloat: left;\n\t\t\t\tmargin-top: 10px;\n\t\t\t\ttext-align: center;\n\t\t\t\twidth: 33%;\n\t\t\t}\n\t\t\t#gallery-1 img {\n\t\t\t\tborder: 2px solid #cfcfcf;\n\t\t\t}\n\t\t\t#gallery-1 .gallery-caption {\n\t\t\t\tmargin-left: 0;\n\t\t\t}\n\t\t\t\/* see gallery_shortcode() in wp-includes\/media.php *\/\n\t\t<\/style>\n\t\t<div id='gallery-1' class='gallery galleryid-18025 gallery-columns-3 gallery-size-thumbnail'><dl class='gallery-item'>\n\t\t\t<dt class='gallery-icon landscape'>\n\t\t\t\t<a href='https:\/\/camping.webspace.rocks\/?attachment_id=18026'><img width=\"150\" height=\"150\" src=\"https:\/\/m.media-amazon.com\/images\/I\/41LJy6P6w8L._SS150_.jpg\" class=\"attachment-thumbnail size-thumbnail\" alt=\"\" loading=\"lazy\" srcset=\"https:\/\/m.media-amazon.com\/images\/I\/41LJy6P6w8L._SS150_.jpg 150w, https:\/\/m.media-amazon.com\/images\/I\/41LJy6P6w8L._SS300_.jpg 300w, https:\/\/m.media-amazon.com\/images\/I\/41LJy6P6w8L._SS768_.jpg 768w, https:\/\/m.media-amazon.com\/images\/I\/41LJy6P6w8L._SS1024_.jpg 1024w, https:\/\/m.media-amazon.com\/images\/I\/41LJy6P6w8L._SS1536_.jpg 1536w, https:\/\/m.media-amazon.com\/images\/I\/41LJy6P6w8L._SS2048_.jpg 2048w, https:\/\/m.media-amazon.com\/images\/I\/41LJy6P6w8L._SS1200_.jpg 1200w, https:\/\/m.media-amazon.com\/images\/I\/41LJy6P6w8L._SS600_.jpg 600w, https:\/\/m.media-amazon.com\/images\/I\/41LJy6P6w8L.jpg 500w\" sizes=\"(max-width: 150px) 100vw, 150px\" \/><\/a>\n\t\t\t<\/dt><\/dl><dl class='gallery-item'>\n\t\t\t<dt class='gallery-icon landscape'>\n\t\t\t\t<a href='https:\/\/camping.webspace.rocks\/?attachment_id=18027'><img width=\"150\" height=\"150\" src=\"https:\/\/m.media-amazon.com\/images\/I\/41VcEAGP6fL._SS150_.jpg\" class=\"attachment-thumbnail size-thumbnail\" alt=\"\" loading=\"lazy\" srcset=\"https:\/\/m.media-amazon.com\/images\/I\/41VcEAGP6fL._SS150_.jpg 150w, https:\/\/m.media-amazon.com\/images\/I\/41VcEAGP6fL._SS300_.jpg 300w, https:\/\/m.media-amazon.com\/images\/I\/41VcEAGP6fL._SS768_.jpg 768w, https:\/\/m.media-amazon.com\/images\/I\/41VcEAGP6fL._SS1024_.jpg 1024w, https:\/\/m.media-amazon.com\/images\/I\/41VcEAGP6fL._SS1536_.jpg 1536w, https:\/\/m.media-amazon.com\/images\/I\/41VcEAGP6fL._SS2048_.jpg 2048w, https:\/\/m.media-amazon.com\/images\/I\/41VcEAGP6fL._SS1200_.jpg 1200w, https:\/\/m.media-amazon.com\/images\/I\/41VcEAGP6fL._SS600_.jpg 600w, https:\/\/m.media-amazon.com\/images\/I\/41VcEAGP6fL.jpg 500w\" sizes=\"(max-width: 150px) 100vw, 150px\" \/><\/a>\n\t\t\t<\/dt><\/dl><dl class='gallery-item'>\n\t\t\t<dt class='gallery-icon landscape'>\n\t\t\t\t<a href='https:\/\/camping.webspace.rocks\/?attachment_id=18028'><img width=\"150\" height=\"150\" src=\"https:\/\/m.media-amazon.com\/images\/I\/41ERs6QKl0L._SS150_.jpg\" class=\"attachment-thumbnail size-thumbnail\" alt=\"\" loading=\"lazy\" srcset=\"https:\/\/m.media-amazon.com\/images\/I\/41ERs6QKl0L._SS150_.jpg 150w, https:\/\/m.media-amazon.com\/images\/I\/41ERs6QKl0L._SS300_.jpg 300w, https:\/\/m.media-amazon.com\/images\/I\/41ERs6QKl0L._SS768_.jpg 768w, https:\/\/m.media-amazon.com\/images\/I\/41ERs6QKl0L._SS1024_.jpg 1024w, https:\/\/m.media-amazon.com\/images\/I\/41ERs6QKl0L._SS1536_.jpg 1536w, https:\/\/m.media-amazon.com\/images\/I\/41ERs6QKl0L._SS2048_.jpg 2048w, https:\/\/m.media-amazon.com\/images\/I\/41ERs6QKl0L._SS1200_.jpg 1200w, https:\/\/m.media-amazon.com\/images\/I\/41ERs6QKl0L._SS600_.jpg 600w, https:\/\/m.media-amazon.com\/images\/I\/41ERs6QKl0L.jpg 500w\" sizes=\"(max-width: 150px) 100vw, 150px\" \/><\/a>\n\t\t\t<\/dt><\/dl><br style=\"clear: both\" \/>\n\t\t<\/div>\n<br \/>\n<!-- show up to 2 reviews by default --> <\/p>\n<p>Der Wildfire ist ein bequemer Zustiegsschuh mit einer vielseitigen POMOCA Speed Mtn Sohle f\u00fcr Grip, Traktion, Sicherheit und Pr\u00e4zision bei technischen Zustiegen, Kraxeleien, Querungen und Klettereien. Sie verf\u00fcgt \u00fcber eine Climbing Zone im Zehenbereich und bietet eine hohe Kantenstabilit\u00e4t. Die POMOCA Butilic Gummimischung sorgt f\u00fcr sicheren Halt auf trockenem und feuchtem Fels, die aggressiven Stollen f\u00fcr verbesserte Traktion auf schlammigem, weichem Grund. Wir fertigen den Schaft mit pr\u00e4ziser Passform aus robustem Mesh Material und verst\u00e4rken ihn mit einer 3D Exa Shell Struktur f\u00fcr erh\u00f6hte Torsionssteifigkeit. In Kombination mit dem 3F System, umh\u00fcllt es den Fu\u00df f\u00fcr Flexibilit\u00e4t, guten Sitz sowie festen Kn\u00f6chel- und Fersenhalt. F\u00fcr w\u00e4rmeres Wetter ist der Wildfire mit einem atmungsaktiven Meshfutter ausgestattet. Die Climbing Lacing umh\u00fcllt besonders den Vorfu\u00df und erm\u00f6glicht eine feine Anpassung im Zehenbereich f\u00fcr erh\u00f6hte Pr\u00e4szision in technischem Terrain. Ein polsterndes OrthoLite Fu\u00dfbett h\u00e4lt den Fu\u00df k\u00fchl und trocken, indem es Feuchtigkeit von ihm wegtransportiert. <\/p>\n<p>Obermaterial: Synthetisch<br \/>\nInnenmaterial: Mesh<br \/>\nSohle: Synthetik<br \/>\nVerschluss: Schn\u00fcrsenkel<br \/>\nAbsatzform: Flach<br \/>\nMaterialzusammensetzung: Gummi, EVA, Sonstiges Material (Sohlenmaterial) Polyester, Polyurethan, Nat\u00fcrliche und synthetische Textilien (Obermaterial) Polyester, Nat\u00fcrliche und synthetische Textilien (Futtermaterial)<br \/>\nSchuhweite: Normal<br \/>\nNicht wasserdicht<br \/>\n<div class=\"main-cross-sell\" data-asin=\"B072R7K9PF\">\n\n\t<div class=\"WooZone-cross-sell-loader\">\n\t\t<div>\n\t\t\t<div id=\"floatingBarsG\">\n\t\t\t\t<div class=\"blockG\" id=\"rotateG_01\"><\/div>\n\t\t\t\t<div class=\"blockG\" id=\"rotateG_02\"><\/div>\n\t\t\t\t<div class=\"blockG\" id=\"rotateG_03\"><\/div>\n\t\t\t\t<div class=\"blockG\" id=\"rotateG_04\"><\/div>\n\t\t\t\t<div class=\"blockG\" id=\"rotateG_05\"><\/div>\n\t\t\t\t<div class=\"blockG\" id=\"rotateG_06\"><\/div>\n\t\t\t\t<div class=\"blockG\" id=\"rotateG_07\"><\/div>\n\t\t\t\t<div class=\"blockG\" id=\"rotateG_08\"><\/div>\n\t\t\t<\/div>\n\t\t\t<div class=\"WooZone-cross-sell-loader-text\"><\/div>\n\t\t<\/div>\n\t<\/div>\n\n\t\t\n<\/div>\n<div style=\"clear:both;\"><\/div><\/p>\n","protected":false},"excerpt":{"rendered":"<p>Obermaterial: Synthetisch<br \/>\nInnenmaterial: Mesh<br \/>\nSohle: Synthetik<\/p>\n","protected":false},"featured_media":18026,"comment_status":"open","ping_status":"closed","template":"","meta":[],"product_cat":[7072,7073],"product_tag":[],"_links":{"self":[{"href":"https:\/\/camping.webspace.rocks\/index.php?rest_route=\/wp\/v2\/product\/18025"}],"collection":[{"href":"https:\/\/camping.webspace.rocks\/index.php?rest_route=\/wp\/v2\/product"}],"about":[{"href":"https:\/\/camping.webspace.rocks\/index.php?rest_route=\/wp\/v2\/types\/product"}],"replies":[{"embeddable":true,"href":"https:\/\/camping.webspace.rocks\/index.php?rest_route=%2Fwp%2Fv2%2Fcomments&post=18025"}],"version-history":[{"count":3,"href":"https:\/\/camping.webspace.rocks\/index.php?rest_route=\/wp\/v2\/product\/18025\/revisions"}],"predecessor-version":[{"id":19903,"href":"https:\/\/camping.webspace.rocks\/index.php?rest_route=\/wp\/v2\/product\/18025\/revisions\/19903"}],"wp:featuredmedia":[{"embeddable":true,"href":"https:\/\/camping.webspace.rocks\/index.php?rest_route=\/wp\/v2\/media\/18026"}],"wp:attachment":[{"href":"https:\/\/camping.webspace.rocks\/index.php?rest_route=%2Fwp%2Fv2%2Fmedia&parent=18025"}],"wp:term":[{"taxonomy":"product_cat","embeddable":true,"href":"https:\/\/camping.webspace.rocks\/index.php?rest_route=%2Fwp%2Fv2%2Fproduct_cat&post=18025"},{"taxonomy":"product_tag","embeddable":true,"href":"https:\/\/camping.webspace.rocks\/index.php?rest_route=%2Fwp%2Fv2%2Fproduct_tag&post=18025"}],"curies":[{"name":"wp","href":"https:\/\/api.w.org\/{rel}","templated":true}]}}