{"id":18047,"date":"2021-07-30T08:52:27","date_gmt":"2021-07-30T08:52:27","guid":{"rendered":"https:\/\/camping.webspace.rocks\/?product=timberland-herren-euro-rock-hiker-stiefel"},"modified":"2023-04-09T10:43:28","modified_gmt":"2023-04-09T10:43:28","slug":"timberland-herren-euro-rock-hiker-stiefel","status":"publish","type":"product","link":"https:\/\/camping.webspace.rocks\/?product=timberland-herren-euro-rock-hiker-stiefel","title":{"rendered":"Timberland Herren Euro Rock Hiker Stiefel"},"content":{"rendered":"<p>\n\t\t<style type=\"text\/css\">\n\t\t\t#gallery-1 {\n\t\t\t\tmargin: auto;\n\t\t\t}\n\t\t\t#gallery-1 .gallery-item {\n\t\t\t\tfloat: left;\n\t\t\t\tmargin-top: 10px;\n\t\t\t\ttext-align: center;\n\t\t\t\twidth: 33%;\n\t\t\t}\n\t\t\t#gallery-1 img {\n\t\t\t\tborder: 2px solid #cfcfcf;\n\t\t\t}\n\t\t\t#gallery-1 .gallery-caption {\n\t\t\t\tmargin-left: 0;\n\t\t\t}\n\t\t\t\/* see gallery_shortcode() in wp-includes\/media.php *\/\n\t\t<\/style>\n\t\t<div id='gallery-1' class='gallery galleryid-18047 gallery-columns-3 gallery-size-thumbnail'><dl class='gallery-item'>\n\t\t\t<dt class='gallery-icon landscape'>\n\t\t\t\t<a href='https:\/\/camping.webspace.rocks\/?attachment_id=18048'><img width=\"150\" height=\"150\" src=\"https:\/\/m.media-amazon.com\/images\/I\/41Rd+c4PcRL._SS150_.jpg\" class=\"attachment-thumbnail size-thumbnail\" alt=\"\" loading=\"lazy\" srcset=\"https:\/\/m.media-amazon.com\/images\/I\/41Rd+c4PcRL._SS150_.jpg 150w, https:\/\/m.media-amazon.com\/images\/I\/41Rd+c4PcRL._SS300_.jpg 300w, https:\/\/m.media-amazon.com\/images\/I\/41Rd+c4PcRL._SS768_.jpg 768w, https:\/\/m.media-amazon.com\/images\/I\/41Rd+c4PcRL._SS1024_.jpg 1024w, https:\/\/m.media-amazon.com\/images\/I\/41Rd+c4PcRL._SS1536_.jpg 1536w, https:\/\/m.media-amazon.com\/images\/I\/41Rd+c4PcRL._SS2048_.jpg 2048w, https:\/\/m.media-amazon.com\/images\/I\/41Rd+c4PcRL._SS1200_.jpg 1200w, https:\/\/m.media-amazon.com\/images\/I\/41Rd+c4PcRL._SS600_.jpg 600w, https:\/\/m.media-amazon.com\/images\/I\/41Rd+c4PcRL.jpg 500w\" sizes=\"(max-width: 150px) 100vw, 150px\" \/><\/a>\n\t\t\t<\/dt><\/dl><dl class='gallery-item'>\n\t\t\t<dt class='gallery-icon landscape'>\n\t\t\t\t<a href='https:\/\/camping.webspace.rocks\/?attachment_id=18049'><img width=\"150\" height=\"150\" src=\"https:\/\/m.media-amazon.com\/images\/I\/41QIsM01B8L._SS150_.jpg\" class=\"attachment-thumbnail size-thumbnail\" alt=\"\" loading=\"lazy\" srcset=\"https:\/\/m.media-amazon.com\/images\/I\/41QIsM01B8L._SS150_.jpg 150w, https:\/\/m.media-amazon.com\/images\/I\/41QIsM01B8L._SS300_.jpg 300w, https:\/\/m.media-amazon.com\/images\/I\/41QIsM01B8L._SS768_.jpg 768w, https:\/\/m.media-amazon.com\/images\/I\/41QIsM01B8L._SS1024_.jpg 1024w, https:\/\/m.media-amazon.com\/images\/I\/41QIsM01B8L._SS1536_.jpg 1536w, https:\/\/m.media-amazon.com\/images\/I\/41QIsM01B8L._SS2048_.jpg 2048w, https:\/\/m.media-amazon.com\/images\/I\/41QIsM01B8L._SS1200_.jpg 1200w, https:\/\/m.media-amazon.com\/images\/I\/41QIsM01B8L._SS600_.jpg 600w, https:\/\/m.media-amazon.com\/images\/I\/41QIsM01B8L.jpg 500w\" sizes=\"(max-width: 150px) 100vw, 150px\" \/><\/a>\n\t\t\t<\/dt><\/dl><dl class='gallery-item'>\n\t\t\t<dt class='gallery-icon landscape'>\n\t\t\t\t<a href='https:\/\/camping.webspace.rocks\/?attachment_id=18050'><img width=\"150\" height=\"150\" src=\"https:\/\/m.media-amazon.com\/images\/I\/41xP9L3DOSL._SS150_.jpg\" class=\"attachment-thumbnail size-thumbnail\" alt=\"\" loading=\"lazy\" srcset=\"https:\/\/m.media-amazon.com\/images\/I\/41xP9L3DOSL._SS150_.jpg 150w, https:\/\/m.media-amazon.com\/images\/I\/41xP9L3DOSL._SS300_.jpg 300w, https:\/\/m.media-amazon.com\/images\/I\/41xP9L3DOSL._SS768_.jpg 768w, https:\/\/m.media-amazon.com\/images\/I\/41xP9L3DOSL._SS1024_.jpg 1024w, https:\/\/m.media-amazon.com\/images\/I\/41xP9L3DOSL._SS1536_.jpg 1536w, https:\/\/m.media-amazon.com\/images\/I\/41xP9L3DOSL._SS2048_.jpg 2048w, https:\/\/m.media-amazon.com\/images\/I\/41xP9L3DOSL._SS1200_.jpg 1200w, https:\/\/m.media-amazon.com\/images\/I\/41xP9L3DOSL._SS600_.jpg 600w, https:\/\/m.media-amazon.com\/images\/I\/41xP9L3DOSL.jpg 500w\" sizes=\"(max-width: 150px) 100vw, 150px\" \/><\/a>\n\t\t\t<\/dt><\/dl><br style=\"clear: both\" \/>\n\t\t<\/div>\n<br \/>\n<!-- show up to 2 reviews by default --> <\/p>\n<p>Timberland Euro Rock Hiker aus hochwertigem \u00f6kologisch gegerbten Leder f\u00fcr Langlebigkeit und Komfort. Mesh Innenfutter aus 100 Prozent recyceltem PET aus Platikflaschen f\u00fcr Atmungsaktivit\u00e4t und Klimakontrolle im Inneren des Schuhs. Herausnehmbare Innensohle und leichtes EVA Fu\u00dfbett f\u00fcr optimale D\u00e4mpfung und Tragekomfort den ganzen Tag. Umweltfreundliche Green Rubber Gummiau\u00dfensohle mit 42 Prozent recyceltem Anteil f\u00fcr Trittsicherheit auf jedem Untergrund. <\/p>\n<p>Obermaterial: Leder<br \/>\nInnenmaterial: Mesh<br \/>\nSohle: Gummi<br \/>\nVerschluss: Schn\u00fcrsenkel<br \/>\nAbsatzh\u00f6he: 2 cm<br \/>\nAbsatzform: Flach<br \/>\nGr\u00f6\u00dfenhinweis: F\u00e4llt eine halbe Gr\u00f6\u00dfe kleiner aus<br \/>\nSchuhweite: Medium<br \/>\n<div class=\"main-cross-sell\" data-asin=\"B00JR1YL9E\">\n\n\t<div class=\"WooZone-cross-sell-loader\">\n\t\t<div>\n\t\t\t<div id=\"floatingBarsG\">\n\t\t\t\t<div class=\"blockG\" id=\"rotateG_01\"><\/div>\n\t\t\t\t<div class=\"blockG\" id=\"rotateG_02\"><\/div>\n\t\t\t\t<div class=\"blockG\" id=\"rotateG_03\"><\/div>\n\t\t\t\t<div class=\"blockG\" id=\"rotateG_04\"><\/div>\n\t\t\t\t<div class=\"blockG\" id=\"rotateG_05\"><\/div>\n\t\t\t\t<div class=\"blockG\" id=\"rotateG_06\"><\/div>\n\t\t\t\t<div class=\"blockG\" id=\"rotateG_07\"><\/div>\n\t\t\t\t<div class=\"blockG\" id=\"rotateG_08\"><\/div>\n\t\t\t<\/div>\n\t\t\t<div class=\"WooZone-cross-sell-loader-text\"><\/div>\n\t\t<\/div>\n\t<\/div>\n\n\t\t\n<\/div>\n<div style=\"clear:both;\"><\/div><\/p>\n","protected":false},"excerpt":{"rendered":"<p>Obermaterial: Leder<br \/>\nInnenmaterial: Mesh<br \/>\nSohle: Gummi<\/p>\n","protected":false},"featured_media":18048,"comment_status":"open","ping_status":"closed","template":"","meta":[],"product_cat":[7072,7073],"product_tag":[],"_links":{"self":[{"href":"https:\/\/camping.webspace.rocks\/index.php?rest_route=\/wp\/v2\/product\/18047"}],"collection":[{"href":"https:\/\/camping.webspace.rocks\/index.php?rest_route=\/wp\/v2\/product"}],"about":[{"href":"https:\/\/camping.webspace.rocks\/index.php?rest_route=\/wp\/v2\/types\/product"}],"replies":[{"embeddable":true,"href":"https:\/\/camping.webspace.rocks\/index.php?rest_route=%2Fwp%2Fv2%2Fcomments&post=18047"}],"version-history":[{"count":3,"href":"https:\/\/camping.webspace.rocks\/index.php?rest_route=\/wp\/v2\/product\/18047\/revisions"}],"predecessor-version":[{"id":19468,"href":"https:\/\/camping.webspace.rocks\/index.php?rest_route=\/wp\/v2\/product\/18047\/revisions\/19468"}],"wp:featuredmedia":[{"embeddable":true,"href":"https:\/\/camping.webspace.rocks\/index.php?rest_route=\/wp\/v2\/media\/18048"}],"wp:attachment":[{"href":"https:\/\/camping.webspace.rocks\/index.php?rest_route=%2Fwp%2Fv2%2Fmedia&parent=18047"}],"wp:term":[{"taxonomy":"product_cat","embeddable":true,"href":"https:\/\/camping.webspace.rocks\/index.php?rest_route=%2Fwp%2Fv2%2Fproduct_cat&post=18047"},{"taxonomy":"product_tag","embeddable":true,"href":"https:\/\/camping.webspace.rocks\/index.php?rest_route=%2Fwp%2Fv2%2Fproduct_tag&post=18047"}],"curies":[{"name":"wp","href":"https:\/\/api.w.org\/{rel}","templated":true}]}}