{"id":18051,"date":"2021-07-30T08:52:29","date_gmt":"2021-07-30T08:52:29","guid":{"rendered":"https:\/\/camping.webspace.rocks\/?product=richter-kinderschuhe-jungen-tr-1-9246-8171-walking-schuh"},"modified":"2023-04-09T10:43:28","modified_gmt":"2023-04-09T10:43:28","slug":"richter-kinderschuhe-jungen-tr-1-9246-8171-walking-schuh","status":"publish","type":"product","link":"https:\/\/camping.webspace.rocks\/?product=richter-kinderschuhe-jungen-tr-1-9246-8171-walking-schuh","title":{"rendered":"Richter Kinderschuhe Jungen Tr-1 9246-8171 Walking-Schuh"},"content":{"rendered":"<p>\n\t\t<style type=\"text\/css\">\n\t\t\t#gallery-1 {\n\t\t\t\tmargin: auto;\n\t\t\t}\n\t\t\t#gallery-1 .gallery-item {\n\t\t\t\tfloat: left;\n\t\t\t\tmargin-top: 10px;\n\t\t\t\ttext-align: center;\n\t\t\t\twidth: 33%;\n\t\t\t}\n\t\t\t#gallery-1 img {\n\t\t\t\tborder: 2px solid #cfcfcf;\n\t\t\t}\n\t\t\t#gallery-1 .gallery-caption {\n\t\t\t\tmargin-left: 0;\n\t\t\t}\n\t\t\t\/* see gallery_shortcode() in wp-includes\/media.php *\/\n\t\t<\/style>\n\t\t<div id='gallery-1' class='gallery galleryid-18051 gallery-columns-3 gallery-size-thumbnail'><dl class='gallery-item'>\n\t\t\t<dt class='gallery-icon landscape'>\n\t\t\t\t<a href='https:\/\/camping.webspace.rocks\/?attachment_id=18052'><img width=\"150\" height=\"150\" src=\"https:\/\/m.media-amazon.com\/images\/I\/41iI9+OEe2L._SS150_.jpg\" class=\"attachment-thumbnail size-thumbnail\" alt=\"\" loading=\"lazy\" srcset=\"https:\/\/m.media-amazon.com\/images\/I\/41iI9+OEe2L._SS150_.jpg 150w, https:\/\/m.media-amazon.com\/images\/I\/41iI9+OEe2L._SS300_.jpg 300w, https:\/\/m.media-amazon.com\/images\/I\/41iI9+OEe2L._SS768_.jpg 768w, https:\/\/m.media-amazon.com\/images\/I\/41iI9+OEe2L._SS1024_.jpg 1024w, https:\/\/m.media-amazon.com\/images\/I\/41iI9+OEe2L._SS1536_.jpg 1536w, https:\/\/m.media-amazon.com\/images\/I\/41iI9+OEe2L._SS2048_.jpg 2048w, https:\/\/m.media-amazon.com\/images\/I\/41iI9+OEe2L._SS1200_.jpg 1200w, https:\/\/m.media-amazon.com\/images\/I\/41iI9+OEe2L._SS600_.jpg 600w, https:\/\/m.media-amazon.com\/images\/I\/41iI9+OEe2L.jpg 500w\" sizes=\"(max-width: 150px) 100vw, 150px\" \/><\/a>\n\t\t\t<\/dt><\/dl><dl class='gallery-item'>\n\t\t\t<dt class='gallery-icon landscape'>\n\t\t\t\t<a href='https:\/\/camping.webspace.rocks\/?attachment_id=18053'><img width=\"150\" height=\"150\" src=\"https:\/\/m.media-amazon.com\/images\/I\/41Eynu9KkgL._SS150_.jpg\" class=\"attachment-thumbnail size-thumbnail\" alt=\"\" loading=\"lazy\" srcset=\"https:\/\/m.media-amazon.com\/images\/I\/41Eynu9KkgL._SS150_.jpg 150w, https:\/\/m.media-amazon.com\/images\/I\/41Eynu9KkgL._SS300_.jpg 300w, https:\/\/m.media-amazon.com\/images\/I\/41Eynu9KkgL._SS768_.jpg 768w, https:\/\/m.media-amazon.com\/images\/I\/41Eynu9KkgL._SS1024_.jpg 1024w, https:\/\/m.media-amazon.com\/images\/I\/41Eynu9KkgL._SS1536_.jpg 1536w, https:\/\/m.media-amazon.com\/images\/I\/41Eynu9KkgL._SS2048_.jpg 2048w, https:\/\/m.media-amazon.com\/images\/I\/41Eynu9KkgL._SS1200_.jpg 1200w, https:\/\/m.media-amazon.com\/images\/I\/41Eynu9KkgL._SS600_.jpg 600w, https:\/\/m.media-amazon.com\/images\/I\/41Eynu9KkgL.jpg 500w\" sizes=\"(max-width: 150px) 100vw, 150px\" \/><\/a>\n\t\t\t<\/dt><\/dl><dl class='gallery-item'>\n\t\t\t<dt class='gallery-icon landscape'>\n\t\t\t\t<a href='https:\/\/camping.webspace.rocks\/?attachment_id=18054'><img width=\"150\" height=\"150\" src=\"https:\/\/m.media-amazon.com\/images\/I\/41LA3vAl9bL._SS150_.jpg\" class=\"attachment-thumbnail size-thumbnail\" alt=\"\" loading=\"lazy\" srcset=\"https:\/\/m.media-amazon.com\/images\/I\/41LA3vAl9bL._SS150_.jpg 150w, https:\/\/m.media-amazon.com\/images\/I\/41LA3vAl9bL._SS300_.jpg 300w, https:\/\/m.media-amazon.com\/images\/I\/41LA3vAl9bL._SS768_.jpg 768w, https:\/\/m.media-amazon.com\/images\/I\/41LA3vAl9bL._SS1024_.jpg 1024w, https:\/\/m.media-amazon.com\/images\/I\/41LA3vAl9bL._SS1536_.jpg 1536w, https:\/\/m.media-amazon.com\/images\/I\/41LA3vAl9bL._SS2048_.jpg 2048w, https:\/\/m.media-amazon.com\/images\/I\/41LA3vAl9bL._SS1200_.jpg 1200w, https:\/\/m.media-amazon.com\/images\/I\/41LA3vAl9bL._SS600_.jpg 600w, https:\/\/m.media-amazon.com\/images\/I\/41LA3vAl9bL.jpg 500w\" sizes=\"(max-width: 150px) 100vw, 150px\" \/><\/a>\n\t\t\t<\/dt><\/dl><br style=\"clear: both\" \/>\n\t\t<\/div>\n<br \/>\n<!-- show up to 2 reviews by default --> <\/p>\n<p>Bootie aus Tecbuk und Textil. Das patentierte atop Schnellverschluss-System sorgt f\u00fcr perfekten Halt und erm\u00f6glicht ein einfaches An- und Ausziehen. Das hochwertige Textilfutter steigert den Fu\u00dfkomfort. Die Richtex Membran ist garantiert wasserdicht und atmungsaktiv und sorgt f\u00fcr trockene und warme F\u00fc\u00dfe in jeder Jahreszeit. Seit 1893 entwickelt das \u00f6sterreichische Unternehmen Richter kindgerechte Leisten, designt hochwertige Kinderschuhe mit Funktion und verarbeitet ausschlie\u00dflich qualit\u00e4tsgepr\u00fcfte Leder sowie High-Tech Materialien. Richter bietet den Eltern die Sicherheit, das Beste f\u00fcr ihr Kind zu tun und den Kindern viel Spa\u00df und Freude beim unbeschwerten Tragen der Schuhe. <\/p>\n<p>Obermaterial: Synthetik<br \/>\nInnenmaterial: Synthetik<br \/>\nSohle: Synthetik<br \/>\nVerschluss: Schnellverschluss<br \/>\nSchuhweite: Schmal<br \/>\nWasserdicht<br \/>\n<div class=\"main-cross-sell\" data-asin=\"B086LP7VY7\">\n\n\t<div class=\"WooZone-cross-sell-loader\">\n\t\t<div>\n\t\t\t<div id=\"floatingBarsG\">\n\t\t\t\t<div class=\"blockG\" id=\"rotateG_01\"><\/div>\n\t\t\t\t<div class=\"blockG\" id=\"rotateG_02\"><\/div>\n\t\t\t\t<div class=\"blockG\" id=\"rotateG_03\"><\/div>\n\t\t\t\t<div class=\"blockG\" id=\"rotateG_04\"><\/div>\n\t\t\t\t<div class=\"blockG\" id=\"rotateG_05\"><\/div>\n\t\t\t\t<div class=\"blockG\" id=\"rotateG_06\"><\/div>\n\t\t\t\t<div class=\"blockG\" id=\"rotateG_07\"><\/div>\n\t\t\t\t<div class=\"blockG\" id=\"rotateG_08\"><\/div>\n\t\t\t<\/div>\n\t\t\t<div class=\"WooZone-cross-sell-loader-text\"><\/div>\n\t\t<\/div>\n\t<\/div>\n\n\t\t\n<\/div>\n<div style=\"clear:both;\"><\/div><\/p>\n","protected":false},"excerpt":{"rendered":"<p>Obermaterial: Synthetik<br \/>\nInnenmaterial: Synthetik<br \/>\nSohle: Synthetik<\/p>\n","protected":false},"featured_media":18052,"comment_status":"open","ping_status":"closed","template":"","meta":[],"product_cat":[7072,7073],"product_tag":[],"_links":{"self":[{"href":"https:\/\/camping.webspace.rocks\/index.php?rest_route=\/wp\/v2\/product\/18051"}],"collection":[{"href":"https:\/\/camping.webspace.rocks\/index.php?rest_route=\/wp\/v2\/product"}],"about":[{"href":"https:\/\/camping.webspace.rocks\/index.php?rest_route=\/wp\/v2\/types\/product"}],"replies":[{"embeddable":true,"href":"https:\/\/camping.webspace.rocks\/index.php?rest_route=%2Fwp%2Fv2%2Fcomments&post=18051"}],"version-history":[{"count":3,"href":"https:\/\/camping.webspace.rocks\/index.php?rest_route=\/wp\/v2\/product\/18051\/revisions"}],"predecessor-version":[{"id":19469,"href":"https:\/\/camping.webspace.rocks\/index.php?rest_route=\/wp\/v2\/product\/18051\/revisions\/19469"}],"wp:featuredmedia":[{"embeddable":true,"href":"https:\/\/camping.webspace.rocks\/index.php?rest_route=\/wp\/v2\/media\/18052"}],"wp:attachment":[{"href":"https:\/\/camping.webspace.rocks\/index.php?rest_route=%2Fwp%2Fv2%2Fmedia&parent=18051"}],"wp:term":[{"taxonomy":"product_cat","embeddable":true,"href":"https:\/\/camping.webspace.rocks\/index.php?rest_route=%2Fwp%2Fv2%2Fproduct_cat&post=18051"},{"taxonomy":"product_tag","embeddable":true,"href":"https:\/\/camping.webspace.rocks\/index.php?rest_route=%2Fwp%2Fv2%2Fproduct_tag&post=18051"}],"curies":[{"name":"wp","href":"https:\/\/api.w.org\/{rel}","templated":true}]}}