{"id":18063,"date":"2021-07-30T08:52:35","date_gmt":"2021-07-30T08:52:35","guid":{"rendered":"https:\/\/camping.webspace.rocks\/?product=jack-wolfskin-herren-downhill-texapore-mid-m-outdoorschuhe"},"modified":"2023-04-09T10:43:28","modified_gmt":"2023-04-09T10:43:28","slug":"jack-wolfskin-herren-downhill-texapore-mid-m-outdoorschuhe","status":"publish","type":"product","link":"https:\/\/camping.webspace.rocks\/?product=jack-wolfskin-herren-downhill-texapore-mid-m-outdoorschuhe","title":{"rendered":"Jack Wolfskin DOWNHILL TEXAPORE MID M Outdoorschuhe"},"content":{"rendered":"<p>\n\t\t<style type=\"text\/css\">\n\t\t\t#gallery-1 {\n\t\t\t\tmargin: auto;\n\t\t\t}\n\t\t\t#gallery-1 .gallery-item {\n\t\t\t\tfloat: left;\n\t\t\t\tmargin-top: 10px;\n\t\t\t\ttext-align: center;\n\t\t\t\twidth: 33%;\n\t\t\t}\n\t\t\t#gallery-1 img {\n\t\t\t\tborder: 2px solid #cfcfcf;\n\t\t\t}\n\t\t\t#gallery-1 .gallery-caption {\n\t\t\t\tmargin-left: 0;\n\t\t\t}\n\t\t\t\/* see gallery_shortcode() in wp-includes\/media.php *\/\n\t\t<\/style>\n\t\t<div id='gallery-1' class='gallery galleryid-18063 gallery-columns-3 gallery-size-thumbnail'><dl class='gallery-item'>\n\t\t\t<dt class='gallery-icon landscape'>\n\t\t\t\t<a href='https:\/\/camping.webspace.rocks\/?attachment_id=18064'><img width=\"150\" height=\"150\" src=\"https:\/\/m.media-amazon.com\/images\/I\/512fmpOBNdL._SS150_.jpg\" class=\"attachment-thumbnail size-thumbnail\" alt=\"\" loading=\"lazy\" srcset=\"https:\/\/m.media-amazon.com\/images\/I\/512fmpOBNdL._SS150_.jpg 150w, https:\/\/m.media-amazon.com\/images\/I\/512fmpOBNdL._SS300_.jpg 300w, https:\/\/m.media-amazon.com\/images\/I\/512fmpOBNdL._SS768_.jpg 768w, https:\/\/m.media-amazon.com\/images\/I\/512fmpOBNdL._SS1024_.jpg 1024w, https:\/\/m.media-amazon.com\/images\/I\/512fmpOBNdL._SS1536_.jpg 1536w, https:\/\/m.media-amazon.com\/images\/I\/512fmpOBNdL._SS2048_.jpg 2048w, https:\/\/m.media-amazon.com\/images\/I\/512fmpOBNdL._SS1200_.jpg 1200w, https:\/\/m.media-amazon.com\/images\/I\/512fmpOBNdL._SS600_.jpg 600w, https:\/\/m.media-amazon.com\/images\/I\/512fmpOBNdL.jpg 500w\" sizes=\"(max-width: 150px) 100vw, 150px\" \/><\/a>\n\t\t\t<\/dt><\/dl><dl class='gallery-item'>\n\t\t\t<dt class='gallery-icon landscape'>\n\t\t\t\t<a href='https:\/\/camping.webspace.rocks\/?attachment_id=18065'><img width=\"150\" height=\"150\" src=\"https:\/\/m.media-amazon.com\/images\/I\/41n-BXJEobL._SS150_.jpg\" class=\"attachment-thumbnail size-thumbnail\" alt=\"\" loading=\"lazy\" srcset=\"https:\/\/m.media-amazon.com\/images\/I\/41n-BXJEobL._SS150_.jpg 150w, https:\/\/m.media-amazon.com\/images\/I\/41n-BXJEobL._SS300_.jpg 300w, https:\/\/m.media-amazon.com\/images\/I\/41n-BXJEobL._SS768_.jpg 768w, https:\/\/m.media-amazon.com\/images\/I\/41n-BXJEobL._SS1024_.jpg 1024w, https:\/\/m.media-amazon.com\/images\/I\/41n-BXJEobL._SS1536_.jpg 1536w, https:\/\/m.media-amazon.com\/images\/I\/41n-BXJEobL._SS2048_.jpg 2048w, https:\/\/m.media-amazon.com\/images\/I\/41n-BXJEobL._SS1200_.jpg 1200w, https:\/\/m.media-amazon.com\/images\/I\/41n-BXJEobL._SS600_.jpg 600w, https:\/\/m.media-amazon.com\/images\/I\/41n-BXJEobL.jpg 500w\" sizes=\"(max-width: 150px) 100vw, 150px\" \/><\/a>\n\t\t\t<\/dt><\/dl><dl class='gallery-item'>\n\t\t\t<dt class='gallery-icon landscape'>\n\t\t\t\t<a href='https:\/\/camping.webspace.rocks\/?attachment_id=18066'><img width=\"150\" height=\"150\" src=\"https:\/\/m.media-amazon.com\/images\/I\/41ON0Ca6g7L._SS150_.jpg\" class=\"attachment-thumbnail size-thumbnail\" alt=\"\" loading=\"lazy\" srcset=\"https:\/\/m.media-amazon.com\/images\/I\/41ON0Ca6g7L._SS150_.jpg 150w, https:\/\/m.media-amazon.com\/images\/I\/41ON0Ca6g7L._SS300_.jpg 300w, https:\/\/m.media-amazon.com\/images\/I\/41ON0Ca6g7L._SS768_.jpg 768w, https:\/\/m.media-amazon.com\/images\/I\/41ON0Ca6g7L._SS1024_.jpg 1024w, https:\/\/m.media-amazon.com\/images\/I\/41ON0Ca6g7L._SS1536_.jpg 1536w, https:\/\/m.media-amazon.com\/images\/I\/41ON0Ca6g7L._SS2048_.jpg 2048w, https:\/\/m.media-amazon.com\/images\/I\/41ON0Ca6g7L._SS1200_.jpg 1200w, https:\/\/m.media-amazon.com\/images\/I\/41ON0Ca6g7L._SS600_.jpg 600w, https:\/\/m.media-amazon.com\/images\/I\/41ON0Ca6g7L.jpg 500w\" sizes=\"(max-width: 150px) 100vw, 150px\" \/><\/a>\n\t\t\t<\/dt><\/dl><br style=\"clear: both\" \/>\n\t\t<\/div>\n<br \/>\n<!-- show up to 2 reviews by default --> <\/p>\n<p>Am Wochenende geht es f\u00fcr dich raus in die Natur. \u00dcber Stock und Stein kommst du am besten mit unserem DOWNHILL TEXAPORE LOW. Wir haben den Schuh extra f\u00fcr moderate Wanderungen gemacht.Egal ob du am Flussufer entlangspazierst oder ein paar H\u00f6henmeter im Mittelgebirge sammelst &#8211; mit der griffigen Sohle hast du \u00fcberall guten Halt.Auch der n\u00e4chste Regenschauer oder ein Tritt in die Pf\u00fctze ist kein Problem: Dank TEXAPORE-Membran h\u00e4lt der DOWNHILL TEXAPORE LOW zuverl\u00e4ssig trocken.<\/p>\n<\/p>\n<p>Obermaterial: Textile;Synthetic;TEXAPORE<br \/>\nInnenmaterial: Synthetik<br \/>\nSohle: Leder und Gummi<br \/>\nVerschluss: Schn\u00fcrsenkel<br \/>\nSchuhweite: Schmal<br \/>\nWasserdicht<br \/>\n<div class=\"main-cross-sell\" data-asin=\"B087MS222L\">\n\n\t<div class=\"WooZone-cross-sell-loader\">\n\t\t<div>\n\t\t\t<div id=\"floatingBarsG\">\n\t\t\t\t<div class=\"blockG\" id=\"rotateG_01\"><\/div>\n\t\t\t\t<div class=\"blockG\" id=\"rotateG_02\"><\/div>\n\t\t\t\t<div class=\"blockG\" id=\"rotateG_03\"><\/div>\n\t\t\t\t<div class=\"blockG\" id=\"rotateG_04\"><\/div>\n\t\t\t\t<div class=\"blockG\" id=\"rotateG_05\"><\/div>\n\t\t\t\t<div class=\"blockG\" id=\"rotateG_06\"><\/div>\n\t\t\t\t<div class=\"blockG\" id=\"rotateG_07\"><\/div>\n\t\t\t\t<div class=\"blockG\" id=\"rotateG_08\"><\/div>\n\t\t\t<\/div>\n\t\t\t<div class=\"WooZone-cross-sell-loader-text\"><\/div>\n\t\t<\/div>\n\t<\/div>\n\n\t\t\n<\/div>\n<div style=\"clear:both;\"><\/div><\/p>\n","protected":false},"excerpt":{"rendered":"<p>Obermaterial: Textile;Synthetic;TEXAPORE<br \/>\nInnenmaterial: Synthetik<br \/>\nSohle: Leder und Gummi<\/p>\n","protected":false},"featured_media":18064,"comment_status":"open","ping_status":"closed","template":"","meta":[],"product_cat":[7072,7073],"product_tag":[],"_links":{"self":[{"href":"https:\/\/camping.webspace.rocks\/index.php?rest_route=\/wp\/v2\/product\/18063"}],"collection":[{"href":"https:\/\/camping.webspace.rocks\/index.php?rest_route=\/wp\/v2\/product"}],"about":[{"href":"https:\/\/camping.webspace.rocks\/index.php?rest_route=\/wp\/v2\/types\/product"}],"replies":[{"embeddable":true,"href":"https:\/\/camping.webspace.rocks\/index.php?rest_route=%2Fwp%2Fv2%2Fcomments&post=18063"}],"version-history":[{"count":2,"href":"https:\/\/camping.webspace.rocks\/index.php?rest_route=\/wp\/v2\/product\/18063\/revisions"}],"predecessor-version":[{"id":19345,"href":"https:\/\/camping.webspace.rocks\/index.php?rest_route=\/wp\/v2\/product\/18063\/revisions\/19345"}],"wp:featuredmedia":[{"embeddable":true,"href":"https:\/\/camping.webspace.rocks\/index.php?rest_route=\/wp\/v2\/media\/18064"}],"wp:attachment":[{"href":"https:\/\/camping.webspace.rocks\/index.php?rest_route=%2Fwp%2Fv2%2Fmedia&parent=18063"}],"wp:term":[{"taxonomy":"product_cat","embeddable":true,"href":"https:\/\/camping.webspace.rocks\/index.php?rest_route=%2Fwp%2Fv2%2Fproduct_cat&post=18063"},{"taxonomy":"product_tag","embeddable":true,"href":"https:\/\/camping.webspace.rocks\/index.php?rest_route=%2Fwp%2Fv2%2Fproduct_tag&post=18063"}],"curies":[{"name":"wp","href":"https:\/\/api.w.org\/{rel}","templated":true}]}}