{"id":18079,"date":"2021-07-30T08:52:41","date_gmt":"2021-07-30T08:52:41","guid":{"rendered":"https:\/\/camping.webspace.rocks\/?product=adidas-herren-terrex-swift-r2-trekking-wanderhalbschuhe"},"modified":"2023-04-09T10:43:29","modified_gmt":"2023-04-09T10:43:29","slug":"adidas-herren-terrex-swift-r2-trekking-wanderhalbschuhe","status":"publish","type":"product","link":"https:\/\/camping.webspace.rocks\/?product=adidas-herren-terrex-swift-r2-trekking-wanderhalbschuhe","title":{"rendered":"adidas Herren Terrex Swift R2 Trekking-&amp; Wanderhalbschuhe"},"content":{"rendered":"<p>\n\t\t<style type=\"text\/css\">\n\t\t\t#gallery-1 {\n\t\t\t\tmargin: auto;\n\t\t\t}\n\t\t\t#gallery-1 .gallery-item {\n\t\t\t\tfloat: left;\n\t\t\t\tmargin-top: 10px;\n\t\t\t\ttext-align: center;\n\t\t\t\twidth: 33%;\n\t\t\t}\n\t\t\t#gallery-1 img {\n\t\t\t\tborder: 2px solid #cfcfcf;\n\t\t\t}\n\t\t\t#gallery-1 .gallery-caption {\n\t\t\t\tmargin-left: 0;\n\t\t\t}\n\t\t\t\/* see gallery_shortcode() in wp-includes\/media.php *\/\n\t\t<\/style>\n\t\t<div id='gallery-1' class='gallery galleryid-18079 gallery-columns-3 gallery-size-thumbnail'><dl class='gallery-item'>\n\t\t\t<dt class='gallery-icon landscape'>\n\t\t\t\t<a href='https:\/\/camping.webspace.rocks\/?attachment_id=18080'><img width=\"150\" height=\"150\" src=\"https:\/\/m.media-amazon.com\/images\/I\/41GJKpD1epL._SS150_.jpg\" class=\"attachment-thumbnail size-thumbnail\" alt=\"\" loading=\"lazy\" srcset=\"https:\/\/m.media-amazon.com\/images\/I\/41GJKpD1epL._SS150_.jpg 150w, https:\/\/m.media-amazon.com\/images\/I\/41GJKpD1epL._SS300_.jpg 300w, https:\/\/m.media-amazon.com\/images\/I\/41GJKpD1epL._SS768_.jpg 768w, https:\/\/m.media-amazon.com\/images\/I\/41GJKpD1epL._SS1024_.jpg 1024w, https:\/\/m.media-amazon.com\/images\/I\/41GJKpD1epL._SS1536_.jpg 1536w, https:\/\/m.media-amazon.com\/images\/I\/41GJKpD1epL._SS2048_.jpg 2048w, https:\/\/m.media-amazon.com\/images\/I\/41GJKpD1epL._SS1200_.jpg 1200w, https:\/\/m.media-amazon.com\/images\/I\/41GJKpD1epL._SS600_.jpg 600w, https:\/\/m.media-amazon.com\/images\/I\/41GJKpD1epL.jpg 500w\" sizes=\"(max-width: 150px) 100vw, 150px\" \/><\/a>\n\t\t\t<\/dt><\/dl><dl class='gallery-item'>\n\t\t\t<dt class='gallery-icon landscape'>\n\t\t\t\t<a href='https:\/\/camping.webspace.rocks\/?attachment_id=18081'><img width=\"150\" height=\"150\" src=\"https:\/\/m.media-amazon.com\/images\/I\/417jsXo9qjL._SS150_.jpg\" class=\"attachment-thumbnail size-thumbnail\" alt=\"\" loading=\"lazy\" srcset=\"https:\/\/m.media-amazon.com\/images\/I\/417jsXo9qjL._SS150_.jpg 150w, https:\/\/m.media-amazon.com\/images\/I\/417jsXo9qjL._SS300_.jpg 300w, https:\/\/m.media-amazon.com\/images\/I\/417jsXo9qjL._SS768_.jpg 768w, https:\/\/m.media-amazon.com\/images\/I\/417jsXo9qjL._SS1024_.jpg 1024w, https:\/\/m.media-amazon.com\/images\/I\/417jsXo9qjL._SS1536_.jpg 1536w, https:\/\/m.media-amazon.com\/images\/I\/417jsXo9qjL._SS2048_.jpg 2048w, https:\/\/m.media-amazon.com\/images\/I\/417jsXo9qjL._SS1200_.jpg 1200w, https:\/\/m.media-amazon.com\/images\/I\/417jsXo9qjL._SS600_.jpg 600w, https:\/\/m.media-amazon.com\/images\/I\/417jsXo9qjL.jpg 500w\" sizes=\"(max-width: 150px) 100vw, 150px\" \/><\/a>\n\t\t\t<\/dt><\/dl><dl class='gallery-item'>\n\t\t\t<dt class='gallery-icon landscape'>\n\t\t\t\t<a href='https:\/\/camping.webspace.rocks\/?attachment_id=18082'><img width=\"150\" height=\"150\" src=\"https:\/\/m.media-amazon.com\/images\/I\/41Tky3cjlnL._SS150_.jpg\" class=\"attachment-thumbnail size-thumbnail\" alt=\"\" loading=\"lazy\" srcset=\"https:\/\/m.media-amazon.com\/images\/I\/41Tky3cjlnL._SS150_.jpg 150w, https:\/\/m.media-amazon.com\/images\/I\/41Tky3cjlnL._SS300_.jpg 300w, https:\/\/m.media-amazon.com\/images\/I\/41Tky3cjlnL._SS768_.jpg 768w, https:\/\/m.media-amazon.com\/images\/I\/41Tky3cjlnL._SS1024_.jpg 1024w, https:\/\/m.media-amazon.com\/images\/I\/41Tky3cjlnL._SS1536_.jpg 1536w, https:\/\/m.media-amazon.com\/images\/I\/41Tky3cjlnL._SS2048_.jpg 2048w, https:\/\/m.media-amazon.com\/images\/I\/41Tky3cjlnL._SS1200_.jpg 1200w, https:\/\/m.media-amazon.com\/images\/I\/41Tky3cjlnL._SS600_.jpg 600w, https:\/\/m.media-amazon.com\/images\/I\/41Tky3cjlnL.jpg 500w\" sizes=\"(max-width: 150px) 100vw, 150px\" \/><\/a>\n\t\t\t<\/dt><\/dl><br style=\"clear: both\" \/>\n\t\t<\/div>\n<br \/>\n<!-- show up to 2 reviews by default --> <\/p>\n<p>Hiking schuhe Herren Adidas TERREX SWIFT R2 CM7486<\/p>\n<p>Wie misst man richtig?<\/p>\n<p>1.Leg ein Blatt Papier auf den Boden, sodass ein Ende an der Wand anliegt. Stell dich mit der Ferse zur Wand auf das Papier.<\/p>\n<p>2.Markiere die Stelle, an der deine l\u00e4ngste Zehe endet, mit einem Stift. Das Gleiche machst du mit dem anderen Fu\u00df. Tipp:Einfacher geht es, wenn dir dabei jemand hilft.<\/p>\n<p>3.Miss f\u00fcr beide F\u00fc\u00dfe den Abstand zwischen deiner l\u00e4ngsten Zehe und Ferse. Es kann sein, dass du f\u00fcr beide F\u00fc\u00dfe unterschiedliche Ergebnisse erh\u00e4ltst.Verwende den gr\u00f6\u00dferen der beiden Werte, um in der adidas Gr\u00f6\u00dfentabelle deine Schuhgr\u00f6\u00dfe zu ermitteln.<\/p>\n<\/p>\n<p>Obermaterial: Synthetik<br \/>\nInnenmaterial: Synthetik<br \/>\nSohle: Synthetik<br \/>\nVerschluss: Schn\u00fcrsenkel<br \/>\nMaterialzusammensetzung: Synthetic<br \/>\nSchuhweite: Schmal<br \/>\nNicht wasserdicht<br \/>\n<div class=\"main-cross-sell\" data-asin=\"B076CDL3WD\">\n\n\t<div class=\"WooZone-cross-sell-loader\">\n\t\t<div>\n\t\t\t<div id=\"floatingBarsG\">\n\t\t\t\t<div class=\"blockG\" id=\"rotateG_01\"><\/div>\n\t\t\t\t<div class=\"blockG\" id=\"rotateG_02\"><\/div>\n\t\t\t\t<div class=\"blockG\" id=\"rotateG_03\"><\/div>\n\t\t\t\t<div class=\"blockG\" id=\"rotateG_04\"><\/div>\n\t\t\t\t<div class=\"blockG\" id=\"rotateG_05\"><\/div>\n\t\t\t\t<div class=\"blockG\" id=\"rotateG_06\"><\/div>\n\t\t\t\t<div class=\"blockG\" id=\"rotateG_07\"><\/div>\n\t\t\t\t<div class=\"blockG\" id=\"rotateG_08\"><\/div>\n\t\t\t<\/div>\n\t\t\t<div class=\"WooZone-cross-sell-loader-text\"><\/div>\n\t\t<\/div>\n\t<\/div>\n\n\t\t\n<\/div>\n<div style=\"clear:both;\"><\/div><\/p>\n","protected":false},"excerpt":{"rendered":"<p>Obermaterial: Synthetik<br \/>\nInnenmaterial: Synthetik<br \/>\nSohle: Synthetik<\/p>\n","protected":false},"featured_media":18080,"comment_status":"open","ping_status":"closed","template":"","meta":[],"product_cat":[7072,7073],"product_tag":[],"_links":{"self":[{"href":"https:\/\/camping.webspace.rocks\/index.php?rest_route=\/wp\/v2\/product\/18079"}],"collection":[{"href":"https:\/\/camping.webspace.rocks\/index.php?rest_route=\/wp\/v2\/product"}],"about":[{"href":"https:\/\/camping.webspace.rocks\/index.php?rest_route=\/wp\/v2\/types\/product"}],"replies":[{"embeddable":true,"href":"https:\/\/camping.webspace.rocks\/index.php?rest_route=%2Fwp%2Fv2%2Fcomments&post=18079"}],"version-history":[{"count":1,"href":"https:\/\/camping.webspace.rocks\/index.php?rest_route=\/wp\/v2\/product\/18079\/revisions"}],"predecessor-version":[{"id":18967,"href":"https:\/\/camping.webspace.rocks\/index.php?rest_route=\/wp\/v2\/product\/18079\/revisions\/18967"}],"wp:featuredmedia":[{"embeddable":true,"href":"https:\/\/camping.webspace.rocks\/index.php?rest_route=\/wp\/v2\/media\/18080"}],"wp:attachment":[{"href":"https:\/\/camping.webspace.rocks\/index.php?rest_route=%2Fwp%2Fv2%2Fmedia&parent=18079"}],"wp:term":[{"taxonomy":"product_cat","embeddable":true,"href":"https:\/\/camping.webspace.rocks\/index.php?rest_route=%2Fwp%2Fv2%2Fproduct_cat&post=18079"},{"taxonomy":"product_tag","embeddable":true,"href":"https:\/\/camping.webspace.rocks\/index.php?rest_route=%2Fwp%2Fv2%2Fproduct_tag&post=18079"}],"curies":[{"name":"wp","href":"https:\/\/api.w.org\/{rel}","templated":true}]}}